{"id":389,"date":"2015-07-01T19:34:03","date_gmt":"2015-07-01T18:34:03","guid":{"rendered":"http:\/\/agora.xtec.cat\/iesgabrielamistral\/?page_id=389"},"modified":"2026-03-30T19:43:10","modified_gmt":"2026-03-30T17:43:10","slug":"mobilitat-europea","status":"publish","type":"page","link":"https:\/\/agora.xtec.cat\/iesgabrielamistral\/mobilitat-europea\/","title":{"rendered":"Mobilitat Europea"},"content":{"rendered":"<h3>Qu\u00e8 \u00e9s?<\/h3>\n<p>El <strong>Programa Erasmus+<\/strong>, \u00e9s un projecte de mobilitat europea, que impulsa el <strong>Departament d\u2019Ensenyament de la Generalitat de Catalunya<\/strong>, per tal de dur a terme accions que permetin realitzar estades formatives en empreses o entitats, en aquells centres educatius que siguin de la seva titularitat. \u00c9s un projecte que va dirigit tant al professorat com a l\u2019alumnat d\u2019aquests centres educatius.<\/p>\n<p>Els objectius del Programa Erasmus+ s\u00f3n fonamentalment tres:<\/p>\n<ul>\n<li>Incorporar la dimensi\u00f3 europea als ensenyaments professionals.<\/li>\n<li>Complementar les compet\u00e8ncies professionals que s\u2019assoleixen en el centre educatiu, mitjan\u00e7ant l\u2019adquisici\u00f3 de resultats d\u2019aprenentatge, corresponents al perfil professional de l\u2019alumnat participant.<\/li>\n<li>Permetre una millor comprensi\u00f3 de la realitat socioecon\u00f2mica i sociolaboral d\u2019altres pa\u00efsos.<\/li>\n<\/ul>\n<div><b>Per m\u00e9s informaci\u00f3 sobre el proc\u00e9s de selecci\u00f3, destinacions i d&#8217;altres: <\/b><\/div>\n<div><a href=\"https:\/\/agora.xtec.cat\/iesgabrielamistral\/mobilitat-europea\/erasmusplus\/\"><b>https:\/\/agora.xtec.cat\/iesgabrielamistral\/mobilitat-europea\/erasmusplus\/<\/b><\/a><\/div>\n<div>\u00a0<\/div>\n<div><b>Per qualsevol altre dubte, podeu fer consultes a l&#8217;adre\u00e7a:<\/b><\/div>\n<div><b><a href=\"mailto:erasmus@insgabrielamistral.cat\" target=\"_blank\" rel=\"noopener\">erasmus@insgabrielamistral.cat<\/a><wbr \/>\u00a0<\/b><\/div>\n<div>\u00a0<\/div>\n<p><a href=\"https:\/\/agora.xtec.cat\/iesgabrielamistral\/wp-content\/uploads\/usu246\/2021\/03\/Erasmus-Charter-for-Higher-Education_signat.pdf\" target=\"_blank\" rel=\"noopener noreferrer\">Erasmus Charter for Higher Education 2021-2027<\/a><\/p>\n<p><a href=\"https:\/\/agora.xtec.cat\/iesgabrielamistral\/wp-content\/uploads\/usu246\/2021\/03\/Erasmus-Charter-for-Higher-Education_signat.pdf\"><img loading=\"lazy\" decoding=\"async\" class=\"aligncenter wp-image-12196 \" src=\"https:\/\/agora.xtec.cat\/iesgabrielamistral\/wp-content\/uploads\/usu246\/2021\/03\/eche.png\" alt=\"\" width=\"590\" height=\"439\" srcset=\"https:\/\/agora.xtec.cat\/iesgabrielamistral\/wp-content\/uploads\/usu246\/2021\/03\/eche.png 885w, https:\/\/agora.xtec.cat\/iesgabrielamistral\/wp-content\/uploads\/usu246\/2021\/03\/eche-300x223.png 300w, https:\/\/agora.xtec.cat\/iesgabrielamistral\/wp-content\/uploads\/usu246\/2021\/03\/eche-768x571.png 768w, https:\/\/agora.xtec.cat\/iesgabrielamistral\/wp-content\/uploads\/usu246\/2021\/03\/eche-200x150.png 200w\" sizes=\"auto, (max-width: 590px) 100vw, 590px\" \/><\/a><\/p>\n","protected":false},"excerpt":{"rendered":"<p>Qu\u00e8 \u00e9s? El Programa Erasmus+, \u00e9s un projecte de mobilitat europea, que impulsa el Departament d\u2019Ensenyament de la Generalitat de Catalunya, per tal de dur a terme accions que permetin realitzar estades formatives en empreses o entitats, en aquells centres educatius que siguin de la seva titularitat. \u00c9s un projecte que va dirigit tant al [&hellip;]<\/p>\n","protected":false},"author":1,"featured_media":0,"parent":0,"menu_order":0,"comment_status":"closed","ping_status":"closed","template":"","meta":{"_bbp_topic_count":0,"_bbp_reply_count":0,"_bbp_total_topic_count":0,"_bbp_total_reply_count":0,"_bbp_voice_count":0,"_bbp_anonymous_reply_count":0,"_bbp_topic_count_hidden":0,"_bbp_reply_count_hidden":0,"_bbp_forum_subforum_count":0,"site-sidebar-layout":"default","site-content-layout":"","ast-site-content-layout":"default","site-content-style":"default","site-sidebar-style":"default","ast-global-header-display":"","ast-banner-title-visibility":"","ast-main-header-display":"","ast-hfb-above-header-display":"","ast-hfb-below-header-display":"","ast-hfb-mobile-header-display":"","site-post-title":"","ast-breadcrumbs-content":"","ast-featured-img":"","footer-sml-layout":"","theme-transparent-header-meta":"default","adv-header-id-meta":"","stick-header-meta":"","header-above-stick-meta":"","header-main-stick-meta":"","header-below-stick-meta":"","astra-migrate-meta-layouts":"set","ast-page-background-enabled":"default","ast-page-background-meta":{"desktop":{"background-color":"var(--ast-global-color-4)","background-image":"","background-repeat":"repeat","background-position":"center center","background-size":"auto","background-attachment":"scroll","background-type":"","background-media":"","overlay-type":"","overlay-color":"","overlay-opacity":"","overlay-gradient":""},"tablet":{"background-color":"","background-image":"","background-repeat":"repeat","background-position":"center center","background-size":"auto","background-attachment":"scroll","background-type":"","background-media":"","overlay-type":"","overlay-color":"","overlay-opacity":"","overlay-gradient":""},"mobile":{"background-color":"","background-image":"","background-repeat":"repeat","background-position":"center center","background-size":"auto","background-attachment":"scroll","background-type":"","background-media":"","overlay-type":"","overlay-color":"","overlay-opacity":"","overlay-gradient":""}},"ast-content-background-meta":{"desktop":{"background-color":"var(--ast-global-color-5)","background-image":"","background-repeat":"repeat","background-position":"center center","background-size":"auto","background-attachment":"scroll","background-type":"","background-media":"","overlay-type":"","overlay-color":"","overlay-opacity":"","overlay-gradient":""},"tablet":{"background-color":"var(--ast-global-color-5)","background-image":"","background-repeat":"repeat","background-position":"center center","background-size":"auto","background-attachment":"scroll","background-type":"","background-media":"","overlay-type":"","overlay-color":"","overlay-opacity":"","overlay-gradient":""},"mobile":{"background-color":"var(--ast-global-color-5)","background-image":"","background-repeat":"repeat","background-position":"center center","background-size":"auto","background-attachment":"scroll","background-type":"","background-media":"","overlay-type":"","overlay-color":"","overlay-opacity":"","overlay-gradient":""}},"footnotes":""},"class_list":["post-389","page","type-page","status-publish","hentry"],"post_mailing_queue_ids":[],"_links":{"self":[{"href":"https:\/\/agora.xtec.cat\/iesgabrielamistral\/wp-json\/wp\/v2\/pages\/389","targetHints":{"allow":["GET"]}}],"collection":[{"href":"https:\/\/agora.xtec.cat\/iesgabrielamistral\/wp-json\/wp\/v2\/pages"}],"about":[{"href":"https:\/\/agora.xtec.cat\/iesgabrielamistral\/wp-json\/wp\/v2\/types\/page"}],"author":[{"embeddable":true,"href":"https:\/\/agora.xtec.cat\/iesgabrielamistral\/wp-json\/wp\/v2\/users\/1"}],"replies":[{"embeddable":true,"href":"https:\/\/agora.xtec.cat\/iesgabrielamistral\/wp-json\/wp\/v2\/comments?post=389"}],"version-history":[{"count":6,"href":"https:\/\/agora.xtec.cat\/iesgabrielamistral\/wp-json\/wp\/v2\/pages\/389\/revisions"}],"predecessor-version":[{"id":19080,"href":"https:\/\/agora.xtec.cat\/iesgabrielamistral\/wp-json\/wp\/v2\/pages\/389\/revisions\/19080"}],"wp:attachment":[{"href":"https:\/\/agora.xtec.cat\/iesgabrielamistral\/wp-json\/wp\/v2\/media?parent=389"}],"curies":[{"name":"wp","href":"https:\/\/api.w.org\/{rel}","templated":true}]}}