{"id":3007,"date":"2016-06-25T15:15:03","date_gmt":"2016-06-25T14:15:03","guid":{"rendered":"http:\/\/agora.xtec.cat\/iesgabrielamistral\/?page_id=3007"},"modified":"2025-07-10T19:19:14","modified_gmt":"2025-07-10T17:19:14","slug":"llibres-de-text","status":"publish","type":"page","link":"https:\/\/agora.xtec.cat\/iesgabrielamistral\/linstitut\/llibres-de-text\/","title":{"rendered":"Llibres de text"},"content":{"rendered":"<p style=\"text-align: center;\"><strong style=\"font-size: 20px; font-family: inherit;\">ESO 2025-26<\/strong><\/p>\n<ul>\n<li><a href=\"https:\/\/agora.xtec.cat\/iesgabrielamistral\/wp-content\/uploads\/usu246\/2025\/06\/Material-escolar-ESO.pdf\" target=\"_blank\" rel=\"noopener\">Material escolar ESO &#8211; Curs 25\/26<\/a><\/li>\n<li><a href=\"https:\/\/agora.xtec.cat\/iesgabrielamistral\/wp-content\/uploads\/usu246\/2025\/06\/MATERIAL-VIP-INICI-CURS-1r-I-2n-ESO.pdf\" target=\"_blank\" rel=\"noopener\">Material Visual i pl\u00e0stica 1r i 2n d&#8217;ESO\u00a0<\/a><\/li>\n<li><a href=\"https:\/\/agora.xtec.cat\/iesgabrielamistral\/wp-content\/uploads\/usu246\/2025\/06\/MATERIAL-VIP-INICI-CURS-3r-ESO.pdf\" target=\"_blank\" rel=\"noopener\">Material Visual i pl\u00e0stica 3r ESO<\/a><\/li>\n<li><a href=\"https:\/\/agora.xtec.cat\/iesgabrielamistral\/wp-content\/uploads\/usu246\/2025\/06\/MATERIAL-INICI-CURS-4t-OPTATIVA-VIP.pdf\" target=\"_blank\" rel=\"noopener\">Material Visual i pl\u00e0stica optativa 4t ESO<\/a><\/li>\n<\/ul>\n<p><span style=\"font-size: 20px;\"><strong>Retorn de llibres<\/strong><\/span><\/p>\n<p><a href=\"https:\/\/agora.xtec.cat\/iesgabrielamistral\/general\/retorn-de-llibres\/\">https:\/\/agora.xtec.cat\/iesgabrielamistral\/general\/retorn-de-llibres\/<\/a><\/p>\n<p><span style=\"font-size: 20px;\"><strong>Comprar llibres 25-26<\/strong><\/span><\/p>\n<ul>\n<li><a href=\"https:\/\/agora.xtec.cat\/iesgabrielamistral\/wp-content\/uploads\/usu246\/2025\/02\/360_Flyer_2025.pdf\" target=\"_blank\" rel=\"noopener\">Com comprar els llibres?<\/a><\/li>\n<li><a href=\"https:\/\/vimeo.com\/953990128\" target=\"_blank\" rel=\"noopener\">Presentaci\u00f3 d&#8217;iddink i els ecoBooks (v\u00eddeo)<\/a><\/li>\n<li><a href=\"https:\/\/agora.xtec.cat\/iesgabrielamistral\/wp-content\/uploads\/usu246\/2025\/06\/2025-Val-escolar.pdf\" target=\"_blank\" rel=\"noopener\">Comprar els llibres amb el val escolar a trav\u00e9s de la plataforma d\u2019Iddink<\/a><\/li>\n<\/ul>\n<p>&nbsp;<\/p>\n<p style=\"text-align: center;\"><span style=\"font-size: 20px;\"><strong>BATXILLERAT 2025-26<\/strong><\/span><\/p>\n<ul>\n<li><a href=\"https:\/\/agora.xtec.cat\/iesgabrielamistral\/wp-content\/uploads\/usu246\/2025\/06\/Llibres-de-text-de-1rBatx-curs-25-26.docx.pdf\" target=\"_blank\" rel=\"noopener\">1r de Batxillerat<\/a><\/li>\n<li><a href=\"https:\/\/agora.xtec.cat\/iesgabrielamistral\/wp-content\/uploads\/usu246\/2025\/06\/Llibres-de-text-de-2nBatx-curs-25-26.docx.pdf\" target=\"_blank\" rel=\"noopener\">2n de Batxillerat<\/a><\/li>\n<\/ul>\n<p>&nbsp;<\/p>\n<p style=\"text-align: center;\"><strong style=\"font-size: 20px; font-family: inherit;\">CICLES FORMATIUS 2025-26\u00a0<\/strong><\/p>\n<ul>\n<li><a href=\"https:\/\/agora.xtec.cat\/iesgabrielamistral\/llibres-de-text-cicles-formatius-familia-serveis-socioculturals-i-a-la-comunitat\/\">Llistat de llibres de Cicles Formatius de la Fam\u00edlia de Serveis socioculturals i a la comunitat (informaci\u00f3 mitjans de juliol).<\/a><\/li>\n<li><a href=\"https:\/\/agora.xtec.cat\/iesgabrielamistral\/llibres-de-text-cicles-formatius-familia-informatica\/\">Llistat de llibres de Cicles Formatius de la Fam\u00edlia d&#8217;Inform\u00e0tica i comunicacions (informaci\u00f3 mitjans de juliol)<\/a><\/li>\n<\/ul>\n<p><strong><span style=\"font-size: 20px;\">Reutilitzaci\u00f3 de llibres a Batxillerat i Cicles Formatius (Iddink)<\/span><\/strong><\/p>\n<div><a href=\"https:\/\/agora.xtec.cat\/iesgabrielamistral\/general\/reutilitzacio-de-llibres-a-batxillerat-i-cicles-formatius\/\" target=\"_blank\" rel=\"noopener\">https:\/\/agora.xtec.cat\/iesgabrielamistral\/general\/reutilitzacio-de-llibres-a-batxillerat-i-cicles-formatius\/<\/a><\/div>\n<div>\u00a0<\/div>\n<div>\u00a0<\/div>\n<ul>\n<li><a href=\"https:\/\/agora.xtec.cat\/iesgabrielamistral\/wp-content\/uploads\/usu246\/2022\/06\/360-Documentacio-2022-23.pdf\" target=\"_blank\" rel=\"noopener\">Com fer la teva comanda a Iddink<\/a> (<a href=\"https:\/\/vimeo.com\/418474967\" target=\"_blank\" rel=\"noopener\">visualitza com fer la teva comanda a Iddink<\/a>)<\/li>\n<li><a href=\"https:\/\/agora.xtec.cat\/iesgabrielamistral\/wp-content\/uploads\/usu246\/2023\/02\/360_FLYER_23.pdf\" target=\"_blank\" rel=\"noopener\">Ecobooks d&#8217;Iddink (Projecte de reutilitzaci\u00f3 de llibres de text amb estalvi)<\/a><\/li>\n<\/ul>\n<p>&nbsp;<\/p>\n<p>&nbsp;<\/p>\n","protected":false},"excerpt":{"rendered":"<p>ESO 2025-26 Material escolar ESO &#8211; Curs 25\/26 Material Visual i pl\u00e0stica 1r i 2n d&#8217;ESO\u00a0 Material Visual i pl\u00e0stica 3r ESO Material Visual i pl\u00e0stica optativa 4t ESO Retorn de llibres https:\/\/agora.xtec.cat\/iesgabrielamistral\/general\/retorn-de-llibres\/ Comprar llibres 25-26 Com comprar els llibres? Presentaci\u00f3 d&#8217;iddink i els ecoBooks (v\u00eddeo) Comprar els llibres amb el val escolar a trav\u00e9s [&hellip;]<\/p>\n","protected":false},"author":1,"featured_media":0,"parent":3418,"menu_order":130,"comment_status":"closed","ping_status":"closed","template":"page-templates\/side-menu.php","meta":{"_bbp_topic_count":0,"_bbp_reply_count":0,"_bbp_total_topic_count":0,"_bbp_total_reply_count":0,"_bbp_voice_count":0,"_bbp_anonymous_reply_count":0,"_bbp_topic_count_hidden":0,"_bbp_reply_count_hidden":0,"_bbp_forum_subforum_count":0,"site-sidebar-layout":"default","site-content-layout":"","ast-site-content-layout":"","site-content-style":"default","site-sidebar-style":"default","ast-global-header-display":"","ast-banner-title-visibility":"","ast-main-header-display":"","ast-hfb-above-header-display":"","ast-hfb-below-header-display":"","ast-hfb-mobile-header-display":"","site-post-title":"","ast-breadcrumbs-content":"","ast-featured-img":"","footer-sml-layout":"","theme-transparent-header-meta":"","adv-header-id-meta":"","stick-header-meta":"","header-above-stick-meta":"","header-main-stick-meta":"","header-below-stick-meta":"","astra-migrate-meta-layouts":"default","ast-page-background-enabled":"default","ast-page-background-meta":{"desktop":{"background-color":"var(--ast-global-color-4)","background-image":"","background-repeat":"repeat","background-position":"center center","background-size":"auto","background-attachment":"scroll","background-type":"","background-media":"","overlay-type":"","overlay-color":"","overlay-opacity":"","overlay-gradient":""},"tablet":{"background-color":"","background-image":"","background-repeat":"repeat","background-position":"center center","background-size":"auto","background-attachment":"scroll","background-type":"","background-media":"","overlay-type":"","overlay-color":"","overlay-opacity":"","overlay-gradient":""},"mobile":{"background-color":"","background-image":"","background-repeat":"repeat","background-position":"center center","background-size":"auto","background-attachment":"scroll","background-type":"","background-media":"","overlay-type":"","overlay-color":"","overlay-opacity":"","overlay-gradient":""}},"ast-content-background-meta":{"desktop":{"background-color":"var(--ast-global-color-5)","background-image":"","background-repeat":"repeat","background-position":"center center","background-size":"auto","background-attachment":"scroll","background-type":"","background-media":"","overlay-type":"","overlay-color":"","overlay-opacity":"","overlay-gradient":""},"tablet":{"background-color":"var(--ast-global-color-5)","background-image":"","background-repeat":"repeat","background-position":"center center","background-size":"auto","background-attachment":"scroll","background-type":"","background-media":"","overlay-type":"","overlay-color":"","overlay-opacity":"","overlay-gradient":""},"mobile":{"background-color":"var(--ast-global-color-5)","background-image":"","background-repeat":"repeat","background-position":"center center","background-size":"auto","background-attachment":"scroll","background-type":"","background-media":"","overlay-type":"","overlay-color":"","overlay-opacity":"","overlay-gradient":""}},"footnotes":""},"class_list":["post-3007","page","type-page","status-publish","hentry"],"post_mailing_queue_ids":[],"_links":{"self":[{"href":"https:\/\/agora.xtec.cat\/iesgabrielamistral\/wp-json\/wp\/v2\/pages\/3007","targetHints":{"allow":["GET"]}}],"collection":[{"href":"https:\/\/agora.xtec.cat\/iesgabrielamistral\/wp-json\/wp\/v2\/pages"}],"about":[{"href":"https:\/\/agora.xtec.cat\/iesgabrielamistral\/wp-json\/wp\/v2\/types\/page"}],"author":[{"embeddable":true,"href":"https:\/\/agora.xtec.cat\/iesgabrielamistral\/wp-json\/wp\/v2\/users\/1"}],"replies":[{"embeddable":true,"href":"https:\/\/agora.xtec.cat\/iesgabrielamistral\/wp-json\/wp\/v2\/comments?post=3007"}],"version-history":[{"count":10,"href":"https:\/\/agora.xtec.cat\/iesgabrielamistral\/wp-json\/wp\/v2\/pages\/3007\/revisions"}],"predecessor-version":[{"id":18020,"href":"https:\/\/agora.xtec.cat\/iesgabrielamistral\/wp-json\/wp\/v2\/pages\/3007\/revisions\/18020"}],"up":[{"embeddable":true,"href":"https:\/\/agora.xtec.cat\/iesgabrielamistral\/wp-json\/wp\/v2\/pages\/3418"}],"wp:attachment":[{"href":"https:\/\/agora.xtec.cat\/iesgabrielamistral\/wp-json\/wp\/v2\/media?parent=3007"}],"curies":[{"name":"wp","href":"https:\/\/api.w.org\/{rel}","templated":true}]}}