{"id":285,"date":"2015-03-05T09:31:12","date_gmt":"2015-03-05T08:31:12","guid":{"rendered":"http:\/\/agora.xtec.cat\/iesgabrielamistral\/?page_id=285"},"modified":"2025-11-03T18:45:23","modified_gmt":"2025-11-03T17:45:23","slug":"qui-som","status":"publish","type":"page","link":"https:\/\/agora.xtec.cat\/iesgabrielamistral\/linstitut\/qui-som\/","title":{"rendered":"Qui som"},"content":{"rendered":"<p style=\"text-align: justify;\">L\u2019INS Gabriela Mistral es troba al barri de la Gu\u00e0rdia, a Sant Vicen\u00e7 dels Horts. Va comen\u00e7ar a funcionar de manera provisional a les instal\u00b7lacions municipals de la foneria al <strong>1996<\/strong> per a donar resposta a les necessitats de places escolars que tenia la vila. Comptava amb 117 alumnes, en quatre grups de 1r d\u2019ESO, 10 professors, 1 conserge i el personal de neteja.<\/p>\n<p style=\"text-align: justify;\">Des de l\u2019any <strong>1999<\/strong> disposem del nou edifici, on actualment atenem prop de 1000 alumnes entre ESO, Batxillerat, Cicles formatius i IFE, amb un equip hum\u00e0 de m\u00e9s de 100 persones entre personal docent, d&#8217;atenci\u00f3 educativa i d&#8217;administraci\u00f3 i serveis.<\/p>\n<p>En l&#8217;actualitat ocupem l&#8217;edifici principal al carrer Osca i part de l&#8217;edifici El Rocio (antiga escola El Roc\u00edo), on s&#8217;imparteixen els estudis d&#8217;IFE i de cicles de la fam\u00edlia de Serveis a la Comunitat.<\/p>\n<p style=\"text-align: justify;\">Podeu veure els grups i l&#8217;oferta educativa del centre en els apartats corresponents d&#8217;aquesta mateixa web.<\/p>\n","protected":false},"excerpt":{"rendered":"<p>L\u2019INS Gabriela Mistral es troba al barri de la Gu\u00e0rdia, a Sant Vicen\u00e7 dels Horts. Va comen\u00e7ar a funcionar de manera provisional a les instal\u00b7lacions municipals de la foneria al 1996 per a donar resposta a les necessitats de places escolars que tenia la vila. Comptava amb 117 alumnes, en quatre grups de 1r d\u2019ESO, [&hellip;]<\/p>\n","protected":false},"author":1,"featured_media":0,"parent":3418,"menu_order":10,"comment_status":"closed","ping_status":"closed","template":"","meta":{"_bbp_topic_count":0,"_bbp_reply_count":0,"_bbp_total_topic_count":0,"_bbp_total_reply_count":0,"_bbp_voice_count":0,"_bbp_anonymous_reply_count":0,"_bbp_topic_count_hidden":0,"_bbp_reply_count_hidden":0,"_bbp_forum_subforum_count":0,"site-sidebar-layout":"default","site-content-layout":"","ast-site-content-layout":"default","site-content-style":"default","site-sidebar-style":"default","ast-global-header-display":"","ast-banner-title-visibility":"","ast-main-header-display":"","ast-hfb-above-header-display":"","ast-hfb-below-header-display":"","ast-hfb-mobile-header-display":"","site-post-title":"","ast-breadcrumbs-content":"","ast-featured-img":"","footer-sml-layout":"","theme-transparent-header-meta":"default","adv-header-id-meta":"","stick-header-meta":"","header-above-stick-meta":"","header-main-stick-meta":"","header-below-stick-meta":"","astra-migrate-meta-layouts":"set","ast-page-background-enabled":"default","ast-page-background-meta":{"desktop":{"background-color":"var(--ast-global-color-4)","background-image":"","background-repeat":"repeat","background-position":"center center","background-size":"auto","background-attachment":"scroll","background-type":"","background-media":"","overlay-type":"","overlay-color":"","overlay-opacity":"","overlay-gradient":""},"tablet":{"background-color":"","background-image":"","background-repeat":"repeat","background-position":"center center","background-size":"auto","background-attachment":"scroll","background-type":"","background-media":"","overlay-type":"","overlay-color":"","overlay-opacity":"","overlay-gradient":""},"mobile":{"background-color":"","background-image":"","background-repeat":"repeat","background-position":"center center","background-size":"auto","background-attachment":"scroll","background-type":"","background-media":"","overlay-type":"","overlay-color":"","overlay-opacity":"","overlay-gradient":""}},"ast-content-background-meta":{"desktop":{"background-color":"var(--ast-global-color-5)","background-image":"","background-repeat":"repeat","background-position":"center center","background-size":"auto","background-attachment":"scroll","background-type":"","background-media":"","overlay-type":"","overlay-color":"","overlay-opacity":"","overlay-gradient":""},"tablet":{"background-color":"var(--ast-global-color-5)","background-image":"","background-repeat":"repeat","background-position":"center center","background-size":"auto","background-attachment":"scroll","background-type":"","background-media":"","overlay-type":"","overlay-color":"","overlay-opacity":"","overlay-gradient":""},"mobile":{"background-color":"var(--ast-global-color-5)","background-image":"","background-repeat":"repeat","background-position":"center center","background-size":"auto","background-attachment":"scroll","background-type":"","background-media":"","overlay-type":"","overlay-color":"","overlay-opacity":"","overlay-gradient":""}},"footnotes":""},"class_list":["post-285","page","type-page","status-publish","hentry"],"post_mailing_queue_ids":[],"_links":{"self":[{"href":"https:\/\/agora.xtec.cat\/iesgabrielamistral\/wp-json\/wp\/v2\/pages\/285","targetHints":{"allow":["GET"]}}],"collection":[{"href":"https:\/\/agora.xtec.cat\/iesgabrielamistral\/wp-json\/wp\/v2\/pages"}],"about":[{"href":"https:\/\/agora.xtec.cat\/iesgabrielamistral\/wp-json\/wp\/v2\/types\/page"}],"author":[{"embeddable":true,"href":"https:\/\/agora.xtec.cat\/iesgabrielamistral\/wp-json\/wp\/v2\/users\/1"}],"replies":[{"embeddable":true,"href":"https:\/\/agora.xtec.cat\/iesgabrielamistral\/wp-json\/wp\/v2\/comments?post=285"}],"version-history":[{"count":5,"href":"https:\/\/agora.xtec.cat\/iesgabrielamistral\/wp-json\/wp\/v2\/pages\/285\/revisions"}],"predecessor-version":[{"id":18487,"href":"https:\/\/agora.xtec.cat\/iesgabrielamistral\/wp-json\/wp\/v2\/pages\/285\/revisions\/18487"}],"up":[{"embeddable":true,"href":"https:\/\/agora.xtec.cat\/iesgabrielamistral\/wp-json\/wp\/v2\/pages\/3418"}],"wp:attachment":[{"href":"https:\/\/agora.xtec.cat\/iesgabrielamistral\/wp-json\/wp\/v2\/media?parent=285"}],"curies":[{"name":"wp","href":"https:\/\/api.w.org\/{rel}","templated":true}]}}