{"id":21,"date":"2014-09-17T16:14:14","date_gmt":"2014-09-17T16:14:14","guid":{"rendered":"http:\/\/agora.xtec.cat\/iesgabrielamistral\/?page_id=21"},"modified":"2026-01-08T20:00:57","modified_gmt":"2026-01-08T19:00:57","slug":"on-som","status":"publish","type":"page","link":"https:\/\/agora.xtec.cat\/iesgabrielamistral\/linstitut\/on-som\/","title":{"rendered":"On som"},"content":{"rendered":"<h4>INS Gabriela Mistral<\/h4>\n<p><iframe loading=\"lazy\" src=\"https:\/\/www.google.com\/maps\/d\/u\/0\/embed?mid=1BI_xO6WBTF4WRhbVQumEJF4WbVNy5RA&amp;ehbc=2E312F\" width=\"640\" height=\"480\"><\/iframe><\/p>\n<p><strong>Seu principal, carrer Osca<\/strong>, 95-105 08620 &#8211; Sant Vicen\u00e7 dels Horts<\/p>\n<p><strong>Seu El Roc\u00edo, <\/strong>carrer Balaguer<strong>, <\/strong>26 08620 Sant Vicen\u00e7 dels Horts<\/p>\n<p>Tel\u00e8fon: 936560000 Fax: 936563031\u00a0 <a href=\"mailto:a8053340@xtec.cat\">a8053340@insgabrielamistral.cat<\/a><\/p>\n<p><strong>Com arribar al centre?<\/strong> En <a href=\"https:\/\/svh.cat\/municipi\/transport-public\/\">transport p\u00fablic<\/a><\/p>\n<ul>\n<li>FGC: Estaci\u00f3 de Sant Vicen\u00e7 i Estaci\u00f3 de Can Ros<\/li>\n<li>Autobusos municipals de Sant Vicen\u00e7 dels Horts<\/li>\n<\/ul>\n<p>En cotxe Sortida 602 de l&#8217;A2 <a href=\"http:\/\/maps.google.es\/maps?f=q&amp;hl=es&amp;geocode=&amp;q=IES+Gabriela+Mistral,+Sant+Vicen%C3%A7+dels+Horts&amp;mrt=kmlkmz&amp;ie=UTF8&amp;ll=41.396321,2.006721&amp;spn=0.01674,0.039997&amp;z=15&amp;iwloc=A\">Situaci\u00f3 al Mapa<\/a> <strong>Enlla\u00e7os<\/strong> L\u00ednia de l&#8217;Anoia dels Ferrocarrils de la Generalitat <a href=\"http:\/\/www.fgc.es\/\">Ferrocarrils de la Generalitat <\/a> <a href=\"http:\/\/maps.google.es\/maps?f=d&amp;source=s_d&amp;saddr=41.38415,2.110491&amp;daddr=Sant+Vicen%C3%A7+dels+Horts&amp;geocode=&amp;hl=es&amp;mra=dme&amp;mrcr=0&amp;mrsp=0&amp;sz=14&amp;sll=41.384408,2.108173&amp;sspn=0.029043,0.055275&amp;ie=UTF8&amp;z=14\">Com arribar al centre des de Barcelona<\/a> \u00a0<\/p>\n","protected":false},"excerpt":{"rendered":"<p>INS Gabriela Mistral Seu principal, carrer Osca, 95-105 08620 &#8211; Sant Vicen\u00e7 dels Horts Seu El Roc\u00edo, carrer Balaguer, 26 08620 Sant Vicen\u00e7 dels Horts Tel\u00e8fon: 936560000 Fax: 936563031\u00a0 a8053340@insgabrielamistral.cat Com arribar al centre? En transport p\u00fablic FGC: Estaci\u00f3 de Sant Vicen\u00e7 i Estaci\u00f3 de Can Ros Autobusos municipals de Sant Vicen\u00e7 dels Horts En [&hellip;]<\/p>\n","protected":false},"author":1,"featured_media":0,"parent":3418,"menu_order":20,"comment_status":"closed","ping_status":"closed","template":"","meta":{"_bbp_topic_count":0,"_bbp_reply_count":0,"_bbp_total_topic_count":0,"_bbp_total_reply_count":0,"_bbp_voice_count":0,"_bbp_anonymous_reply_count":0,"_bbp_topic_count_hidden":0,"_bbp_reply_count_hidden":0,"_bbp_forum_subforum_count":0,"site-sidebar-layout":"default","site-content-layout":"","ast-site-content-layout":"default","site-content-style":"default","site-sidebar-style":"default","ast-global-header-display":"","ast-banner-title-visibility":"","ast-main-header-display":"","ast-hfb-above-header-display":"","ast-hfb-below-header-display":"","ast-hfb-mobile-header-display":"","site-post-title":"","ast-breadcrumbs-content":"","ast-featured-img":"","footer-sml-layout":"","theme-transparent-header-meta":"default","adv-header-id-meta":"","stick-header-meta":"","header-above-stick-meta":"","header-main-stick-meta":"","header-below-stick-meta":"","astra-migrate-meta-layouts":"set","ast-page-background-enabled":"default","ast-page-background-meta":{"desktop":{"background-color":"var(--ast-global-color-4)","background-image":"","background-repeat":"repeat","background-position":"center center","background-size":"auto","background-attachment":"scroll","background-type":"","background-media":"","overlay-type":"","overlay-color":"","overlay-opacity":"","overlay-gradient":""},"tablet":{"background-color":"","background-image":"","background-repeat":"repeat","background-position":"center center","background-size":"auto","background-attachment":"scroll","background-type":"","background-media":"","overlay-type":"","overlay-color":"","overlay-opacity":"","overlay-gradient":""},"mobile":{"background-color":"","background-image":"","background-repeat":"repeat","background-position":"center center","background-size":"auto","background-attachment":"scroll","background-type":"","background-media":"","overlay-type":"","overlay-color":"","overlay-opacity":"","overlay-gradient":""}},"ast-content-background-meta":{"desktop":{"background-color":"var(--ast-global-color-5)","background-image":"","background-repeat":"repeat","background-position":"center center","background-size":"auto","background-attachment":"scroll","background-type":"","background-media":"","overlay-type":"","overlay-color":"","overlay-opacity":"","overlay-gradient":""},"tablet":{"background-color":"var(--ast-global-color-5)","background-image":"","background-repeat":"repeat","background-position":"center center","background-size":"auto","background-attachment":"scroll","background-type":"","background-media":"","overlay-type":"","overlay-color":"","overlay-opacity":"","overlay-gradient":""},"mobile":{"background-color":"var(--ast-global-color-5)","background-image":"","background-repeat":"repeat","background-position":"center center","background-size":"auto","background-attachment":"scroll","background-type":"","background-media":"","overlay-type":"","overlay-color":"","overlay-opacity":"","overlay-gradient":""}},"footnotes":""},"class_list":["post-21","page","type-page","status-publish","hentry"],"post_mailing_queue_ids":[],"_links":{"self":[{"href":"https:\/\/agora.xtec.cat\/iesgabrielamistral\/wp-json\/wp\/v2\/pages\/21","targetHints":{"allow":["GET"]}}],"collection":[{"href":"https:\/\/agora.xtec.cat\/iesgabrielamistral\/wp-json\/wp\/v2\/pages"}],"about":[{"href":"https:\/\/agora.xtec.cat\/iesgabrielamistral\/wp-json\/wp\/v2\/types\/page"}],"author":[{"embeddable":true,"href":"https:\/\/agora.xtec.cat\/iesgabrielamistral\/wp-json\/wp\/v2\/users\/1"}],"replies":[{"embeddable":true,"href":"https:\/\/agora.xtec.cat\/iesgabrielamistral\/wp-json\/wp\/v2\/comments?post=21"}],"version-history":[{"count":7,"href":"https:\/\/agora.xtec.cat\/iesgabrielamistral\/wp-json\/wp\/v2\/pages\/21\/revisions"}],"predecessor-version":[{"id":18829,"href":"https:\/\/agora.xtec.cat\/iesgabrielamistral\/wp-json\/wp\/v2\/pages\/21\/revisions\/18829"}],"up":[{"embeddable":true,"href":"https:\/\/agora.xtec.cat\/iesgabrielamistral\/wp-json\/wp\/v2\/pages\/3418"}],"wp:attachment":[{"href":"https:\/\/agora.xtec.cat\/iesgabrielamistral\/wp-json\/wp\/v2\/media?parent=21"}],"curies":[{"name":"wp","href":"https:\/\/api.w.org\/{rel}","templated":true}]}}