{"id":18000,"date":"2025-07-10T10:28:35","date_gmt":"2025-07-10T08:28:35","guid":{"rendered":"https:\/\/agora.xtec.cat\/iesgabrielamistral\/?page_id=18000"},"modified":"2025-09-02T12:06:40","modified_gmt":"2025-09-02T10:06:40","slug":"llibres-de-text-cicles-formatius-familia-informatica","status":"publish","type":"page","link":"https:\/\/agora.xtec.cat\/iesgabrielamistral\/llibres-de-text-cicles-formatius-familia-informatica\/","title":{"rendered":"Llibres de text Cicles Formatius fam\u00edlia inform\u00e0tica"},"content":{"rendered":"<h4><span style=\"font-weight: 400;\"><strong>Cicle Formatiu Grau B\u00e0sic\u00a0 Inform\u00e0tica d&#8217;Oficina 1<\/strong><\/span><\/h4>\n<ul>\n<li><span style=\"font-weight: 400;\">IPO1<\/span><\/li>\n<\/ul>\n<p><b><i>Itinerari Personal per a l\u2019Ocupabilitat<\/i><\/b><\/p>\n<p><span style=\"font-weight: 400;\">Beatriz M\u00e9ndez Baiges. Editorial Editex. ISBN: 978-84-1134-497-5<\/span><\/p>\n<ul>\n<li><span style=\"font-weight: 400;\">Angl\u00e8s<\/span><\/li>\n<\/ul>\n<p><b><i>English, \u00c1mbito de Comunicaci\u00f3n y Ciencias Sociales<\/i><\/b><i><span style=\"font-weight: 400;\">,\u00a0<\/span><\/i><\/p>\n<p><i><span style=\"font-weight: 400;\">Macmillan Education<\/span><\/i><\/p>\n<p><span style=\"font-weight: 400;\">Student&#8217;s Book <\/span><span style=\"font-weight: 400;\">9788418356735<\/span><\/p>\n<p><span style=\"font-weight: 400;\">Workbook, 978-84-18356-74-2<\/span><\/p>\n<p>&nbsp;<\/p>\n<h4><span style=\"font-weight: 400;\"><strong>Cicle Formatiu Grau B\u00e0sic Inform\u00e0tica d&#8217;Oficina 2<\/strong><\/span><\/h4>\n<p>\u00c9s el mateix llibre que van comprar a primer<\/p>\n<p>&nbsp;<\/p>\n<h4>Sistemes Microinform\u00e0tics i Xarxes 1<\/h4>\n<ul>\n<li>IPO1<\/li>\n<\/ul>\n<p><b><i>Itinerari Personal per l\u2019Ocupabilitat I<\/i><\/b><\/p>\n<p><span style=\"font-weight: 400;\">Maria Eugenia Caldas Blanco, Maria Luisa Hidalgo Ortega y Jes\u00fas Lara\u00f1o D\u00edaz.<\/span><\/p>\n<p><span style=\"font-weight: 400;\">Editorial Editex. ISBN: 978-84-1134-937-6<\/span><b>\u00a0 \u00a0 \u00a0 \u00a0 \u00a0 \u00a0 \u00a0 \u00a0 \u00a0\u00a0<\/b><\/p>\n<ul>\n<li><span style=\"font-weight: 400;\">Angl\u00e8s <\/span><\/li>\n<\/ul>\n<p><b><i>Computing &amp; Information Technology<\/i><\/b><\/p>\n<p><span style=\"font-weight: 400;\">Student\u2019s Book 978-9963-273-83-6<\/span><\/p>\n<p><span style=\"font-weight: 400;\">Workbook 978-9963-273-84-3<\/span><\/p>\n<p>&nbsp;<\/p>\n<h4>Sistemes Microinform\u00e0tics i Xarxes 2<\/h4>\n<ul>\n<li>IPO2<\/li>\n<\/ul>\n<p><b><i>Itinerari Personal per l\u2019Ocupabilitat II <strong>(IPO2)<\/strong><\/i><\/b><\/p>\n<p>ISBN: 9788419780645 Altamar<\/p>\n<p>&nbsp;<\/p>\n<h4><strong>Administraci\u00f3 de sistemes inform\u00e0tics en xarxa (p.p. ciberseguretat) 1 i<\/strong><\/h4>\n<h4><strong>Desenvolupament d&#8217;aplicacions multiplataforma 1<\/strong><\/h4>\n<ul>\n<li>Angl\u00e8s<\/li>\n<\/ul>\n<p><b><i>English, CFGS &#8211; Transversales<\/i><\/b><i><span style=\"font-weight: 400;\">,<\/span><\/i><\/p>\n<p><span style=\"font-weight: 400;\">McGraw Hill<\/span><\/p>\n<p><span style=\"font-weight: 400;\">978-84-486-4299-0<\/span><\/p>\n<p><span style=\"font-weight: 400;\">Irene Picorneli<\/span><\/p>\n<h4>\u00a0<\/h4>\n<h4><strong>Administraci\u00f3 de sistemes inform\u00e0tics en xarxa (p.p. ciberseguretat) 2 i<\/strong><\/h4>\n<h4><strong>Desenvolupament d&#8217;aplicacions multiplataforma 2<\/strong><\/h4>\n<ul>\n<li>IPO2<\/li>\n<\/ul>\n<p><em><strong>Itinerari personal per a l&#8217;ocupabilitat II (IPO2) <\/strong><\/em><\/p>\n<p>ISBN: 9788419780645 Altamar<\/p>\n","protected":false},"excerpt":{"rendered":"<p>Cicle Formatiu Grau B\u00e0sic\u00a0 Inform\u00e0tica d&#8217;Oficina 1 IPO1 Itinerari Personal per a l\u2019Ocupabilitat Beatriz M\u00e9ndez Baiges. Editorial Editex. ISBN: 978-84-1134-497-5 Angl\u00e8s English, \u00c1mbito de Comunicaci\u00f3n y Ciencias Sociales,\u00a0 Macmillan Education Student&#8217;s Book 9788418356735 Workbook, 978-84-18356-74-2 &nbsp; Cicle Formatiu Grau B\u00e0sic Inform\u00e0tica d&#8217;Oficina 2 \u00c9s el mateix llibre que van comprar a primer &nbsp; Sistemes Microinform\u00e0tics [&hellip;]<\/p>\n","protected":false},"author":11,"featured_media":0,"parent":0,"menu_order":0,"comment_status":"closed","ping_status":"closed","template":"","meta":{"_bbp_topic_count":0,"_bbp_reply_count":0,"_bbp_total_topic_count":0,"_bbp_total_reply_count":0,"_bbp_voice_count":0,"_bbp_anonymous_reply_count":0,"_bbp_topic_count_hidden":0,"_bbp_reply_count_hidden":0,"_bbp_forum_subforum_count":0,"site-sidebar-layout":"default","site-content-layout":"","ast-site-content-layout":"","site-content-style":"default","site-sidebar-style":"default","ast-global-header-display":"","ast-banner-title-visibility":"","ast-main-header-display":"","ast-hfb-above-header-display":"","ast-hfb-below-header-display":"","ast-hfb-mobile-header-display":"","site-post-title":"","ast-breadcrumbs-content":"","ast-featured-img":"","footer-sml-layout":"","theme-transparent-header-meta":"","adv-header-id-meta":"","stick-header-meta":"","header-above-stick-meta":"","header-main-stick-meta":"","header-below-stick-meta":"","astra-migrate-meta-layouts":"default","ast-page-background-enabled":"default","ast-page-background-meta":{"desktop":{"background-color":"var(--ast-global-color-4)","background-image":"","background-repeat":"repeat","background-position":"center center","background-size":"auto","background-attachment":"scroll","background-type":"","background-media":"","overlay-type":"","overlay-color":"","overlay-opacity":"","overlay-gradient":""},"tablet":{"background-color":"","background-image":"","background-repeat":"repeat","background-position":"center center","background-size":"auto","background-attachment":"scroll","background-type":"","background-media":"","overlay-type":"","overlay-color":"","overlay-opacity":"","overlay-gradient":""},"mobile":{"background-color":"","background-image":"","background-repeat":"repeat","background-position":"center center","background-size":"auto","background-attachment":"scroll","background-type":"","background-media":"","overlay-type":"","overlay-color":"","overlay-opacity":"","overlay-gradient":""}},"ast-content-background-meta":{"desktop":{"background-color":"var(--ast-global-color-5)","background-image":"","background-repeat":"repeat","background-position":"center center","background-size":"auto","background-attachment":"scroll","background-type":"","background-media":"","overlay-type":"","overlay-color":"","overlay-opacity":"","overlay-gradient":""},"tablet":{"background-color":"var(--ast-global-color-5)","background-image":"","background-repeat":"repeat","background-position":"center center","background-size":"auto","background-attachment":"scroll","background-type":"","background-media":"","overlay-type":"","overlay-color":"","overlay-opacity":"","overlay-gradient":""},"mobile":{"background-color":"var(--ast-global-color-5)","background-image":"","background-repeat":"repeat","background-position":"center center","background-size":"auto","background-attachment":"scroll","background-type":"","background-media":"","overlay-type":"","overlay-color":"","overlay-opacity":"","overlay-gradient":""}},"footnotes":""},"class_list":["post-18000","page","type-page","status-publish","hentry"],"post_mailing_queue_ids":[],"_links":{"self":[{"href":"https:\/\/agora.xtec.cat\/iesgabrielamistral\/wp-json\/wp\/v2\/pages\/18000","targetHints":{"allow":["GET"]}}],"collection":[{"href":"https:\/\/agora.xtec.cat\/iesgabrielamistral\/wp-json\/wp\/v2\/pages"}],"about":[{"href":"https:\/\/agora.xtec.cat\/iesgabrielamistral\/wp-json\/wp\/v2\/types\/page"}],"author":[{"embeddable":true,"href":"https:\/\/agora.xtec.cat\/iesgabrielamistral\/wp-json\/wp\/v2\/users\/11"}],"replies":[{"embeddable":true,"href":"https:\/\/agora.xtec.cat\/iesgabrielamistral\/wp-json\/wp\/v2\/comments?post=18000"}],"version-history":[{"count":6,"href":"https:\/\/agora.xtec.cat\/iesgabrielamistral\/wp-json\/wp\/v2\/pages\/18000\/revisions"}],"predecessor-version":[{"id":18067,"href":"https:\/\/agora.xtec.cat\/iesgabrielamistral\/wp-json\/wp\/v2\/pages\/18000\/revisions\/18067"}],"wp:attachment":[{"href":"https:\/\/agora.xtec.cat\/iesgabrielamistral\/wp-json\/wp\/v2\/media?parent=18000"}],"curies":[{"name":"wp","href":"https:\/\/api.w.org\/{rel}","templated":true}]}}