{"id":17661,"date":"2025-05-21T10:10:18","date_gmt":"2025-05-21T08:10:18","guid":{"rendered":"https:\/\/agora.xtec.cat\/iesgabrielamistral\/?page_id=17661"},"modified":"2025-05-21T10:10:18","modified_gmt":"2025-05-21T08:10:18","slug":"capacitacio-digital","status":"publish","type":"page","link":"https:\/\/agora.xtec.cat\/iesgabrielamistral\/capacitacio-digital\/","title":{"rendered":"Capacitaci\u00f3 digital"},"content":{"rendered":"<p>A partir de setembre s\u2019oferiran\u00a0<strong>cursos de capacitaci\u00f3 digital<\/strong>. Hi ha cinc nivells de compet\u00e8ncia. Els grups es posaran en marxa a mesura que hi hagi el nombre m\u00ednim de persones per formar els grups. La previsi\u00f3 \u00e9s que siguin en\u00a0<strong>horari de tarda entre setembre i desembre<\/strong>, per\u00f2 tamb\u00e9 poden fer-se al\u00a0<strong>juliol en horari de mat\u00ed<\/strong>\u00a0si hi ha persones interessades.<\/p>\n<p>Els cursos s\u00f3n gratu\u00efts i s\u2019adrecen a persones joves i adultes que no estiguin actualment dins del sistema educatiu reglat.<\/p>\n<p>Podeu trucar a l\u2019Institut (936560000) o b\u00e9 escriure a l\u2019adre\u00e7a\u00a0<a href=\"mailto:capacitaciodigital@insgabrielamistral.cat\" target=\"_blank\" rel=\"noopener\">capacitaciodigital@insgabrielamistral.cat<\/a>\u00a0tant per obtenir m\u00e9s informaci\u00f3 com per formalitzar la inscripci\u00f3. Trobareu m\u00e9s informaci\u00f3 en\u00a0<a href=\"https:\/\/agora.xtec.cat\/iesgabrielamistral\/wp-content\/uploads\/usu246\/2024\/06\/guia.pdf\" target=\"_blank\" rel=\"noopener\">aquesta guia<\/a>.<\/p>\n<p><img loading=\"lazy\" decoding=\"async\" class=\"alignnone size-large wp-image-17662\" src=\"https:\/\/agora.xtec.cat\/iesgabrielamistral\/wp-content\/uploads\/usu246\/2025\/05\/F-DIGITAL-CARTELL-DA-ONLINE_Amb-logos_page-0001-scaled-1-724x1024.jpg\" alt=\"\" width=\"724\" height=\"1024\" srcset=\"https:\/\/agora.xtec.cat\/iesgabrielamistral\/wp-content\/uploads\/usu246\/2025\/05\/F-DIGITAL-CARTELL-DA-ONLINE_Amb-logos_page-0001-scaled-1-724x1024.jpg 724w, https:\/\/agora.xtec.cat\/iesgabrielamistral\/wp-content\/uploads\/usu246\/2025\/05\/F-DIGITAL-CARTELL-DA-ONLINE_Amb-logos_page-0001-scaled-1-212x300.jpg 212w, https:\/\/agora.xtec.cat\/iesgabrielamistral\/wp-content\/uploads\/usu246\/2025\/05\/F-DIGITAL-CARTELL-DA-ONLINE_Amb-logos_page-0001-scaled-1-768x1086.jpg 768w, https:\/\/agora.xtec.cat\/iesgabrielamistral\/wp-content\/uploads\/usu246\/2025\/05\/F-DIGITAL-CARTELL-DA-ONLINE_Amb-logos_page-0001-scaled-1-1087x1536.jpg 1087w, https:\/\/agora.xtec.cat\/iesgabrielamistral\/wp-content\/uploads\/usu246\/2025\/05\/F-DIGITAL-CARTELL-DA-ONLINE_Amb-logos_page-0001-scaled-1-1449x2048.jpg 1449w, https:\/\/agora.xtec.cat\/iesgabrielamistral\/wp-content\/uploads\/usu246\/2025\/05\/F-DIGITAL-CARTELL-DA-ONLINE_Amb-logos_page-0001-scaled-1.jpg 1811w\" sizes=\"auto, (max-width: 724px) 100vw, 724px\" \/><\/p>\n","protected":false},"excerpt":{"rendered":"<p>A partir de setembre s\u2019oferiran\u00a0cursos de capacitaci\u00f3 digital. Hi ha cinc nivells de compet\u00e8ncia. Els grups es posaran en marxa a mesura que hi hagi el nombre m\u00ednim de persones per formar els grups. La previsi\u00f3 \u00e9s que siguin en\u00a0horari de tarda entre setembre i desembre, per\u00f2 tamb\u00e9 poden fer-se al\u00a0juliol en horari de mat\u00ed\u00a0si [&hellip;]<\/p>\n","protected":false},"author":14,"featured_media":0,"parent":0,"menu_order":0,"comment_status":"closed","ping_status":"closed","template":"","meta":{"_bbp_topic_count":0,"_bbp_reply_count":0,"_bbp_total_topic_count":0,"_bbp_total_reply_count":0,"_bbp_voice_count":0,"_bbp_anonymous_reply_count":0,"_bbp_topic_count_hidden":0,"_bbp_reply_count_hidden":0,"_bbp_forum_subforum_count":0,"site-sidebar-layout":"default","site-content-layout":"","ast-site-content-layout":"","site-content-style":"default","site-sidebar-style":"default","ast-global-header-display":"","ast-banner-title-visibility":"","ast-main-header-display":"","ast-hfb-above-header-display":"","ast-hfb-below-header-display":"","ast-hfb-mobile-header-display":"","site-post-title":"","ast-breadcrumbs-content":"","ast-featured-img":"","footer-sml-layout":"","theme-transparent-header-meta":"","adv-header-id-meta":"","stick-header-meta":"","header-above-stick-meta":"","header-main-stick-meta":"","header-below-stick-meta":"","astra-migrate-meta-layouts":"default","ast-page-background-enabled":"default","ast-page-background-meta":{"desktop":{"background-color":"var(--ast-global-color-4)","background-image":"","background-repeat":"repeat","background-position":"center center","background-size":"auto","background-attachment":"scroll","background-type":"","background-media":"","overlay-type":"","overlay-color":"","overlay-opacity":"","overlay-gradient":""},"tablet":{"background-color":"","background-image":"","background-repeat":"repeat","background-position":"center center","background-size":"auto","background-attachment":"scroll","background-type":"","background-media":"","overlay-type":"","overlay-color":"","overlay-opacity":"","overlay-gradient":""},"mobile":{"background-color":"","background-image":"","background-repeat":"repeat","background-position":"center center","background-size":"auto","background-attachment":"scroll","background-type":"","background-media":"","overlay-type":"","overlay-color":"","overlay-opacity":"","overlay-gradient":""}},"ast-content-background-meta":{"desktop":{"background-color":"var(--ast-global-color-5)","background-image":"","background-repeat":"repeat","background-position":"center center","background-size":"auto","background-attachment":"scroll","background-type":"","background-media":"","overlay-type":"","overlay-color":"","overlay-opacity":"","overlay-gradient":""},"tablet":{"background-color":"var(--ast-global-color-5)","background-image":"","background-repeat":"repeat","background-position":"center center","background-size":"auto","background-attachment":"scroll","background-type":"","background-media":"","overlay-type":"","overlay-color":"","overlay-opacity":"","overlay-gradient":""},"mobile":{"background-color":"var(--ast-global-color-5)","background-image":"","background-repeat":"repeat","background-position":"center center","background-size":"auto","background-attachment":"scroll","background-type":"","background-media":"","overlay-type":"","overlay-color":"","overlay-opacity":"","overlay-gradient":""}},"footnotes":""},"class_list":["post-17661","page","type-page","status-publish","hentry"],"post_mailing_queue_ids":[],"_links":{"self":[{"href":"https:\/\/agora.xtec.cat\/iesgabrielamistral\/wp-json\/wp\/v2\/pages\/17661","targetHints":{"allow":["GET"]}}],"collection":[{"href":"https:\/\/agora.xtec.cat\/iesgabrielamistral\/wp-json\/wp\/v2\/pages"}],"about":[{"href":"https:\/\/agora.xtec.cat\/iesgabrielamistral\/wp-json\/wp\/v2\/types\/page"}],"author":[{"embeddable":true,"href":"https:\/\/agora.xtec.cat\/iesgabrielamistral\/wp-json\/wp\/v2\/users\/14"}],"replies":[{"embeddable":true,"href":"https:\/\/agora.xtec.cat\/iesgabrielamistral\/wp-json\/wp\/v2\/comments?post=17661"}],"version-history":[{"count":1,"href":"https:\/\/agora.xtec.cat\/iesgabrielamistral\/wp-json\/wp\/v2\/pages\/17661\/revisions"}],"predecessor-version":[{"id":17666,"href":"https:\/\/agora.xtec.cat\/iesgabrielamistral\/wp-json\/wp\/v2\/pages\/17661\/revisions\/17666"}],"wp:attachment":[{"href":"https:\/\/agora.xtec.cat\/iesgabrielamistral\/wp-json\/wp\/v2\/media?parent=17661"}],"curies":[{"name":"wp","href":"https:\/\/api.w.org\/{rel}","templated":true}]}}