{"id":1754,"date":"2016-01-18T09:40:26","date_gmt":"2016-01-18T08:40:26","guid":{"rendered":"http:\/\/agora.xtec.cat\/iesgabrielamistral\/?page_id=1754"},"modified":"2023-02-08T10:31:44","modified_gmt":"2023-02-08T09:31:44","slug":"bo-so-orientacio-4t-eso","status":"publish","type":"page","link":"https:\/\/agora.xtec.cat\/iesgabrielamistral\/serveis\/bo-so-orientacio-4t-eso\/","title":{"rendered":"Orientaci\u00f3 4t ESO"},"content":{"rendered":"<div>\n<div style=\"width: 50%; float: left; padding: 2px;\"><img loading=\"lazy\" decoding=\"async\" class=\"alignnone wp-image-5457 size-full\" src=\"https:\/\/agora.xtec.cat\/iesgabrielamistral\/wp-content\/uploads\/usu246\/2018\/03\/orientacio2018.png\" alt=\"\" width=\"480\" height=\"180\" srcset=\"https:\/\/agora.xtec.cat\/iesgabrielamistral\/wp-content\/uploads\/usu246\/2018\/03\/orientacio2018.png 480w, https:\/\/agora.xtec.cat\/iesgabrielamistral\/wp-content\/uploads\/usu246\/2018\/03\/orientacio2018-300x113.png 300w\" sizes=\"auto, (max-width: 480px) 100vw, 480px\" \/><\/div>\n<\/div>\n<div style=\"width: 100%; float: left;\">\n<p><span style=\"font-size: 20px;\"><strong>S\u2019ACABA L\u2019ESO&#8230;.<\/strong><\/span><\/p>\n<p>En breu s\u2019acaba l\u2019etapa de l\u2019ESO i s\u2019obren molts camins per a tu. Qu\u00e8 es pot fer en acabar\u00a0l\u2019ESO?<\/p>\n<p>\u2022 Continuar estudiant<\/p>\n<p>\u2022 Incorporar-\u00adte al m\u00f3n laboral.<\/p>\n<p>\u2022 Ambdues coses.<\/p>\n<p>\u2022 No fer res.<\/p>\n<p>Ara et donem\u00a0l&#8217;oportunitat de tenir un espai i un temps per pensar qui ets i on vols arribar. No ho\u00a0has de fer sol, comptes amb la fam\u00edlia, els professors, els companys i un munt de recursos\u00a0telem\u00e0tics que t&#8217;ajudaran de ben segur.<\/p>\n<p><span style=\"font-size: 20px;\"><strong>QU\u00c8 HAS DE TENIR EN COMPTE?<\/strong><\/span><\/p>\n<p>Abans de triar un cam\u00ed \u00e9s convenient plantejar-\u00adse algunes preguntes.<\/p>\n<ul>\n<li>Com s\u00f3c?<\/li>\n<li>Qu\u00e8 m&#8217;agrada?<\/li>\n<li>Quines s\u00f3n les meves\u00a0capacitats i habilitats?<\/li>\n<li>De qu\u00e8 m&#8217;agradaria treballar?<\/li>\n<li>Quina \u00e9s la meva\u00a0situaci\u00f3 familiar i personal?<\/li>\n<li>Quines s\u00f3n les meves\u00a0necessitats?<\/li>\n<li>Quins estudis em caldr\u00e0 seguir?<\/li>\n<li>Qu\u00e8 m&#8217;implicaria l&#8217;itinerari que hauria de fer?<\/li>\n<\/ul>\n<p><span style=\"font-size: 20px;\"><strong>ABANS DE DECIDIR<\/strong><\/span><\/p>\n<p>Per ajudar-\u00adte en aquesta decisi\u00f3, et proposem que desenvolupis el seguit de sessions que hi ha a\u00a0continuaci\u00f3, on \u00a0trobar\u00e0s diferents elements de reflexi\u00f3 i informaci\u00f3 necess\u00e0ria per poder\u00a0prendre aquesta decisi\u00f3 amb tota la calma, sensatesa i responsabilitat que implica.<\/p>\n<p>ACTUA \u00a0ARA PER PODER FER REALITAT EL TEU PROJECTE PERSONAL<\/p>\n<p>ARA M\u00c9S QUE MAI, EL FUTUR \u00c9S A LES TEVES MANS!<\/p>\n<p>Podeu veure el projecte &#8220;Orientaci\u00f3 4t ESO&#8221; fent clic <a href=\"https:\/\/agora.xtec.cat\/iesgabrielamistral\/serveis\/bo-so-orientacio-4t-eso\/bloc-i-qui-i-com-soc\/\"><strong>AQU\u00cd<\/strong><\/a><\/p>\n<\/div>\n","protected":false},"excerpt":{"rendered":"<p>S\u2019ACABA L\u2019ESO&#8230;. En breu s\u2019acaba l\u2019etapa de l\u2019ESO i s\u2019obren molts camins per a tu. Qu\u00e8 es pot fer en acabar\u00a0l\u2019ESO? \u2022 Continuar estudiant \u2022 Incorporar-\u00adte al m\u00f3n laboral. \u2022 Ambdues coses. \u2022 No fer res. Ara et donem\u00a0l&#8217;oportunitat de tenir un espai i un temps per pensar qui ets i on vols arribar. No [&hellip;]<\/p>\n","protected":false},"author":1,"featured_media":0,"parent":63,"menu_order":20,"comment_status":"closed","ping_status":"closed","template":"page-templates\/side-menu.php","meta":{"_bbp_topic_count":0,"_bbp_reply_count":0,"_bbp_total_topic_count":0,"_bbp_total_reply_count":0,"_bbp_voice_count":0,"_bbp_anonymous_reply_count":0,"_bbp_topic_count_hidden":0,"_bbp_reply_count_hidden":0,"_bbp_forum_subforum_count":0,"site-sidebar-layout":"default","site-content-layout":"","ast-site-content-layout":"","site-content-style":"default","site-sidebar-style":"default","ast-global-header-display":"","ast-banner-title-visibility":"","ast-main-header-display":"","ast-hfb-above-header-display":"","ast-hfb-below-header-display":"","ast-hfb-mobile-header-display":"","site-post-title":"","ast-breadcrumbs-content":"","ast-featured-img":"","footer-sml-layout":"","theme-transparent-header-meta":"","adv-header-id-meta":"","stick-header-meta":"","header-above-stick-meta":"","header-main-stick-meta":"","header-below-stick-meta":"","astra-migrate-meta-layouts":"default","ast-page-background-enabled":"default","ast-page-background-meta":{"desktop":{"background-color":"var(--ast-global-color-4)","background-image":"","background-repeat":"repeat","background-position":"center center","background-size":"auto","background-attachment":"scroll","background-type":"","background-media":"","overlay-type":"","overlay-color":"","overlay-opacity":"","overlay-gradient":""},"tablet":{"background-color":"","background-image":"","background-repeat":"repeat","background-position":"center center","background-size":"auto","background-attachment":"scroll","background-type":"","background-media":"","overlay-type":"","overlay-color":"","overlay-opacity":"","overlay-gradient":""},"mobile":{"background-color":"","background-image":"","background-repeat":"repeat","background-position":"center center","background-size":"auto","background-attachment":"scroll","background-type":"","background-media":"","overlay-type":"","overlay-color":"","overlay-opacity":"","overlay-gradient":""}},"ast-content-background-meta":{"desktop":{"background-color":"var(--ast-global-color-5)","background-image":"","background-repeat":"repeat","background-position":"center center","background-size":"auto","background-attachment":"scroll","background-type":"","background-media":"","overlay-type":"","overlay-color":"","overlay-opacity":"","overlay-gradient":""},"tablet":{"background-color":"var(--ast-global-color-5)","background-image":"","background-repeat":"repeat","background-position":"center center","background-size":"auto","background-attachment":"scroll","background-type":"","background-media":"","overlay-type":"","overlay-color":"","overlay-opacity":"","overlay-gradient":""},"mobile":{"background-color":"var(--ast-global-color-5)","background-image":"","background-repeat":"repeat","background-position":"center center","background-size":"auto","background-attachment":"scroll","background-type":"","background-media":"","overlay-type":"","overlay-color":"","overlay-opacity":"","overlay-gradient":""}},"footnotes":""},"class_list":["post-1754","page","type-page","status-publish","hentry"],"post_mailing_queue_ids":[],"_links":{"self":[{"href":"https:\/\/agora.xtec.cat\/iesgabrielamistral\/wp-json\/wp\/v2\/pages\/1754","targetHints":{"allow":["GET"]}}],"collection":[{"href":"https:\/\/agora.xtec.cat\/iesgabrielamistral\/wp-json\/wp\/v2\/pages"}],"about":[{"href":"https:\/\/agora.xtec.cat\/iesgabrielamistral\/wp-json\/wp\/v2\/types\/page"}],"author":[{"embeddable":true,"href":"https:\/\/agora.xtec.cat\/iesgabrielamistral\/wp-json\/wp\/v2\/users\/1"}],"replies":[{"embeddable":true,"href":"https:\/\/agora.xtec.cat\/iesgabrielamistral\/wp-json\/wp\/v2\/comments?post=1754"}],"version-history":[{"count":3,"href":"https:\/\/agora.xtec.cat\/iesgabrielamistral\/wp-json\/wp\/v2\/pages\/1754\/revisions"}],"predecessor-version":[{"id":14600,"href":"https:\/\/agora.xtec.cat\/iesgabrielamistral\/wp-json\/wp\/v2\/pages\/1754\/revisions\/14600"}],"up":[{"embeddable":true,"href":"https:\/\/agora.xtec.cat\/iesgabrielamistral\/wp-json\/wp\/v2\/pages\/63"}],"wp:attachment":[{"href":"https:\/\/agora.xtec.cat\/iesgabrielamistral\/wp-json\/wp\/v2\/media?parent=1754"}],"curies":[{"name":"wp","href":"https:\/\/api.w.org\/{rel}","templated":true}]}}