{"id":16714,"date":"2024-09-23T19:21:27","date_gmt":"2024-09-23T17:21:27","guid":{"rendered":"https:\/\/agora.xtec.cat\/iesgabrielamistral\/?page_id=16714"},"modified":"2025-10-28T09:06:27","modified_gmt":"2025-10-28T08:06:27","slug":"assistencia-alumnat-fp","status":"publish","type":"page","link":"https:\/\/agora.xtec.cat\/iesgabrielamistral\/assistencia-alumnat-fp\/","title":{"rendered":"Assist\u00e8ncia alumnat FP"},"content":{"rendered":"<p>A continuaci\u00f3 podeu consultar els fulls d&#8217;assist\u00e8ncia de cada grup:<\/p>\n<table style=\"width: 95.0712%; height: 124px;\">\n<tbody>\n<tr>\n<td style=\"width: 324.539%; text-align: center;\" colspan=\"4\">\n<p><span style=\"font-size: 16px;\"><b>IFE Cura d\u2019Animals i Espais Verds<\/b><\/span><\/p>\n<\/td>\n<\/tr>\n<tr>\n<td style=\"width: 24.1803%; text-align: center;\">\n<p><strong><a href=\"https:\/\/agora.xtec.cat\/iesgabrielamistral\/assistencia-alumnat-fp\/assistencia-ife1\">IFE1<\/a><\/strong><\/p>\n<\/td>\n<td style=\"width: 24.1803%; text-align: center;\">\n<p><strong><a href=\"https:\/\/agora.xtec.cat\/iesgabrielamistral\/assistencia-alumnat-fp\/assistencia-ife2\">IFE2<\/a><\/strong><\/p>\n<\/td>\n<td style=\"width: 24.1803%; text-align: center;\">\n<p><strong><a href=\"https:\/\/agora.xtec.cat\/iesgabrielamistral\/assistencia-alumnat-fp\/assistencia-ife3\">IFE3<\/a><\/strong><\/p>\n<\/td>\n<td style=\"width: 251.999%; text-align: center;\">\n<p><strong><a href=\"https:\/\/agora.xtec.cat\/iesgabrielamistral\/assistencia-alumnat-fp\/assistencia-ife4\">IFE4<\/a><\/strong><\/p>\n<\/td>\n<\/tr>\n<\/tbody>\n<\/table>\n<p>&nbsp;<\/p>\n<table style=\"width: 95.5603%;\">\n<tbody>\n<tr>\n<td style=\"width: 93.4462%;\" colspan=\"3\">\n<p style=\"text-align: center;\"><span style=\"font-size: 16px;\"><b>Inform\u00e0tica<\/b><\/span><\/p>\n<\/td>\n<\/tr>\n<tr>\n<td style=\"width: 60.0423%;\">\n<p><span style=\"font-weight: 400;\">CFGB Inform\u00e0tica d\u2019Oficina<\/span><\/p>\n<\/td>\n<td style=\"text-align: center; width: 16.4905%;\">\n<p><strong><a href=\"https:\/\/agora.xtec.cat\/iesgabrielamistral\/assistencia-alumnat-fp\/assistencia-io1\">IO1<\/a><\/strong><\/p>\n<\/td>\n<td style=\"text-align: center; width: 16.9134%;\">\n<p><strong><a href=\"https:\/\/agora.xtec.cat\/iesgabrielamistral\/assistencia-alumnat-fp\/assistencia-io2\">IO2<\/a><\/strong><\/p>\n<\/td>\n<\/tr>\n<tr>\n<td style=\"width: 60.0423%;\">\n<p><span style=\"font-weight: 400;\">CFGM Sistemes Microinform\u00e0tics i Xarxes<\/span><\/p>\n<\/td>\n<td style=\"text-align: center; width: 16.4905%;\">\n<p><strong><a href=\"https:\/\/agora.xtec.cat\/iesgabrielamistral\/assistencia-alumnat-fp\/assistencia-smx1-a-i-b\/\">SMX1 (A i B)<\/a><\/strong><\/p>\n<\/td>\n<td style=\"text-align: center; width: 16.9134%;\">\n<p><strong><a href=\"https:\/\/agora.xtec.cat\/iesgabrielamistral\/assistencia-alumnat-fp\/assistencia-smx2-a-i-b\/\">SMX2 (A i B)<\/a><\/strong><\/p>\n<\/td>\n<\/tr>\n<tr>\n<td style=\"width: 60.0423%;\">\n<p><span style=\"font-weight: 400;\">CFGS Administraci\u00f3 de Sistemes Inform\u00e0tics en Xarxa (Perfil Ciberseguretat)<\/span><\/p>\n<\/td>\n<td style=\"text-align: center; width: 16.4905%;\">\n<p><strong><a href=\"https:\/\/agora.xtec.cat\/iesgabrielamistral\/assistencia-alumnat-fp\/assistencia-asixc1\/\">ASIXC1<\/a><\/strong><\/p>\n<\/td>\n<td style=\"text-align: center; width: 16.9134%;\">\n<p><strong><a href=\"https:\/\/agora.xtec.cat\/iesgabrielamistral\/assistencia-alumnat-fp\/assistencia-asixc2\/\">ASIXC2<\/a><\/strong><\/p>\n<\/td>\n<\/tr>\n<tr>\n<td style=\"width: 60.0423%;\">\n<p><span style=\"font-weight: 400;\">CFGS Desenvolupament d\u2019Aplicacions Multiplataforma<\/span><\/p>\n<\/td>\n<td style=\"text-align: center; width: 16.4905%;\">\n<p><strong><a href=\"https:\/\/agora.xtec.cat\/iesgabrielamistral\/assistencia-alumnat-fp\/assistencia-dam1\">DAM1<\/a><\/strong><\/p>\n<\/td>\n<td style=\"text-align: center; width: 16.9134%;\">\n<p><strong><a href=\"https:\/\/agora.xtec.cat\/iesgabrielamistral\/assistencia-alumnat-fp\/assistencia-dam2\">DAM2<\/a><\/strong><\/p>\n<\/td>\n<\/tr>\n<\/tbody>\n<\/table>\n<p>&nbsp;<\/p>\n<table style=\"width: 95.2389%; height: 293px;\">\n<tbody>\n<tr style=\"height: 61px;\">\n<td style=\"width: 122.512%; height: 61px;\" colspan=\"3\">\n<p style=\"text-align: center;\"><span style=\"font-size: 16px;\"><b>Serveis Socioculturals i a la Comunitat<\/b><\/span><\/p>\n<\/td>\n<\/tr>\n<tr style=\"height: 10px;\">\n<td style=\"width: 69.4757%; height: 10px;\">\n<p><span style=\"font-weight: 400;\">CFGM Atenci\u00f3 a Persones en Situaci\u00f3 de Depend\u00e8ncia<\/span><\/p>\n<\/td>\n<td style=\"width: 15.2028%; height: 10px; text-align: center;\">\n<p><strong><a href=\"https:\/\/agora.xtec.cat\/iesgabrielamistral\/assistencia-alumnat-fp\/assistencia-apd1-a-i-b\/\">APD1 (A i B)<\/a><\/strong><\/p>\n<\/td>\n<td style=\"width: 37.8332%; height: 10px; text-align: center;\">\n<p><strong><a href=\"https:\/\/agora.xtec.cat\/iesgabrielamistral\/assistencia-alumnat-fp\/assistencia-apd2a\">APD2 (A i B)<\/a><\/strong><\/p>\n<\/td>\n<\/tr>\n<tr style=\"height: 61px;\">\n<td style=\"width: 69.4757%; height: 61px;\">\n<p><span style=\"font-weight: 400;\">CFGS Educaci\u00f3 Infantil<\/span><\/p>\n<\/td>\n<td style=\"width: 15.2028%; height: 61px; text-align: center;\">\n<p><strong><a href=\"https:\/\/agora.xtec.cat\/iesgabrielamistral\/assistencia-alumnat-fp\/assistencia-ei1\">EI1<\/a><\/strong><\/p>\n<\/td>\n<td style=\"width: 37.8332%; height: 61px; text-align: center;\">\n<p><strong><a href=\"https:\/\/agora.xtec.cat\/iesgabrielamistral\/assistencia-alumnat-fp\/assistencia-ei2\">EI2<\/a><\/strong><\/p>\n<\/td>\n<\/tr>\n<tr style=\"height: 61px;\">\n<td style=\"width: 69.4757%; height: 61px;\">\n<p><span style=\"font-weight: 400;\">CFGS Integraci\u00f3 Social<\/span><\/p>\n<\/td>\n<td style=\"width: 15.2028%; height: 61px; text-align: center;\">\n<p><strong><a href=\"https:\/\/agora.xtec.cat\/iesgabrielamistral\/assistencia-alumnat-fp\/assistencia-is1\">IS1<\/a><\/strong><\/p>\n<\/td>\n<td style=\"width: 37.8332%; height: 61px; text-align: center;\">\n<p><strong><a href=\"https:\/\/agora.xtec.cat\/iesgabrielamistral\/assistencia-alumnat-fp\/assistencia-is2\">IS2<\/a><\/strong><\/p>\n<\/td>\n<\/tr>\n<\/tbody>\n<\/table>\n","protected":false},"excerpt":{"rendered":"<p>A continuaci\u00f3 podeu consultar els fulls d&#8217;assist\u00e8ncia de cada grup: IFE Cura d\u2019Animals i Espais Verds IFE1 IFE2 IFE3 IFE4 &nbsp; Inform\u00e0tica CFGB Inform\u00e0tica d\u2019Oficina IO1 IO2 CFGM Sistemes Microinform\u00e0tics i Xarxes SMX1 (A i B) SMX2 (A i B) CFGS Administraci\u00f3 de Sistemes Inform\u00e0tics en Xarxa (Perfil Ciberseguretat) ASIXC1 ASIXC2 CFGS Desenvolupament d\u2019Aplicacions Multiplataforma [&hellip;]<\/p>\n","protected":false},"author":16,"featured_media":0,"parent":0,"menu_order":0,"comment_status":"closed","ping_status":"closed","template":"","meta":{"_bbp_topic_count":0,"_bbp_reply_count":0,"_bbp_total_topic_count":0,"_bbp_total_reply_count":0,"_bbp_voice_count":0,"_bbp_anonymous_reply_count":0,"_bbp_topic_count_hidden":0,"_bbp_reply_count_hidden":0,"_bbp_forum_subforum_count":0,"site-sidebar-layout":"default","site-content-layout":"","ast-site-content-layout":"default","site-content-style":"default","site-sidebar-style":"default","ast-global-header-display":"","ast-banner-title-visibility":"","ast-main-header-display":"","ast-hfb-above-header-display":"","ast-hfb-below-header-display":"","ast-hfb-mobile-header-display":"","site-post-title":"","ast-breadcrumbs-content":"","ast-featured-img":"","footer-sml-layout":"","theme-transparent-header-meta":"default","adv-header-id-meta":"","stick-header-meta":"","header-above-stick-meta":"","header-main-stick-meta":"","header-below-stick-meta":"","astra-migrate-meta-layouts":"set","ast-page-background-enabled":"default","ast-page-background-meta":{"desktop":{"background-color":"var(--ast-global-color-4)","background-image":"","background-repeat":"repeat","background-position":"center center","background-size":"auto","background-attachment":"scroll","background-type":"","background-media":"","overlay-type":"","overlay-color":"","overlay-opacity":"","overlay-gradient":""},"tablet":{"background-color":"","background-image":"","background-repeat":"repeat","background-position":"center center","background-size":"auto","background-attachment":"scroll","background-type":"","background-media":"","overlay-type":"","overlay-color":"","overlay-opacity":"","overlay-gradient":""},"mobile":{"background-color":"","background-image":"","background-repeat":"repeat","background-position":"center center","background-size":"auto","background-attachment":"scroll","background-type":"","background-media":"","overlay-type":"","overlay-color":"","overlay-opacity":"","overlay-gradient":""}},"ast-content-background-meta":{"desktop":{"background-color":"var(--ast-global-color-5)","background-image":"","background-repeat":"repeat","background-position":"center center","background-size":"auto","background-attachment":"scroll","background-type":"","background-media":"","overlay-type":"","overlay-color":"","overlay-opacity":"","overlay-gradient":""},"tablet":{"background-color":"var(--ast-global-color-5)","background-image":"","background-repeat":"repeat","background-position":"center center","background-size":"auto","background-attachment":"scroll","background-type":"","background-media":"","overlay-type":"","overlay-color":"","overlay-opacity":"","overlay-gradient":""},"mobile":{"background-color":"var(--ast-global-color-5)","background-image":"","background-repeat":"repeat","background-position":"center center","background-size":"auto","background-attachment":"scroll","background-type":"","background-media":"","overlay-type":"","overlay-color":"","overlay-opacity":"","overlay-gradient":""}},"footnotes":""},"class_list":["post-16714","page","type-page","status-publish","hentry"],"post_mailing_queue_ids":[],"_links":{"self":[{"href":"https:\/\/agora.xtec.cat\/iesgabrielamistral\/wp-json\/wp\/v2\/pages\/16714","targetHints":{"allow":["GET"]}}],"collection":[{"href":"https:\/\/agora.xtec.cat\/iesgabrielamistral\/wp-json\/wp\/v2\/pages"}],"about":[{"href":"https:\/\/agora.xtec.cat\/iesgabrielamistral\/wp-json\/wp\/v2\/types\/page"}],"author":[{"embeddable":true,"href":"https:\/\/agora.xtec.cat\/iesgabrielamistral\/wp-json\/wp\/v2\/users\/16"}],"replies":[{"embeddable":true,"href":"https:\/\/agora.xtec.cat\/iesgabrielamistral\/wp-json\/wp\/v2\/comments?post=16714"}],"version-history":[{"count":6,"href":"https:\/\/agora.xtec.cat\/iesgabrielamistral\/wp-json\/wp\/v2\/pages\/16714\/revisions"}],"predecessor-version":[{"id":18424,"href":"https:\/\/agora.xtec.cat\/iesgabrielamistral\/wp-json\/wp\/v2\/pages\/16714\/revisions\/18424"}],"wp:attachment":[{"href":"https:\/\/agora.xtec.cat\/iesgabrielamistral\/wp-json\/wp\/v2\/media?parent=16714"}],"curies":[{"name":"wp","href":"https:\/\/api.w.org\/{rel}","templated":true}]}}