{"id":15879,"date":"2024-02-22T11:37:02","date_gmt":"2024-02-22T10:37:02","guid":{"rendered":"https:\/\/agora.xtec.cat\/iesgabrielamistral\/?page_id=15879"},"modified":"2025-06-13T12:27:42","modified_gmt":"2025-06-13T10:27:42","slug":"projectes-de-1r-deso","status":"publish","type":"page","link":"https:\/\/agora.xtec.cat\/iesgabrielamistral\/projectes-de-1r-deso\/","title":{"rendered":"Projectes de 1r d&#8217;ESO"},"content":{"rendered":"<p><a href=\"https:\/\/agora.xtec.cat\/iesgabrielamistral\/wp-content\/uploads\/usu246\/2022\/02\/karting-150x150.jpg\" target=\"_blank\" rel=\"https:\/\/agora.xtec.cat\/iesgabrielamistral\/wp-content\/uploads\/usu246\/2022\/02\/MEMORIA-PROJECTE-SORTIDA-KARTING-LASER-TAG-1rF.pdf noopener\"><img loading=\"lazy\" decoding=\"async\" class=\"alignnone\" src=\"https:\/\/agora.xtec.cat\/iesgabrielamistral\/wp-content\/uploads\/usu246\/2022\/02\/karting-150x150.jpg\" alt=\"\" width=\"150\" height=\"150\" \/><\/a><a href=\"https:\/\/agora.xtec.cat\/iesgabrielamistral\/wp-content\/uploads\/usu246\/2022\/02\/MEMORIA-PROJECTE-SORTIDA-KARTING-LASER-TAG-1rF.pdf\" target=\"_blank\" rel=\"noopener\">PROJECTE SORTIDA L\u00c0SER TAG<\/a><\/p>\n<p><img decoding=\"async\" src=\"https:\/\/agora.xtec.cat\/iesgabrielamistral\/wp-content\/uploads\/usu246\/2022\/02\/art-150x150.png\" \/> <a href=\"https:\/\/agora.xtec.cat\/iesgabrielamistral\/wp-content\/uploads\/usu246\/2022\/02\/4-MEMORIA-PROJECTE-DCA-1r-dESO_compressed.pdf\" target=\"_blank\" rel=\"noopener\">PROJECTE L&#8217;ANTIGUITAT A TRAV\u00c9S DE L&#8217;ART I L&#8217;ARQUITECTURA<\/a><\/p>\n<p><img decoding=\"async\" src=\"https:\/\/agora.xtec.cat\/iesgabrielamistral\/wp-content\/uploads\/usu246\/2022\/02\/teatre1-300x224.jpg\" \/> <a href=\"https:\/\/agora.xtec.cat\/iesgabrielamistral\/wp-content\/uploads\/usu246\/2022\/02\/1-MEMORIA-PROJECTE-TEATRE-1r-dESO-20-21.pdf\" target=\"_blank\" rel=\"noopener\">PROJECTE TEATRE<\/a><\/p>\n<p><img loading=\"lazy\" decoding=\"async\" class=\"alignnone wp-image-16026 size-medium\" src=\"https:\/\/agora.xtec.cat\/iesgabrielamistral\/wp-content\/uploads\/usu246\/2024\/03\/HALLOWEEN-188x300.jpg\" alt=\"\" width=\"188\" height=\"300\" srcset=\"https:\/\/agora.xtec.cat\/iesgabrielamistral\/wp-content\/uploads\/usu246\/2024\/03\/HALLOWEEN-188x300.jpg 188w, https:\/\/agora.xtec.cat\/iesgabrielamistral\/wp-content\/uploads\/usu246\/2024\/03\/HALLOWEEN-642x1024.jpg 642w, https:\/\/agora.xtec.cat\/iesgabrielamistral\/wp-content\/uploads\/usu246\/2024\/03\/HALLOWEEN-768x1225.jpg 768w, https:\/\/agora.xtec.cat\/iesgabrielamistral\/wp-content\/uploads\/usu246\/2024\/03\/HALLOWEEN-963x1536.jpg 963w, https:\/\/agora.xtec.cat\/iesgabrielamistral\/wp-content\/uploads\/usu246\/2024\/03\/HALLOWEEN.jpg 1284w\" sizes=\"auto, (max-width: 188px) 100vw, 188px\" \/> <a href=\"https:\/\/agora.xtec.cat\/iesgabrielamistral\/wp-content\/uploads\/usu246\/2024\/03\/Halloween-recipes.pdf\" target=\"_blank\" rel=\"noopener\">HALLOWEEN RECIPES<\/a><\/p>\n<p><img loading=\"lazy\" decoding=\"async\" class=\"alignnone wp-image-17633 \" src=\"https:\/\/agora.xtec.cat\/iesgabrielamistral\/wp-content\/uploads\/usu246\/2025\/05\/FEMUNJOCDETAULA-300x148.png\" alt=\"\" width=\"276\" height=\"136\" srcset=\"https:\/\/agora.xtec.cat\/iesgabrielamistral\/wp-content\/uploads\/usu246\/2025\/05\/FEMUNJOCDETAULA-300x148.png 300w, https:\/\/agora.xtec.cat\/iesgabrielamistral\/wp-content\/uploads\/usu246\/2025\/05\/FEMUNJOCDETAULA-768x379.png 768w, https:\/\/agora.xtec.cat\/iesgabrielamistral\/wp-content\/uploads\/usu246\/2025\/05\/FEMUNJOCDETAULA.png 820w\" sizes=\"auto, (max-width: 276px) 100vw, 276px\" \/> <a href=\"https:\/\/agora.xtec.cat\/iesgabrielamistral\/wp-content\/uploads\/usu246\/2025\/05\/MEMORIA-DEL-PROJECTE-1.pdf\" target=\"_blank\" rel=\"noopener\">FEM UN JOC DE TAULA<\/a><\/p>\n<p><img loading=\"lazy\" decoding=\"async\" class=\"alignnone wp-image-17636 \" src=\"https:\/\/agora.xtec.cat\/iesgabrielamistral\/wp-content\/uploads\/usu246\/2025\/05\/ARTISTESGEOMETRICS-300x180.png\" alt=\"\" width=\"262\" height=\"157\" srcset=\"https:\/\/agora.xtec.cat\/iesgabrielamistral\/wp-content\/uploads\/usu246\/2025\/05\/ARTISTESGEOMETRICS-300x180.png 300w, https:\/\/agora.xtec.cat\/iesgabrielamistral\/wp-content\/uploads\/usu246\/2025\/05\/ARTISTESGEOMETRICS.png 700w\" sizes=\"auto, (max-width: 262px) 100vw, 262px\" \/> <a href=\"https:\/\/agora.xtec.cat\/iesgabrielamistral\/wp-content\/uploads\/usu246\/2025\/05\/MEMORIA-DEL-PROJECTE-2.pdf\" target=\"_blank\" rel=\"noopener\">ARTISTES GEOM\u00c8TRICS<\/a><\/p>\n<p><img loading=\"lazy\" decoding=\"async\" class=\"alignnone  wp-image-17815\" src=\"https:\/\/agora.xtec.cat\/iesgabrielamistral\/wp-content\/uploads\/usu246\/2025\/06\/controlo.png\" alt=\"\" width=\"257\" height=\"133\" srcset=\"https:\/\/agora.xtec.cat\/iesgabrielamistral\/wp-content\/uploads\/usu246\/2025\/06\/controlo.png 484w, https:\/\/agora.xtec.cat\/iesgabrielamistral\/wp-content\/uploads\/usu246\/2025\/06\/controlo-300x155.png 300w\" sizes=\"auto, (max-width: 257px) 100vw, 257px\" \/>\u00a0<a href=\"https:\/\/agora.xtec.cat\/iesgabrielamistral\/wp-content\/uploads\/usu246\/2025\/06\/MEMORIA-DEL-PROJECTE-3.pdf\" target=\"_blank\" rel=\"noopener\">CONTROLO COM RESPIRO?<\/a><\/p>\n<p><img loading=\"lazy\" decoding=\"async\" class=\"alignnone wp-image-17818 \" src=\"https:\/\/agora.xtec.cat\/iesgabrielamistral\/wp-content\/uploads\/usu246\/2025\/06\/tangram-300x257.png\" alt=\"\" width=\"275\" height=\"236\" srcset=\"https:\/\/agora.xtec.cat\/iesgabrielamistral\/wp-content\/uploads\/usu246\/2025\/06\/tangram-300x257.png 300w, https:\/\/agora.xtec.cat\/iesgabrielamistral\/wp-content\/uploads\/usu246\/2025\/06\/tangram.png 631w\" sizes=\"auto, (max-width: 275px) 100vw, 275px\" \/>\u00a0<a href=\"https:\/\/agora.xtec.cat\/iesgabrielamistral\/wp-content\/uploads\/usu246\/2025\/06\/MEMORIA-DEL-PROJECTE-4.pdf\" target=\"_blank\" rel=\"noopener\">ELABOREM UN TANGRAM<\/a><\/p>\n<p><img loading=\"lazy\" decoding=\"async\" class=\"alignnone wp-image-17821 \" src=\"https:\/\/agora.xtec.cat\/iesgabrielamistral\/wp-content\/uploads\/usu246\/2025\/06\/disfressa-300x220.png\" alt=\"\" width=\"237\" height=\"174\" srcset=\"https:\/\/agora.xtec.cat\/iesgabrielamistral\/wp-content\/uploads\/usu246\/2025\/06\/disfressa-300x220.png 300w, https:\/\/agora.xtec.cat\/iesgabrielamistral\/wp-content\/uploads\/usu246\/2025\/06\/disfressa.png 762w\" sizes=\"auto, (max-width: 237px) 100vw, 237px\" \/>\u00a0<a href=\"https:\/\/agora.xtec.cat\/iesgabrielamistral\/wp-content\/uploads\/usu246\/2025\/06\/MEMORIA-DEL-PROJECTE-5.pdf\" target=\"_blank\" rel=\"noopener\">APROFITEM I TRANSFORMEM MATERIALS: ENS DISFRESSEM!<\/a><\/p>\n<p><img loading=\"lazy\" decoding=\"async\" class=\"alignnone wp-image-17823 \" src=\"https:\/\/agora.xtec.cat\/iesgabrielamistral\/wp-content\/uploads\/usu246\/2025\/06\/ANIMAL-150x150.png\" alt=\"\" width=\"233\" height=\"233\" \/>\u00a0<a href=\"https:\/\/agora.xtec.cat\/iesgabrielamistral\/wp-content\/uploads\/usu246\/2025\/06\/MEMORIA-DEL-PROJECTE-6.pdf\" target=\"_blank\" rel=\"noopener\">POESIA ANIMAL<\/a><\/p>\n<p><img loading=\"lazy\" decoding=\"async\" class=\"alignnone wp-image-17826 \" src=\"https:\/\/agora.xtec.cat\/iesgabrielamistral\/wp-content\/uploads\/usu246\/2025\/06\/monitoritzem-300x300.png\" alt=\"\" width=\"268\" height=\"268\" srcset=\"https:\/\/agora.xtec.cat\/iesgabrielamistral\/wp-content\/uploads\/usu246\/2025\/06\/monitoritzem-300x300.png 300w, https:\/\/agora.xtec.cat\/iesgabrielamistral\/wp-content\/uploads\/usu246\/2025\/06\/monitoritzem-150x150.png 150w, https:\/\/agora.xtec.cat\/iesgabrielamistral\/wp-content\/uploads\/usu246\/2025\/06\/monitoritzem.png 600w\" sizes=\"auto, (max-width: 268px) 100vw, 268px\" \/>\u00a0<a href=\"https:\/\/agora.xtec.cat\/iesgabrielamistral\/wp-content\/uploads\/usu246\/2025\/06\/MEMORIA-DEL-PROJECTE-7.pdf\" target=\"_blank\" rel=\"noopener\">MONITORITZEM L\u2019INSTITUT<\/a><\/p>\n","protected":false},"excerpt":{"rendered":"<p>PROJECTE SORTIDA L\u00c0SER TAG PROJECTE L&#8217;ANTIGUITAT A TRAV\u00c9S DE L&#8217;ART I L&#8217;ARQUITECTURA PROJECTE TEATRE HALLOWEEN RECIPES FEM UN JOC DE TAULA ARTISTES GEOM\u00c8TRICS \u00a0CONTROLO COM RESPIRO? \u00a0ELABOREM UN TANGRAM \u00a0APROFITEM I TRANSFORMEM MATERIALS: ENS DISFRESSEM! \u00a0POESIA ANIMAL \u00a0MONITORITZEM L\u2019INSTITUT<\/p>\n","protected":false},"author":14,"featured_media":0,"parent":0,"menu_order":0,"comment_status":"closed","ping_status":"closed","template":"","meta":{"_bbp_topic_count":0,"_bbp_reply_count":0,"_bbp_total_topic_count":0,"_bbp_total_reply_count":0,"_bbp_voice_count":0,"_bbp_anonymous_reply_count":0,"_bbp_topic_count_hidden":0,"_bbp_reply_count_hidden":0,"_bbp_forum_subforum_count":0,"site-sidebar-layout":"default","site-content-layout":"","ast-site-content-layout":"","site-content-style":"default","site-sidebar-style":"default","ast-global-header-display":"","ast-banner-title-visibility":"","ast-main-header-display":"","ast-hfb-above-header-display":"","ast-hfb-below-header-display":"","ast-hfb-mobile-header-display":"","site-post-title":"","ast-breadcrumbs-content":"","ast-featured-img":"","footer-sml-layout":"","theme-transparent-header-meta":"","adv-header-id-meta":"","stick-header-meta":"","header-above-stick-meta":"","header-main-stick-meta":"","header-below-stick-meta":"","astra-migrate-meta-layouts":"default","ast-page-background-enabled":"default","ast-page-background-meta":{"desktop":{"background-color":"var(--ast-global-color-4)","background-image":"","background-repeat":"repeat","background-position":"center center","background-size":"auto","background-attachment":"scroll","background-type":"","background-media":"","overlay-type":"","overlay-color":"","overlay-opacity":"","overlay-gradient":""},"tablet":{"background-color":"","background-image":"","background-repeat":"repeat","background-position":"center center","background-size":"auto","background-attachment":"scroll","background-type":"","background-media":"","overlay-type":"","overlay-color":"","overlay-opacity":"","overlay-gradient":""},"mobile":{"background-color":"","background-image":"","background-repeat":"repeat","background-position":"center center","background-size":"auto","background-attachment":"scroll","background-type":"","background-media":"","overlay-type":"","overlay-color":"","overlay-opacity":"","overlay-gradient":""}},"ast-content-background-meta":{"desktop":{"background-color":"var(--ast-global-color-5)","background-image":"","background-repeat":"repeat","background-position":"center center","background-size":"auto","background-attachment":"scroll","background-type":"","background-media":"","overlay-type":"","overlay-color":"","overlay-opacity":"","overlay-gradient":""},"tablet":{"background-color":"var(--ast-global-color-5)","background-image":"","background-repeat":"repeat","background-position":"center center","background-size":"auto","background-attachment":"scroll","background-type":"","background-media":"","overlay-type":"","overlay-color":"","overlay-opacity":"","overlay-gradient":""},"mobile":{"background-color":"var(--ast-global-color-5)","background-image":"","background-repeat":"repeat","background-position":"center center","background-size":"auto","background-attachment":"scroll","background-type":"","background-media":"","overlay-type":"","overlay-color":"","overlay-opacity":"","overlay-gradient":""}},"footnotes":""},"class_list":["post-15879","page","type-page","status-publish","hentry"],"post_mailing_queue_ids":[],"_links":{"self":[{"href":"https:\/\/agora.xtec.cat\/iesgabrielamistral\/wp-json\/wp\/v2\/pages\/15879","targetHints":{"allow":["GET"]}}],"collection":[{"href":"https:\/\/agora.xtec.cat\/iesgabrielamistral\/wp-json\/wp\/v2\/pages"}],"about":[{"href":"https:\/\/agora.xtec.cat\/iesgabrielamistral\/wp-json\/wp\/v2\/types\/page"}],"author":[{"embeddable":true,"href":"https:\/\/agora.xtec.cat\/iesgabrielamistral\/wp-json\/wp\/v2\/users\/14"}],"replies":[{"embeddable":true,"href":"https:\/\/agora.xtec.cat\/iesgabrielamistral\/wp-json\/wp\/v2\/comments?post=15879"}],"version-history":[{"count":6,"href":"https:\/\/agora.xtec.cat\/iesgabrielamistral\/wp-json\/wp\/v2\/pages\/15879\/revisions"}],"predecessor-version":[{"id":17828,"href":"https:\/\/agora.xtec.cat\/iesgabrielamistral\/wp-json\/wp\/v2\/pages\/15879\/revisions\/17828"}],"wp:attachment":[{"href":"https:\/\/agora.xtec.cat\/iesgabrielamistral\/wp-json\/wp\/v2\/media?parent=15879"}],"curies":[{"name":"wp","href":"https:\/\/api.w.org\/{rel}","templated":true}]}}