{"id":15876,"date":"2024-02-22T11:32:01","date_gmt":"2024-02-22T10:32:01","guid":{"rendered":"https:\/\/agora.xtec.cat\/iesgabrielamistral\/?page_id=15876"},"modified":"2024-02-22T11:58:44","modified_gmt":"2024-02-22T10:58:44","slug":"rebost-de-projectes","status":"publish","type":"page","link":"https:\/\/agora.xtec.cat\/iesgabrielamistral\/rebost-de-projectes\/","title":{"rendered":"Rebost de projectes"},"content":{"rendered":"<p>Aquest v\u00eddeo \u00e9s una explicaci\u00f3 general dels projectes. Per entendre qu\u00e8 es fa en la franja hor\u00e0ria de projectes:<\/p>\n<div style=\"width: 640px;\" class=\"wp-video\"><!--[if lt IE 9]><script>document.createElement('video');<\/script><![endif]-->\n<video class=\"wp-video-shortcode\" id=\"video-15876-1\" width=\"640\" height=\"352\" preload=\"metadata\" controls=\"controls\"><source type=\"video\/mp4\" src=\"https:\/\/agora.xtec.cat\/iesgabrielamistral\/wp-content\/uploads\/usu246\/2022\/02\/projectes_g9PTfnu4.mp4?_=1\" \/><a href=\"https:\/\/agora.xtec.cat\/iesgabrielamistral\/wp-content\/uploads\/usu246\/2022\/02\/projectes_g9PTfnu4.mp4\">https:\/\/agora.xtec.cat\/iesgabrielamistral\/wp-content\/uploads\/usu246\/2022\/02\/projectes_g9PTfnu4.mp4<\/a><\/video><\/div>\n<p>Aqu\u00ed podeu trobar els projectes que es fan a tots els cursos de l\u2019ESO:<\/p>\n<p><a href=\"https:\/\/agora.xtec.cat\/iesgabrielamistral\/projectes-de-1r-deso\/\" target=\"_blank\" rel=\"https:\/\/agora.xtec.cat\/iesgabrielamistral\/projectes-de-1r-deso\/ noopener\"><img loading=\"lazy\" decoding=\"async\" class=\"alignnone wp-image-13273 size-medium\" src=\"https:\/\/agora.xtec.cat\/iesgabrielamistral\/wp-content\/uploads\/usu246\/2022\/02\/Projectes-1rESO-4-300x42.png\" alt=\"\" width=\"300\" height=\"42\" srcset=\"https:\/\/agora.xtec.cat\/iesgabrielamistral\/wp-content\/uploads\/usu246\/2022\/02\/Projectes-1rESO-4-300x42.png 300w, https:\/\/agora.xtec.cat\/iesgabrielamistral\/wp-content\/uploads\/usu246\/2022\/02\/Projectes-1rESO-4-1024x143.png 1024w, https:\/\/agora.xtec.cat\/iesgabrielamistral\/wp-content\/uploads\/usu246\/2022\/02\/Projectes-1rESO-4-768x107.png 768w, https:\/\/agora.xtec.cat\/iesgabrielamistral\/wp-content\/uploads\/usu246\/2022\/02\/Projectes-1rESO-4-1536x214.png 1536w, https:\/\/agora.xtec.cat\/iesgabrielamistral\/wp-content\/uploads\/usu246\/2022\/02\/Projectes-1rESO-4-2048x285.png 2048w\" sizes=\"auto, (max-width: 300px) 100vw, 300px\" \/><\/a><\/p>\n<p><a href=\"https:\/\/agora.xtec.cat\/iesgabrielamistral\/projectes-de-2n-deso\/\" target=\"_blank\" rel=\"https:\/\/agora.xtec.cat\/iesgabrielamistral\/projectes-de-2n-deso\/ noopener\"><img loading=\"lazy\" decoding=\"async\" class=\"alignnone wp-image-13274 size-medium\" src=\"https:\/\/agora.xtec.cat\/iesgabrielamistral\/wp-content\/uploads\/usu246\/2022\/02\/Projectes-2neso-300x41.png\" alt=\"\" width=\"300\" height=\"41\" srcset=\"https:\/\/agora.xtec.cat\/iesgabrielamistral\/wp-content\/uploads\/usu246\/2022\/02\/Projectes-2neso-300x41.png 300w, https:\/\/agora.xtec.cat\/iesgabrielamistral\/wp-content\/uploads\/usu246\/2022\/02\/Projectes-2neso-1024x140.png 1024w, https:\/\/agora.xtec.cat\/iesgabrielamistral\/wp-content\/uploads\/usu246\/2022\/02\/Projectes-2neso-768x105.png 768w, https:\/\/agora.xtec.cat\/iesgabrielamistral\/wp-content\/uploads\/usu246\/2022\/02\/Projectes-2neso-1536x211.png 1536w, https:\/\/agora.xtec.cat\/iesgabrielamistral\/wp-content\/uploads\/usu246\/2022\/02\/Projectes-2neso-2048x281.png 2048w\" sizes=\"auto, (max-width: 300px) 100vw, 300px\" \/><\/a><\/p>\n<p><a href=\"https:\/\/agora.xtec.cat\/iesgabrielamistral\/projectes-de-3r-deso\/\" target=\"_blank\" rel=\"https:\/\/agora.xtec.cat\/iesgabrielamistral\/projectes-de-3r-deso\/ noopener\"><img loading=\"lazy\" decoding=\"async\" class=\"alignnone wp-image-13271 size-medium\" src=\"https:\/\/agora.xtec.cat\/iesgabrielamistral\/wp-content\/uploads\/usu246\/2022\/02\/Projectes-1rESO-2-300x43.png\" alt=\"\" width=\"300\" height=\"43\" srcset=\"https:\/\/agora.xtec.cat\/iesgabrielamistral\/wp-content\/uploads\/usu246\/2022\/02\/Projectes-1rESO-2-300x43.png 300w, https:\/\/agora.xtec.cat\/iesgabrielamistral\/wp-content\/uploads\/usu246\/2022\/02\/Projectes-1rESO-2-1024x145.png 1024w, https:\/\/agora.xtec.cat\/iesgabrielamistral\/wp-content\/uploads\/usu246\/2022\/02\/Projectes-1rESO-2-768x109.png 768w, https:\/\/agora.xtec.cat\/iesgabrielamistral\/wp-content\/uploads\/usu246\/2022\/02\/Projectes-1rESO-2-1536x218.png 1536w, https:\/\/agora.xtec.cat\/iesgabrielamistral\/wp-content\/uploads\/usu246\/2022\/02\/Projectes-1rESO-2-2048x291.png 2048w\" sizes=\"auto, (max-width: 300px) 100vw, 300px\" \/><\/a><\/p>\n<p><a href=\"https:\/\/agora.xtec.cat\/iesgabrielamistral\/projectes-de-4t-deso\/\" target=\"_blank\" rel=\"https:\/\/agora.xtec.cat\/iesgabrielamistral\/projectes-de-4t-deso\/ noopener\"><img loading=\"lazy\" decoding=\"async\" class=\"alignnone wp-image-13272 size-medium\" src=\"https:\/\/agora.xtec.cat\/iesgabrielamistral\/wp-content\/uploads\/usu246\/2022\/02\/Projectes-1rESO-3-300x41.png\" alt=\"\" width=\"300\" height=\"41\" srcset=\"https:\/\/agora.xtec.cat\/iesgabrielamistral\/wp-content\/uploads\/usu246\/2022\/02\/Projectes-1rESO-3-300x41.png 300w, https:\/\/agora.xtec.cat\/iesgabrielamistral\/wp-content\/uploads\/usu246\/2022\/02\/Projectes-1rESO-3-1024x139.png 1024w, https:\/\/agora.xtec.cat\/iesgabrielamistral\/wp-content\/uploads\/usu246\/2022\/02\/Projectes-1rESO-3-768x104.png 768w, https:\/\/agora.xtec.cat\/iesgabrielamistral\/wp-content\/uploads\/usu246\/2022\/02\/Projectes-1rESO-3-1536x208.png 1536w, https:\/\/agora.xtec.cat\/iesgabrielamistral\/wp-content\/uploads\/usu246\/2022\/02\/Projectes-1rESO-3-2048x278.png 2048w\" sizes=\"auto, (max-width: 300px) 100vw, 300px\" \/><\/a><\/p>\n","protected":false},"excerpt":{"rendered":"<p>Aquest v\u00eddeo \u00e9s una explicaci\u00f3 general dels projectes. Per entendre qu\u00e8 es fa en la franja hor\u00e0ria de projectes: Aqu\u00ed podeu trobar els projectes que es fan a tots els cursos de l\u2019ESO:<\/p>\n","protected":false},"author":14,"featured_media":0,"parent":0,"menu_order":0,"comment_status":"closed","ping_status":"closed","template":"","meta":{"_bbp_topic_count":0,"_bbp_reply_count":0,"_bbp_total_topic_count":0,"_bbp_total_reply_count":0,"_bbp_voice_count":0,"_bbp_anonymous_reply_count":0,"_bbp_topic_count_hidden":0,"_bbp_reply_count_hidden":0,"_bbp_forum_subforum_count":0,"site-sidebar-layout":"default","site-content-layout":"","ast-site-content-layout":"","site-content-style":"default","site-sidebar-style":"default","ast-global-header-display":"","ast-banner-title-visibility":"","ast-main-header-display":"","ast-hfb-above-header-display":"","ast-hfb-below-header-display":"","ast-hfb-mobile-header-display":"","site-post-title":"","ast-breadcrumbs-content":"","ast-featured-img":"","footer-sml-layout":"","theme-transparent-header-meta":"","adv-header-id-meta":"","stick-header-meta":"","header-above-stick-meta":"","header-main-stick-meta":"","header-below-stick-meta":"","astra-migrate-meta-layouts":"default","ast-page-background-enabled":"default","ast-page-background-meta":{"desktop":{"background-color":"var(--ast-global-color-4)","background-image":"","background-repeat":"repeat","background-position":"center center","background-size":"auto","background-attachment":"scroll","background-type":"","background-media":"","overlay-type":"","overlay-color":"","overlay-opacity":"","overlay-gradient":""},"tablet":{"background-color":"","background-image":"","background-repeat":"repeat","background-position":"center center","background-size":"auto","background-attachment":"scroll","background-type":"","background-media":"","overlay-type":"","overlay-color":"","overlay-opacity":"","overlay-gradient":""},"mobile":{"background-color":"","background-image":"","background-repeat":"repeat","background-position":"center center","background-size":"auto","background-attachment":"scroll","background-type":"","background-media":"","overlay-type":"","overlay-color":"","overlay-opacity":"","overlay-gradient":""}},"ast-content-background-meta":{"desktop":{"background-color":"var(--ast-global-color-5)","background-image":"","background-repeat":"repeat","background-position":"center center","background-size":"auto","background-attachment":"scroll","background-type":"","background-media":"","overlay-type":"","overlay-color":"","overlay-opacity":"","overlay-gradient":""},"tablet":{"background-color":"var(--ast-global-color-5)","background-image":"","background-repeat":"repeat","background-position":"center center","background-size":"auto","background-attachment":"scroll","background-type":"","background-media":"","overlay-type":"","overlay-color":"","overlay-opacity":"","overlay-gradient":""},"mobile":{"background-color":"var(--ast-global-color-5)","background-image":"","background-repeat":"repeat","background-position":"center center","background-size":"auto","background-attachment":"scroll","background-type":"","background-media":"","overlay-type":"","overlay-color":"","overlay-opacity":"","overlay-gradient":""}},"footnotes":""},"class_list":["post-15876","page","type-page","status-publish","hentry"],"post_mailing_queue_ids":[],"_links":{"self":[{"href":"https:\/\/agora.xtec.cat\/iesgabrielamistral\/wp-json\/wp\/v2\/pages\/15876","targetHints":{"allow":["GET"]}}],"collection":[{"href":"https:\/\/agora.xtec.cat\/iesgabrielamistral\/wp-json\/wp\/v2\/pages"}],"about":[{"href":"https:\/\/agora.xtec.cat\/iesgabrielamistral\/wp-json\/wp\/v2\/types\/page"}],"author":[{"embeddable":true,"href":"https:\/\/agora.xtec.cat\/iesgabrielamistral\/wp-json\/wp\/v2\/users\/14"}],"replies":[{"embeddable":true,"href":"https:\/\/agora.xtec.cat\/iesgabrielamistral\/wp-json\/wp\/v2\/comments?post=15876"}],"version-history":[{"count":6,"href":"https:\/\/agora.xtec.cat\/iesgabrielamistral\/wp-json\/wp\/v2\/pages\/15876\/revisions"}],"predecessor-version":[{"id":15904,"href":"https:\/\/agora.xtec.cat\/iesgabrielamistral\/wp-json\/wp\/v2\/pages\/15876\/revisions\/15904"}],"wp:attachment":[{"href":"https:\/\/agora.xtec.cat\/iesgabrielamistral\/wp-json\/wp\/v2\/media?parent=15876"}],"curies":[{"name":"wp","href":"https:\/\/api.w.org\/{rel}","templated":true}]}}