{"id":15176,"date":"2023-06-09T10:00:23","date_gmt":"2023-06-09T08:00:23","guid":{"rendered":"https:\/\/agora.xtec.cat\/iesgabrielamistral\/?page_id=15176"},"modified":"2026-04-13T08:47:17","modified_gmt":"2026-04-13T06:47:17","slug":"qualitat","status":"publish","type":"page","link":"https:\/\/agora.xtec.cat\/iesgabrielamistral\/linstitut\/qualitat\/","title":{"rendered":"Qualitat"},"content":{"rendered":"<p><a href=\"https:\/\/agora.xtec.cat\/iesgabrielamistral\/wp-content\/uploads\/usu246\/2026\/04\/9001_2026.jpeg\"><img loading=\"lazy\" decoding=\"async\" class=\"aligncenter size-full wp-image-19118\" src=\"https:\/\/agora.xtec.cat\/iesgabrielamistral\/wp-content\/uploads\/usu246\/2026\/04\/9001_2026.jpeg\" alt=\"\" width=\"983\" height=\"1388\" srcset=\"https:\/\/agora.xtec.cat\/iesgabrielamistral\/wp-content\/uploads\/usu246\/2026\/04\/9001_2026.jpeg 983w, https:\/\/agora.xtec.cat\/iesgabrielamistral\/wp-content\/uploads\/usu246\/2026\/04\/9001_2026-212x300.jpeg 212w, https:\/\/agora.xtec.cat\/iesgabrielamistral\/wp-content\/uploads\/usu246\/2026\/04\/9001_2026-725x1024.jpeg 725w, https:\/\/agora.xtec.cat\/iesgabrielamistral\/wp-content\/uploads\/usu246\/2026\/04\/9001_2026-768x1084.jpeg 768w\" sizes=\"auto, (max-width: 983px) 100vw, 983px\" \/><\/a><\/p>\n<p><strong>Pol\u00edtica de Qualitat:<\/strong><\/p>\n<p>L\u2019Institut Gabriela Mistral comen\u00e7a a definir, implantar i avaluar un Sistema de Gesti\u00f3 de Qualitat basat en la Norma ISO 9001 i amb aquesta acci\u00f3 adquireix un comprom\u00eds per:<\/p>\n<ul>\n<li>La millora cont\u00ednua en tots els aspectes del centre.<\/li>\n<li>Satisfer les expectatives i necessitats de l\u2019alumnat oferint els ensenyaments i serveis de qualitat.<\/li>\n<li>Contribuir a assolir els objectius que la societat li assigna com a instituci\u00f3 educativa.<\/li>\n<li>Implicar al conjunt de l\u2019equip hum\u00e0 de l\u2019institut per obtenir un alt nivell de satisfacci\u00f3 de la comunitat educativa.<\/li>\n<li>Acomplir els requisits legals i reglamentaris ( requisits aplicables a banda dels de l\u2019alumnat que hi s\u00f3n inclosos)\u00a0<\/li>\n<\/ul>\n","protected":false},"excerpt":{"rendered":"<p>Pol\u00edtica de Qualitat: L\u2019Institut Gabriela Mistral comen\u00e7a a definir, implantar i avaluar un Sistema de Gesti\u00f3 de Qualitat basat en la Norma ISO 9001 i amb aquesta acci\u00f3 adquireix un comprom\u00eds per: La millora cont\u00ednua en tots els aspectes del centre. Satisfer les expectatives i necessitats de l\u2019alumnat oferint els ensenyaments i serveis de qualitat. [&hellip;]<\/p>\n","protected":false},"author":14,"featured_media":0,"parent":3418,"menu_order":20,"comment_status":"closed","ping_status":"closed","template":"","meta":{"_bbp_topic_count":0,"_bbp_reply_count":0,"_bbp_total_topic_count":0,"_bbp_total_reply_count":0,"_bbp_voice_count":0,"_bbp_anonymous_reply_count":0,"_bbp_topic_count_hidden":0,"_bbp_reply_count_hidden":0,"_bbp_forum_subforum_count":0,"site-sidebar-layout":"default","site-content-layout":"","ast-site-content-layout":"default","site-content-style":"default","site-sidebar-style":"default","ast-global-header-display":"","ast-banner-title-visibility":"","ast-main-header-display":"","ast-hfb-above-header-display":"","ast-hfb-below-header-display":"","ast-hfb-mobile-header-display":"","site-post-title":"","ast-breadcrumbs-content":"","ast-featured-img":"","footer-sml-layout":"","theme-transparent-header-meta":"default","adv-header-id-meta":"","stick-header-meta":"","header-above-stick-meta":"","header-main-stick-meta":"","header-below-stick-meta":"","astra-migrate-meta-layouts":"set","ast-page-background-enabled":"default","ast-page-background-meta":{"desktop":{"background-color":"var(--ast-global-color-4)","background-image":"","background-repeat":"repeat","background-position":"center center","background-size":"auto","background-attachment":"scroll","background-type":"","background-media":"","overlay-type":"","overlay-color":"","overlay-opacity":"","overlay-gradient":""},"tablet":{"background-color":"","background-image":"","background-repeat":"repeat","background-position":"center center","background-size":"auto","background-attachment":"scroll","background-type":"","background-media":"","overlay-type":"","overlay-color":"","overlay-opacity":"","overlay-gradient":""},"mobile":{"background-color":"","background-image":"","background-repeat":"repeat","background-position":"center center","background-size":"auto","background-attachment":"scroll","background-type":"","background-media":"","overlay-type":"","overlay-color":"","overlay-opacity":"","overlay-gradient":""}},"ast-content-background-meta":{"desktop":{"background-color":"var(--ast-global-color-5)","background-image":"","background-repeat":"repeat","background-position":"center center","background-size":"auto","background-attachment":"scroll","background-type":"","background-media":"","overlay-type":"","overlay-color":"","overlay-opacity":"","overlay-gradient":""},"tablet":{"background-color":"var(--ast-global-color-5)","background-image":"","background-repeat":"repeat","background-position":"center center","background-size":"auto","background-attachment":"scroll","background-type":"","background-media":"","overlay-type":"","overlay-color":"","overlay-opacity":"","overlay-gradient":""},"mobile":{"background-color":"var(--ast-global-color-5)","background-image":"","background-repeat":"repeat","background-position":"center center","background-size":"auto","background-attachment":"scroll","background-type":"","background-media":"","overlay-type":"","overlay-color":"","overlay-opacity":"","overlay-gradient":""}},"footnotes":""},"class_list":["post-15176","page","type-page","status-publish","hentry"],"post_mailing_queue_ids":[],"_links":{"self":[{"href":"https:\/\/agora.xtec.cat\/iesgabrielamistral\/wp-json\/wp\/v2\/pages\/15176","targetHints":{"allow":["GET"]}}],"collection":[{"href":"https:\/\/agora.xtec.cat\/iesgabrielamistral\/wp-json\/wp\/v2\/pages"}],"about":[{"href":"https:\/\/agora.xtec.cat\/iesgabrielamistral\/wp-json\/wp\/v2\/types\/page"}],"author":[{"embeddable":true,"href":"https:\/\/agora.xtec.cat\/iesgabrielamistral\/wp-json\/wp\/v2\/users\/14"}],"replies":[{"embeddable":true,"href":"https:\/\/agora.xtec.cat\/iesgabrielamistral\/wp-json\/wp\/v2\/comments?post=15176"}],"version-history":[{"count":4,"href":"https:\/\/agora.xtec.cat\/iesgabrielamistral\/wp-json\/wp\/v2\/pages\/15176\/revisions"}],"predecessor-version":[{"id":19119,"href":"https:\/\/agora.xtec.cat\/iesgabrielamistral\/wp-json\/wp\/v2\/pages\/15176\/revisions\/19119"}],"up":[{"embeddable":true,"href":"https:\/\/agora.xtec.cat\/iesgabrielamistral\/wp-json\/wp\/v2\/pages\/3418"}],"wp:attachment":[{"href":"https:\/\/agora.xtec.cat\/iesgabrielamistral\/wp-json\/wp\/v2\/media?parent=15176"}],"curies":[{"name":"wp","href":"https:\/\/api.w.org\/{rel}","templated":true}]}}