{"id":14455,"date":"2022-12-14T15:55:31","date_gmt":"2022-12-14T14:55:31","guid":{"rendered":"https:\/\/agora.xtec.cat\/iesgabrielamistral\/?page_id=14455"},"modified":"2022-12-14T16:35:33","modified_gmt":"2022-12-14T15:35:33","slug":"aules-netes-i-educades","status":"publish","type":"page","link":"https:\/\/agora.xtec.cat\/iesgabrielamistral\/serveis\/escola-verda\/aules-netes-i-educades\/","title":{"rendered":"Aules netes i educades"},"content":{"rendered":"<p>El concurs de les <strong>Aules netes i educades<\/strong>, on els alumnes de 1r fins a 3r de la ESO s\u2019involucren en diferents aspectes sobre la cura de l\u2019espai f\u00edsic i el respecte per l\u2019entorn en el que viuen.\u00a0<\/p>\n<p>Enguany el concurs va comen\u00e7ar el passat 24 d\u2019octubre i els grups de cada nivell hauran de tenir cura del seu espai (l\u2019aula) fomentant les bones pr\u00e0ctiques en l\u2019\u00e0mbit de la separaci\u00f3 de residus i el respecte pel m\u00f3n f\u00edsic en el que viuen.<\/p>\n<p>\u00a0A m\u00e9s d\u2019aquestes valoracions, tots els grups tenen obertes les portes a realitzar diferents activitats de cura i conscienciaci\u00f3 pel manteniment de l\u2019entorn que tamb\u00e9 es valoraran com a punts extres en el concurs.\u00a0<\/p>\n<p>Com a premi aquest 1r trimestre cada grup guanyador de cada nivell tindr\u00e0 l\u2019oportunitat de gaudir d\u2019un mat\u00ed d\u2019esbarjo a la ciutat de Barcelona, on arribaran fent servir el transport p\u00fablic, en un intent d\u2019animar-los a fer servir els transports col\u00b7lectius com a medi habitual de transport, i all\u00e0 cada nivell, tindr\u00e0 ocasi\u00f3 de visitar algun lloc emblem\u00e0tic de la ciutat. Tot gr\u00e0cies a les aportacions econ\u00f2miques de l\u2019AFA del nostre institut, sense els quals, el concurs no es podria realitzar. Els premis del 1r Trimestre s\u00f3n:<\/p>\n<p>1r ESO: Visitar el casc antic de Barcelona i la Fira de Nadal de Santa Ll\u00facia<\/p>\n<p>2n ESO : Visitar el Port de Barcelona i la Fira de Nadal del Port<\/p>\n<p>3r ESO: Visitar els voltants de la Sagrada Fam\u00edlia i la Fira de Nadal de la Sagrada Fam\u00edlia.\u00a0<\/p>\n<p><a href=\"https:\/\/docs.google.com\/spreadsheets\/d\/1xvD15QJe1CNdDo97WiJQvGEpTeKChCS2wolv2GjELVE\/edit?usp=sharing\">AQU\u00cd PODEU VEURE LES CLASSIFICACIONS DEL CURS 22-23<\/a><\/p>\n<p><a href=\"https:\/\/agora.xtec.cat\/iesgabrielamistral\/aules-netes-i-educades\/\">AQU\u00cd PODEU VEURE TOTES LES NOT\u00cdCIES RELACIONADES AMB EL CONCURS<\/a><\/p>\n<p><img loading=\"lazy\" decoding=\"async\" class=\"\" src=\"https:\/\/agora.xtec.cat\/iesgabrielamistral\/wp-content\/uploads\/usu246\/2022\/12\/logo1r-300x281.png\" width=\"260\" height=\"244\" \/>\u00a0 \u00a0 <img decoding=\"async\" src=\"https:\/\/agora.xtec.cat\/iesgabrielamistral\/wp-content\/uploads\/usu246\/2022\/12\/logo2n-242x300.png\" \/><img decoding=\"async\" src=\"https:\/\/agora.xtec.cat\/iesgabrielamistral\/wp-content\/uploads\/usu246\/2022\/12\/logo3r-218x300.png\" \/><\/p>\n<p style=\"text-align: left;\"><strong>\u00a0 \u00a0 \u00a0 \u00a0 \u00a0 \u00a0 \u00a0 \u00a0 \u00a01r ESO\u00a0 \u00a0 \u00a0 \u00a0 \u00a0 \u00a0 \u00a0 \u00a0 \u00a0 \u00a0 \u00a0 \u00a0 \u00a0 \u00a0 \u00a0 \u00a0 \u00a0 \u00a0 \u00a0 \u00a0 \u00a0 \u00a0 \u00a0 \u00a0 \u00a0 \u00a0 2n ESO\u00a0 \u00a0 \u00a0 \u00a0 \u00a0 \u00a0 \u00a0 \u00a0 \u00a0 \u00a0 \u00a0 \u00a0 \u00a0 \u00a0 \u00a0 \u00a0 \u00a0 \u00a0 \u00a0 \u00a0 \u00a0 \u00a03r ESO<\/strong><\/p>\n","protected":false},"excerpt":{"rendered":"<p>El concurs de les Aules netes i educades, on els alumnes de 1r fins a 3r de la ESO s\u2019involucren en diferents aspectes sobre la cura de l\u2019espai f\u00edsic i el respecte per l\u2019entorn en el que viuen.\u00a0 Enguany el concurs va comen\u00e7ar el passat 24 d\u2019octubre i els grups de cada nivell hauran de [&hellip;]<\/p>\n","protected":false},"author":14,"featured_media":0,"parent":9110,"menu_order":0,"comment_status":"closed","ping_status":"closed","template":"page-templates\/side-menu.php","meta":{"_bbp_topic_count":0,"_bbp_reply_count":0,"_bbp_total_topic_count":0,"_bbp_total_reply_count":0,"_bbp_voice_count":0,"_bbp_anonymous_reply_count":0,"_bbp_topic_count_hidden":0,"_bbp_reply_count_hidden":0,"_bbp_forum_subforum_count":0,"site-sidebar-layout":"default","site-content-layout":"","ast-site-content-layout":"","site-content-style":"default","site-sidebar-style":"default","ast-global-header-display":"","ast-banner-title-visibility":"","ast-main-header-display":"","ast-hfb-above-header-display":"","ast-hfb-below-header-display":"","ast-hfb-mobile-header-display":"","site-post-title":"","ast-breadcrumbs-content":"","ast-featured-img":"","footer-sml-layout":"","theme-transparent-header-meta":"","adv-header-id-meta":"","stick-header-meta":"","header-above-stick-meta":"","header-main-stick-meta":"","header-below-stick-meta":"","astra-migrate-meta-layouts":"default","ast-page-background-enabled":"default","ast-page-background-meta":{"desktop":{"background-color":"var(--ast-global-color-4)","background-image":"","background-repeat":"repeat","background-position":"center center","background-size":"auto","background-attachment":"scroll","background-type":"","background-media":"","overlay-type":"","overlay-color":"","overlay-opacity":"","overlay-gradient":""},"tablet":{"background-color":"","background-image":"","background-repeat":"repeat","background-position":"center center","background-size":"auto","background-attachment":"scroll","background-type":"","background-media":"","overlay-type":"","overlay-color":"","overlay-opacity":"","overlay-gradient":""},"mobile":{"background-color":"","background-image":"","background-repeat":"repeat","background-position":"center center","background-size":"auto","background-attachment":"scroll","background-type":"","background-media":"","overlay-type":"","overlay-color":"","overlay-opacity":"","overlay-gradient":""}},"ast-content-background-meta":{"desktop":{"background-color":"var(--ast-global-color-5)","background-image":"","background-repeat":"repeat","background-position":"center center","background-size":"auto","background-attachment":"scroll","background-type":"","background-media":"","overlay-type":"","overlay-color":"","overlay-opacity":"","overlay-gradient":""},"tablet":{"background-color":"var(--ast-global-color-5)","background-image":"","background-repeat":"repeat","background-position":"center center","background-size":"auto","background-attachment":"scroll","background-type":"","background-media":"","overlay-type":"","overlay-color":"","overlay-opacity":"","overlay-gradient":""},"mobile":{"background-color":"var(--ast-global-color-5)","background-image":"","background-repeat":"repeat","background-position":"center center","background-size":"auto","background-attachment":"scroll","background-type":"","background-media":"","overlay-type":"","overlay-color":"","overlay-opacity":"","overlay-gradient":""}},"footnotes":""},"class_list":["post-14455","page","type-page","status-publish","hentry"],"post_mailing_queue_ids":[],"_links":{"self":[{"href":"https:\/\/agora.xtec.cat\/iesgabrielamistral\/wp-json\/wp\/v2\/pages\/14455","targetHints":{"allow":["GET"]}}],"collection":[{"href":"https:\/\/agora.xtec.cat\/iesgabrielamistral\/wp-json\/wp\/v2\/pages"}],"about":[{"href":"https:\/\/agora.xtec.cat\/iesgabrielamistral\/wp-json\/wp\/v2\/types\/page"}],"author":[{"embeddable":true,"href":"https:\/\/agora.xtec.cat\/iesgabrielamistral\/wp-json\/wp\/v2\/users\/14"}],"replies":[{"embeddable":true,"href":"https:\/\/agora.xtec.cat\/iesgabrielamistral\/wp-json\/wp\/v2\/comments?post=14455"}],"version-history":[{"count":3,"href":"https:\/\/agora.xtec.cat\/iesgabrielamistral\/wp-json\/wp\/v2\/pages\/14455\/revisions"}],"predecessor-version":[{"id":14463,"href":"https:\/\/agora.xtec.cat\/iesgabrielamistral\/wp-json\/wp\/v2\/pages\/14455\/revisions\/14463"}],"up":[{"embeddable":true,"href":"https:\/\/agora.xtec.cat\/iesgabrielamistral\/wp-json\/wp\/v2\/pages\/9110"}],"wp:attachment":[{"href":"https:\/\/agora.xtec.cat\/iesgabrielamistral\/wp-json\/wp\/v2\/media?parent=14455"}],"curies":[{"name":"wp","href":"https:\/\/api.w.org\/{rel}","templated":true}]}}