{"id":14140,"date":"2022-07-25T18:08:12","date_gmt":"2022-07-25T16:08:12","guid":{"rendered":"https:\/\/agora.xtec.cat\/iesgabrielamistral\/?page_id=14140"},"modified":"2024-04-09T13:25:25","modified_gmt":"2024-04-09T11:25:25","slug":"administracio-de-sistemes-informatics-en-xarxa-dual","status":"publish","type":"page","link":"https:\/\/agora.xtec.cat\/iesgabrielamistral\/inici2\/estudis\/cicles-formatius\/administracio-de-sistemes-informatics-en-xarxa-dual\/","title":{"rendered":"CFGS Administraci\u00f3 de sistemes inform\u00e0tics en xarxa DUAL (perfil ciberseguretat)"},"content":{"rendered":"<p><img loading=\"lazy\" decoding=\"async\" class=\"size-medium wp-image-13494 aligncenter\" src=\"https:\/\/agora.xtec.cat\/iesgabrielamistral\/wp-content\/uploads\/usu246\/2022\/03\/asix_ciber_imatge_ig-6-300x300.png\" alt=\"\" width=\"300\" height=\"300\" srcset=\"https:\/\/agora.xtec.cat\/iesgabrielamistral\/wp-content\/uploads\/usu246\/2022\/03\/asix_ciber_imatge_ig-6-300x300.png 300w, https:\/\/agora.xtec.cat\/iesgabrielamistral\/wp-content\/uploads\/usu246\/2022\/03\/asix_ciber_imatge_ig-6-1024x1024.png 1024w, https:\/\/agora.xtec.cat\/iesgabrielamistral\/wp-content\/uploads\/usu246\/2022\/03\/asix_ciber_imatge_ig-6-150x150.png 150w, https:\/\/agora.xtec.cat\/iesgabrielamistral\/wp-content\/uploads\/usu246\/2022\/03\/asix_ciber_imatge_ig-6-768x768.png 768w, https:\/\/agora.xtec.cat\/iesgabrielamistral\/wp-content\/uploads\/usu246\/2022\/03\/asix_ciber_imatge_ig-6.png 1080w\" sizes=\"auto, (max-width: 300px) 100vw, 300px\" \/><\/p>\n<p><strong>Presentaci\u00f3 del CFGS d&#8217;Administraci\u00f3 de sistemes inform\u00e0tics en xarxa (Perfil Ciberseguretat)<\/strong><\/p>\n<p>Podeu veure la guia de l&#8217;alumnat fent clic <a href=\"https:\/\/docs.google.com\/document\/d\/14igQg-MYU2-WSrrUJa4KUHbg3I1vyD7kERBFQXa3hFo\/edit?usp=sharing\">AQU\u00cd<\/a><\/p>\n<p><span style=\"text-decoration: underline; font-size: 20px;\"><strong>Pla d\u2019estudis<\/strong><\/span><\/p>\n<table style=\"height: 264px; width: 723px;\">\n<tbody>\n<tr style=\"height: 32px;\">\n<td style=\"width: 401px; height: 32px;\"><b>Primer Curs (mat\u00ed)<\/b><\/td>\n<td style=\"width: 314px; height: 32px;\"><b>Segon Curs (tarda)<\/b><\/td>\n<\/tr>\n<tr style=\"height: 46px;\">\n<td style=\"width: 401px; height: 46px;\">M\u00f2dul 1: <span style=\"font-weight: 400;\">Implantaci\u00f3 de sistemes operatius.<\/span><\/td>\n<td style=\"width: 314px; height: 46px;\">M\u00f2dul 11: Seguretat i alta disponibilitat.<\/td>\n<\/tr>\n<tr style=\"height: 31px;\">\n<td style=\"width: 401px; height: 31px;\">M\u00f2dul 2: <span style=\"font-weight: 400;\">Gesti\u00f3 de bases de dades.<\/span><\/td>\n<td style=\"width: 314px; height: 31px;\">M\u00f2dul 13: Empresa i iniciativa emprenedora<\/td>\n<\/tr>\n<tr style=\"height: 31px;\">\n<td style=\"width: 401px; height: 31px;\">M\u00f2dul 3: <span style=\"font-weight: 400;\">Programaci\u00f3 b\u00e0sica.<\/span><\/td>\n<td style=\"width: 314px; height: 31px;\">M\u00f2dul 14: <span style=\"font-weight: 400;\">Projecte d\u2019administraci\u00f3 de sistemes inform\u00e0tics en xarxa<\/span><\/td>\n<\/tr>\n<tr style=\"height: 31px;\">\n<td style=\"width: 401px; height: 31px;\">M\u00f2dul 4: <span style=\"font-weight: 400;\">Llenguatge de marques.<\/span><\/td>\n<td style=\"width: 314px; height: 31px;\">M\u00f2dul 15: Formaci\u00f3 en centres de treball.<\/td>\n<\/tr>\n<tr style=\"height: 31px;\">\n<td style=\"width: 401px; height: 31px;\">M\u00f2dul 5: <span style=\"font-weight: 400;\">Fonaments de maquinari.<\/span><\/td>\n<td style=\"width: 314px; height: 31px;\">M\u00f2dul 16: Ciberseguretat i hacking \u00e8tic.<\/td>\n<\/tr>\n<tr style=\"height: 31px;\">\n<td style=\"width: 401px; height: 31px;\">M\u00f2dul 6: <span style=\"font-weight: 400;\">Administraci\u00f3 de Sistemes Operatius.<\/span><\/td>\n<td style=\"width: 314px; height: 31px;\">M\u00f2dul 17: Seguretat en sistemes, xarxes i serveis.<\/td>\n<\/tr>\n<tr style=\"height: 31px;\">\n<td style=\"width: 401px; height: 31px;\">M\u00f2dul 7: <span style=\"font-weight: 400;\">Planificaci\u00f3 i administraci\u00f3 de xarxes.<\/span><\/td>\n<td style=\"width: 314px; height: 31px;\">\u00a0<\/td>\n<\/tr>\n<tr>\n<td style=\"width: 401px;\">M\u00f2dul 8: <span style=\"font-weight: 400;\">Serveis de xarxa i Internet.<\/span><\/td>\n<td style=\"width: 314px;\">\u00a0<\/td>\n<\/tr>\n<tr>\n<td style=\"width: 401px;\">M\u00f2dul 9: <span style=\"font-weight: 400;\">Implantaci\u00f3 d\u2019aplicacions Web.<\/span><\/td>\n<td style=\"width: 314px;\">\u00a0<\/td>\n<\/tr>\n<tr>\n<td style=\"width: 401px;\">M\u00f2dul 10: <span style=\"font-weight: 400;\">Administraci\u00f3 de sistemes gestors de bases de dades.<\/span><\/td>\n<td style=\"width: 314px;\">\u00a0<\/td>\n<\/tr>\n<tr>\n<td style=\"width: 401px;\">M\u00f2dul 12: Formaci\u00f3 i orientaci\u00f3 laboral.<\/td>\n<td style=\"width: 314px;\">\u00a0<\/td>\n<\/tr>\n<\/tbody>\n<\/table>\n<p><span style=\"text-decoration: underline; font-size: 20px;\"><strong>Horari\u00a0<\/strong><\/span><\/p>\n<p>El cicle formatiu s&#8217;imparteix en horari mat\u00ed (1r) i de tarda (2n), de dilluns a divendres.<\/p>\n<p><span style=\"text-decoration: underline; font-size: 20px;\"><strong>Empreses col\u00b7laboradores<\/strong><\/span><\/p>\n<p>&nbsp;<\/p>\n<p><span style=\"text-decoration: underline; font-size: 20px;\"><strong>Sortides professionals<\/strong><\/span><\/p>\n<p>De qu\u00e8 podr\u00e0s treballar quan acabis el cicle?<\/p>\n<ul>\n<li><em>\u00a0T\u00e8cnic\/a en manteniment de sistemes inform\u00e0tics<\/em><\/li>\n<li><em>\u00a0T\u00e8cnic\/a en informaci\u00f3 i assessorament en sistemes i aplicacions inform\u00e0tiques<\/em><\/li>\n<li><em>\u00a0Cap d\u2019explotaci\u00f3 de sistemes inform\u00e0tics en petites i mitjanes empreses<\/em><\/li>\n<li><em>\u00a0Administrador\/a de xarxa local<\/em><\/li>\n<\/ul>\n","protected":false},"excerpt":{"rendered":"<p>Presentaci\u00f3 del CFGS d&#8217;Administraci\u00f3 de sistemes inform\u00e0tics en xarxa (Perfil Ciberseguretat) Podeu veure la guia de l&#8217;alumnat fent clic AQU\u00cd Pla d\u2019estudis Primer Curs (mat\u00ed) Segon Curs (tarda) M\u00f2dul 1: Implantaci\u00f3 de sistemes operatius. M\u00f2dul 11: Seguretat i alta disponibilitat. M\u00f2dul 2: Gesti\u00f3 de bases de dades. M\u00f2dul 13: Empresa i iniciativa emprenedora M\u00f2dul 3: [&hellip;]<\/p>\n","protected":false},"author":14,"featured_media":0,"parent":493,"menu_order":60,"comment_status":"closed","ping_status":"closed","template":"page-templates\/side-menu.php","meta":{"_bbp_topic_count":0,"_bbp_reply_count":0,"_bbp_total_topic_count":0,"_bbp_total_reply_count":0,"_bbp_voice_count":0,"_bbp_anonymous_reply_count":0,"_bbp_topic_count_hidden":0,"_bbp_reply_count_hidden":0,"_bbp_forum_subforum_count":0,"site-sidebar-layout":"default","site-content-layout":"","ast-site-content-layout":"","site-content-style":"default","site-sidebar-style":"default","ast-global-header-display":"","ast-banner-title-visibility":"","ast-main-header-display":"","ast-hfb-above-header-display":"","ast-hfb-below-header-display":"","ast-hfb-mobile-header-display":"","site-post-title":"","ast-breadcrumbs-content":"","ast-featured-img":"","footer-sml-layout":"","theme-transparent-header-meta":"","adv-header-id-meta":"","stick-header-meta":"","header-above-stick-meta":"","header-main-stick-meta":"","header-below-stick-meta":"","astra-migrate-meta-layouts":"default","ast-page-background-enabled":"default","ast-page-background-meta":{"desktop":{"background-color":"var(--ast-global-color-4)","background-image":"","background-repeat":"repeat","background-position":"center center","background-size":"auto","background-attachment":"scroll","background-type":"","background-media":"","overlay-type":"","overlay-color":"","overlay-opacity":"","overlay-gradient":""},"tablet":{"background-color":"","background-image":"","background-repeat":"repeat","background-position":"center center","background-size":"auto","background-attachment":"scroll","background-type":"","background-media":"","overlay-type":"","overlay-color":"","overlay-opacity":"","overlay-gradient":""},"mobile":{"background-color":"","background-image":"","background-repeat":"repeat","background-position":"center center","background-size":"auto","background-attachment":"scroll","background-type":"","background-media":"","overlay-type":"","overlay-color":"","overlay-opacity":"","overlay-gradient":""}},"ast-content-background-meta":{"desktop":{"background-color":"var(--ast-global-color-5)","background-image":"","background-repeat":"repeat","background-position":"center center","background-size":"auto","background-attachment":"scroll","background-type":"","background-media":"","overlay-type":"","overlay-color":"","overlay-opacity":"","overlay-gradient":""},"tablet":{"background-color":"var(--ast-global-color-5)","background-image":"","background-repeat":"repeat","background-position":"center center","background-size":"auto","background-attachment":"scroll","background-type":"","background-media":"","overlay-type":"","overlay-color":"","overlay-opacity":"","overlay-gradient":""},"mobile":{"background-color":"var(--ast-global-color-5)","background-image":"","background-repeat":"repeat","background-position":"center center","background-size":"auto","background-attachment":"scroll","background-type":"","background-media":"","overlay-type":"","overlay-color":"","overlay-opacity":"","overlay-gradient":""}},"footnotes":""},"class_list":["post-14140","page","type-page","status-publish","hentry"],"post_mailing_queue_ids":[],"_links":{"self":[{"href":"https:\/\/agora.xtec.cat\/iesgabrielamistral\/wp-json\/wp\/v2\/pages\/14140","targetHints":{"allow":["GET"]}}],"collection":[{"href":"https:\/\/agora.xtec.cat\/iesgabrielamistral\/wp-json\/wp\/v2\/pages"}],"about":[{"href":"https:\/\/agora.xtec.cat\/iesgabrielamistral\/wp-json\/wp\/v2\/types\/page"}],"author":[{"embeddable":true,"href":"https:\/\/agora.xtec.cat\/iesgabrielamistral\/wp-json\/wp\/v2\/users\/14"}],"replies":[{"embeddable":true,"href":"https:\/\/agora.xtec.cat\/iesgabrielamistral\/wp-json\/wp\/v2\/comments?post=14140"}],"version-history":[{"count":5,"href":"https:\/\/agora.xtec.cat\/iesgabrielamistral\/wp-json\/wp\/v2\/pages\/14140\/revisions"}],"predecessor-version":[{"id":16149,"href":"https:\/\/agora.xtec.cat\/iesgabrielamistral\/wp-json\/wp\/v2\/pages\/14140\/revisions\/16149"}],"up":[{"embeddable":true,"href":"https:\/\/agora.xtec.cat\/iesgabrielamistral\/wp-json\/wp\/v2\/pages\/493"}],"wp:attachment":[{"href":"https:\/\/agora.xtec.cat\/iesgabrielamistral\/wp-json\/wp\/v2\/media?parent=14140"}],"curies":[{"name":"wp","href":"https:\/\/api.w.org\/{rel}","templated":true}]}}