{"id":13925,"date":"2022-06-30T10:12:56","date_gmt":"2022-06-30T08:12:56","guid":{"rendered":"https:\/\/agora.xtec.cat\/iesgabrielamistral\/?page_id=13925"},"modified":"2022-06-30T11:00:46","modified_gmt":"2022-06-30T09:00:46","slug":"treball-de-recerca","status":"publish","type":"page","link":"https:\/\/agora.xtec.cat\/iesgabrielamistral\/inici2\/estudis\/treball-de-recerca\/","title":{"rendered":"Treball de recerca"},"content":{"rendered":"<p>El\u00a0<strong>treball de recerca<\/strong>\u00a0\u00e9s un conjunt d&#8217;activitats estructurades i orientades a la investigaci\u00f3 que realitza tot l&#8217;alumnat de batxillerat amb l&#8217;orientaci\u00f3 i seguiment del professorat, per tal de consolidar la compet\u00e8ncia en recerca. Es pot emmarcar dins un \u00e0mbit disciplinari, o pot ser interdisciplinari o transversal.<\/p>\n<p>La dedicaci\u00f3 hor\u00e0ria de l&#8217;alumnat \u00e9s de 70 hores aproximadament i, de forma habitual, es realitza entre finals del primer curs i inicis del segon curs del batxillerat.<\/p>\n","protected":false},"excerpt":{"rendered":"<p>El\u00a0treball de recerca\u00a0\u00e9s un conjunt d&#8217;activitats estructurades i orientades a la investigaci\u00f3 que realitza tot l&#8217;alumnat de batxillerat amb l&#8217;orientaci\u00f3 i seguiment del professorat, per tal de consolidar la compet\u00e8ncia en recerca. Es pot emmarcar dins un \u00e0mbit disciplinari, o pot ser interdisciplinari o transversal. La dedicaci\u00f3 hor\u00e0ria de l&#8217;alumnat \u00e9s de 70 hores aproximadament [&hellip;]<\/p>\n","protected":false},"author":14,"featured_media":0,"parent":481,"menu_order":4,"comment_status":"closed","ping_status":"closed","template":"page-templates\/side-menu.php","meta":{"_bbp_topic_count":0,"_bbp_reply_count":0,"_bbp_total_topic_count":0,"_bbp_total_reply_count":0,"_bbp_voice_count":0,"_bbp_anonymous_reply_count":0,"_bbp_topic_count_hidden":0,"_bbp_reply_count_hidden":0,"_bbp_forum_subforum_count":0,"site-sidebar-layout":"default","site-content-layout":"","ast-site-content-layout":"","site-content-style":"default","site-sidebar-style":"default","ast-global-header-display":"","ast-banner-title-visibility":"","ast-main-header-display":"","ast-hfb-above-header-display":"","ast-hfb-below-header-display":"","ast-hfb-mobile-header-display":"","site-post-title":"","ast-breadcrumbs-content":"","ast-featured-img":"","footer-sml-layout":"","theme-transparent-header-meta":"","adv-header-id-meta":"","stick-header-meta":"","header-above-stick-meta":"","header-main-stick-meta":"","header-below-stick-meta":"","astra-migrate-meta-layouts":"default","ast-page-background-enabled":"default","ast-page-background-meta":{"desktop":{"background-color":"var(--ast-global-color-4)","background-image":"","background-repeat":"repeat","background-position":"center center","background-size":"auto","background-attachment":"scroll","background-type":"","background-media":"","overlay-type":"","overlay-color":"","overlay-opacity":"","overlay-gradient":""},"tablet":{"background-color":"","background-image":"","background-repeat":"repeat","background-position":"center center","background-size":"auto","background-attachment":"scroll","background-type":"","background-media":"","overlay-type":"","overlay-color":"","overlay-opacity":"","overlay-gradient":""},"mobile":{"background-color":"","background-image":"","background-repeat":"repeat","background-position":"center center","background-size":"auto","background-attachment":"scroll","background-type":"","background-media":"","overlay-type":"","overlay-color":"","overlay-opacity":"","overlay-gradient":""}},"ast-content-background-meta":{"desktop":{"background-color":"var(--ast-global-color-5)","background-image":"","background-repeat":"repeat","background-position":"center center","background-size":"auto","background-attachment":"scroll","background-type":"","background-media":"","overlay-type":"","overlay-color":"","overlay-opacity":"","overlay-gradient":""},"tablet":{"background-color":"var(--ast-global-color-5)","background-image":"","background-repeat":"repeat","background-position":"center center","background-size":"auto","background-attachment":"scroll","background-type":"","background-media":"","overlay-type":"","overlay-color":"","overlay-opacity":"","overlay-gradient":""},"mobile":{"background-color":"var(--ast-global-color-5)","background-image":"","background-repeat":"repeat","background-position":"center center","background-size":"auto","background-attachment":"scroll","background-type":"","background-media":"","overlay-type":"","overlay-color":"","overlay-opacity":"","overlay-gradient":""}},"footnotes":""},"class_list":["post-13925","page","type-page","status-publish","hentry"],"post_mailing_queue_ids":[],"_links":{"self":[{"href":"https:\/\/agora.xtec.cat\/iesgabrielamistral\/wp-json\/wp\/v2\/pages\/13925","targetHints":{"allow":["GET"]}}],"collection":[{"href":"https:\/\/agora.xtec.cat\/iesgabrielamistral\/wp-json\/wp\/v2\/pages"}],"about":[{"href":"https:\/\/agora.xtec.cat\/iesgabrielamistral\/wp-json\/wp\/v2\/types\/page"}],"author":[{"embeddable":true,"href":"https:\/\/agora.xtec.cat\/iesgabrielamistral\/wp-json\/wp\/v2\/users\/14"}],"replies":[{"embeddable":true,"href":"https:\/\/agora.xtec.cat\/iesgabrielamistral\/wp-json\/wp\/v2\/comments?post=13925"}],"version-history":[{"count":1,"href":"https:\/\/agora.xtec.cat\/iesgabrielamistral\/wp-json\/wp\/v2\/pages\/13925\/revisions"}],"predecessor-version":[{"id":13927,"href":"https:\/\/agora.xtec.cat\/iesgabrielamistral\/wp-json\/wp\/v2\/pages\/13925\/revisions\/13927"}],"up":[{"embeddable":true,"href":"https:\/\/agora.xtec.cat\/iesgabrielamistral\/wp-json\/wp\/v2\/pages\/481"}],"wp:attachment":[{"href":"https:\/\/agora.xtec.cat\/iesgabrielamistral\/wp-json\/wp\/v2\/media?parent=13925"}],"curies":[{"name":"wp","href":"https:\/\/api.w.org\/{rel}","templated":true}]}}