{"id":1375,"date":"2015-10-05T17:08:45","date_gmt":"2015-10-05T16:08:45","guid":{"rendered":"http:\/\/agora.xtec.cat\/iesgabrielamistral\/?page_id=1375"},"modified":"2024-03-20T10:44:16","modified_gmt":"2024-03-20T09:44:16","slug":"secretaria","status":"publish","type":"page","link":"https:\/\/agora.xtec.cat\/iesgabrielamistral\/projecte-educatiu\/secretaria\/","title":{"rendered":"Secretaria"},"content":{"rendered":"<p><a href=\"https:\/\/agora.xtec.cat\/iesgabrielamistral\/wp-content\/uploads\/usu246\/2015\/10\/D01_Sol\u00b7licitud_Secretaria_v00.odt\" target=\"_blank\" rel=\"noopener noreferrer\">D01_MODEL SOL\u00b7LICITUD SECRETARIA_v00<\/a><\/p>\n<p><a href=\"http:\/\/agora.xtec.cat\/iesgabrielamistral\/wp-content\/uploads\/usu246\/2015\/10\/D04_Model-Resoluci\u00f3_Secretaria_v00.odt\" target=\"_blank\" rel=\"noopener noreferrer\">D04_MODEL RESOLUCI\u00d3 SECRETARIA_v00<\/a><\/p>\n<p><a href=\"http:\/\/agora.xtec.cat\/iesgabrielamistral\/wp-content\/uploads\/usu246\/2015\/10\/D05_FITXA-DADES-PROFESSORAT-NOVA-INCORPORACI\u00d3_v03.odt\" target=\"_blank\" rel=\"noopener noreferrer\">D05_FITXA_DADES_PROFESSORAT_NOVA_INCORPORACI\u00d3_v03<\/a><\/p>\n<p><a href=\"https:\/\/agora.xtec.cat\/iesgabrielamistral\/wp-content\/uploads\/usu246\/2023\/11\/D19_CESSIO-DEQUIPAMENT-INFORMATIC_v01.odt\" target=\"_blank\" rel=\"noopener\">D19_CESSI\u00d3 D&#8217;EQUIPAMENT INFORM\u00c0TIC_v01<\/a><\/p>\n<p><b><u>DOCUMENTS MATR\u00cdCULA:<\/u><\/b><\/p>\n<p><a href=\"https:\/\/agora.xtec.cat\/iesgabrielamistral\/wp-content\/uploads\/usu246\/2021\/04\/D13_Consentiment-borsa-de-treball_v02.odt\" target=\"_blank\" rel=\"noopener noreferrer\">D13_CONSENTIMENT BORSA DE TREBALL_v02<\/a><\/p>\n<p><a href=\"https:\/\/agora.xtec.cat\/iesgabrielamistral\/wp-content\/uploads\/usu246\/2020\/09\/D14_AUTORITZACI\u00d3_MENORS_v05.odt\" target=\"_blank\" rel=\"noopener noreferrer\">D14_AUTORITZACI\u00d3 MENORS_v05<\/a><\/p>\n<p><a href=\"http:\/\/agora.xtec.cat\/iesgabrielamistral\/wp-content\/uploads\/usu246\/2015\/10\/D20_COMPROMIS_NORMES_POSTOBLIGAT\u00d2RIA_v02.odt\" target=\"_blank\" rel=\"noopener noreferrer\">D20_COMPROM\u00cdS_NORMES_POSTOBLIGAT\u00d2RIA_v02<\/a><\/p>\n<p><a href=\"http:\/\/agora.xtec.cat\/iesgabrielamistral\/wp-content\/uploads\/usu246\/2015\/07\/D25_CONVALIDACIONS_v02.odt\" target=\"_blank\" rel=\"noopener noreferrer\">D25_CONVALIDACIONS_v02<\/a><\/p>\n<p><a href=\"https:\/\/agora.xtec.cat\/iesgabrielamistral\/wp-content\/uploads\/usu246\/2019\/05\/D38_CARTA-COMPROMIS-INFORM\u00c0TIC_v01.odt\" target=\"_blank\" rel=\"noopener noreferrer\">D38_CARTA_COMPROM\u00cdS_INFORM\u00c0TIC_v01<\/a><\/p>\n<p><a href=\"http:\/\/agora.xtec.cat\/iesgabrielamistral\/wp-content\/uploads\/usu246\/2015\/10\/D40_Informaci\u00f3-videovigil\u00e0ncia_v00.odt\" target=\"_blank\" rel=\"noopener noreferrer\">D40_INFORMACI\u00d3 VIDEOVIGIL\u00c0NCIA_v00<\/a><\/p>\n<p><a href=\"https:\/\/agora.xtec.cat\/iesgabrielamistral\/wp-content\/uploads\/usu246\/2020\/06\/D44_AUTORITZACI\u00d3-CESSI\u00d3-DADES-AMPA_v00.odt\" target=\"_blank\" rel=\"noopener noreferrer\">D44_AUTORITZACI\u00d3 CESSI\u00d3 DADES AMPA_v00<\/a><\/p>\n<p><a href=\"http:\/\/agora.xtec.cat\/iesgabrielamistral\/wp-content\/uploads\/usu246\/2015\/10\/D49_Autoritzaci\u00f3-drets-dimatge-majors_v03.odt\" target=\"_blank\" rel=\"noopener noreferrer\">D49_AUTORITZACI\u00d3_DRETS D&#8217;IMATGE_MAJORS_v03<\/a><\/p>\n<p><a href=\"http:\/\/agora.xtec.cat\/iesgabrielamistral\/wp-content\/uploads\/usu246\/2015\/10\/D50_Autoritzaci\u00f3-drets-dimatge-menors_v03.odt\" target=\"_blank\" rel=\"noopener noreferrer\">D50_AUTORITZACI\u00d3 DRETS D&#8217;IMATGE_MENORS_v03<\/a><\/p>\n<p><a href=\"http:\/\/agora.xtec.cat\/iesgabrielamistral\/wp-content\/uploads\/usu246\/2015\/10\/D51_Autoritzacio-traspas_v01.odt\" target=\"_blank\" rel=\"noopener noreferrer\">D51_AUTORITZACI\u00d3_TRASP\u00c0S_v01<\/a><\/p>\n<p><a href=\"http:\/\/agora.xtec.cat\/iesgabrielamistral\/wp-content\/uploads\/usu246\/2015\/10\/D52_Carta-presentacio-cicles_v01.odt\" target=\"_blank\" rel=\"noopener noreferrer\">D52_CARTA PRESENTACI\u00d3 CICLES_v01<\/a><\/p>\n<p><a href=\"https:\/\/agora.xtec.cat\/iesgabrielamistral\/wp-content\/uploads\/usu246\/2020\/06\/D53_Impr\u00e8s-matr\u00edcula-APD_v03.odt\" target=\"_blank\" rel=\"noopener noreferrer\">D53_IMPR\u00c9S_MATR\u00cdCULA_APD_v03<\/a><\/p>\n<p><a href=\"https:\/\/agora.xtec.cat\/iesgabrielamistral\/wp-content\/uploads\/usu246\/2020\/06\/D54_Impr\u00e8s-matr\u00edcula-DAM_v05.odt\" target=\"_blank\" rel=\"noopener noreferrer\">D54_IMPR\u00c9S_MATR\u00cdCULA_DAM_v05<\/a><\/p>\n<p><a href=\"https:\/\/agora.xtec.cat\/iesgabrielamistral\/wp-content\/uploads\/usu246\/2020\/06\/D55_Impr\u00e8s-matr\u00edcula-EI_v03.odt\" target=\"_blank\" rel=\"noopener noreferrer\">D55_IMPR\u00c9S_MATR\u00cdCULA_EI_v03<\/a><\/p>\n<p><a href=\"https:\/\/agora.xtec.cat\/iesgabrielamistral\/wp-content\/uploads\/usu246\/2020\/06\/D56_Impr\u00e8s-matr\u00edcula-SMX_v03.odt\" target=\"_blank\" rel=\"noopener noreferrer\">D56_IMPR\u00c9S_MATR\u00cdCULA_SMX_v03<\/a><\/p>\n<p><a href=\"http:\/\/agora.xtec.cat\/iesgabrielamistral\/wp-content\/uploads\/usu246\/2015\/10\/D57_Pagament-majors-28-anys_v01.odt\" target=\"_blank\" rel=\"noopener noreferrer\">D57_PAGAMENT_MAJORS_28 ANYS_v01<\/a><\/p>\n<p><a href=\"http:\/\/agora.xtec.cat\/iesgabrielamistral\/wp-content\/uploads\/usu246\/2015\/10\/D58_Full-dactualitzaci\u00f3-de-dades_v021.odt\" target=\"_blank\" rel=\"noopener noreferrer\">D58_FULL D&#8217;ACTUALITZACI\u00d3 DE DADES_v02<\/a><\/p>\n<p><a href=\"https:\/\/agora.xtec.cat\/iesgabrielamistral\/wp-content\/uploads\/usu246\/2020\/07\/D59_Impres-matr\u00edcula-1r-batxillerat_v01.pdf\">D59_IMPR\u00c9S MATR\u00cdCULA_1rBATX_v01<\/a><\/p>\n<p><a href=\"http:\/\/agora.xtec.cat\/iesgabrielamistral\/wp-content\/uploads\/usu246\/2015\/10\/D60_Impr\u00e9s-matr\u00edcula-1r.-Btxrepetidorscentre_v01.odt\" target=\"_blank\" rel=\"noopener noreferrer\">D60_IMPR\u00c9S MATR\u00cdCULA_1rBATXREPETIDORSCENTRE_v01<\/a><\/p>\n<p><a href=\"http:\/\/agora.xtec.cat\/iesgabrielamistral\/wp-content\/uploads\/usu246\/2015\/10\/D61_Impr\u00e9s-matr\u00edcula-2n-Btx_v01.odt\" target=\"_blank\" rel=\"noopener noreferrer\">D61_IMPR\u00c9S MATR\u00cdCULA_2n BATX_v01<\/a><\/p>\n<p><a href=\"http:\/\/agora.xtec.cat\/iesgabrielamistral\/wp-content\/uploads\/usu246\/2015\/10\/D62_Impr\u00e9s-matr\u00edcula-2n-Btxrepetidorscentre_v01.odt\" target=\"_blank\" rel=\"noopener noreferrer\">D62_IMPR\u00c9S MATR\u00cdCULA_2n BATXREPETIDORSCENTRE_v01<\/a><\/p>\n<p><a href=\"https:\/\/agora.xtec.cat\/iesgabrielamistral\/wp-content\/uploads\/usu246\/2019\/05\/D63_Instruccions-pagament-caixer-autom\u00e0tic-BTX_v01.odt\" target=\"_blank\" rel=\"noopener noreferrer\">D63_INSTRUCCIONS PAGAMENT CAIXER AUTOM\u00c0TIC BATX_v01<\/a><\/p>\n<p><a href=\"http:\/\/agora.xtec.cat\/iesgabrielamistral\/wp-content\/uploads\/usu246\/2015\/10\/D64_Tria-mat\u00e8ries-BATX1_v02.odt\" target=\"_blank\" rel=\"noopener noreferrer\">D64_TRIA MAT\u00c8RIES BATX1_v02<\/a><\/p>\n<p><a href=\"https:\/\/agora.xtec.cat\/iesgabrielamistral\/wp-content\/uploads\/usu246\/2020\/06\/Tria-mate\u0300ries-2n.-BAT.odt\" target=\"_blank\" rel=\"noopener noreferrer\">D65_TRIA MAT\u00c8RIES BATX2_v02<\/a><\/p>\n<p><a href=\"https:\/\/agora.xtec.cat\/iesgabrielamistral\/wp-content\/uploads\/usu246\/2022\/10\/D66_Autoritzacions-alumnat-FP_v02-1.odt\" target=\"_blank\" rel=\"noopener\">D66_AUTORITZACIONS ALUMNAT FP_v02<\/a><\/p>\n<p><a href=\"https:\/\/agora.xtec.cat\/iesgabrielamistral\/wp-content\/uploads\/usu246\/2021\/06\/D66_BIS_AUTORITZACIONS-SORTIDES-ESO-BATX_v01.odt\" target=\"_blank\" rel=\"noopener noreferrer\">D66_BIS_AUTORITZACIONS SORTIDES-ESO-BATX_v01<\/a><\/p>\n<p><a href=\"https:\/\/agora.xtec.cat\/iesgabrielamistral\/wp-content\/uploads\/usu246\/2020\/10\/D83_IMPR\u00c8S-MATR\u00cdCULA-IFE-GEN\u00c8RIC_v00.odt\" target=\"_blank\" rel=\"noopener noreferrer\">D83_IMPR\u00c8S MATR\u00cdCULA IFE GEN\u00c8RIC_v00<\/a><\/p>\n<p><a href=\"http:\/\/agora.xtec.cat\/iesgabrielamistral\/wp-content\/uploads\/usu246\/2015\/10\/D88_AUTORITZACI\u00d3-DE-CESSI\u00d3-DE-DADES_v02.odt\" target=\"_blank\" rel=\"noopener noreferrer\">D88_AUTORITZACI\u00d3 DE CESSI\u00d3 DE DADES_v02<\/a><\/p>\n<p><a href=\"https:\/\/agora.xtec.cat\/iesgabrielamistral\/wp-content\/uploads\/usu246\/2020\/11\/D89_Autoritzaci\u00f3-serveis-digitals_v01.odt\" target=\"_blank\" rel=\"noopener noreferrer\">D89_AUTORITZACI\u00d3 SERVEIS DIGITALS_v01<\/a><\/p>\n<p><a href=\"http:\/\/agora.xtec.cat\/iesgabrielamistral\/wp-content\/uploads\/usu246\/2015\/10\/D92_Autoritzaci\u00f3-recollida-t\u00edtols_v02.odt\" target=\"_blank\" rel=\"noopener noreferrer\">D92_AUTORITZACI\u00d3 RECOLLIDA DE T\u00cdTOLS_v02<\/a><\/p>\n<p><a href=\"https:\/\/agora.xtec.cat\/iesgabrielamistral\/wp-content\/uploads\/usu246\/2024\/03\/compromis_dual_formulari_web.pdf\" target=\"_blank\" rel=\"noopener\">D94_CONDICIONS DUAL_v00<\/a><\/p>\n<p><a href=\"https:\/\/agora.xtec.cat\/iesgabrielamistral\/wp-content\/uploads\/usu246\/2020\/07\/A253_Autoritzacio\u0301_serveis_digitals_menors14.pdf\">A253_Autoritzacio\u0301_serveis_digitals_menors14<\/a><\/p>\n<p><a href=\"https:\/\/agora.xtec.cat\/iesgabrielamistral\/wp-content\/uploads\/usu246\/2020\/09\/Declaraci\u00f3-responsable-alumnes-majors-de-18.pdf\">Declaraci\u00f3 responsable alumnes majors de 18<\/a><\/p>\n<p><a href=\"https:\/\/agora.xtec.cat\/iesgabrielamistral\/wp-content\/uploads\/usu246\/2020\/09\/Declaraci\u00f3-responsable-per-a-les-fam\u00edlies-menors-18.pdf\">Declaraci\u00f3 responsable per a les fam\u00edlies menors 18<\/a><\/p>\n<p><a href=\"https:\/\/agora.xtec.cat\/iesgabrielamistral\/wp-content\/uploads\/usu246\/2020\/09\/Autoritzaci\u00f3-COVID-19.pdf\">Autoritzaci\u00f3 COVID-19<\/a><\/p>\n<p><a href=\"https:\/\/agora.xtec.cat\/iesgabrielamistral\/wp-content\/uploads\/usu246\/2021\/03\/carta_comprom\u00eds_educatiu.odt\" target=\"_blank\" rel=\"noopener noreferrer\">Carta de comprom\u00eds Educatiu<\/a><\/p>\n<p>&nbsp;<\/p>\n<p>&nbsp;<\/p>\n<p>&nbsp;<\/p>\n<p>&nbsp;<\/p>\n<p>&nbsp;<\/p>\n","protected":false},"excerpt":{"rendered":"<p>D01_MODEL SOL\u00b7LICITUD SECRETARIA_v00 D04_MODEL RESOLUCI\u00d3 SECRETARIA_v00 D05_FITXA_DADES_PROFESSORAT_NOVA_INCORPORACI\u00d3_v03 D19_CESSI\u00d3 D&#8217;EQUIPAMENT INFORM\u00c0TIC_v01 DOCUMENTS MATR\u00cdCULA: D13_CONSENTIMENT BORSA DE TREBALL_v02 D14_AUTORITZACI\u00d3 MENORS_v05 D20_COMPROM\u00cdS_NORMES_POSTOBLIGAT\u00d2RIA_v02 D25_CONVALIDACIONS_v02 D38_CARTA_COMPROM\u00cdS_INFORM\u00c0TIC_v01 D40_INFORMACI\u00d3 VIDEOVIGIL\u00c0NCIA_v00 D44_AUTORITZACI\u00d3 CESSI\u00d3 DADES AMPA_v00 D49_AUTORITZACI\u00d3_DRETS D&#8217;IMATGE_MAJORS_v03 D50_AUTORITZACI\u00d3 DRETS D&#8217;IMATGE_MENORS_v03 D51_AUTORITZACI\u00d3_TRASP\u00c0S_v01 D52_CARTA PRESENTACI\u00d3 CICLES_v01 D53_IMPR\u00c9S_MATR\u00cdCULA_APD_v03 D54_IMPR\u00c9S_MATR\u00cdCULA_DAM_v05 D55_IMPR\u00c9S_MATR\u00cdCULA_EI_v03 D56_IMPR\u00c9S_MATR\u00cdCULA_SMX_v03 D57_PAGAMENT_MAJORS_28 ANYS_v01 D58_FULL D&#8217;ACTUALITZACI\u00d3 DE DADES_v02 D59_IMPR\u00c9S MATR\u00cdCULA_1rBATX_v01 D60_IMPR\u00c9S MATR\u00cdCULA_1rBATXREPETIDORSCENTRE_v01 D61_IMPR\u00c9S MATR\u00cdCULA_2n BATX_v01 D62_IMPR\u00c9S MATR\u00cdCULA_2n [&hellip;]<\/p>\n","protected":false},"author":1,"featured_media":0,"parent":57,"menu_order":7,"comment_status":"closed","ping_status":"closed","template":"page-templates\/side-menu.php","meta":{"_bbp_topic_count":0,"_bbp_reply_count":0,"_bbp_total_topic_count":0,"_bbp_total_reply_count":0,"_bbp_voice_count":0,"_bbp_anonymous_reply_count":0,"_bbp_topic_count_hidden":0,"_bbp_reply_count_hidden":0,"_bbp_forum_subforum_count":0,"site-sidebar-layout":"default","site-content-layout":"","ast-site-content-layout":"","site-content-style":"default","site-sidebar-style":"default","ast-global-header-display":"","ast-banner-title-visibility":"","ast-main-header-display":"","ast-hfb-above-header-display":"","ast-hfb-below-header-display":"","ast-hfb-mobile-header-display":"","site-post-title":"","ast-breadcrumbs-content":"","ast-featured-img":"","footer-sml-layout":"","theme-transparent-header-meta":"","adv-header-id-meta":"","stick-header-meta":"","header-above-stick-meta":"","header-main-stick-meta":"","header-below-stick-meta":"","astra-migrate-meta-layouts":"default","ast-page-background-enabled":"default","ast-page-background-meta":{"desktop":{"background-color":"var(--ast-global-color-4)","background-image":"","background-repeat":"repeat","background-position":"center center","background-size":"auto","background-attachment":"scroll","background-type":"","background-media":"","overlay-type":"","overlay-color":"","overlay-opacity":"","overlay-gradient":""},"tablet":{"background-color":"","background-image":"","background-repeat":"repeat","background-position":"center center","background-size":"auto","background-attachment":"scroll","background-type":"","background-media":"","overlay-type":"","overlay-color":"","overlay-opacity":"","overlay-gradient":""},"mobile":{"background-color":"","background-image":"","background-repeat":"repeat","background-position":"center center","background-size":"auto","background-attachment":"scroll","background-type":"","background-media":"","overlay-type":"","overlay-color":"","overlay-opacity":"","overlay-gradient":""}},"ast-content-background-meta":{"desktop":{"background-color":"var(--ast-global-color-5)","background-image":"","background-repeat":"repeat","background-position":"center center","background-size":"auto","background-attachment":"scroll","background-type":"","background-media":"","overlay-type":"","overlay-color":"","overlay-opacity":"","overlay-gradient":""},"tablet":{"background-color":"var(--ast-global-color-5)","background-image":"","background-repeat":"repeat","background-position":"center center","background-size":"auto","background-attachment":"scroll","background-type":"","background-media":"","overlay-type":"","overlay-color":"","overlay-opacity":"","overlay-gradient":""},"mobile":{"background-color":"var(--ast-global-color-5)","background-image":"","background-repeat":"repeat","background-position":"center center","background-size":"auto","background-attachment":"scroll","background-type":"","background-media":"","overlay-type":"","overlay-color":"","overlay-opacity":"","overlay-gradient":""}},"footnotes":""},"class_list":["post-1375","page","type-page","status-publish","hentry"],"post_mailing_queue_ids":[],"_links":{"self":[{"href":"https:\/\/agora.xtec.cat\/iesgabrielamistral\/wp-json\/wp\/v2\/pages\/1375","targetHints":{"allow":["GET"]}}],"collection":[{"href":"https:\/\/agora.xtec.cat\/iesgabrielamistral\/wp-json\/wp\/v2\/pages"}],"about":[{"href":"https:\/\/agora.xtec.cat\/iesgabrielamistral\/wp-json\/wp\/v2\/types\/page"}],"author":[{"embeddable":true,"href":"https:\/\/agora.xtec.cat\/iesgabrielamistral\/wp-json\/wp\/v2\/users\/1"}],"replies":[{"embeddable":true,"href":"https:\/\/agora.xtec.cat\/iesgabrielamistral\/wp-json\/wp\/v2\/comments?post=1375"}],"version-history":[{"count":7,"href":"https:\/\/agora.xtec.cat\/iesgabrielamistral\/wp-json\/wp\/v2\/pages\/1375\/revisions"}],"predecessor-version":[{"id":16099,"href":"https:\/\/agora.xtec.cat\/iesgabrielamistral\/wp-json\/wp\/v2\/pages\/1375\/revisions\/16099"}],"up":[{"embeddable":true,"href":"https:\/\/agora.xtec.cat\/iesgabrielamistral\/wp-json\/wp\/v2\/pages\/57"}],"wp:attachment":[{"href":"https:\/\/agora.xtec.cat\/iesgabrielamistral\/wp-json\/wp\/v2\/media?parent=1375"}],"curies":[{"name":"wp","href":"https:\/\/api.w.org\/{rel}","templated":true}]}}