{"id":13552,"date":"2022-04-20T18:45:52","date_gmt":"2022-04-20T16:45:52","guid":{"rendered":"https:\/\/agora.xtec.cat\/iesgabrielamistral\/?page_id=13552"},"modified":"2026-05-05T10:49:59","modified_gmt":"2026-05-05T08:49:59","slug":"preinscripcio-i-matricula-pfi","status":"publish","type":"page","link":"https:\/\/agora.xtec.cat\/iesgabrielamistral\/preinscripcio-i-matricula\/preinscripcio-i-matricula-pfi\/","title":{"rendered":"Preinscripci\u00f3 i matr\u00edcula PFI"},"content":{"rendered":"<h1 style=\"text-align: center;\"><span style=\"text-decoration: underline;\"><span style=\"font-size: 20px;\"><strong><span style=\"font-size: 24px;\">Estudis: <\/span><\/strong><span style=\"font-size: 24px;\"><strong>Auxiliar de Pastisseria i Forneria i Auxiliar de Muntatge i Manteniment d&#8217;Equips Inform\u00e0tics.<\/strong><\/span><\/span><\/span><b><\/b><\/h1>\n<h4 style=\"text-align: center;\">\u00a0<\/h4>\n<p>&nbsp;<\/p>\n<h2><span style=\"font-size: 24px;\"><strong>Dates:<\/strong><\/span><\/h2>\n<ul>\n<li aria-level=\"1\">Portes Obertes:<strong> 6 de maig de 2026 a les 17:30 a <a href=\"https:\/\/maps.app.goo.gl\/h6rKrpJo9ndqp9p77\">la seu del PFI-PTT<\/a>.<\/strong><\/li>\n<li aria-level=\"1\"><a href=\"https:\/\/agora.xtec.cat\/iesgabrielamistral\/wp-content\/uploads\/usu246\/2026\/05\/resoluci__zonificaci___annex__26_27.pdf\">Resoluci\u00f3 d&#8217;\u00e0rees d&#8217;influ\u00e8ncia<\/a><\/li>\n<li aria-level=\"1\"><a href=\"https:\/\/agora.xtec.cat\/iesgabrielamistral\/wp-content\/uploads\/usu246\/2026\/04\/INFORME_OFERTA_OME_INFORME_OFERTA-2.pdf\">Publicaci\u00f3 de l&#8217;oferta: <strong style=\"font-family: inherit; font-size: 1em;\">\u00a030 d&#8217;abril de 2026<\/strong><\/a><\/li>\n<li aria-level=\"1\">Preparaci\u00f3 de la <strong>documentaci\u00f3<\/strong> per tramitar la preinscripci\u00f3. Consulta-la <strong>aqu\u00ed<\/strong>.<\/li>\n<li aria-level=\"1\"><strong>Presentaci\u00f3 en l\u00ednia<\/strong> de sol\u00b7licituds de preinscripci\u00f3: <strong>del 4 al 13 de maig de 2026<\/strong>\u00a0<a href=\"https:\/\/tramits.gencat.cat\/ca\/tramits\/tramits-temes\/preinscripcio-pfi\" target=\"_blank\" rel=\"noopener\"><strong>aqu\u00ed<\/strong><\/a>.<\/li>\n<li aria-level=\"1\"><strong>Entrevistes d&#8217;orientaci\u00f3: el 4 al 26 de maig de 2026, a <a href=\"https:\/\/maps.app.goo.gl\/h6rKrpJo9ndqp9p77\">la seu del PFI-PTT<\/a>.<\/strong>\u00a0<\/li>\n<li aria-level=\"1\">Llista de sol\u00b7licituds amb la puntuaci\u00f3 provisional <strong>28 de maig de 2026<\/strong>.<\/li>\n<li aria-level=\"1\"><span style=\"font-size: 16px;\">Presentaci\u00f3 de reclamacions: <strong>del 28 de maig al 3 de juny de 2026<\/strong>.<\/span><\/li>\n<li style=\"font-weight: 400;\" aria-level=\"1\">Llista ordenada de sol\u00b7licituds amb la puntuaci\u00f3 definitiva un cop resoltes les reclamacions: <strong>\u00a08 de juny de 2026<\/strong>.<\/li>\n<li aria-level=\"1\"><strong>Llista ordenada de sol\u00b7licituds<\/strong><span style=\"font-size: 20px;\"><span style=\"font-size: 16px;\"><span style=\"font-weight: 400;\"><strong>:<\/strong> <strong>11 de juny de 2026<\/strong><\/span><\/span><\/span><\/li>\n<li style=\"font-weight: 400;\" aria-level=\"1\">Ampliaci\u00f3 de peticions per a les sol\u00b7licituds sense assignaci\u00f3: <strong>del 25 al 29 de juny de 2026<\/strong>.<\/li>\n<li aria-level=\"1\">Oferta final de places<a href=\"https:\/\/agora.xtec.cat\/iesgabrielamistral\/wp-content\/uploads\/usu246\/2025\/07\/INFORME_OFERTA_OME_INFORME_OFERTA-FINAL-5.pdf\">.<\/a> <strong>\u00a03 de juliol de 2026.\u00a0<\/strong><\/li>\n<li style=\"font-weight: 400;\" aria-level=\"1\"><span style=\"font-size: 20px;\"><span style=\"font-size: 16px;\"><span style=\"font-weight: 400;\">Llista d&#8217;<\/span>alumnes<span style=\"font-weight: 400;\"> admesos i llista d&#8217;espera <strong>3 de juliol de 2026<\/strong><\/span><\/span><\/span><\/li>\n<li style=\"font-weight: 400;\" aria-level=\"1\"><span style=\"font-weight: 400; font-size: 16px;\">Formalitzaci\u00f3 de la matr\u00edcula: del<strong> 6 a l&#8217;10 de juliol de 2026<\/strong>\u00a0a trav\u00e9s d&#8217;aquest enlla\u00e7.\u00a0<\/span><\/li>\n<\/ul>\n<p><span style=\"font-weight: 400;\">Si necessiteu ajuda, podeu trucar a l\u2019Institut, 93.656.00.00, o al PFI- Inform\u00e0tica 600470246 o al PFI- Pastisseria 600774704<\/span><\/p>\n<p>&nbsp;<\/p>\n","protected":false},"excerpt":{"rendered":"<p>Estudis: Auxiliar de Pastisseria i Forneria i Auxiliar de Muntatge i Manteniment d&#8217;Equips Inform\u00e0tics. \u00a0 &nbsp; Dates: Portes Obertes: 6 de maig de 2026 a les 17:30 a la seu del PFI-PTT. Resoluci\u00f3 d&#8217;\u00e0rees d&#8217;influ\u00e8ncia Publicaci\u00f3 de l&#8217;oferta: \u00a030 d&#8217;abril de 2026 Preparaci\u00f3 de la documentaci\u00f3 per tramitar la preinscripci\u00f3. Consulta-la aqu\u00ed. Presentaci\u00f3 en l\u00ednia [&hellip;]<\/p>\n","protected":false},"author":11,"featured_media":0,"parent":13534,"menu_order":0,"comment_status":"closed","ping_status":"closed","template":"","meta":{"_bbp_topic_count":0,"_bbp_reply_count":0,"_bbp_total_topic_count":0,"_bbp_total_reply_count":0,"_bbp_voice_count":0,"_bbp_anonymous_reply_count":0,"_bbp_topic_count_hidden":0,"_bbp_reply_count_hidden":0,"_bbp_forum_subforum_count":0,"site-sidebar-layout":"default","site-content-layout":"","ast-site-content-layout":"default","site-content-style":"default","site-sidebar-style":"default","ast-global-header-display":"","ast-banner-title-visibility":"","ast-main-header-display":"","ast-hfb-above-header-display":"","ast-hfb-below-header-display":"","ast-hfb-mobile-header-display":"","site-post-title":"","ast-breadcrumbs-content":"","ast-featured-img":"","footer-sml-layout":"","theme-transparent-header-meta":"default","adv-header-id-meta":"","stick-header-meta":"","header-above-stick-meta":"","header-main-stick-meta":"","header-below-stick-meta":"","astra-migrate-meta-layouts":"set","ast-page-background-enabled":"default","ast-page-background-meta":{"desktop":{"background-color":"var(--ast-global-color-4)","background-image":"","background-repeat":"repeat","background-position":"center center","background-size":"auto","background-attachment":"scroll","background-type":"","background-media":"","overlay-type":"","overlay-color":"","overlay-opacity":"","overlay-gradient":""},"tablet":{"background-color":"","background-image":"","background-repeat":"repeat","background-position":"center center","background-size":"auto","background-attachment":"scroll","background-type":"","background-media":"","overlay-type":"","overlay-color":"","overlay-opacity":"","overlay-gradient":""},"mobile":{"background-color":"","background-image":"","background-repeat":"repeat","background-position":"center center","background-size":"auto","background-attachment":"scroll","background-type":"","background-media":"","overlay-type":"","overlay-color":"","overlay-opacity":"","overlay-gradient":""}},"ast-content-background-meta":{"desktop":{"background-color":"var(--ast-global-color-5)","background-image":"","background-repeat":"repeat","background-position":"center center","background-size":"auto","background-attachment":"scroll","background-type":"","background-media":"","overlay-type":"","overlay-color":"","overlay-opacity":"","overlay-gradient":""},"tablet":{"background-color":"var(--ast-global-color-5)","background-image":"","background-repeat":"repeat","background-position":"center center","background-size":"auto","background-attachment":"scroll","background-type":"","background-media":"","overlay-type":"","overlay-color":"","overlay-opacity":"","overlay-gradient":""},"mobile":{"background-color":"var(--ast-global-color-5)","background-image":"","background-repeat":"repeat","background-position":"center center","background-size":"auto","background-attachment":"scroll","background-type":"","background-media":"","overlay-type":"","overlay-color":"","overlay-opacity":"","overlay-gradient":""}},"footnotes":""},"class_list":["post-13552","page","type-page","status-publish","hentry"],"post_mailing_queue_ids":[],"_links":{"self":[{"href":"https:\/\/agora.xtec.cat\/iesgabrielamistral\/wp-json\/wp\/v2\/pages\/13552","targetHints":{"allow":["GET"]}}],"collection":[{"href":"https:\/\/agora.xtec.cat\/iesgabrielamistral\/wp-json\/wp\/v2\/pages"}],"about":[{"href":"https:\/\/agora.xtec.cat\/iesgabrielamistral\/wp-json\/wp\/v2\/types\/page"}],"author":[{"embeddable":true,"href":"https:\/\/agora.xtec.cat\/iesgabrielamistral\/wp-json\/wp\/v2\/users\/11"}],"replies":[{"embeddable":true,"href":"https:\/\/agora.xtec.cat\/iesgabrielamistral\/wp-json\/wp\/v2\/comments?post=13552"}],"version-history":[{"count":6,"href":"https:\/\/agora.xtec.cat\/iesgabrielamistral\/wp-json\/wp\/v2\/pages\/13552\/revisions"}],"predecessor-version":[{"id":19251,"href":"https:\/\/agora.xtec.cat\/iesgabrielamistral\/wp-json\/wp\/v2\/pages\/13552\/revisions\/19251"}],"up":[{"embeddable":true,"href":"https:\/\/agora.xtec.cat\/iesgabrielamistral\/wp-json\/wp\/v2\/pages\/13534"}],"wp:attachment":[{"href":"https:\/\/agora.xtec.cat\/iesgabrielamistral\/wp-json\/wp\/v2\/media?parent=13552"}],"curies":[{"name":"wp","href":"https:\/\/api.w.org\/{rel}","templated":true}]}}