{"id":13543,"date":"2022-04-20T18:41:27","date_gmt":"2022-04-20T16:41:27","guid":{"rendered":"https:\/\/agora.xtec.cat\/iesgabrielamistral\/?page_id=13543"},"modified":"2026-04-15T10:42:36","modified_gmt":"2026-04-15T08:42:36","slug":"preinscripcio-cicles-formatius-grau-mitja","status":"publish","type":"page","link":"https:\/\/agora.xtec.cat\/iesgabrielamistral\/preinscripcio-i-matricula\/preinscripcio-cicles-formatius-grau-mitja\/","title":{"rendered":"Preinscripci\u00f3 Cicles Formatius Grau Mitj\u00e0"},"content":{"rendered":"<div aria-hidden=\"true\">\n<div class=\"aVY aZn\">\n<div style=\"text-align: left;\" aria-hidden=\"true\">\u00a0<\/div>\n<\/div>\n<\/div>\n<section class=\"padding-xs padding-sm padding-md colorSectionOdd\">\n<article class=\"container fullcontainer-xs\">\n<div class=\"row\">\n<div id=\"center_2R\">\n<div id=\"llista_d4b517b6-5c0d-11eb-9783-005056924a59_4ce3011c-dbb6-11ee-8555-005056ba51b2\" class=\"fpca_llista_enllacIcones formatter_body\">\n<div class=\"wrapper_llista_enllacIcones\">\n<p class=\"western\" lang=\"ca-ES\"><span style=\"color: #444444;\">Adreceu qualsevol consulta sobre el proc\u00e9s de preinscripci\u00f3 i matr\u00edcula a l\u2019adre\u00e7a <\/span><a href=\"mailto:preinscripcio@insgabrielamistral.cat\"><span style=\"color: #087eb6;\"><u>preinscripcio@insgabrielamistral.cat<\/u><\/span><\/a><span style=\"color: #444444;\">.<\/span><\/p>\n<p lang=\"ca-ES\"><span style=\"font-weight: 400;\">Accediu a la p\u00e0gina<\/span> <a href=\"https:\/\/preinscripcio.gencat.cat\/ca\/estudis\/fp-grau-mitja\/inici\/\"><span style=\"font-weight: 400;\">preinscripcio.gencat.cat\u00a0<\/span><\/a> i consulteu la<span style=\"color: #444444;\"> informaci\u00f3 espec\u00edfica .<\/span><\/p>\n<p class=\"western\" lang=\"ca-ES\"><span style=\"color: #444444;\">Si necessiteu ajuda, podeu trucar a l\u2019Institut (936560000).<\/span><\/p>\n<p class=\"western\" lang=\"ca-ES\"><span style=\"color: #444444;\">Els\u00a0<\/span><span style=\"color: #444444;\"><b>enlla\u00e7os seg\u00fcents seran actius<\/b><\/span><span style=\"color: #444444;\">\u00a0a mesura que avanci el proc\u00e9s de preinscripci\u00f3 i matr\u00edcula.<\/span><\/p>\n<\/div>\n<\/div>\n<\/div>\n<div class=\"col content-col\">\n<ul>\n<li style=\"list-style-type: none;\">\n<ul>\n<li>22 de maig de 2026: oferta inicial de places escolars<\/li>\n<li>Del 26 de maig a l&#8217;1 de juny de 2026: presentaci\u00f3 de sol\u00b7licituds (i fins el 2 de juny presentaci\u00f3 de documentaci\u00f3)<\/li>\n<li><span style=\"font-size: 16px;\">29 de juny de 2026: llista de sol\u00b7licituds amb la puntuaci\u00f3 provisional<\/span><\/li>\n<li>Del 29 de juny al 2 de juliol de 2026: presentaci\u00f3 de reclamacions<\/li>\n<li><span style=\"font-size: 16px;\">6 de juliol de 2026: sorteig per resoldre les sol\u00b7licituds de preinscripci\u00f3 empatades en punts<\/span><span style=\"font-size: 16px;\">. El sorteig tindr\u00e0 lloc a les 11 hores, als serveis centrals del Departament d&#8217;Educaci\u00f3 i Formaci\u00f3 Professional (Via Augusta, 202-226, Barcelona).<\/span><\/li>\n<li>7 de juliol de 2026: llista de sol\u00b7licituds amb la puntuaci\u00f3 un cop resoltes les reclamacions<\/li>\n<li>10 de juliol de 2026: oferta final de places<\/li>\n<li><span style=\"font-size: 16px;\">10 de juliol de 2026: llista de places assignades de la primera tanda, amb indicaci\u00f3 de la petici\u00f3 atesa de l&#8217;alumne\/a<\/span><\/li>\n<li><span style=\"font-size: 16px;\">Del 10 al 14 de juliol de 2026: confirma la matr\u00edcula, millora l&#8217;assignaci\u00f3 o renuncia a la pla\u00e7a assignada<\/span><\/li>\n<\/ul>\n<\/li>\n<\/ul>\n<p style=\"padding-left: 80px;\"><strong style=\"font-size: 16px;\">En aquest per\u00edode, pots:<\/strong><\/p>\n<div class=\"list-item-wrapper\">\n<div class=\"col content-col\">\n<div class=\"bloc-mobil\">\n<div class=\"descripcio link-dotted\">\n<ul>\n<li style=\"list-style-type: none;\">\n<ul>\n<li style=\"list-style-type: none;\">\n<ul>\n<li><strong>Confirmar la matr\u00edcula\u00a0<\/strong>en l\u00ednia si tens assignada la teva primera opci\u00f3 en la primera assignaci\u00f3; o<\/li>\n<li><strong>Millorar l&#8217;assignaci\u00f3; <\/strong>o<\/li>\n<li><strong>Renunciar\u00a0<\/strong>a la pla\u00e7a assignada.<\/li>\n<\/ul>\n<\/li>\n<\/ul>\n<\/li>\n<\/ul>\n<p style=\"padding-left: 80px;\"><span style=\"text-decoration: underline;\">Has de tenir en compte que si renuncies o no fas la confirmaci\u00f3 de matr\u00edcula en l\u00ednia, perdr\u00e0s la pla\u00e7a assignada i quedar\u00e0s excl\u00f2s\/osa del proc\u00e9s.<\/span><\/p>\n<p style=\"padding-left: 40px;\"><strong>Tot i haver confirmat la matr\u00edcula en l\u00ednia has de completar la matr\u00edcula adre\u00e7ant-te al centre assignat:<\/strong><\/p>\n<ul>\n<li style=\"list-style-type: none;\">\n<ul>\n<li>Del 10 al 16 de juliol de 2026, fins a les 14 h: per\u00edode per completar la matr\u00edcula al centre (primera tanda). <span style=\"font-size: 16px;\">Si has confirmat la matr\u00edcula en l\u00ednia de la pla\u00e7a assignada en la primera tanda d&#8217;assignaci\u00f3.<\/span><\/li>\n<\/ul>\n<\/li>\n<\/ul>\n<p>&nbsp;<\/p>\n<ul>\n<li style=\"list-style-type: none;\">\n<ul>\n<li><span style=\"font-size: 16px;\">24 de juliol de 2026: llista de places assignades en la segona tanda d&#8217;assignaci\u00f3 i en la proposta d&#8217;assignaci\u00f3<\/span><\/li>\n<li><span style=\"font-size: 16px;\">Del 24 al 28 de juliol de 2026: confirma la matr\u00edcula o renuncia a la pla\u00e7a assignada<\/span><\/li>\n<\/ul>\n<\/li>\n<\/ul>\n<ul>\n<li style=\"list-style-type: none;\">\u00a0<\/li>\n<\/ul>\n<\/div>\n<\/div>\n<\/div>\n<\/div>\n<div class=\"list-item-wrapper\">\n<div class=\"col content-col\">\n<div class=\"bloc-mobil\">\n<div class=\"descripcio link-dotted\">\n<p style=\"padding-left: 80px;\"><strong>En aquest per\u00edode, pots:<\/strong><\/p>\n<ul>\n<li style=\"list-style-type: none;\">\n<ul>\n<li style=\"list-style-type: none;\">\n<ul>\n<li><strong>Confirmar la matr\u00edcula<\/strong>\u00a0en l\u00ednia si acceptes la pla\u00e7a assignada en la segona tanda d&#8217;assignaci\u00f3 o en la proposta d&#8217;assignaci\u00f3; o<\/li>\n<li><strong>Renunciar<\/strong>\u00a0a la pla\u00e7a assignada.<\/li>\n<\/ul>\n<\/li>\n<\/ul>\n<\/li>\n<\/ul>\n<p style=\"padding-left: 80px;\"><span style=\"text-decoration: underline;\">Has de tenir en compte que si renuncies o no fas la confirmaci\u00f3 de matr\u00edcula en l\u00ednia, perdr\u00e0s la pla\u00e7a assignada i quedar\u00e0s excl\u00f2s\/osa del proc\u00e9s.<\/span><\/p>\n<p style=\"padding-left: 40px;\"><strong>Tot i haver confirmat la matr\u00edcula en l\u00ednia has de completar la matr\u00edcula adre\u00e7ant-te al centre assignat:<\/strong><\/p>\n<\/div>\n<\/div>\n<\/div>\n<ul>\n<li>Del 24 al 29 de juliol de 2026, ambd\u00f3s inclosos: per\u00edode per completar la matr\u00edcula al centre (2a tanda i proposta d&#8217;assignaci\u00f3). Excepcionalment de l&#8217;1 al 3 de setembre de 2026. <span style=\"font-size: 16px;\">Si has confirmat la matr\u00edcula en l\u00ednia de la pla\u00e7a assignada en la segona tanda d&#8217;assignaci\u00f3.<\/span><\/li>\n<\/ul>\n<p><strong><span style=\"font-size: 28px;\">Pautes per fer la matr\u00edcula (online)<\/span><\/strong><\/p>\n<p>Per formalitzar la matr\u00edcula necessitareu tenir a m\u00e0:<\/p>\n<ul>\n<li>DNI alumne\/a<\/li>\n<li>Targeta sanit\u00e0ria de l\u2019alumne\/a<\/li>\n<li>DNI mare, pare o tutor\/a legal (en cas d\u2019alumnat menor d\u2019edat)<\/li>\n<li>Llibre de fam\u00edlia (en cas d\u2019alumnat menor d\u2019edat)<\/li>\n<li>Certificat acreditatiu dels estudis d\u2019acc\u00e9s al cicle<\/li>\n<li>Resguard de pagament<br \/>\nL\u2019emplenament del formulari triga uns deu minuts.\u00a0<\/li>\n<\/ul>\n<p data-start=\"63\" data-end=\"95\">En acabar d\u2019omplir el formulari:<\/p>\n<ul data-start=\"97\" data-end=\"471\">\n<li data-section-id=\"12grnz\" data-start=\"97\" data-end=\"168\">Rebreu al vostre correu electr\u00f2nic el document complet de matr\u00edcula<\/li>\n<li data-section-id=\"469k44\" data-start=\"169\" data-end=\"266\">El podreu signar online de manera f\u00e0cil a trav\u00e9s de\u00a0<strong data-start=\"223\" data-end=\"264\"><span class=\"hover:entity-accent entity-underline inline cursor-pointer align-baseline\"><span class=\"whitespace-normal\">Signaturit<\/span><\/span><\/strong><\/li>\n<li data-section-id=\"49c00u\" data-start=\"267\" data-end=\"332\">No cal disposar de signatura digital ni imprimir cap document<\/li>\n<li data-section-id=\"lfuznl\" data-start=\"333\" data-end=\"386\">Un cop signat, s\u2019enviar\u00e0 autom\u00e0ticament al centre<\/li>\n<li data-section-id=\"1gxccs5\" data-start=\"387\" data-end=\"471\">Tamb\u00e9 rebreu les instruccions per al pagament de la quota de material i sortides<\/li>\n<\/ul>\n<p data-start=\"473\" data-end=\"544\">Si teniu qualsevol dubte, podeu contactar amb la secretaria del centre a trav\u00e9s del correu preinscripci\u00f3@insgabrielamistral.cat<\/p>\n<p>La informaci\u00f3 sobre els\u00a0<strong>llibres de text<\/strong>\u00a0la trobareu\u00a0aqu\u00ed (Primera quinzena de juliol)\u00a0<\/p>\n<p>&nbsp;<\/p>\n<p><span style=\"font-size: 28px;\"><b>MATR\u00cdCULA INTERNA\u00a0<\/b><strong>(del 25 de juny al 3 de juliol)<\/strong><\/span><\/p>\n<p>A trav\u00e9s dels formularis pertinents (s\u2019obriran el dia\u00a0 de juny):<\/p>\n<ul>\n<li>Formulari matr\u00edcula CFGM APD (pendent, s\u2019obrir\u00e0 el dia 25 de juny).\u00a0\u00a0<\/li>\n<li>Formulari matr\u00edcula CFGM SMX (pendent, s\u2019obrir\u00e0 el dia\u00a0 25 de juny).<\/li>\n<li style=\"list-style-type: none;\">\u00a0<\/li>\n<\/ul>\n<p>&nbsp;<\/p>\n<\/div>\n<\/div>\n<\/div>\n<\/article>\n<\/section>\n<section class=\"padding-xs padding-sm padding-md colorSectionOdd\">\n<article class=\"container fullcontainer-xs\">\n<div class=\"row\">\n<div id=\"center_5R\">\n<div id=\"llista_211b9692-71fe-11eb-b36d-005056924a59_211b9693-71fe-11eb-b36d-005056924a59\" class=\"fpca_llista_enllacIcones formatter_body\">\n<div class=\"wrapper_llista_enllacIcones\">\n<p>&nbsp;<\/p>\n<\/div>\n<\/div>\n<\/div>\n<\/div>\n<\/article>\n<\/section>\n","protected":false},"excerpt":{"rendered":"<p>\u00a0 Adreceu qualsevol consulta sobre el proc\u00e9s de preinscripci\u00f3 i matr\u00edcula a l\u2019adre\u00e7a preinscripcio@insgabrielamistral.cat. Accediu a la p\u00e0gina preinscripcio.gencat.cat\u00a0 i consulteu la informaci\u00f3 espec\u00edfica . Si necessiteu ajuda, podeu trucar a l\u2019Institut (936560000). Els\u00a0enlla\u00e7os seg\u00fcents seran actius\u00a0a mesura que avanci el proc\u00e9s de preinscripci\u00f3 i matr\u00edcula. 22 de maig de 2026: oferta inicial de places [&hellip;]<\/p>\n","protected":false},"author":11,"featured_media":0,"parent":13534,"menu_order":0,"comment_status":"closed","ping_status":"closed","template":"","meta":{"_bbp_topic_count":0,"_bbp_reply_count":0,"_bbp_total_topic_count":0,"_bbp_total_reply_count":0,"_bbp_voice_count":0,"_bbp_anonymous_reply_count":0,"_bbp_topic_count_hidden":0,"_bbp_reply_count_hidden":0,"_bbp_forum_subforum_count":0,"site-sidebar-layout":"default","site-content-layout":"","ast-site-content-layout":"default","site-content-style":"default","site-sidebar-style":"default","ast-global-header-display":"","ast-banner-title-visibility":"","ast-main-header-display":"","ast-hfb-above-header-display":"","ast-hfb-below-header-display":"","ast-hfb-mobile-header-display":"","site-post-title":"","ast-breadcrumbs-content":"","ast-featured-img":"","footer-sml-layout":"","theme-transparent-header-meta":"default","adv-header-id-meta":"","stick-header-meta":"","header-above-stick-meta":"","header-main-stick-meta":"","header-below-stick-meta":"","astra-migrate-meta-layouts":"set","ast-page-background-enabled":"default","ast-page-background-meta":{"desktop":{"background-color":"var(--ast-global-color-4)","background-image":"","background-repeat":"repeat","background-position":"center center","background-size":"auto","background-attachment":"scroll","background-type":"","background-media":"","overlay-type":"","overlay-color":"","overlay-opacity":"","overlay-gradient":""},"tablet":{"background-color":"","background-image":"","background-repeat":"repeat","background-position":"center center","background-size":"auto","background-attachment":"scroll","background-type":"","background-media":"","overlay-type":"","overlay-color":"","overlay-opacity":"","overlay-gradient":""},"mobile":{"background-color":"","background-image":"","background-repeat":"repeat","background-position":"center center","background-size":"auto","background-attachment":"scroll","background-type":"","background-media":"","overlay-type":"","overlay-color":"","overlay-opacity":"","overlay-gradient":""}},"ast-content-background-meta":{"desktop":{"background-color":"var(--ast-global-color-5)","background-image":"","background-repeat":"repeat","background-position":"center center","background-size":"auto","background-attachment":"scroll","background-type":"","background-media":"","overlay-type":"","overlay-color":"","overlay-opacity":"","overlay-gradient":""},"tablet":{"background-color":"var(--ast-global-color-5)","background-image":"","background-repeat":"repeat","background-position":"center center","background-size":"auto","background-attachment":"scroll","background-type":"","background-media":"","overlay-type":"","overlay-color":"","overlay-opacity":"","overlay-gradient":""},"mobile":{"background-color":"var(--ast-global-color-5)","background-image":"","background-repeat":"repeat","background-position":"center center","background-size":"auto","background-attachment":"scroll","background-type":"","background-media":"","overlay-type":"","overlay-color":"","overlay-opacity":"","overlay-gradient":""}},"footnotes":""},"class_list":["post-13543","page","type-page","status-publish","hentry"],"post_mailing_queue_ids":[],"_links":{"self":[{"href":"https:\/\/agora.xtec.cat\/iesgabrielamistral\/wp-json\/wp\/v2\/pages\/13543","targetHints":{"allow":["GET"]}}],"collection":[{"href":"https:\/\/agora.xtec.cat\/iesgabrielamistral\/wp-json\/wp\/v2\/pages"}],"about":[{"href":"https:\/\/agora.xtec.cat\/iesgabrielamistral\/wp-json\/wp\/v2\/types\/page"}],"author":[{"embeddable":true,"href":"https:\/\/agora.xtec.cat\/iesgabrielamistral\/wp-json\/wp\/v2\/users\/11"}],"replies":[{"embeddable":true,"href":"https:\/\/agora.xtec.cat\/iesgabrielamistral\/wp-json\/wp\/v2\/comments?post=13543"}],"version-history":[{"count":9,"href":"https:\/\/agora.xtec.cat\/iesgabrielamistral\/wp-json\/wp\/v2\/pages\/13543\/revisions"}],"predecessor-version":[{"id":14626,"href":"https:\/\/agora.xtec.cat\/iesgabrielamistral\/wp-json\/wp\/v2\/pages\/13543\/revisions\/14626"}],"up":[{"embeddable":true,"href":"https:\/\/agora.xtec.cat\/iesgabrielamistral\/wp-json\/wp\/v2\/pages\/13534"}],"wp:attachment":[{"href":"https:\/\/agora.xtec.cat\/iesgabrielamistral\/wp-json\/wp\/v2\/media?parent=13543"}],"curies":[{"name":"wp","href":"https:\/\/api.w.org\/{rel}","templated":true}]}}