{"id":13534,"date":"2022-04-20T17:52:14","date_gmt":"2022-04-20T15:52:14","guid":{"rendered":"https:\/\/agora.xtec.cat\/iesgabrielamistral\/?page_id=13534"},"modified":"2026-03-24T09:16:33","modified_gmt":"2026-03-24T08:16:33","slug":"preinscripcio-i-matricula","status":"publish","type":"page","link":"https:\/\/agora.xtec.cat\/iesgabrielamistral\/preinscripcio-i-matricula\/","title":{"rendered":"Preinscripci\u00f3, matr\u00edcula i pagament"},"content":{"rendered":"<p>Adreceu qualsevol consulta sobre el proc\u00e9s de preinscripci\u00f3 i matr\u00edcula a l&#8217;adre\u00e7a <a href=\"mailto:preinscripcio@insgabrielamistral.cat\" target=\"_blank\" rel=\"noopener\">preinscripcio@insgabrielamistral.cat<\/a>.<\/p>\n<ul>\n<li><a href=\"https:\/\/agora.xtec.cat\/iesgabrielamistral\/preinscripcio-i-matricula\/preinscripcio-i-matricula-eso\/\"><span style=\"font-size: 20px;\"><strong>ESO<\/strong><\/span><\/a><\/li>\n<li><a href=\"https:\/\/agora.xtec.cat\/iesgabrielamistral\/preinscripcio-i-matricula\/preinscripcio-i-matricula-batxillerat\/\"><span style=\"font-size: 20px;\"><strong>Batxillerat<\/strong><\/span><\/a><\/li>\n<li><a href=\"https:\/\/agora.xtec.cat\/iesgabrielamistral\/preinscripcio-i-matricula\/preinscripcio-cicles-formatius-grau-mitja\/\"><span style=\"font-size: 20px;\"><strong>Cicles Formatius Grau Mitj\u00e0<\/strong><\/span><\/a><\/li>\n<li><a href=\"https:\/\/agora.xtec.cat\/iesgabrielamistral\/preinscripcio-i-matricula\/preinscripcio-i-matricula-cicles-formatius-grau-superior\/\"><span style=\"font-size: 20px;\"><strong style=\"font-family: inherit;\">Cicles Formatius Grau Superior<\/strong><\/span><\/a><\/li>\n<li><a href=\"https:\/\/agora.xtec.cat\/iesgabrielamistral\/preinscripcio-i-matricula\/preinscripcio-i-matricula-ife\/\"><span style=\"font-size: 20px;\"><strong>IFE<\/strong><\/span><\/a><\/li>\n<li><a href=\"https:\/\/agora.xtec.cat\/iesgabrielamistral\/preinscripcio-i-matricula\/preinscripcio-i-matricula-cfgb-informatica-doficina\/\"><span style=\"font-size: 20px;\"><strong>CFGB Inform\u00e0tica d&#8217;oficina<\/strong><\/span><\/a><\/li>\n<li><a href=\"https:\/\/agora.xtec.cat\/iesgabrielamistral\/preinscripcio-i-matricula\/preinscripcio-i-matricula-pfi\/\"><span style=\"font-size: 20px;\"><b>PFI<\/b><\/span><\/a><\/li>\n<\/ul>\n<p><img loading=\"lazy\" decoding=\"async\" class=\"alignleft wp-image-19031\" src=\"https:\/\/agora.xtec.cat\/iesgabrielamistral\/wp-content\/uploads\/usu246\/2026\/03\/post-instagram-aceptamos-tarjetas-moderno-3d-boho-beige-cafe.png\" alt=\"\" width=\"70\" height=\"88\" srcset=\"https:\/\/agora.xtec.cat\/iesgabrielamistral\/wp-content\/uploads\/usu246\/2026\/03\/post-instagram-aceptamos-tarjetas-moderno-3d-boho-beige-cafe.png 1080w, https:\/\/agora.xtec.cat\/iesgabrielamistral\/wp-content\/uploads\/usu246\/2026\/03\/post-instagram-aceptamos-tarjetas-moderno-3d-boho-beige-cafe-240x300.png 240w, https:\/\/agora.xtec.cat\/iesgabrielamistral\/wp-content\/uploads\/usu246\/2026\/03\/post-instagram-aceptamos-tarjetas-moderno-3d-boho-beige-cafe-819x1024.png 819w, https:\/\/agora.xtec.cat\/iesgabrielamistral\/wp-content\/uploads\/usu246\/2026\/03\/post-instagram-aceptamos-tarjetas-moderno-3d-boho-beige-cafe-768x960.png 768w\" sizes=\"auto, (max-width: 70px) 100vw, 70px\" \/><\/p>\n<p><a href=\"https:\/\/agora.xtec.cat\/iesgabrielamistral\/tpv\"><span style=\"font-size: 20px;\"><strong>P\u00c0GINA DE PAGAMENT (PROVISIONAL)<\/strong><\/span><\/a><\/p>\n","protected":false},"excerpt":{"rendered":"<p>Adreceu qualsevol consulta sobre el proc\u00e9s de preinscripci\u00f3 i matr\u00edcula a l&#8217;adre\u00e7a preinscripcio@insgabrielamistral.cat. ESO Batxillerat Cicles Formatius Grau Mitj\u00e0 Cicles Formatius Grau Superior IFE CFGB Inform\u00e0tica d&#8217;oficina PFI P\u00c0GINA DE PAGAMENT (PROVISIONAL)<\/p>\n","protected":false},"author":11,"featured_media":0,"parent":0,"menu_order":0,"comment_status":"closed","ping_status":"closed","template":"","meta":{"_bbp_topic_count":0,"_bbp_reply_count":0,"_bbp_total_topic_count":0,"_bbp_total_reply_count":0,"_bbp_voice_count":0,"_bbp_anonymous_reply_count":0,"_bbp_topic_count_hidden":0,"_bbp_reply_count_hidden":0,"_bbp_forum_subforum_count":0,"site-sidebar-layout":"default","site-content-layout":"","ast-site-content-layout":"default","site-content-style":"default","site-sidebar-style":"default","ast-global-header-display":"","ast-banner-title-visibility":"","ast-main-header-display":"","ast-hfb-above-header-display":"","ast-hfb-below-header-display":"","ast-hfb-mobile-header-display":"","site-post-title":"","ast-breadcrumbs-content":"","ast-featured-img":"","footer-sml-layout":"","theme-transparent-header-meta":"default","adv-header-id-meta":"","stick-header-meta":"","header-above-stick-meta":"","header-main-stick-meta":"","header-below-stick-meta":"","astra-migrate-meta-layouts":"set","ast-page-background-enabled":"default","ast-page-background-meta":{"desktop":{"background-color":"var(--ast-global-color-4)","background-image":"","background-repeat":"repeat","background-position":"center center","background-size":"auto","background-attachment":"scroll","background-type":"","background-media":"","overlay-type":"","overlay-color":"","overlay-opacity":"","overlay-gradient":""},"tablet":{"background-color":"","background-image":"","background-repeat":"repeat","background-position":"center center","background-size":"auto","background-attachment":"scroll","background-type":"","background-media":"","overlay-type":"","overlay-color":"","overlay-opacity":"","overlay-gradient":""},"mobile":{"background-color":"","background-image":"","background-repeat":"repeat","background-position":"center center","background-size":"auto","background-attachment":"scroll","background-type":"","background-media":"","overlay-type":"","overlay-color":"","overlay-opacity":"","overlay-gradient":""}},"ast-content-background-meta":{"desktop":{"background-color":"var(--ast-global-color-5)","background-image":"","background-repeat":"repeat","background-position":"center center","background-size":"auto","background-attachment":"scroll","background-type":"","background-media":"","overlay-type":"","overlay-color":"","overlay-opacity":"","overlay-gradient":""},"tablet":{"background-color":"var(--ast-global-color-5)","background-image":"","background-repeat":"repeat","background-position":"center center","background-size":"auto","background-attachment":"scroll","background-type":"","background-media":"","overlay-type":"","overlay-color":"","overlay-opacity":"","overlay-gradient":""},"mobile":{"background-color":"var(--ast-global-color-5)","background-image":"","background-repeat":"repeat","background-position":"center center","background-size":"auto","background-attachment":"scroll","background-type":"","background-media":"","overlay-type":"","overlay-color":"","overlay-opacity":"","overlay-gradient":""}},"footnotes":""},"class_list":["post-13534","page","type-page","status-publish","hentry"],"post_mailing_queue_ids":[],"_links":{"self":[{"href":"https:\/\/agora.xtec.cat\/iesgabrielamistral\/wp-json\/wp\/v2\/pages\/13534","targetHints":{"allow":["GET"]}}],"collection":[{"href":"https:\/\/agora.xtec.cat\/iesgabrielamistral\/wp-json\/wp\/v2\/pages"}],"about":[{"href":"https:\/\/agora.xtec.cat\/iesgabrielamistral\/wp-json\/wp\/v2\/types\/page"}],"author":[{"embeddable":true,"href":"https:\/\/agora.xtec.cat\/iesgabrielamistral\/wp-json\/wp\/v2\/users\/11"}],"replies":[{"embeddable":true,"href":"https:\/\/agora.xtec.cat\/iesgabrielamistral\/wp-json\/wp\/v2\/comments?post=13534"}],"version-history":[{"count":6,"href":"https:\/\/agora.xtec.cat\/iesgabrielamistral\/wp-json\/wp\/v2\/pages\/13534\/revisions"}],"predecessor-version":[{"id":19037,"href":"https:\/\/agora.xtec.cat\/iesgabrielamistral\/wp-json\/wp\/v2\/pages\/13534\/revisions\/19037"}],"wp:attachment":[{"href":"https:\/\/agora.xtec.cat\/iesgabrielamistral\/wp-json\/wp\/v2\/media?parent=13534"}],"curies":[{"name":"wp","href":"https:\/\/api.w.org\/{rel}","templated":true}]}}