{"id":13480,"date":"2022-03-31T12:06:32","date_gmt":"2022-03-31T10:06:32","guid":{"rendered":"https:\/\/agora.xtec.cat\/iesgabrielamistral\/?page_id=13480"},"modified":"2025-09-15T11:40:16","modified_gmt":"2025-09-15T09:40:16","slug":"integracio-social","status":"publish","type":"page","link":"https:\/\/agora.xtec.cat\/iesgabrielamistral\/inici2\/estudis\/cicles-formatius\/integracio-social\/","title":{"rendered":"CFGS Integraci\u00f3 social DUAL"},"content":{"rendered":"<p><img loading=\"lazy\" decoding=\"async\" class=\"wp-image-15676 size-large aligncenter\" src=\"https:\/\/agora.xtec.cat\/iesgabrielamistral\/wp-content\/uploads\/usu246\/2023\/12\/integraciosocial-1024x768.jpg\" alt=\"\" width=\"1024\" height=\"768\" srcset=\"https:\/\/agora.xtec.cat\/iesgabrielamistral\/wp-content\/uploads\/usu246\/2023\/12\/integraciosocial-1024x768.jpg 1024w, https:\/\/agora.xtec.cat\/iesgabrielamistral\/wp-content\/uploads\/usu246\/2023\/12\/integraciosocial-300x225.jpg 300w, https:\/\/agora.xtec.cat\/iesgabrielamistral\/wp-content\/uploads\/usu246\/2023\/12\/integraciosocial-768x576.jpg 768w, https:\/\/agora.xtec.cat\/iesgabrielamistral\/wp-content\/uploads\/usu246\/2023\/12\/integraciosocial-1536x1152.jpg 1536w, https:\/\/agora.xtec.cat\/iesgabrielamistral\/wp-content\/uploads\/usu246\/2023\/12\/integraciosocial-200x150.jpg 200w, https:\/\/agora.xtec.cat\/iesgabrielamistral\/wp-content\/uploads\/usu246\/2023\/12\/integraciosocial.jpg 1600w\" sizes=\"auto, (max-width: 1024px) 100vw, 1024px\" \/><\/p>\n<p>&nbsp;<\/p>\n<p><strong>Presentaci\u00f3 del CFGS d&#8217;Integraci\u00f3 social<\/strong><\/p>\n<p>&nbsp;<\/p>\n<p><span style=\"text-decoration: underline; font-size: 20px;\"><strong>Pla d\u2019estudis<\/strong><\/span><\/p>\n<table style=\"height: 264px; width: 723px;\">\n<tbody>\n<tr style=\"height: 32px;\">\n<td style=\"width: 401px; height: 32px;\"><b>Primer Curs (mat\u00ed)<\/b><\/td>\n<td style=\"width: 314px; height: 32px;\"><b>Segon Curs<\/b><\/td>\n<\/tr>\n<tr style=\"height: 46px;\">\n<td style=\"width: 401px; height: 46px;\">0337: Context de la intervenci\u00f3 social.<\/td>\n<td style=\"width: 314px; height: 46px;\">M05: Sistemes augmentatius i alternatius de comunicaci\u00f3.<\/td>\n<\/tr>\n<tr style=\"height: 31px;\">\n<td style=\"width: 401px; height: 31px;\">0338: Inserci\u00f3 sociolaboral.<\/td>\n<td style=\"width: 314px; height: 31px;\">M06: Atenci\u00f3 a unitats de conviv\u00e8ncia.<\/td>\n<\/tr>\n<tr style=\"height: 31px;\">\n<td style=\"width: 401px; height: 31px;\">0339: Atenci\u00f3 a les unitats de conviv\u00e8ncia<\/td>\n<td style=\"width: 314px; height: 31px;\">M08: Mediaci\u00f3 comunit\u00e0ria.<\/td>\n<\/tr>\n<tr style=\"height: 31px;\">\n<td style=\"width: 401px; height: 31px;\">0340: Mediaci\u00f3 comunit\u00e0ria<\/td>\n<td style=\"width: 314px; height: 31px;\">M10: Primers auxilis.\u00a0<\/td>\n<\/tr>\n<tr style=\"height: 31px;\">\n<td style=\"width: 401px; height: 31px;\">0341: Suport a la intervenci\u00f3 educativa.<\/td>\n<td style=\"width: 314px; height: 31px;\">M13: Projecte d\u2019integraci\u00f3 social<\/td>\n<\/tr>\n<tr style=\"height: 31px;\">\n<td style=\"width: 401px; height: 31px;\">0342: . Promoci\u00f3 de l\u2019autonomia personal<\/td>\n<td style=\"width: 314px; height: 31px;\">M14-Formaci\u00f3 en centres de treball (FCT)<\/td>\n<\/tr>\n<tr style=\"height: 31px;\">\n<td style=\"width: 401px; height: 31px;\">0344: Metodologia de la intervenci\u00f3 social<\/td>\n<td style=\"width: 314px; height: 31px;\">Tutoria<\/td>\n<\/tr>\n<tr>\n<td style=\"width: 401px;\">0017: Habilitats socials<\/td>\n<td style=\"width: 314px;\">\u00a0<\/td>\n<\/tr>\n<tr>\n<td style=\"width: 401px;\">0020: Primers auxilis<\/td>\n<td style=\"width: 314px;\">\u00a0<\/td>\n<\/tr>\n<tr>\n<td style=\"width: 401px;\">1708: Sostenibilitat aplicada al sistema productiu<\/td>\n<td style=\"width: 314px;\">\u00a0<\/td>\n<\/tr>\n<tr>\n<td style=\"width: 401px;\">1709: Itinerari personal per a l&#8217;ocupabilitat I<\/td>\n<td style=\"width: 314px;\">\u00a0<\/td>\n<\/tr>\n<tr>\n<td style=\"width: 401px;\">Tutoria<\/td>\n<td style=\"width: 314px;\">\u00a0<\/td>\n<\/tr>\n<\/tbody>\n<\/table>\n<p><span style=\"text-decoration: underline; font-size: 20px;\"><strong>Horari\u00a0<\/strong><\/span><\/p>\n<p>El cicle formatiu s&#8217;imparteix en horari mat\u00ed de dilluns a divendres.<\/p>\n<p><span style=\"text-decoration: underline; font-size: 20px;\"><strong>Empreses col\u00b7laboradores<\/strong><\/span><\/p>\n<p><img loading=\"lazy\" decoding=\"async\" class=\"alignnone size-medium wp-image-15669\" src=\"https:\/\/agora.xtec.cat\/iesgabrielamistral\/wp-content\/uploads\/usu246\/2023\/12\/EQUINOTERAPIA-300x263.jpg\" alt=\"\" width=\"300\" height=\"263\" srcset=\"https:\/\/agora.xtec.cat\/iesgabrielamistral\/wp-content\/uploads\/usu246\/2023\/12\/EQUINOTERAPIA-300x263.jpg 300w, https:\/\/agora.xtec.cat\/iesgabrielamistral\/wp-content\/uploads\/usu246\/2023\/12\/EQUINOTERAPIA-1024x896.jpg 1024w, https:\/\/agora.xtec.cat\/iesgabrielamistral\/wp-content\/uploads\/usu246\/2023\/12\/EQUINOTERAPIA-768x672.jpg 768w, https:\/\/agora.xtec.cat\/iesgabrielamistral\/wp-content\/uploads\/usu246\/2023\/12\/EQUINOTERAPIA-1536x1344.jpg 1536w, https:\/\/agora.xtec.cat\/iesgabrielamistral\/wp-content\/uploads\/usu246\/2023\/12\/EQUINOTERAPIA.jpg 1600w\" sizes=\"auto, (max-width: 300px) 100vw, 300px\" \/>\u00a0 \u00a0 <img loading=\"lazy\" decoding=\"async\" class=\"alignnone size-medium wp-image-15670\" src=\"https:\/\/agora.xtec.cat\/iesgabrielamistral\/wp-content\/uploads\/usu246\/2023\/12\/Fundacio-Maria-Auxiliadora-Logo-300x112.jpg\" alt=\"\" width=\"300\" height=\"112\" srcset=\"https:\/\/agora.xtec.cat\/iesgabrielamistral\/wp-content\/uploads\/usu246\/2023\/12\/Fundacio-Maria-Auxiliadora-Logo-300x112.jpg 300w, https:\/\/agora.xtec.cat\/iesgabrielamistral\/wp-content\/uploads\/usu246\/2023\/12\/Fundacio-Maria-Auxiliadora-Logo-1024x382.jpg 1024w, https:\/\/agora.xtec.cat\/iesgabrielamistral\/wp-content\/uploads\/usu246\/2023\/12\/Fundacio-Maria-Auxiliadora-Logo-768x287.jpg 768w, https:\/\/agora.xtec.cat\/iesgabrielamistral\/wp-content\/uploads\/usu246\/2023\/12\/Fundacio-Maria-Auxiliadora-Logo.jpg 1443w\" sizes=\"auto, (max-width: 300px) 100vw, 300px\" \/><\/p>\n<p><img loading=\"lazy\" decoding=\"async\" class=\"alignnone size-medium wp-image-15671\" src=\"https:\/\/agora.xtec.cat\/iesgabrielamistral\/wp-content\/uploads\/usu246\/2023\/12\/LOGO-ANIMAGOS-ok-300x263.jpg\" alt=\"\" width=\"300\" height=\"263\" srcset=\"https:\/\/agora.xtec.cat\/iesgabrielamistral\/wp-content\/uploads\/usu246\/2023\/12\/LOGO-ANIMAGOS-ok-300x263.jpg 300w, https:\/\/agora.xtec.cat\/iesgabrielamistral\/wp-content\/uploads\/usu246\/2023\/12\/LOGO-ANIMAGOS-ok-1024x898.jpg 1024w, https:\/\/agora.xtec.cat\/iesgabrielamistral\/wp-content\/uploads\/usu246\/2023\/12\/LOGO-ANIMAGOS-ok-768x674.jpg 768w, https:\/\/agora.xtec.cat\/iesgabrielamistral\/wp-content\/uploads\/usu246\/2023\/12\/LOGO-ANIMAGOS-ok-1536x1347.jpg 1536w, https:\/\/agora.xtec.cat\/iesgabrielamistral\/wp-content\/uploads\/usu246\/2023\/12\/LOGO-ANIMAGOS-ok-2048x1796.jpg 2048w\" sizes=\"auto, (max-width: 300px) 100vw, 300px\" \/>\u00a0 \u00a0 <img loading=\"lazy\" decoding=\"async\" class=\"alignnone size-medium wp-image-15672\" src=\"https:\/\/agora.xtec.cat\/iesgabrielamistral\/wp-content\/uploads\/usu246\/2023\/12\/logo-transparente-300x193.png\" alt=\"\" width=\"300\" height=\"193\" srcset=\"https:\/\/agora.xtec.cat\/iesgabrielamistral\/wp-content\/uploads\/usu246\/2023\/12\/logo-transparente-300x193.png 300w, https:\/\/agora.xtec.cat\/iesgabrielamistral\/wp-content\/uploads\/usu246\/2023\/12\/logo-transparente.png 600w\" sizes=\"auto, (max-width: 300px) 100vw, 300px\" \/><\/p>\n<p><!--more--><img loading=\"lazy\" decoding=\"async\" class=\"alignnone size-medium wp-image-15724\" src=\"https:\/\/agora.xtec.cat\/iesgabrielamistral\/wp-content\/uploads\/usu246\/2024\/01\/Diseno-sin-titulo-1-1-214x300.png\" alt=\"\" width=\"214\" height=\"300\" srcset=\"https:\/\/agora.xtec.cat\/iesgabrielamistral\/wp-content\/uploads\/usu246\/2024\/01\/Diseno-sin-titulo-1-1-214x300.png 214w, https:\/\/agora.xtec.cat\/iesgabrielamistral\/wp-content\/uploads\/usu246\/2024\/01\/Diseno-sin-titulo-1-1.png 453w\" sizes=\"auto, (max-width: 214px) 100vw, 214px\" \/><img loading=\"lazy\" decoding=\"async\" class=\"alignnone size-medium wp-image-15725\" src=\"https:\/\/agora.xtec.cat\/iesgabrielamistral\/wp-content\/uploads\/usu246\/2024\/01\/LOGO-PATUFET-279x300.jpg\" alt=\"\" width=\"279\" height=\"300\" srcset=\"https:\/\/agora.xtec.cat\/iesgabrielamistral\/wp-content\/uploads\/usu246\/2024\/01\/LOGO-PATUFET-279x300.jpg 279w, https:\/\/agora.xtec.cat\/iesgabrielamistral\/wp-content\/uploads\/usu246\/2024\/01\/LOGO-PATUFET-952x1024.jpg 952w, https:\/\/agora.xtec.cat\/iesgabrielamistral\/wp-content\/uploads\/usu246\/2024\/01\/LOGO-PATUFET-768x826.jpg 768w, https:\/\/agora.xtec.cat\/iesgabrielamistral\/wp-content\/uploads\/usu246\/2024\/01\/LOGO-PATUFET-1428x1536.jpg 1428w, https:\/\/agora.xtec.cat\/iesgabrielamistral\/wp-content\/uploads\/usu246\/2024\/01\/LOGO-PATUFET-1903x2048.jpg 1903w\" sizes=\"auto, (max-width: 279px) 100vw, 279px\" \/><img loading=\"lazy\" decoding=\"async\" class=\"alignnone size-medium wp-image-15726\" src=\"https:\/\/agora.xtec.cat\/iesgabrielamistral\/wp-content\/uploads\/usu246\/2024\/01\/Logotips-OBA-CRAE-Immaculada-300x119.jpg\" alt=\"\" width=\"300\" height=\"119\" srcset=\"https:\/\/agora.xtec.cat\/iesgabrielamistral\/wp-content\/uploads\/usu246\/2024\/01\/Logotips-OBA-CRAE-Immaculada-300x119.jpg 300w, https:\/\/agora.xtec.cat\/iesgabrielamistral\/wp-content\/uploads\/usu246\/2024\/01\/Logotips-OBA-CRAE-Immaculada-1024x406.jpg 1024w, https:\/\/agora.xtec.cat\/iesgabrielamistral\/wp-content\/uploads\/usu246\/2024\/01\/Logotips-OBA-CRAE-Immaculada-768x305.jpg 768w, https:\/\/agora.xtec.cat\/iesgabrielamistral\/wp-content\/uploads\/usu246\/2024\/01\/Logotips-OBA-CRAE-Immaculada.jpg 1445w\" sizes=\"auto, (max-width: 300px) 100vw, 300px\" \/><\/p>\n<p><span style=\"text-decoration: underline; font-size: 20px;\"><strong>Sortides professionals<\/strong><\/span><\/p>\n<p>De qu\u00e8 podr\u00e0s treballar quan acabis el cicle?<\/p>\n<ul class=\"product-list\">\n<li><em><span class=\"azul\">\u00a0T\u00e8cnic\/a de programes de prevenci\u00f3 i inserci\u00f3 social.<\/span><\/em><\/li>\n<li><em><span class=\"azul\">\u00a0Educador o educadora d&#8217;equipaments residencials de divers tipus.<\/span><\/em><\/li>\n<li><em><span class=\"azul\">\u00a0Educador o educadora de persones amb discapacitat.<\/span><\/em><\/li>\n<li><em><span class=\"azul\">\u00a0Treballador o treballadora familiar.<\/span><\/em><\/li>\n<li><em><span class=\"azul\">\u00a0Educador o educadora d&#8217;educaci\u00f3 familiar.<\/span><\/em><\/li>\n<li><em><span class=\"azul\">\u00a0Auxiliar de tutela.<\/span><\/em><\/li>\n<li><em><span class=\"azul\">\u00a0Monitor o monitora de centres oberts.<\/span><\/em><\/li>\n<li><em><span class=\"azul\">\u00a0T\u00e8cnic\/a d&#8217;integraci\u00f3 social.<\/span><\/em><\/li>\n<li><em><span class=\"azul\">\u00a0Especialista de suport educatiu.<\/span><\/em><\/li>\n<li><em><span class=\"azul\">\u00a0Educador o educadora d&#8217;educaci\u00f3 especial.<\/span><\/em><\/li>\n<li><em><span class=\"azul\">\u00a0T\u00e8cnic\/a educador\/a.<\/span><\/em><\/li>\n<li><em><span class=\"azul\">\u00a0T\u00e8cnic\/a Especialista I (Integrador social).<\/span><\/em><\/li>\n<li><em><span class=\"azul\">\u00a0T\u00e8cnic\/a Especialista II (Educatiu).<\/span><\/em><\/li>\n<li><em><span class=\"azul\">\u00a0Monitor o monitora de persones amb discapacitat.<\/span><\/em><\/li>\n<li><em><span class=\"azul\">\u00a0T\u00e8cnic\/a de mobilitat b\u00e0sica.<\/span><\/em><\/li>\n<li><em><span class=\"azul\">\u00a0T\u00e8cnic\/a d&#8217;inserci\u00f3 ocupacional.<\/span><\/em><\/li>\n<li><em><span class=\"azul\">\u00a0Mediador\/a ocupacional i\/o laboral.<\/span><\/em><\/li>\n<li><em><span class=\"azul\">\u00a0Dinamitzador\/a ocupacional i\/o laboral.<\/span><\/em><\/li>\n<li><em><span class=\"azul\">\u00a0Educador\/a de base.<\/span><\/em><\/li>\n<li><em><span class=\"azul\">\u00a0Mediador o mediadora comunit\u00e0ria.<\/span><\/em><\/li>\n<li><em><span class=\"azul\">\u00a0Mediador o mediadora intercultural.<\/span><\/em><\/li>\n<li><em><span class=\"azul\">\u00a0Mediador o mediadora ve\u00efnal i comunit\u00e0ri\/a.<\/span><\/em><\/li>\n<li><em><span class=\"azul\">\u00a0Assessor\/a laboral.<\/span><\/em><\/li>\n<li><em><span class=\"azul\">\u00a0T\u00e8cnic\/a en ocupaci\u00f3 amb suport.<\/span><\/em><\/li>\n<li><em><span class=\"azul\">\u00a0T\u00e8cnic\/a d&#8217;acompanyament laboral.<\/span><\/em><\/li>\n<li><em><span class=\"azul\">\u00a0Monitor\/a de rehabilitaci\u00f3 psicosocial.<\/span><\/em><\/li>\n<\/ul>\n","protected":false},"excerpt":{"rendered":"<p>&nbsp; Presentaci\u00f3 del CFGS d&#8217;Integraci\u00f3 social &nbsp; Pla d\u2019estudis Primer Curs (mat\u00ed) Segon Curs 0337: Context de la intervenci\u00f3 social. M05: Sistemes augmentatius i alternatius de comunicaci\u00f3. 0338: Inserci\u00f3 sociolaboral. M06: Atenci\u00f3 a unitats de conviv\u00e8ncia. 0339: Atenci\u00f3 a les unitats de conviv\u00e8ncia M08: Mediaci\u00f3 comunit\u00e0ria. 0340: Mediaci\u00f3 comunit\u00e0ria M10: Primers auxilis.\u00a0 0341: Suport a [&hellip;]<\/p>\n","protected":false},"author":14,"featured_media":0,"parent":493,"menu_order":70,"comment_status":"closed","ping_status":"closed","template":"page-templates\/side-menu.php","meta":{"_bbp_topic_count":0,"_bbp_reply_count":0,"_bbp_total_topic_count":0,"_bbp_total_reply_count":0,"_bbp_voice_count":0,"_bbp_anonymous_reply_count":0,"_bbp_topic_count_hidden":0,"_bbp_reply_count_hidden":0,"_bbp_forum_subforum_count":0,"site-sidebar-layout":"default","site-content-layout":"","ast-site-content-layout":"","site-content-style":"default","site-sidebar-style":"default","ast-global-header-display":"","ast-banner-title-visibility":"","ast-main-header-display":"","ast-hfb-above-header-display":"","ast-hfb-below-header-display":"","ast-hfb-mobile-header-display":"","site-post-title":"","ast-breadcrumbs-content":"","ast-featured-img":"","footer-sml-layout":"","theme-transparent-header-meta":"","adv-header-id-meta":"","stick-header-meta":"","header-above-stick-meta":"","header-main-stick-meta":"","header-below-stick-meta":"","astra-migrate-meta-layouts":"default","ast-page-background-enabled":"default","ast-page-background-meta":{"desktop":{"background-color":"var(--ast-global-color-4)","background-image":"","background-repeat":"repeat","background-position":"center center","background-size":"auto","background-attachment":"scroll","background-type":"","background-media":"","overlay-type":"","overlay-color":"","overlay-opacity":"","overlay-gradient":""},"tablet":{"background-color":"","background-image":"","background-repeat":"repeat","background-position":"center center","background-size":"auto","background-attachment":"scroll","background-type":"","background-media":"","overlay-type":"","overlay-color":"","overlay-opacity":"","overlay-gradient":""},"mobile":{"background-color":"","background-image":"","background-repeat":"repeat","background-position":"center center","background-size":"auto","background-attachment":"scroll","background-type":"","background-media":"","overlay-type":"","overlay-color":"","overlay-opacity":"","overlay-gradient":""}},"ast-content-background-meta":{"desktop":{"background-color":"var(--ast-global-color-5)","background-image":"","background-repeat":"repeat","background-position":"center center","background-size":"auto","background-attachment":"scroll","background-type":"","background-media":"","overlay-type":"","overlay-color":"","overlay-opacity":"","overlay-gradient":""},"tablet":{"background-color":"var(--ast-global-color-5)","background-image":"","background-repeat":"repeat","background-position":"center center","background-size":"auto","background-attachment":"scroll","background-type":"","background-media":"","overlay-type":"","overlay-color":"","overlay-opacity":"","overlay-gradient":""},"mobile":{"background-color":"var(--ast-global-color-5)","background-image":"","background-repeat":"repeat","background-position":"center center","background-size":"auto","background-attachment":"scroll","background-type":"","background-media":"","overlay-type":"","overlay-color":"","overlay-opacity":"","overlay-gradient":""}},"footnotes":""},"class_list":["post-13480","page","type-page","status-publish","hentry"],"post_mailing_queue_ids":[],"_links":{"self":[{"href":"https:\/\/agora.xtec.cat\/iesgabrielamistral\/wp-json\/wp\/v2\/pages\/13480","targetHints":{"allow":["GET"]}}],"collection":[{"href":"https:\/\/agora.xtec.cat\/iesgabrielamistral\/wp-json\/wp\/v2\/pages"}],"about":[{"href":"https:\/\/agora.xtec.cat\/iesgabrielamistral\/wp-json\/wp\/v2\/types\/page"}],"author":[{"embeddable":true,"href":"https:\/\/agora.xtec.cat\/iesgabrielamistral\/wp-json\/wp\/v2\/users\/14"}],"replies":[{"embeddable":true,"href":"https:\/\/agora.xtec.cat\/iesgabrielamistral\/wp-json\/wp\/v2\/comments?post=13480"}],"version-history":[{"count":7,"href":"https:\/\/agora.xtec.cat\/iesgabrielamistral\/wp-json\/wp\/v2\/pages\/13480\/revisions"}],"predecessor-version":[{"id":18162,"href":"https:\/\/agora.xtec.cat\/iesgabrielamistral\/wp-json\/wp\/v2\/pages\/13480\/revisions\/18162"}],"up":[{"embeddable":true,"href":"https:\/\/agora.xtec.cat\/iesgabrielamistral\/wp-json\/wp\/v2\/pages\/493"}],"wp:attachment":[{"href":"https:\/\/agora.xtec.cat\/iesgabrielamistral\/wp-json\/wp\/v2\/media?parent=13480"}],"curies":[{"name":"wp","href":"https:\/\/api.w.org\/{rel}","templated":true}]}}