{"id":12948,"date":"2021-09-16T11:25:12","date_gmt":"2021-09-16T09:25:12","guid":{"rendered":"https:\/\/agora.xtec.cat\/iesgabrielamistral\/?page_id=12948"},"modified":"2022-06-30T11:55:27","modified_gmt":"2022-06-30T09:55:27","slug":"ieduca","status":"publish","type":"page","link":"https:\/\/agora.xtec.cat\/iesgabrielamistral\/serveis-2\/ieduca\/","title":{"rendered":"iEduca"},"content":{"rendered":"<p>Per a la comunicaci\u00f3 amb les fam\u00edlies i la gesti\u00f3 di\u00e0ria de l&#8217;alumnat, a l&#8217;institut utilitzem la plataforma <a href=\"https:\/\/login.ieduca.com\/?centre=insgabrielamistral&amp;modul=base\" target=\"_blank\" rel=\"noopener\">iEduca<\/a>. Des d&#8217;aqu\u00ed, entre altres opcions, es pot fer el seguiment de l&#8217;assist\u00e8ncia, incid\u00e8ncies i comentaris de la classe, mantenir comunicaci\u00f3 amb el tutor\/a i concertar-hi entrevistes.<\/p>\n<p>Quan es matricula per primer cop un alumne\/a, es genera un usuari i contrasenya per a cada pare o mare, sempre que se n&#8217;hagi facilitat el correu electr\u00f2nic. Un cop es genera aquest usuari, s&#8217;envia un missatge a l&#8217;adre\u00e7a de correu facilitada perqu\u00e8 activi la contrasenya. Cada pare o mare pot accedir a tots els fills\/es que tingui matriculats al centre amb el mateix usuari, tots els cursos en qu\u00e8 estigui escolaritzat.<\/p>\n<p>Si teniu dificultats per accedir-hi, escriviu a <a href=\"mailto:ieduca@insgabrielamistral.cat\" target=\"_blank\" rel=\"noopener\">ieduca@insgabrielamistral.cat<\/a>, o b\u00e9 adreceu-vos a secretaria o el tutor\/a.<\/p>\n<p>A m\u00e9s, us podeu descarregar l&#8217;aplicaci\u00f3 iEduca TokApp per accedir des del m\u00f2bil.<\/p>\n<p><a href=\"https:\/\/agora.xtec.cat\/iesgabrielamistral\/wp-content\/uploads\/usu246\/2021\/09\/Guia-iEduca-per-les-families.pdf\" target=\"_blank\" rel=\"noopener\">Guia iEduca per les fam\u00edlies<\/a><\/p>\n<p><a href=\"https:\/\/agora.xtec.cat\/iesgabrielamistral\/wp-content\/uploads\/usu246\/2021\/09\/Guia-aplicacio-iEduca-Tokapp-v.04.pdf\" target=\"_blank\" rel=\"noopener\">Guia aplicaci\u00f3 iEduca Tokapp v.04<\/a><\/p>\n<p>&nbsp;<\/p>\n","protected":false},"excerpt":{"rendered":"<p>Per a la comunicaci\u00f3 amb les fam\u00edlies i la gesti\u00f3 di\u00e0ria de l&#8217;alumnat, a l&#8217;institut utilitzem la plataforma iEduca. Des d&#8217;aqu\u00ed, entre altres opcions, es pot fer el seguiment de l&#8217;assist\u00e8ncia, incid\u00e8ncies i comentaris de la classe, mantenir comunicaci\u00f3 amb el tutor\/a i concertar-hi entrevistes. Quan es matricula per primer cop un alumne\/a, es genera [&hellip;]<\/p>\n","protected":false},"author":1,"featured_media":0,"parent":5350,"menu_order":30,"comment_status":"closed","ping_status":"closed","template":"page-templates\/side-menu.php","meta":{"_bbp_topic_count":0,"_bbp_reply_count":0,"_bbp_total_topic_count":0,"_bbp_total_reply_count":0,"_bbp_voice_count":0,"_bbp_anonymous_reply_count":0,"_bbp_topic_count_hidden":0,"_bbp_reply_count_hidden":0,"_bbp_forum_subforum_count":0,"site-sidebar-layout":"default","site-content-layout":"","ast-site-content-layout":"","site-content-style":"default","site-sidebar-style":"default","ast-global-header-display":"","ast-banner-title-visibility":"","ast-main-header-display":"","ast-hfb-above-header-display":"","ast-hfb-below-header-display":"","ast-hfb-mobile-header-display":"","site-post-title":"","ast-breadcrumbs-content":"","ast-featured-img":"","footer-sml-layout":"","theme-transparent-header-meta":"","adv-header-id-meta":"","stick-header-meta":"","header-above-stick-meta":"","header-main-stick-meta":"","header-below-stick-meta":"","astra-migrate-meta-layouts":"default","ast-page-background-enabled":"default","ast-page-background-meta":{"desktop":{"background-color":"var(--ast-global-color-4)","background-image":"","background-repeat":"repeat","background-position":"center center","background-size":"auto","background-attachment":"scroll","background-type":"","background-media":"","overlay-type":"","overlay-color":"","overlay-opacity":"","overlay-gradient":""},"tablet":{"background-color":"","background-image":"","background-repeat":"repeat","background-position":"center center","background-size":"auto","background-attachment":"scroll","background-type":"","background-media":"","overlay-type":"","overlay-color":"","overlay-opacity":"","overlay-gradient":""},"mobile":{"background-color":"","background-image":"","background-repeat":"repeat","background-position":"center center","background-size":"auto","background-attachment":"scroll","background-type":"","background-media":"","overlay-type":"","overlay-color":"","overlay-opacity":"","overlay-gradient":""}},"ast-content-background-meta":{"desktop":{"background-color":"var(--ast-global-color-5)","background-image":"","background-repeat":"repeat","background-position":"center center","background-size":"auto","background-attachment":"scroll","background-type":"","background-media":"","overlay-type":"","overlay-color":"","overlay-opacity":"","overlay-gradient":""},"tablet":{"background-color":"var(--ast-global-color-5)","background-image":"","background-repeat":"repeat","background-position":"center center","background-size":"auto","background-attachment":"scroll","background-type":"","background-media":"","overlay-type":"","overlay-color":"","overlay-opacity":"","overlay-gradient":""},"mobile":{"background-color":"var(--ast-global-color-5)","background-image":"","background-repeat":"repeat","background-position":"center center","background-size":"auto","background-attachment":"scroll","background-type":"","background-media":"","overlay-type":"","overlay-color":"","overlay-opacity":"","overlay-gradient":""}},"footnotes":""},"class_list":["post-12948","page","type-page","status-publish","hentry"],"post_mailing_queue_ids":[],"_links":{"self":[{"href":"https:\/\/agora.xtec.cat\/iesgabrielamistral\/wp-json\/wp\/v2\/pages\/12948","targetHints":{"allow":["GET"]}}],"collection":[{"href":"https:\/\/agora.xtec.cat\/iesgabrielamistral\/wp-json\/wp\/v2\/pages"}],"about":[{"href":"https:\/\/agora.xtec.cat\/iesgabrielamistral\/wp-json\/wp\/v2\/types\/page"}],"author":[{"embeddable":true,"href":"https:\/\/agora.xtec.cat\/iesgabrielamistral\/wp-json\/wp\/v2\/users\/1"}],"replies":[{"embeddable":true,"href":"https:\/\/agora.xtec.cat\/iesgabrielamistral\/wp-json\/wp\/v2\/comments?post=12948"}],"version-history":[{"count":3,"href":"https:\/\/agora.xtec.cat\/iesgabrielamistral\/wp-json\/wp\/v2\/pages\/12948\/revisions"}],"predecessor-version":[{"id":12954,"href":"https:\/\/agora.xtec.cat\/iesgabrielamistral\/wp-json\/wp\/v2\/pages\/12948\/revisions\/12954"}],"up":[{"embeddable":true,"href":"https:\/\/agora.xtec.cat\/iesgabrielamistral\/wp-json\/wp\/v2\/pages\/5350"}],"wp:attachment":[{"href":"https:\/\/agora.xtec.cat\/iesgabrielamistral\/wp-json\/wp\/v2\/media?parent=12948"}],"curies":[{"name":"wp","href":"https:\/\/api.w.org\/{rel}","templated":true}]}}