{"id":12646,"date":"2021-06-28T13:19:14","date_gmt":"2021-06-28T11:19:14","guid":{"rendered":"https:\/\/agora.xtec.cat\/iesgabrielamistral\/?page_id=12646"},"modified":"2021-07-07T10:28:59","modified_gmt":"2021-07-07T08:28:59","slug":"matricula-baxtillerat","status":"publish","type":"page","link":"https:\/\/agora.xtec.cat\/iesgabrielamistral\/matricula-baxtillerat\/","title":{"rendered":"Matricula Baxtillerat"},"content":{"rendered":"<p>Per\u00edode de matriculaci\u00f3 ordin\u00e0ria pels preinscrits amb pla\u00e7a assignada: Del 12 al 16 de juliol de 2021<\/p>\n<p>Termini de confirmaci\u00f3 de pla\u00e7a per l&#8217;alumnat amb mat\u00e8ries pendents d&#8217;avaluaci\u00f3 al setembre: Del 12 al 16 de juliol de 2021<\/p>\n<p>Per\u00edode de matriculaci\u00f3 per als alumnes de batxillerat pendents d&#8217;avaluaci\u00f3 al setembre: Del 7 al 10 de setembre de 2021<\/p>\n<p>Matr\u00edcula interna: del 5 al 7 de juliol (alumnes del centre que passen de 1r a 2n de batxillerat)<\/p>\n<ul>\n<li>Matr\u00edcula presencial: Secretaria Institut de 9 a 14 hores<\/li>\n<li>Matr\u00edcula telem\u00e0tica: Enviar tota la documentaci\u00f3 al correu:\u00a0<a href=\"mailto:preinscripcio@insgabrielamistral.cat\" target=\"_blank\" rel=\"noopener noreferrer\">preinscripcio@<wbr \/>insgabrielamistral.cat<\/a><\/li>\n<\/ul>\n<p>Tel\u00e8fon consultes: 93 6560000<\/p>\n<p>Per formalitzar la matr\u00edcula de 1r o 2n de batxillerat cal aportar el justificant del pagament (instruccions pagament) i la seg\u00fcent documentaci\u00f3 emplenada:<\/p>\n<ul>\n<li><a href=\"https:\/\/agora.xtec.cat\/iesgabrielamistral\/wp-content\/uploads\/usu246\/2021\/06\/D59_Impres-matr\u00edcula-1r-batxillerat_v01_21-22.docx\">D59_Impres-matr\u00edcula-1r-batxillerat_v01_21-22<\/a><\/li>\n<li><a href=\"https:\/\/agora.xtec.cat\/iesgabrielamistral\/wp-content\/uploads\/usu246\/2020\/09\/D14_AUTORITZACI\u00d3_MENORS_v05.odt\" target=\"_blank\" rel=\"noopener noreferrer\" data-saferedirecturl=\"https:\/\/www.google.com\/url?q=https:\/\/agora.xtec.cat\/iesgabrielamistral\/wp-content\/uploads\/usu246\/2020\/07\/D14_AUTORITZACI%25C3%2593_MENORS_v04.pdf&amp;source=gmail&amp;ust=1624963909205000&amp;usg=AFQjCNErM0UAjiFLlSgT-3YCP6l4BdNdHA\">D14_AUTORITZACI\u00d3_MENORS_v05<\/a><\/li>\n<li><a href=\"https:\/\/agora.xtec.cat\/iesgabrielamistral\/wp-content\/uploads\/usu246\/2020\/07\/D20_COMPROMIS_NORMES_POSTOBLIGAT%C3%92RIA_v02.pdf\" target=\"_blank\" rel=\"noopener noreferrer\" data-saferedirecturl=\"https:\/\/www.google.com\/url?q=https:\/\/agora.xtec.cat\/iesgabrielamistral\/wp-content\/uploads\/usu246\/2020\/07\/D20_COMPROMIS_NORMES_POSTOBLIGAT%25C3%2592RIA_v02.pdf&amp;source=gmail&amp;ust=1624963909205000&amp;usg=AFQjCNGJE_mJgvg-uukOQMBNsXRJ2BbNSQ\">D20_COMPROMIS_NORMES_<wbr \/>POSTOBLIGAT\u00d2RIA_v02<\/a><\/li>\n<li><a href=\"https:\/\/agora.xtec.cat\/iesgabrielamistral\/wp-content\/uploads\/usu246\/2020\/07\/D38_CARTA-COMPROMIS-INFORM%C3%80TIC_v01.pdf\" target=\"_blank\" rel=\"noopener noreferrer\" data-saferedirecturl=\"https:\/\/www.google.com\/url?q=https:\/\/agora.xtec.cat\/iesgabrielamistral\/wp-content\/uploads\/usu246\/2020\/07\/D38_CARTA-COMPROMIS-INFORM%25C3%2580TIC_v01.pdf&amp;source=gmail&amp;ust=1624963909205000&amp;usg=AFQjCNE5sNy_7iNGY74T3WkAbeDmFlZpQw\">D38_CARTA-COMPROMIS-<wbr \/>INFORM\u00c0TIC_v01<\/a><\/li>\n<li><a href=\"https:\/\/agora.xtec.cat\/iesgabrielamistral\/wp-content\/uploads\/usu246\/2020\/07\/D40_Informaci%C3%B3-videovigil%C3%A0ncia_v00.pdf\" target=\"_blank\" rel=\"noopener noreferrer\" data-saferedirecturl=\"https:\/\/www.google.com\/url?q=https:\/\/agora.xtec.cat\/iesgabrielamistral\/wp-content\/uploads\/usu246\/2020\/07\/D40_Informaci%25C3%25B3-videovigil%25C3%25A0ncia_v00.pdf&amp;source=gmail&amp;ust=1624963909205000&amp;usg=AFQjCNFdd7ptHz0iPGDIwVEPhe9TrEBd7g\">D40_Informaci\u00f3-<wbr \/>videovigil\u00e0ncia_v00<\/a><\/li>\n<li><a href=\"https:\/\/agora.xtec.cat\/iesgabrielamistral\/wp-content\/uploads\/usu246\/2020\/07\/D44_AUTORITZACI%C3%93-CESSI%C3%93-DADES-AMPA_v00.pdf\" target=\"_blank\" rel=\"noopener noreferrer\" data-saferedirecturl=\"https:\/\/www.google.com\/url?q=https:\/\/agora.xtec.cat\/iesgabrielamistral\/wp-content\/uploads\/usu246\/2020\/07\/D44_AUTORITZACI%25C3%2593-CESSI%25C3%2593-DADES-AMPA_v00.pdf&amp;source=gmail&amp;ust=1624963909205000&amp;usg=AFQjCNFgGT1QiAq2AvLJdlYwsLroDZMS_A\">D44_AUTORITZACI\u00d3-CESSI\u00d3-DADES-<wbr \/>AMPA_v00<\/a><\/li>\n<li><a href=\"https:\/\/agora.xtec.cat\/iesgabrielamistral\/wp-content\/uploads\/usu246\/2020\/07\/D49_Autoritzaci%C3%B3-drets-dimatge-majors_v03.pdf\" target=\"_blank\" rel=\"noopener noreferrer\" data-saferedirecturl=\"https:\/\/www.google.com\/url?q=https:\/\/agora.xtec.cat\/iesgabrielamistral\/wp-content\/uploads\/usu246\/2020\/07\/D49_Autoritzaci%25C3%25B3-drets-dimatge-majors_v03.pdf&amp;source=gmail&amp;ust=1624963909205000&amp;usg=AFQjCNEOREbnb5vZXIFzj3CByscSIbVYyg\">D49_Autoritzaci\u00f3-drets-<wbr \/>dimatge-majors_v03<\/a><\/li>\n<li><a href=\"https:\/\/agora.xtec.cat\/iesgabrielamistral\/wp-content\/uploads\/usu246\/2020\/07\/D50_Autoritzaci%C3%B3-drets-dimatge-menors_v03.pdf\" target=\"_blank\" rel=\"noopener noreferrer\" data-saferedirecturl=\"https:\/\/www.google.com\/url?q=https:\/\/agora.xtec.cat\/iesgabrielamistral\/wp-content\/uploads\/usu246\/2020\/07\/D50_Autoritzaci%25C3%25B3-drets-dimatge-menors_v03.pdf&amp;source=gmail&amp;ust=1624963909205000&amp;usg=AFQjCNFn6iqVL7kk-YKiyt3Iao7f1GimqA\">D50_Autoritzaci\u00f3-drets-<wbr \/>dimatge-menors_v03<\/a><\/li>\n<li><a href=\"https:\/\/agora.xtec.cat\/iesgabrielamistral\/wp-content\/uploads\/usu246\/2020\/07\/D51_Autoritzacio-traspas_v01.pdf\" target=\"_blank\" rel=\"noopener noreferrer\" data-saferedirecturl=\"https:\/\/www.google.com\/url?q=https:\/\/agora.xtec.cat\/iesgabrielamistral\/wp-content\/uploads\/usu246\/2020\/07\/D51_Autoritzacio-traspas_v01.pdf&amp;source=gmail&amp;ust=1624963909205000&amp;usg=AFQjCNEkokxqgLv9Or7CgEpPo4CS0Cog1A\">D51_Autoritzacio-traspas_v01<\/a><\/li>\n<li><a href=\"https:\/\/agora.xtec.cat\/iesgabrielamistral\/wp-content\/uploads\/usu246\/2020\/07\/D58_Full-dactualitzaci%C3%B3-de-dades_v021.pdf\" target=\"_blank\" rel=\"noopener noreferrer\" data-saferedirecturl=\"https:\/\/www.google.com\/url?q=https:\/\/agora.xtec.cat\/iesgabrielamistral\/wp-content\/uploads\/usu246\/2020\/07\/D58_Full-dactualitzaci%25C3%25B3-de-dades_v021.pdf&amp;source=gmail&amp;ust=1624963909205000&amp;usg=AFQjCNGwVOMtpzY86t6x2QXgi1n9YLyp4g\">D58_Full-dactualitzaci\u00f3-de-<wbr \/>dades_v021<\/a><\/li>\n<li><a href=\"https:\/\/agora.xtec.cat\/iesgabrielamistral\/wp-content\/uploads\/usu246\/2020\/07\/D64_Tria-mat%C3%A8ries-BATX1_v02.pdf\" target=\"_blank\" rel=\"noopener noreferrer\" data-saferedirecturl=\"https:\/\/www.google.com\/url?q=https:\/\/agora.xtec.cat\/iesgabrielamistral\/wp-content\/uploads\/usu246\/2020\/07\/D64_Tria-mat%25C3%25A8ries-BATX1_v02.pdf&amp;source=gmail&amp;ust=1624963909205000&amp;usg=AFQjCNGJrqzOSE23fpNrYf9wS1rlG4I4IA\">D64_Tria-mat\u00e8ries-BATX1_v02<\/a><\/li>\n<li><a href=\"https:\/\/agora.xtec.cat\/iesgabrielamistral\/wp-content\/uploads\/usu246\/2021\/06\/D66_BIS_AUTORITZACIONS-SORTIDES-ESO-BATX_v01-1.odt\" target=\"_blank\" rel=\"noopener noreferrer\" data-saferedirecturl=\"https:\/\/www.google.com\/url?q=https:\/\/agora.xtec.cat\/iesgabrielamistral\/wp-content\/uploads\/usu246\/2020\/07\/D66_Autoritzaci%25C3%25B3-sortides-did%25C3%25A0ctiques_v01.pdf&amp;source=gmail&amp;ust=1624963909205000&amp;usg=AFQjCNE47VGR-AypKNVpHx3ctCRZZRzWUg\">D66_Autoritzaci\u00f3-sortides-<wbr \/>did\u00e0ctiques_v01<\/a><\/li>\n<li><a href=\"https:\/\/agora.xtec.cat\/iesgabrielamistral\/wp-content\/uploads\/usu246\/2020\/07\/D88_AUTORITZACI%C3%93-DE-CESSI%C3%93-DE-DADES_v02.pdf\" target=\"_blank\" rel=\"noopener noreferrer\" data-saferedirecturl=\"https:\/\/www.google.com\/url?q=https:\/\/agora.xtec.cat\/iesgabrielamistral\/wp-content\/uploads\/usu246\/2020\/07\/D88_AUTORITZACI%25C3%2593-DE-CESSI%25C3%2593-DE-DADES_v02.pdf&amp;source=gmail&amp;ust=1624963909205000&amp;usg=AFQjCNENklIxJG0XfbME-FLYPv_F8PC3dA\">D88_AUTORITZACI\u00d3-DE-CESSI\u00d3-DE-<wbr \/>DADES_v02<\/a><\/li>\n<li><a href=\"https:\/\/agora.xtec.cat\/iesgabrielamistral\/wp-content\/uploads\/usu246\/2020\/07\/D89_Autoritzaci%C3%B3-serveis-digitals-mes-14-i-menors-dedat_v01.pdf\" target=\"_blank\" rel=\"noopener noreferrer\" data-saferedirecturl=\"https:\/\/www.google.com\/url?q=https:\/\/agora.xtec.cat\/iesgabrielamistral\/wp-content\/uploads\/usu246\/2020\/07\/D89_Autoritzaci%25C3%25B3-serveis-digitals-mes-14-i-menors-dedat_v01.pdf&amp;source=gmail&amp;ust=1624963909205000&amp;usg=AFQjCNGb-Od0GKDiFgJUhx12rlmC9g06-Q\">D89_Autoritzaci\u00f3-serveis-<wbr \/>digitals-mes-14-i-menors-<wbr \/>dedat_v01<\/a><\/li>\n<li><a href=\"https:\/\/agora.xtec.cat\/iesgabrielamistral\/wp-content\/uploads\/usu246\/2021\/06\/Instruccions-pagament-BAT_curs-2021-22.pdf\">Instruccions pagament batxillerat<\/a><\/li>\n<li><a href=\"https:\/\/agora.xtec.cat\/iesgabrielamistral\/wp-content\/uploads\/usu246\/2021\/06\/Carta-Soci-AMPA-21-22-1.pdf\">Carta Soci AMPA<\/a><\/li>\n<li><a href=\"https:\/\/agora.xtec.cat\/iesgabrielamistral\/wp-content\/uploads\/usu246\/2021\/06\/Autoritzaci\u00f3-COVID-19.pdf\">Autoritzaci\u00f3 gesti\u00f3 i contactes COVID<\/a><\/li>\n<li><a href=\"https:\/\/agora.xtec.cat\/iesgabrielamistral\/wp-content\/uploads\/usu246\/2021\/06\/Declaraci\u00f3-responsable-per-a-les-fam\u00edlies-menors-18.pdf\">Declaraci\u00f3 responsable fam\u00edlies menors 18 anys<\/a><\/li>\n<li><a href=\"https:\/\/agora.xtec.cat\/iesgabrielamistral\/wp-content\/uploads\/usu246\/2021\/06\/Tria-mat\u00e8ries-2n.-BAT.docx\">Tria de mat\u00e8ries de 2n de Batxillerat<\/a><\/li>\n<\/ul>\n","protected":false},"excerpt":{"rendered":"<p>Per\u00edode de matriculaci\u00f3 ordin\u00e0ria pels preinscrits amb pla\u00e7a assignada: Del 12 al 16 de juliol de 2021 Termini de confirmaci\u00f3 de pla\u00e7a per l&#8217;alumnat amb mat\u00e8ries pendents d&#8217;avaluaci\u00f3 al setembre: Del 12 al 16 de juliol de 2021 Per\u00edode de matriculaci\u00f3 per als alumnes de batxillerat pendents d&#8217;avaluaci\u00f3 al setembre: Del 7 al 10 de [&hellip;]<\/p>\n","protected":false},"author":9,"featured_media":0,"parent":0,"menu_order":0,"comment_status":"closed","ping_status":"closed","template":"","meta":{"_bbp_topic_count":0,"_bbp_reply_count":0,"_bbp_total_topic_count":0,"_bbp_total_reply_count":0,"_bbp_voice_count":0,"_bbp_anonymous_reply_count":0,"_bbp_topic_count_hidden":0,"_bbp_reply_count_hidden":0,"_bbp_forum_subforum_count":0,"site-sidebar-layout":"default","site-content-layout":"","ast-site-content-layout":"","site-content-style":"default","site-sidebar-style":"default","ast-global-header-display":"","ast-banner-title-visibility":"","ast-main-header-display":"","ast-hfb-above-header-display":"","ast-hfb-below-header-display":"","ast-hfb-mobile-header-display":"","site-post-title":"","ast-breadcrumbs-content":"","ast-featured-img":"","footer-sml-layout":"","theme-transparent-header-meta":"","adv-header-id-meta":"","stick-header-meta":"","header-above-stick-meta":"","header-main-stick-meta":"","header-below-stick-meta":"","astra-migrate-meta-layouts":"default","ast-page-background-enabled":"default","ast-page-background-meta":{"desktop":{"background-color":"var(--ast-global-color-4)","background-image":"","background-repeat":"repeat","background-position":"center center","background-size":"auto","background-attachment":"scroll","background-type":"","background-media":"","overlay-type":"","overlay-color":"","overlay-opacity":"","overlay-gradient":""},"tablet":{"background-color":"","background-image":"","background-repeat":"repeat","background-position":"center center","background-size":"auto","background-attachment":"scroll","background-type":"","background-media":"","overlay-type":"","overlay-color":"","overlay-opacity":"","overlay-gradient":""},"mobile":{"background-color":"","background-image":"","background-repeat":"repeat","background-position":"center center","background-size":"auto","background-attachment":"scroll","background-type":"","background-media":"","overlay-type":"","overlay-color":"","overlay-opacity":"","overlay-gradient":""}},"ast-content-background-meta":{"desktop":{"background-color":"var(--ast-global-color-5)","background-image":"","background-repeat":"repeat","background-position":"center center","background-size":"auto","background-attachment":"scroll","background-type":"","background-media":"","overlay-type":"","overlay-color":"","overlay-opacity":"","overlay-gradient":""},"tablet":{"background-color":"var(--ast-global-color-5)","background-image":"","background-repeat":"repeat","background-position":"center center","background-size":"auto","background-attachment":"scroll","background-type":"","background-media":"","overlay-type":"","overlay-color":"","overlay-opacity":"","overlay-gradient":""},"mobile":{"background-color":"var(--ast-global-color-5)","background-image":"","background-repeat":"repeat","background-position":"center center","background-size":"auto","background-attachment":"scroll","background-type":"","background-media":"","overlay-type":"","overlay-color":"","overlay-opacity":"","overlay-gradient":""}},"footnotes":""},"class_list":["post-12646","page","type-page","status-publish","hentry"],"post_mailing_queue_ids":[],"_links":{"self":[{"href":"https:\/\/agora.xtec.cat\/iesgabrielamistral\/wp-json\/wp\/v2\/pages\/12646","targetHints":{"allow":["GET"]}}],"collection":[{"href":"https:\/\/agora.xtec.cat\/iesgabrielamistral\/wp-json\/wp\/v2\/pages"}],"about":[{"href":"https:\/\/agora.xtec.cat\/iesgabrielamistral\/wp-json\/wp\/v2\/types\/page"}],"author":[{"embeddable":true,"href":"https:\/\/agora.xtec.cat\/iesgabrielamistral\/wp-json\/wp\/v2\/users\/9"}],"replies":[{"embeddable":true,"href":"https:\/\/agora.xtec.cat\/iesgabrielamistral\/wp-json\/wp\/v2\/comments?post=12646"}],"version-history":[{"count":3,"href":"https:\/\/agora.xtec.cat\/iesgabrielamistral\/wp-json\/wp\/v2\/pages\/12646\/revisions"}],"predecessor-version":[{"id":12736,"href":"https:\/\/agora.xtec.cat\/iesgabrielamistral\/wp-json\/wp\/v2\/pages\/12646\/revisions\/12736"}],"wp:attachment":[{"href":"https:\/\/agora.xtec.cat\/iesgabrielamistral\/wp-json\/wp\/v2\/media?parent=12646"}],"curies":[{"name":"wp","href":"https:\/\/api.w.org\/{rel}","templated":true}]}}