{"id":12615,"date":"2021-06-15T14:11:58","date_gmt":"2021-06-15T12:11:58","guid":{"rendered":"https:\/\/agora.xtec.cat\/iesgabrielamistral\/?page_id=12615"},"modified":"2021-06-15T14:11:58","modified_gmt":"2021-06-15T12:11:58","slug":"matricula-cfgb-informatica-doficina","status":"publish","type":"page","link":"https:\/\/agora.xtec.cat\/iesgabrielamistral\/matricula-cfgb-informatica-doficina\/","title":{"rendered":"Matr\u00edcula CFGB Inform\u00e0tica d&#8217;oficina"},"content":{"rendered":"<div>\n<div><span style=\"color: #444444; font-family: Open Sans, Arial, Helvetica, sans-serif;\"><b>MATR\u00cdCULA CFGB INFORM\u00c0TICA D&#8217;OFICINA<\/b><\/span><\/div>\n<div>\u00a0<\/div>\n<div><span style=\"color: #444444; font-family: Open Sans, Arial, Helvetica, sans-serif;\">Per\u00edode de matr\u00edcula : Del 16 de juny al 22 de juny de 2021<\/span><\/div>\n<div>\u00a0<\/div>\n<ul>\n<li><span style=\"color: #444444; font-family: Open Sans, Arial, Helvetica, sans-serif;\">Per tal de formalitzar la matr\u00edcula envieu complimentada la documentaci\u00f3 que es detalla continuaci\u00f3 a la seg\u00fcent adre\u00e7a de correu electr\u00f2nic: <a href=\"mailto:preinscripcio@insgabrielamistral.cat\" target=\"_blank\" rel=\"noopener noreferrer\">preinscripcio@insg<wbr \/>abrielamistral.cat<\/a><\/span><\/li>\n<li><span style=\"color: #444444; font-family: Open Sans, Arial, Helvetica, sans-serif;\">Si teniu algun dubte podeu trucar al tel\u00e8fon: 93 656 00 00<\/span><\/li>\n<\/ul>\n<\/div>\n<div>\u00a0<\/div>\n<div><span style=\"color: #444444; font-family: Open Sans, Arial, Helvetica, sans-serif;\"><b>DOCUMENTACI\u00d3:<\/b><\/span><\/div>\n<div>\u00a0<\/div>\n<div>\n<ul>\n<li><a href=\"https:\/\/agora.xtec.cat\/iesgabrielamistral\/wp-content\/uploads\/usu246\/2021\/06\/D38_CARTA-COMPROMIS-INFORMA%CC%80TIC_v01-1.odt\" target=\"_blank\" rel=\"noopener noreferrer\" data-saferedirecturl=\"https:\/\/www.google.com\/url?q=https:\/\/agora.xtec.cat\/iesgabrielamistral\/wp-content\/uploads\/usu246\/2021\/06\/D38_CARTA-COMPROMIS-INFORMA%25CC%2580TIC_v01-1.odt&amp;source=gmail&amp;ust=1623844759438000&amp;usg=AFQjCNEezPlOmZYp5EAbK1jg82hMVs4-7g\">D38_Carta-compromis-<wbr \/>inform\u00e0tic_v01<\/a><\/li>\n<li><a href=\"https:\/\/agora.xtec.cat\/iesgabrielamistral\/wp-content\/uploads\/usu246\/2021\/06\/D40_Informacio%CC%81-videovigila%CC%80ncia_v00.odt\" target=\"_blank\" rel=\"noopener noreferrer\" data-saferedirecturl=\"https:\/\/www.google.com\/url?q=https:\/\/agora.xtec.cat\/iesgabrielamistral\/wp-content\/uploads\/usu246\/2021\/06\/D40_Informacio%25CC%2581-videovigila%25CC%2580ncia_v00.odt&amp;source=gmail&amp;ust=1623844759439000&amp;usg=AFQjCNG3rzEvDP1zzJ54qW77aZoRSvSwEw\">D40_Informacio\u0301-videovigila\u0300<wbr \/>ncia_v00<\/a><\/li>\n<li><a href=\"https:\/\/agora.xtec.cat\/iesgabrielamistral\/wp-content\/uploads\/usu246\/2021\/06\/D44_AUTORITZACIO%CC%81-CESSIO%CC%81-DADES-AMPA_v00.odt\" target=\"_blank\" rel=\"noopener noreferrer\" data-saferedirecturl=\"https:\/\/www.google.com\/url?q=https:\/\/agora.xtec.cat\/iesgabrielamistral\/wp-content\/uploads\/usu246\/2021\/06\/D44_AUTORITZACIO%25CC%2581-CESSIO%25CC%2581-DADES-AMPA_v00.odt&amp;source=gmail&amp;ust=1623844759439000&amp;usg=AFQjCNETwP19jgU-NSzR5nX2FR_X9W6mKA\">D44_Autoritzacio-cessi\u00f3-dades-<wbr \/>AMPA_v00<\/a><\/li>\n<li><a href=\"https:\/\/agora.xtec.cat\/iesgabrielamistral\/wp-content\/uploads\/usu246\/2021\/06\/D50_Autoritzacio%CC%81-drets-dimatge-menors_v03.odt\" target=\"_blank\" rel=\"noopener noreferrer\" data-saferedirecturl=\"https:\/\/www.google.com\/url?q=https:\/\/agora.xtec.cat\/iesgabrielamistral\/wp-content\/uploads\/usu246\/2021\/06\/D50_Autoritzacio%25CC%2581-drets-dimatge-menors_v03.odt&amp;source=gmail&amp;ust=1623844759439000&amp;usg=AFQjCNFBR-7vFgxnW4F5nIRm8nO7Z9XK4w\">D50_Autoritzacio\u0301-drets-<wbr \/>dimatge-menors_v03<\/a><\/li>\n<li><a href=\"https:\/\/agora.xtec.cat\/iesgabrielamistral\/wp-content\/uploads\/usu246\/2021\/06\/D66_BIS_AUTORITZACIONS-SORTIDES-ESO-BATX_v01-1.odt\" target=\"_blank\" rel=\"noopener noreferrer\" data-saferedirecturl=\"https:\/\/www.google.com\/url?q=https:\/\/agora.xtec.cat\/iesgabrielamistral\/wp-content\/uploads\/usu246\/2021\/06\/D66_BIS_AUTORITZACIONS-SORTIDES-ESO-BATX_v01-1.odt&amp;source=gmail&amp;ust=1623844759439000&amp;usg=AFQjCNF51cGNh99SWMi2O7Rj8jWtZPZvZg\">D66_BIS_AUTORITZACIONS-<wbr \/>SORTIDES-ESO-BATX_v01<\/a><\/li>\n<li><a href=\"https:\/\/agora.xtec.cat\/iesgabrielamistral\/wp-content\/uploads\/usu246\/2021\/06\/D88_AUTORITZACIO%CC%81-DE-CESSIO%CC%81-DE-DADES_v02.odt\" target=\"_blank\" rel=\"noopener noreferrer\" data-saferedirecturl=\"https:\/\/www.google.com\/url?q=https:\/\/agora.xtec.cat\/iesgabrielamistral\/wp-content\/uploads\/usu246\/2021\/06\/D88_AUTORITZACIO%25CC%2581-DE-CESSIO%25CC%2581-DE-DADES_v02.odt&amp;source=gmail&amp;ust=1623844759439000&amp;usg=AFQjCNHSQiRPxHYKbpN0BJ8VPpcj2w8Niw\">D88_Autoritzacio-de-cessi\u00f3-de-<wbr \/>dades_v02<\/a><\/li>\n<li><a href=\"https:\/\/agora.xtec.cat\/iesgabrielamistral\/wp-content\/uploads\/usu246\/2021\/06\/D89_Autoritzaci%C3%B3-serveis-digitals_v01.odt\" target=\"_blank\" rel=\"noopener noreferrer\" data-saferedirecturl=\"https:\/\/www.google.com\/url?q=https:\/\/agora.xtec.cat\/iesgabrielamistral\/wp-content\/uploads\/usu246\/2021\/06\/D89_Autoritzaci%25C3%25B3-serveis-digitals_v01.odt&amp;source=gmail&amp;ust=1623844759439000&amp;usg=AFQjCNF-WDpSXWLNZZtN0sJoI2I7P_ge7A\">D89_Autoritzacio-serveis-<wbr \/>digitals_v01<\/a>\u00a0<\/li>\n<li><a href=\"https:\/\/agora.xtec.cat\/iesgabrielamistral\/wp-content\/uploads\/usu246\/2021\/06\/Declaraci%C3%B3-responsable-alumnat.pdf\" target=\"_blank\" rel=\"noopener noreferrer\" data-saferedirecturl=\"https:\/\/www.google.com\/url?q=https:\/\/agora.xtec.cat\/iesgabrielamistral\/wp-content\/uploads\/usu246\/2021\/06\/Declaraci%25C3%25B3-responsable-alumnat.pdf&amp;source=gmail&amp;ust=1623844759439000&amp;usg=AFQjCNFrnwVJ5bchSviMc_yK6JL76zRXKg\">Declaraci\u00f3 responsable per a les fam\u00edlies menors 18<\/a><\/li>\n<li><a href=\"https:\/\/agora.xtec.cat\/iesgabrielamistral\/wp-content\/uploads\/usu246\/2021\/06\/Carta-Soci-AMPA-21-22.pdf\" target=\"_blank\" rel=\"noopener noreferrer\" data-saferedirecturl=\"https:\/\/www.google.com\/url?q=https:\/\/agora.xtec.cat\/iesgabrielamistral\/wp-content\/uploads\/usu246\/2021\/06\/Carta-Soci-AMPA-21-22.pdf&amp;source=gmail&amp;ust=1623844759439000&amp;usg=AFQjCNGQeP32J4AIbs7oHNwcrcc8M3ahuA\">Carta soci AMPA 21-22<\/a><\/li>\n<li><a href=\"https:\/\/agora.xtec.cat\/iesgabrielamistral\/wp-content\/uploads\/usu246\/2021\/06\/extraescolars-21-22.docx\" target=\"_blank\" rel=\"noopener noreferrer\" data-saferedirecturl=\"https:\/\/www.google.com\/url?q=https:\/\/agora.xtec.cat\/iesgabrielamistral\/wp-content\/uploads\/usu246\/2021\/06\/extraescolars-21-22.docx&amp;source=gmail&amp;ust=1623844759439000&amp;usg=AFQjCNEbFkIIPnOxDjK1A1DY8lDZ1AHSiw\">Extraescolars 21-21<\/a><\/li>\n<li><a href=\"https:\/\/agora.xtec.cat\/iesgabrielamistral\/wp-content\/uploads\/usu246\/2020\/09\/Autoritzaci%C3%B3-COVID-19.pdf\" target=\"_blank\" rel=\"noopener noreferrer\" data-saferedirecturl=\"https:\/\/www.google.com\/url?q=https:\/\/agora.xtec.cat\/iesgabrielamistral\/wp-content\/uploads\/usu246\/2020\/09\/Autoritzaci%25C3%25B3-COVID-19.pdf&amp;source=gmail&amp;ust=1623844759439000&amp;usg=AFQjCNH_D6sB4Rj9HAGAB9gwWgzea3c3YA\">Autoritzaci\u00f3 COVID-19<\/a><\/li>\n<li>\n<p><a href=\"https:\/\/agora.xtec.cat\/iesgabrielamistral\/wp-content\/uploads\/usu246\/2021\/06\/Instruccions-pagament-CFGB-curs-2021-22.pdf\" target=\"_blank\" rel=\"noopener noreferrer\" data-saferedirecturl=\"https:\/\/www.google.com\/url?q=https:\/\/agora.xtec.cat\/iesgabrielamistral\/wp-content\/uploads\/usu246\/2020\/09\/Autoritzaci%25C3%25B3-COVID-19.pdf&amp;source=gmail&amp;ust=1623844759439000&amp;usg=AFQjCNH_D6sB4Rj9HAGAB9gwWgzea3c3YA\">Instruccions de pagament del CFGB<\/a><b><\/b><\/p>\n<\/li>\n<\/ul>\n<\/div>\n","protected":false},"excerpt":{"rendered":"<p>MATR\u00cdCULA CFGB INFORM\u00c0TICA D&#8217;OFICINA \u00a0 Per\u00edode de matr\u00edcula : Del 16 de juny al 22 de juny de 2021 \u00a0 Per tal de formalitzar la matr\u00edcula envieu complimentada la documentaci\u00f3 que es detalla continuaci\u00f3 a la seg\u00fcent adre\u00e7a de correu electr\u00f2nic: preinscripcio@insgabrielamistral.cat Si teniu algun dubte podeu trucar al tel\u00e8fon: 93 656 00 00 \u00a0 [&hellip;]<\/p>\n","protected":false},"author":9,"featured_media":0,"parent":0,"menu_order":0,"comment_status":"closed","ping_status":"closed","template":"","meta":{"_bbp_topic_count":0,"_bbp_reply_count":0,"_bbp_total_topic_count":0,"_bbp_total_reply_count":0,"_bbp_voice_count":0,"_bbp_anonymous_reply_count":0,"_bbp_topic_count_hidden":0,"_bbp_reply_count_hidden":0,"_bbp_forum_subforum_count":0,"site-sidebar-layout":"default","site-content-layout":"","ast-site-content-layout":"","site-content-style":"default","site-sidebar-style":"default","ast-global-header-display":"","ast-banner-title-visibility":"","ast-main-header-display":"","ast-hfb-above-header-display":"","ast-hfb-below-header-display":"","ast-hfb-mobile-header-display":"","site-post-title":"","ast-breadcrumbs-content":"","ast-featured-img":"","footer-sml-layout":"","theme-transparent-header-meta":"","adv-header-id-meta":"","stick-header-meta":"","header-above-stick-meta":"","header-main-stick-meta":"","header-below-stick-meta":"","astra-migrate-meta-layouts":"default","ast-page-background-enabled":"default","ast-page-background-meta":{"desktop":{"background-color":"var(--ast-global-color-4)","background-image":"","background-repeat":"repeat","background-position":"center center","background-size":"auto","background-attachment":"scroll","background-type":"","background-media":"","overlay-type":"","overlay-color":"","overlay-opacity":"","overlay-gradient":""},"tablet":{"background-color":"","background-image":"","background-repeat":"repeat","background-position":"center center","background-size":"auto","background-attachment":"scroll","background-type":"","background-media":"","overlay-type":"","overlay-color":"","overlay-opacity":"","overlay-gradient":""},"mobile":{"background-color":"","background-image":"","background-repeat":"repeat","background-position":"center center","background-size":"auto","background-attachment":"scroll","background-type":"","background-media":"","overlay-type":"","overlay-color":"","overlay-opacity":"","overlay-gradient":""}},"ast-content-background-meta":{"desktop":{"background-color":"var(--ast-global-color-5)","background-image":"","background-repeat":"repeat","background-position":"center center","background-size":"auto","background-attachment":"scroll","background-type":"","background-media":"","overlay-type":"","overlay-color":"","overlay-opacity":"","overlay-gradient":""},"tablet":{"background-color":"var(--ast-global-color-5)","background-image":"","background-repeat":"repeat","background-position":"center center","background-size":"auto","background-attachment":"scroll","background-type":"","background-media":"","overlay-type":"","overlay-color":"","overlay-opacity":"","overlay-gradient":""},"mobile":{"background-color":"var(--ast-global-color-5)","background-image":"","background-repeat":"repeat","background-position":"center center","background-size":"auto","background-attachment":"scroll","background-type":"","background-media":"","overlay-type":"","overlay-color":"","overlay-opacity":"","overlay-gradient":""}},"footnotes":""},"class_list":["post-12615","page","type-page","status-publish","hentry"],"post_mailing_queue_ids":[],"_links":{"self":[{"href":"https:\/\/agora.xtec.cat\/iesgabrielamistral\/wp-json\/wp\/v2\/pages\/12615","targetHints":{"allow":["GET"]}}],"collection":[{"href":"https:\/\/agora.xtec.cat\/iesgabrielamistral\/wp-json\/wp\/v2\/pages"}],"about":[{"href":"https:\/\/agora.xtec.cat\/iesgabrielamistral\/wp-json\/wp\/v2\/types\/page"}],"author":[{"embeddable":true,"href":"https:\/\/agora.xtec.cat\/iesgabrielamistral\/wp-json\/wp\/v2\/users\/9"}],"replies":[{"embeddable":true,"href":"https:\/\/agora.xtec.cat\/iesgabrielamistral\/wp-json\/wp\/v2\/comments?post=12615"}],"version-history":[{"count":2,"href":"https:\/\/agora.xtec.cat\/iesgabrielamistral\/wp-json\/wp\/v2\/pages\/12615\/revisions"}],"predecessor-version":[{"id":12618,"href":"https:\/\/agora.xtec.cat\/iesgabrielamistral\/wp-json\/wp\/v2\/pages\/12615\/revisions\/12618"}],"wp:attachment":[{"href":"https:\/\/agora.xtec.cat\/iesgabrielamistral\/wp-json\/wp\/v2\/media?parent=12615"}],"curies":[{"name":"wp","href":"https:\/\/api.w.org\/{rel}","templated":true}]}}