{"id":12421,"date":"2021-05-11T11:53:35","date_gmt":"2021-05-11T09:53:35","guid":{"rendered":"https:\/\/agora.xtec.cat\/iesgabrielamistral\/?page_id=12421"},"modified":"2026-04-07T09:26:46","modified_gmt":"2026-04-07T07:26:46","slug":"programes-de-formacio-i-insercio","status":"publish","type":"page","link":"https:\/\/agora.xtec.cat\/iesgabrielamistral\/inici2\/programes-de-formacio-i-insercio\/","title":{"rendered":"Programes de formaci\u00f3 i inserci\u00f3"},"content":{"rendered":"<p style=\"text-align: center;\"><a href=\"https:\/\/triaeducativa.gencat.cat\/ca\/fp\/pfi\/\"><img loading=\"lazy\" decoding=\"async\" class=\"alignnone size-large wp-image-14998\" src=\"https:\/\/agora.xtec.cat\/iesgabrielamistral\/wp-content\/uploads\/usu246\/2023\/05\/cartell-pfi-724x1024.jpg\" alt=\"\" width=\"724\" height=\"1024\" srcset=\"https:\/\/agora.xtec.cat\/iesgabrielamistral\/wp-content\/uploads\/usu246\/2023\/05\/cartell-pfi-724x1024.jpg 724w, https:\/\/agora.xtec.cat\/iesgabrielamistral\/wp-content\/uploads\/usu246\/2023\/05\/cartell-pfi-212x300.jpg 212w, https:\/\/agora.xtec.cat\/iesgabrielamistral\/wp-content\/uploads\/usu246\/2023\/05\/cartell-pfi-768x1086.jpg 768w, https:\/\/agora.xtec.cat\/iesgabrielamistral\/wp-content\/uploads\/usu246\/2023\/05\/cartell-pfi-1086x1536.jpg 1086w, https:\/\/agora.xtec.cat\/iesgabrielamistral\/wp-content\/uploads\/usu246\/2023\/05\/cartell-pfi-1448x2048.jpg 1448w, https:\/\/agora.xtec.cat\/iesgabrielamistral\/wp-content\/uploads\/usu246\/2023\/05\/cartell-pfi-scaled.jpg 1810w\" sizes=\"auto, (max-width: 724px) 100vw, 724px\" \/><\/a><\/p>\n<p style=\"text-align: center;\"><strong><a href=\"https:\/\/linktr.ee\/PFI_SVH\"><span style=\"font-size: 20px;\"><em>Contacta amb el PFI<\/em><\/span><\/a><\/strong><\/p>\n<p>&nbsp;<\/p>\n<p><strong>Nou! Clica <a href=\"https:\/\/agora.xtec.cat\/iesgabrielamistral\/preinscripcio-i-matricula\/preinscripcio-i-matricula-pfi\/\">aqu\u00ed<\/a> per accedir a la informaci\u00f3 sobre la preinscripci\u00f3 i matr\u00edcula del curs 2026-2027<\/strong><\/p>\n<p>Al PFI del Gabriela Mistral podr\u00e0s estudiar <a href=\"https:\/\/xtec.gencat.cat\/web\/.content\/curriculum\/professionals\/pfi\/documents\/Auxiliar-de-pastisseria-i-forneria.pdf\">Auxiliar de Pastisseria i Forneria<\/a> i <a href=\"https:\/\/xtec.gencat.cat\/web\/.content\/curriculum\/professionals\/pfi\/curriculum-a-partir-de-2024-2025\/documents\/Fitxa-IC01.pdf\">Auxiliar de Muntatge i Manteniment d&#8217;Equips Inform\u00e0tics.<\/a><\/p>\n<div class=\"etapa\">\n<div>\n<div>\n<div class=\"padding-15\">\n<p>Els programes de formaci\u00f3 i inserci\u00f3 (PFI) s\u00f3n el primer nivell de qualificaci\u00f3 dins dels estudis de formaci\u00f3 professional i s&#8217;adscriuen a diferents fam\u00edlies professionals.<\/p>\n<p>Els PFI s&#8217;adrecen a joves d&#8217;entre 16 i 21 anys que no han finalitzat l&#8217;Educaci\u00f3 Secund\u00e0ria Obligat\u00f2ria. S\u00f3n estudis voluntaris i la seva durada \u00e9s d&#8217;un curs acad\u00e8mic (1.000 hores).<\/p>\n<p>Els i les alumnes de PFI reben un acompanyament i una tutoritzaci\u00f3 essencial per a l&#8217;assoliment dels objectius del programa. Els aprenentatges s\u00f3n vivencials i vinculats amb l&#8217;entorn proper, i inclouen pr\u00e0ctiques en empresa; s&#8217;apr\u00e8n fent, utilitzant metodologies actives i globals.<\/p>\n<p>Amb els PFI, d&#8217;una banda, es facilita la continu\u00eftat formativa dins de la formaci\u00f3 professional i, de l&#8217;altra, l&#8217;aprenentatge de les compet\u00e8ncies transversals i professionals necess\u00e0ries per al m\u00f3n del treball.<\/p>\n<\/div>\n<\/div>\n<\/div>\n<\/div>\n<div class=\"etapa csectionodd\">\n<div>\n<div>\n<div class=\"row\">\n<h2 class=\"subtitle\">Qu\u00e8 necessito per accedir-hi<\/h2>\n<\/div>\n<\/div>\n<\/div>\n<div class=\"pd-15x\">\n<p>Poden accedir a aquest programa de formaci\u00f3 i inserci\u00f3 (PFI) els joves\u00a0que compleixin com a m\u00ednim 16 anys d&#8217;edat i com a m\u00e0xim 21 en l&#8217;any d\u2019inici del programa i que no hagin obtingut el graduat en ESO.<\/p>\n<p>Els\u00a0<strong>tr\u00e0mits<\/strong>\u00a0s\u00f3n:<\/p>\n<ul>\n<li>Per cursar un programa de formaci\u00f3 i inserci\u00f3 organitzat pel Departament d&#8217;Educaci\u00f3 (PTT, FIAP i PIP en institut) cal fer la preinscripci\u00f3 i matr\u00edcula segons les directrius d&#8217;aquest Departament.<\/li>\n<\/ul>\n<\/div>\n<\/div>\n<div class=\"etapa \">\n<div>\n<div>\n<div class=\"row\">\n<h2 class=\"subtitle\">Quines s\u00f3n les sortides acad\u00e8miques i professionals<\/h2>\n<\/div>\n<\/div>\n<\/div>\n<div class=\"pd-15x\">\n<p>La superaci\u00f3 d&#8217;aquest programa de formaci\u00f3 i inserci\u00f3 (PFI) comporta el seg\u00fcent:<\/p>\n<ul>\n<li>Certificat acad\u00e8mic i professional, que cont\u00e9 la qualificaci\u00f3 final assolida en el PFI i acredita les compet\u00e8ncies professionals assolides.<\/li>\n<li>Certificat del Curs d\u2019acc\u00e9s als cicles formatius de grau mitj\u00e0 (CAM), si el PFI s\u2019ha cursat en un centre autoritzat a impartir aquest Curs d\u2019acc\u00e9s.<\/li>\n<li>Acc\u00e9s als cicles formatius de grau mitj\u00e0, d\u2019acord amb la Resoluci\u00f3 EDU\/2638\/2020, de 26 d&#8217;octubre.<\/li>\n<li>Reconeixement dels m\u00f2duls professionals superats en el PFI per a l&#8217;obtenci\u00f3 del t\u00edtol professional b\u00e0sic associat al perfil.<\/li>\n<li>Certificat de professionalitat que emet l&#8217;Administraci\u00f3 laboral.<\/li>\n<li>Acc\u00e9s als centres de formaci\u00f3 d&#8217;adults per obtenir el graduat en educaci\u00f3 secund\u00e0ria obligat\u00f2ria (GESO), sense complir el requisit de tenir divuit anys.<\/li>\n<\/ul>\n<\/div>\n<\/div>\n<div class=\"etapa csectionodd\">\n<div>\n<div>\n<div class=\"row\">\n<h2 class=\"subtitle\">Com s&#8217;estructuren<\/h2>\n<\/div>\n<\/div>\n<\/div>\n<div class=\"pd-15x\">\n<p>Els programes de formaci\u00f3 i inserci\u00f3 s&#8217;<strong>estructuren<\/strong>\u00a0en:<\/p>\n<ul>\n<li>\u00a0M\u00f2duls de formaci\u00f3 professional, per a l&#8217;assoliment de les compet\u00e8ncies professionals, que inclouen un m\u00f2dul de pr\u00e0ctiques en alternan\u00e7a en centres de treball.<\/li>\n<li>\u00a0M\u00f2duls de formaci\u00f3 general per a l&#8217;adquisici\u00f3 de compet\u00e8ncies instrumentals b\u00e0siques.<\/li>\n<li>\u00a0Accions de seguiment i orientaci\u00f3 de l&#8217;alumne.<\/li>\n<\/ul>\n<\/div>\n<\/div>\n<p>M\u00e9s informaci\u00f3:<\/p>\n<p><a id=\"m_8037253741147379297m_6663956853565454334OWAaa01587c-fca9-3343-9a23-d6457b4549b8\" href=\"https:\/\/preinscripcio.gencat.cat\/ca\/estudis\/pfi\/inici\/\" target=\"_blank\" rel=\"noopener\" data-saferedirecturl=\"https:\/\/www.google.com\/url?q=https:\/\/view.genial.ly\/62386e003cfcce0011801d55&amp;source=gmail&amp;ust=1710609189504000&amp;usg=AOvVaw1T729vZ9atVSq3v3u1HQs6\">Informaci\u00f3 preinscripci\u00f3 curs 2026-2027<\/a><\/p>\n<p><a id=\"m_8037253741147379297m_6663956853565454334OWAc73939e0-bc07-bf38-ea7b-5da1a5fecf24\" href=\"https:\/\/drive.google.com\/file\/d\/1hzBMwv564bo6AM-r4hPgmQL9djpk7uRM\/view\" target=\"_blank\" rel=\"noopener\" data-saferedirecturl=\"https:\/\/www.google.com\/url?q=https:\/\/drive.google.com\/file\/d\/1hzBMwv564bo6AM-r4hPgmQL9djpk7uRM\/view&amp;source=gmail&amp;ust=1710609189504000&amp;usg=AOvVaw19Znt3YWEjN6FLcNaqECRU\">Presentaci\u00f3 PFI<\/a>\u00a0<\/p>\n<p><a id=\"m_8037253741147379297m_6663956853565454334OWAa17cda64-6d87-696f-8b2d-2f08d7382ed8\" href=\"https:\/\/drive.google.com\/file\/d\/1MEfAtW75DR_x1-4umCkABIYM_ZQHUah7\/view?usp=sharing\" target=\"_blank\" rel=\"noopener\" data-saferedirecturl=\"https:\/\/www.google.com\/url?q=https:\/\/drive.google.com\/file\/d\/1MEfAtW75DR_x1-4umCkABIYM_ZQHUah7\/view?usp%3Dsharing&amp;source=gmail&amp;ust=1710609189504000&amp;usg=AOvVaw2thUFmHMOXgeam0wymEvNk\">Infografia PFI (alumnat)<\/a><\/p>\n<p><a id=\"m_8037253741147379297m_6663956853565454334OWA99378fcc-fcf7-ce4e-0c25-1f2097e1eebd\" title=\"Inicia el teu itinerari professional els PFI t'ho faciliten!\" href=\"https:\/\/educacio.gencat.cat\/web\/.content\/home\/departament\/publicacions\/guies-estudis\/guia-pfi-itineraris.pdf\" target=\"_blank\" rel=\"noopener\" data-saferedirecturl=\"https:\/\/www.google.com\/url?q=https:\/\/educacio.gencat.cat\/web\/.content\/home\/departament\/publicacions\/guies-estudis\/guia-pfi-itineraris.pdf&amp;source=gmail&amp;ust=1710609189504000&amp;usg=AOvVaw39gU9vqJwLf7O-iUUM1iDg\">Fullet\u00f3 PFI: Inicia el teu itinerari professional els PFI t&#8217;ho faciliten!<\/a><\/p>\n<p><a id=\"m_8037253741147379297m_6663956853565454334OWA8c33a176-51cc-4548-b410-af92c53a78e3\" href=\"https:\/\/youtu.be\/UoTYt5EY-jQ\" target=\"_blank\" rel=\"noopener\" data-saferedirecturl=\"https:\/\/www.google.com\/url?q=https:\/\/youtu.be\/UoTYt5EY-jQ&amp;source=gmail&amp;ust=1710609189504000&amp;usg=AOvVaw1-6-PXWQuWfX6f99rV2iEY\">V\u00eddeo\u00a0PFI<\/a><\/p>\n<p><a id=\"m_8037253741147379297m_6663956853565454334OWA06318490-d4a0-6d45-fb68-0d85b2e8cbe7\" href=\"https:\/\/triaeducativa.gencat.cat\/ca\/fp\/pfi\/\" target=\"_blank\" rel=\"noopener\" data-saferedirecturl=\"https:\/\/www.google.com\/url?q=https:\/\/triaeducativa.gencat.cat\/ca\/fp\/pfi\/&amp;source=gmail&amp;ust=1710609189504000&amp;usg=AOvVaw154aL44gGcehAiDdAoPhN_\">https:\/\/triaeducativa.gencat.<wbr \/>cat\/ca\/fp\/pfi\/<\/a><\/p>\n<p><a id=\"m_8037253741147379297m_6663956853565454334OWAb871499b-aa76-0328-d948-6aedb3f1fddb\" href=\"https:\/\/projectes.xtec.cat\/pfi\/\" target=\"_blank\" rel=\"noopener\" data-saferedirecturl=\"https:\/\/www.google.com\/url?q=https:\/\/projectes.xtec.cat\/pfi\/&amp;source=gmail&amp;ust=1710609189504000&amp;usg=AOvVaw2kF5JeOaGI61SFJL4Ckk6e\">Web nodes PFI<\/a><\/p>\n<p>Landing page PFI Sant Vicen\u00e7 dels Horts<\/p>\n<p>&nbsp;<\/p>\n<p>Ens trobar\u00e0s al Passatge Pau Vila n\u00ba 7 de Sant Vicen\u00e7 dels Horts<\/p>\n<p><iframe loading=\"lazy\" style=\"border: 0;\" src=\"https:\/\/www.google.com\/maps\/embed?pb=!1m18!1m12!1m3!1d2993.20772542282!2d2.006755876519544!3d41.39129499575221!2m3!1f0!2f0!3f0!3m2!1i1024!2i768!4f13.1!3m3!1m2!1s0x12a49b6df693d289%3A0xf0eecab40055c1dc!2sPFI-PTT%20Sant%20Vicen%C3%A7%20dels%20Horts!5e0!3m2!1ses!2ses!4v1683110983048!5m2!1ses!2ses\" width=\"600\" height=\"450\" allowfullscreen=\"allowfullscreen\"><\/iframe><\/p>\n<p>&nbsp;<\/p>\n","protected":false},"excerpt":{"rendered":"<p>Contacta amb el PFI &nbsp; Nou! Clica aqu\u00ed per accedir a la informaci\u00f3 sobre la preinscripci\u00f3 i matr\u00edcula del curs 2026-2027 Al PFI del Gabriela Mistral podr\u00e0s estudiar Auxiliar de Pastisseria i Forneria i Auxiliar de Muntatge i Manteniment d&#8217;Equips Inform\u00e0tics. Els programes de formaci\u00f3 i inserci\u00f3 (PFI) s\u00f3n el primer nivell de qualificaci\u00f3 dins [&hellip;]<\/p>\n","protected":false},"author":9,"featured_media":0,"parent":3654,"menu_order":7,"comment_status":"closed","ping_status":"closed","template":"","meta":{"_bbp_topic_count":0,"_bbp_reply_count":0,"_bbp_total_topic_count":0,"_bbp_total_reply_count":0,"_bbp_voice_count":0,"_bbp_anonymous_reply_count":0,"_bbp_topic_count_hidden":0,"_bbp_reply_count_hidden":0,"_bbp_forum_subforum_count":0,"site-sidebar-layout":"default","site-content-layout":"","ast-site-content-layout":"default","site-content-style":"default","site-sidebar-style":"default","ast-global-header-display":"","ast-banner-title-visibility":"","ast-main-header-display":"","ast-hfb-above-header-display":"","ast-hfb-below-header-display":"","ast-hfb-mobile-header-display":"","site-post-title":"","ast-breadcrumbs-content":"","ast-featured-img":"","footer-sml-layout":"","theme-transparent-header-meta":"default","adv-header-id-meta":"","stick-header-meta":"","header-above-stick-meta":"","header-main-stick-meta":"","header-below-stick-meta":"","astra-migrate-meta-layouts":"set","ast-page-background-enabled":"default","ast-page-background-meta":{"desktop":{"background-color":"var(--ast-global-color-4)","background-image":"","background-repeat":"repeat","background-position":"center center","background-size":"auto","background-attachment":"scroll","background-type":"","background-media":"","overlay-type":"","overlay-color":"","overlay-opacity":"","overlay-gradient":""},"tablet":{"background-color":"","background-image":"","background-repeat":"repeat","background-position":"center center","background-size":"auto","background-attachment":"scroll","background-type":"","background-media":"","overlay-type":"","overlay-color":"","overlay-opacity":"","overlay-gradient":""},"mobile":{"background-color":"","background-image":"","background-repeat":"repeat","background-position":"center center","background-size":"auto","background-attachment":"scroll","background-type":"","background-media":"","overlay-type":"","overlay-color":"","overlay-opacity":"","overlay-gradient":""}},"ast-content-background-meta":{"desktop":{"background-color":"var(--ast-global-color-5)","background-image":"","background-repeat":"repeat","background-position":"center center","background-size":"auto","background-attachment":"scroll","background-type":"","background-media":"","overlay-type":"","overlay-color":"","overlay-opacity":"","overlay-gradient":""},"tablet":{"background-color":"var(--ast-global-color-5)","background-image":"","background-repeat":"repeat","background-position":"center center","background-size":"auto","background-attachment":"scroll","background-type":"","background-media":"","overlay-type":"","overlay-color":"","overlay-opacity":"","overlay-gradient":""},"mobile":{"background-color":"var(--ast-global-color-5)","background-image":"","background-repeat":"repeat","background-position":"center center","background-size":"auto","background-attachment":"scroll","background-type":"","background-media":"","overlay-type":"","overlay-color":"","overlay-opacity":"","overlay-gradient":""}},"footnotes":""},"class_list":["post-12421","page","type-page","status-publish","hentry"],"post_mailing_queue_ids":[],"_links":{"self":[{"href":"https:\/\/agora.xtec.cat\/iesgabrielamistral\/wp-json\/wp\/v2\/pages\/12421","targetHints":{"allow":["GET"]}}],"collection":[{"href":"https:\/\/agora.xtec.cat\/iesgabrielamistral\/wp-json\/wp\/v2\/pages"}],"about":[{"href":"https:\/\/agora.xtec.cat\/iesgabrielamistral\/wp-json\/wp\/v2\/types\/page"}],"author":[{"embeddable":true,"href":"https:\/\/agora.xtec.cat\/iesgabrielamistral\/wp-json\/wp\/v2\/users\/9"}],"replies":[{"embeddable":true,"href":"https:\/\/agora.xtec.cat\/iesgabrielamistral\/wp-json\/wp\/v2\/comments?post=12421"}],"version-history":[{"count":8,"href":"https:\/\/agora.xtec.cat\/iesgabrielamistral\/wp-json\/wp\/v2\/pages\/12421\/revisions"}],"predecessor-version":[{"id":19101,"href":"https:\/\/agora.xtec.cat\/iesgabrielamistral\/wp-json\/wp\/v2\/pages\/12421\/revisions\/19101"}],"up":[{"embeddable":true,"href":"https:\/\/agora.xtec.cat\/iesgabrielamistral\/wp-json\/wp\/v2\/pages\/3654"}],"wp:attachment":[{"href":"https:\/\/agora.xtec.cat\/iesgabrielamistral\/wp-json\/wp\/v2\/media?parent=12421"}],"curies":[{"name":"wp","href":"https:\/\/api.w.org\/{rel}","templated":true}]}}