{"id":12358,"date":"2021-05-10T18:51:39","date_gmt":"2021-05-10T16:51:39","guid":{"rendered":"https:\/\/agora.xtec.cat\/iesgabrielamistral\/?page_id=12358"},"modified":"2021-05-25T11:16:52","modified_gmt":"2021-05-25T09:16:52","slug":"preinscripcio-ife","status":"publish","type":"page","link":"https:\/\/agora.xtec.cat\/iesgabrielamistral\/preinscripcio-i-matricula-2\/preinscripcio-ife\/","title":{"rendered":"Preinscripci\u00f3 IFE"},"content":{"rendered":"<p><span style=\"font-size: 16px;\"><a href=\"https:\/\/agora.xtec.cat\/iesgabrielamistral\/wp-content\/uploads\/usu246\/2021\/05\/PREINSCRIPCI\u00d3-ITINERARIS-FORMATIUS-ESPEC\u00cdFICS-CURS-2021-2022-1.pdf\">Preinscripci\u00f3 IFE (full informatiu en format PDF)<\/a><br \/>\n<\/span><\/p>\n<p><b>PREINSCRIPCI\u00d3 ITINERARIS FORMATIUS ESPEC\u00cdFICS CURS 2021-2022<\/b><\/p>\n<p><b>Informaci\u00f3<\/b><\/p>\n<p>-Institut Gabriela Mistral: 08053340<\/p>\n<ul>\n<li aria-level=\"1\">Tel\u00e8fon 936560000<\/li>\n<li aria-level=\"1\"><a href=\"mailto:preinscripcio@insgabrielamistral.cat\">preinscripcio@insgabrielamistral.cat<\/a>\u00a0<\/li>\n<li aria-level=\"1\">Cita pr\u00e8via: Davant de dificultats inform\u00e0tiques o dubtes rellevants, demaneu cita pr\u00e8via al tel\u00e8fon del centre. No es pot accedir al centre sense cita pr\u00e8via.<\/li>\n<\/ul>\n<p>-Ajuntament de Sant Vicen\u00e7:<\/p>\n<ul>\n<li aria-level=\"1\"><a href=\"http:\/\/www.svh.cat\/ajuntament-seu-electronica\/siac-servei-integral-datencio-ciutadana\/\">Servei d\u2019Informaci\u00f3 i Atenci\u00f3 al Ciutad\u00e0 (SIAC)<\/a><\/li>\n<\/ul>\n<p>Tel\u00e8fon: 900 111 656<\/p>\n<p>-Departament d\u2019Educaci\u00f3:<\/p>\n<ul>\n<li aria-level=\"1\">Informaci\u00f3 i sol\u00b7licitud:<a href=\"https:\/\/preinscripcio.gencat.cat\/ca\/estudis\/ife\/inici\/\">Web del Departament d&#8217;Educaci\u00f3<\/a><\/li>\n<\/ul>\n<p><b>Dates importants<\/b><\/p>\n<p>Preinscripci\u00f3 de l\u201917 al 28\u00a0 DE MAIG (ambd\u00f2s inclosos).<\/p>\n<p><b>Com fer la preinscripci\u00f3?<\/b><\/p>\n<p>Per realitzar una preinscripci\u00f3 a un IFE al nostre centre, cal omplir la seg\u00fcent <a href=\"https:\/\/agora.xtec.cat\/iesgabrielamistral\/wp-content\/uploads\/usu246\/2021\/05\/A309-1.pdf\"><b>sol\u00b7licitud de preinscripci\u00f3<\/b><\/a>, i presentar-la al centre (demaneu cita pr\u00e8via per tel\u00e8fon<b>)<\/b> juntament amb la documentaci\u00f3 que a continuaci\u00f3 detallem.<\/p>\n<p>Nom\u00e9s es pot presentar una sol\u00b7licitud per persona i s&#8217;hi poden fer constar fins a tres peticions, per ordre de prefer\u00e8ncia. La sol\u00b7licitud es presenta al centre de la primera petici\u00f3, junt amb la documentaci\u00f3 acreditativa, dins el termini indicat. No s&#8217;admeten sol\u00b7licituds fora de termini.<\/p>\n<p><b>Documentaci\u00f3 acreditativa<\/b><\/p>\n<ul>\n<li aria-level=\"1\">Original i fotoc\u00f2pia del DNI, NIE o passaport vigent. Si es tracta d&#8217;estrangers comunitaris, document d&#8217;identitat del pa\u00eds d&#8217;origen.<\/li>\n<li aria-level=\"1\">Dictamen d&#8217;escolaritzaci\u00f3 o informe de reconeixement de necessitats educatives especials em\u00e8s durant l&#8217;educaci\u00f3 obligat\u00f2ria en qu\u00e8 consti la condici\u00f3 d&#8217;alumne amb necessitats educatives especials associades a discapacitat intel\u00b7lectual lleu o moderada, inclosos els alumnes amb trastorn de l&#8217;espectre autista (TEA).<\/li>\n<\/ul>\n<p>Si la persona sol\u00b7licitant \u00e9s menor d&#8217;edat tamb\u00e9 s&#8217;ha de presentar:<\/p>\n<ul>\n<li aria-level=\"1\">Original i fotoc\u00f2pia del llibre de fam\u00edlia o altres documents relatius a la filiaci\u00f3. Si est\u00e0 en situaci\u00f3 d&#8217;acolliment, la resoluci\u00f3 d&#8217;acolliment del Departament de Treball, Afers Socials i Fam\u00edlies.<\/li>\n<li aria-level=\"1\">Original i fotoc\u00f2pia del DNI de la persona sol\u00b7licitant (pare, mare, tutor o tutora o guardador o guardadora de fet) o si la persona sol\u00b7licitant \u00e9s estrangera, de la targeta de resid\u00e8ncia on consta el NIE o del passaport. Si es tracta d&#8217;estrangers comunitaris, document d&#8217;identitat del pa\u00eds d&#8217;origen.<\/li>\n<\/ul>\n<p>De manera extraordin\u00e0ria i a efectes de preinscripci\u00f3, les dades d&#8217;identificaci\u00f3 o de filiaci\u00f3 de les persones estrangeres tamb\u00e9 es poden acreditar amb el document d&#8217;identitat o el llibre de fam\u00edlia del pa\u00eds d&#8217;origen o la documentaci\u00f3 alternativa que la persona pugui aportar. El director o directora o la persona titular del centre la valora i deixa const\u00e0ncia per escrit de la decisi\u00f3 adoptada.<\/p>\n","protected":false},"excerpt":{"rendered":"<p>Preinscripci\u00f3 IFE (full informatiu en format PDF) PREINSCRIPCI\u00d3 ITINERARIS FORMATIUS ESPEC\u00cdFICS CURS 2021-2022 Informaci\u00f3 -Institut Gabriela Mistral: 08053340 Tel\u00e8fon 936560000 preinscripcio@insgabrielamistral.cat\u00a0 Cita pr\u00e8via: Davant de dificultats inform\u00e0tiques o dubtes rellevants, demaneu cita pr\u00e8via al tel\u00e8fon del centre. No es pot accedir al centre sense cita pr\u00e8via. -Ajuntament de Sant Vicen\u00e7: Servei d\u2019Informaci\u00f3 i Atenci\u00f3 al [&hellip;]<\/p>\n","protected":false},"author":9,"featured_media":0,"parent":12180,"menu_order":0,"comment_status":"closed","ping_status":"closed","template":"","meta":{"_bbp_topic_count":0,"_bbp_reply_count":0,"_bbp_total_topic_count":0,"_bbp_total_reply_count":0,"_bbp_voice_count":0,"_bbp_anonymous_reply_count":0,"_bbp_topic_count_hidden":0,"_bbp_reply_count_hidden":0,"_bbp_forum_subforum_count":0,"site-sidebar-layout":"default","site-content-layout":"","ast-site-content-layout":"","site-content-style":"default","site-sidebar-style":"default","ast-global-header-display":"","ast-banner-title-visibility":"","ast-main-header-display":"","ast-hfb-above-header-display":"","ast-hfb-below-header-display":"","ast-hfb-mobile-header-display":"","site-post-title":"","ast-breadcrumbs-content":"","ast-featured-img":"","footer-sml-layout":"","theme-transparent-header-meta":"","adv-header-id-meta":"","stick-header-meta":"","header-above-stick-meta":"","header-main-stick-meta":"","header-below-stick-meta":"","astra-migrate-meta-layouts":"default","ast-page-background-enabled":"default","ast-page-background-meta":{"desktop":{"background-color":"var(--ast-global-color-4)","background-image":"","background-repeat":"repeat","background-position":"center center","background-size":"auto","background-attachment":"scroll","background-type":"","background-media":"","overlay-type":"","overlay-color":"","overlay-opacity":"","overlay-gradient":""},"tablet":{"background-color":"","background-image":"","background-repeat":"repeat","background-position":"center center","background-size":"auto","background-attachment":"scroll","background-type":"","background-media":"","overlay-type":"","overlay-color":"","overlay-opacity":"","overlay-gradient":""},"mobile":{"background-color":"","background-image":"","background-repeat":"repeat","background-position":"center center","background-size":"auto","background-attachment":"scroll","background-type":"","background-media":"","overlay-type":"","overlay-color":"","overlay-opacity":"","overlay-gradient":""}},"ast-content-background-meta":{"desktop":{"background-color":"var(--ast-global-color-5)","background-image":"","background-repeat":"repeat","background-position":"center center","background-size":"auto","background-attachment":"scroll","background-type":"","background-media":"","overlay-type":"","overlay-color":"","overlay-opacity":"","overlay-gradient":""},"tablet":{"background-color":"var(--ast-global-color-5)","background-image":"","background-repeat":"repeat","background-position":"center center","background-size":"auto","background-attachment":"scroll","background-type":"","background-media":"","overlay-type":"","overlay-color":"","overlay-opacity":"","overlay-gradient":""},"mobile":{"background-color":"var(--ast-global-color-5)","background-image":"","background-repeat":"repeat","background-position":"center center","background-size":"auto","background-attachment":"scroll","background-type":"","background-media":"","overlay-type":"","overlay-color":"","overlay-opacity":"","overlay-gradient":""}},"footnotes":""},"class_list":["post-12358","page","type-page","status-publish","hentry"],"post_mailing_queue_ids":[],"_links":{"self":[{"href":"https:\/\/agora.xtec.cat\/iesgabrielamistral\/wp-json\/wp\/v2\/pages\/12358","targetHints":{"allow":["GET"]}}],"collection":[{"href":"https:\/\/agora.xtec.cat\/iesgabrielamistral\/wp-json\/wp\/v2\/pages"}],"about":[{"href":"https:\/\/agora.xtec.cat\/iesgabrielamistral\/wp-json\/wp\/v2\/types\/page"}],"author":[{"embeddable":true,"href":"https:\/\/agora.xtec.cat\/iesgabrielamistral\/wp-json\/wp\/v2\/users\/9"}],"replies":[{"embeddable":true,"href":"https:\/\/agora.xtec.cat\/iesgabrielamistral\/wp-json\/wp\/v2\/comments?post=12358"}],"version-history":[{"count":3,"href":"https:\/\/agora.xtec.cat\/iesgabrielamistral\/wp-json\/wp\/v2\/pages\/12358\/revisions"}],"predecessor-version":[{"id":12499,"href":"https:\/\/agora.xtec.cat\/iesgabrielamistral\/wp-json\/wp\/v2\/pages\/12358\/revisions\/12499"}],"up":[{"embeddable":true,"href":"https:\/\/agora.xtec.cat\/iesgabrielamistral\/wp-json\/wp\/v2\/pages\/12180"}],"wp:attachment":[{"href":"https:\/\/agora.xtec.cat\/iesgabrielamistral\/wp-json\/wp\/v2\/media?parent=12358"}],"curies":[{"name":"wp","href":"https:\/\/api.w.org\/{rel}","templated":true}]}}