{"id":12354,"date":"2021-05-10T18:51:09","date_gmt":"2021-05-10T16:51:09","guid":{"rendered":"https:\/\/agora.xtec.cat\/iesgabrielamistral\/?page_id=12354"},"modified":"2021-05-18T09:17:53","modified_gmt":"2021-05-18T07:17:53","slug":"preinscripcio-cfgm","status":"publish","type":"page","link":"https:\/\/agora.xtec.cat\/iesgabrielamistral\/preinscripcio-i-matricula-2\/preinscripcio-cfgm\/","title":{"rendered":"Preinscripci\u00f3 CFGM"},"content":{"rendered":"<p><a href=\"https:\/\/agora.xtec.cat\/iesgabrielamistral\/wp-content\/uploads\/usu246\/2021\/05\/INFORMACI\u00d3-PREINSCRIPCI\u00d3-CFGM-2021-22.docx.pdf\">Preinscripci\u00f3 CFGM (full informatiu en format PDF)<\/a><\/p>\n<p><b>PREINSCRIPCI\u00d3 CICLES FORMATIUS GRAU MITJ\u00c0 CURS 2021-2022<\/b><\/p>\n<p><b>Informaci\u00f3<\/b><\/p>\n<p>-Institut Gabriela Mistral: 08053340<\/p>\n<ul>\n<li aria-level=\"1\">Tel\u00e8fon 936560000<\/li>\n<li aria-level=\"1\"><a href=\"mailto:preinscripcio@insgabrielamistral.cat\">preinscripcio@insgabrielamistral.cat<\/a>\u00a0<\/li>\n<li aria-level=\"1\">Cita pr\u00e8via: Davant de dificultats inform\u00e0tiques o dubtes rellevants, demaneu cita pr\u00e8via al tel\u00e8fon del centre. No es pot accedir al centre sense cita pr\u00e8via.<\/li>\n<\/ul>\n<p>-Ajuntament de Sant Vicen\u00e7:<\/p>\n<ul>\n<li aria-level=\"1\"><a href=\"http:\/\/www.svh.cat\/ajuntament-seu-electronica\/siac-servei-integral-datencio-ciutadana\/\">Servei d\u2019Informaci\u00f3 i Atenci\u00f3 al Ciutad\u00e0 (SIAC)<\/a><\/li>\n<\/ul>\n<p>Tel\u00e8fon: 900 111 656<\/p>\n<p>-Departament d\u2019Educaci\u00f3:<\/p>\n<ul>\n<li aria-level=\"1\">Informaci\u00f3 i sol\u00b7licitud:<a href=\"https:\/\/preinscripcio.gencat.cat\/ca\/estudis\/fp-grau-mitja\/inici\/\">Web del Departament d&#8217;Educaci\u00f3<\/a><\/li>\n<\/ul>\n<p><b>Dates importants<\/b><\/p>\n<p>Preinscripci\u00f3 batxillerat de l\u201911 al 17\u00a0 DE MAIG<\/p>\n<p>(Fins el 18 de maig per adjuntar documentaci\u00f3 acreditativa)<\/p>\n<p><b>Com fer la preinscripci\u00f3?<\/b><\/p>\n<ul>\n<li aria-level=\"1\">Es necessita ordinador, tauleta o tel\u00e8fon m\u00f2bil amb connexi\u00f3 a Internet: Et caldr\u00e0 un dispositiu electr\u00f2nic amb connexi\u00f3 a Internet perqu\u00e8 aquest any la preinscripci\u00f3 es fa del tot en l\u00ednia.<\/li>\n<li aria-level=\"1\">Hi ha dos tipus de preinscripci\u00f3:<\/li>\n<\/ul>\n<p style=\"padding-left: 40px;\">1.Preinscripci\u00f3 telem\u00e0tica: Sol\u00b7licitud mitjan\u00e7ant <b>FORMULARI ELECTR\u00d2NIC<\/b> (RECOMANADA, NO CAL ADJUNTAR DOCUMENTACI\u00d3)<\/p>\n<p style=\"padding-left: 40px;\">2.Preinscripci\u00f3 amb suport inform\u00e0tic: Sol\u00b7licitud mitjan\u00e7ant <b>FORMULARI EN SUPORT INFORM\u00c0TIC<\/b> ( REQUEREIX ADJUNTAR DOCUMENTACI\u00d3)<\/p>\n<ol>\n<li><b> SOL\u00b7LICITUD FORMULARI EN SUPORT ELECTR\u00d2NIC<\/b>\n<ol>\n<li aria-level=\"1\">Ves a l&#8217;apartat Preinscripci\u00f3 del web del Departament d&#8217;Educaci\u00f3 de la Generalitat de Catalunya i escull el formulari en format electr\u00f2nic.<\/li>\n<\/ol>\n<\/li>\n<\/ol>\n<p style=\"padding-left: 40px;\">La persona que faci el tr\u00e0mit en format electr\u00f2nic cal que tingui una eina d&#8217;identificaci\u00f3 digital com el DNI electr\u00f2nic, la T-CAT, el sistema Cl@ve o l&#8217;idCAT M\u00f2bil. Si no es t\u00e9 aquesta eina es pot presentar la sol\u00b7licitud en format inform\u00e0tic(2n sup\u00f2sit)<\/p>\n<ul>\n<li style=\"list-style-type: none;\">\n<ul>\n<li aria-level=\"1\"><b>OBTENCI\u00d3 CERTIFICAT AMB L\u2019idCAT M\u00d2BIL<\/b>:<\/li>\n<\/ul>\n<\/li>\n<\/ul>\n<p style=\"padding-left: 40px;\">Accediu a l\u2019adre\u00e7a <a href=\"https:\/\/idcatmobil.seu.cat\/\">idCAT M\u00f2bil<\/a> i trobareu les instruccions pas a pas de com fer-ho.<\/p>\n<p style=\"padding-left: 40px;\">Per utilitzar l\u2019idCAT M\u00f2bil nom\u00e9s cal:<\/p>\n<ul>\n<li style=\"list-style-type: none;\">\n<ul>\n<li>Ser major de 16 anys<\/li>\n<li>Disposar de DNI\/NIE\/Passaport\/Doc identificador d\u2019un pa\u00eds de la UE o targeta de resid\u00e8ncia comunit\u00e0ria<\/li>\n<li>Disposar d\u2019adre\u00e7a de correu electr\u00f2nic i un tel\u00e8fon m\u00f2bil a efectes d\u2019identificaci\u00f3 i contacte<\/li>\n<li>Targeta sanit\u00e0ria per a la teva identificaci\u00f3<\/li>\n<\/ul>\n<\/li>\n<\/ul>\n<p style=\"padding-left: 40px;\">Tot seguit es rep un missatge al tel\u00e8fon, que cont\u00e9 una clau d\u2019acc\u00e9s per introduir-la en el web. En aquest cas, al tr\u00e0mit de sol\u00b7licitud de preinscripci\u00f3.<\/p>\n<ul>\n<li style=\"list-style-type: none;\">\n<ul>\n<li aria-level=\"1\">Ara que tenim la clau d\u2019acc\u00e9s anem a la <a href=\"http:\/\/educacio.gencat.cat\/ca\/tramits\/tramits-temes\/9420-FP-grau-mitja?category=74447ed8-a82c-11e3-a972-000c29052e2c&amp;moda=1\">Sol\u00b7licitud de preinscripci\u00f3<\/a> Formulari electr\u00f2nic i introdu\u00efm la clau per accedir-hi.<\/li>\n<\/ul>\n<\/li>\n<\/ul>\n<p style=\"padding-left: 40px;\">2. Introdueix el n\u00famero identificador de l&#8217;alumne, el RALC.<\/p>\n<p style=\"padding-left: 40px;\">Quan les sol\u00b7licituds de preinscripci\u00f3 es fan electr\u00f2nicament cal tenir preparat el codi identificador de l&#8217;alumne o l&#8217;alumna. Aquest codi es pot consultar en aquest mateix web, en l&#8217;apartat Consulta de l&#8217;identificador de l&#8217;alumne. Per fer la consulta i obtenir el n\u00famero d&#8217;identificador, el pare, la mare o el tutor o la tutora legal que faci el tr\u00e0mit s&#8217;ha d&#8217;autenticar electr\u00f2nicament. El portal sol\u00b7licita la data de naixement de l&#8217;alumne i, un cop validada, mostra la informaci\u00f3 en pantalla. \u00c9s important verificar tamb\u00e9 que tota la informaci\u00f3 que hi apareix \u00e9s correcta. En cas contrari, cal sol\u00b7licitar una rectificaci\u00f3 de les dades.<\/p>\n<p style=\"padding-left: 40px;\">3. Obre el formulari de preinscripci\u00f3 i omple totes les dades personals que se&#8217;t demanin.<\/p>\n<p style=\"padding-left: 40px;\">4. Indica el codi dels cicles als quals voleu accedir. Trobareu els codis a la pestanya Descripci\u00f3 de cada estudi.<\/p>\n<p style=\"padding-left: 40px;\">5. Indica el llistat ordenat de centres, cicles o torns als quals t&#8217;agradaria accedir ordenats per ordre de prefer\u00e8ncia.<\/p>\n<p style=\"padding-left: 40px;\">6. Especifica totes les circumst\u00e0ncies especials que acreditin la teva sol\u00b7licitud (resid\u00e8ncia habitual, si t\u00e9 alguna necessitat educativa espec\u00edfica&#8230;).<\/p>\n<p style=\"padding-left: 40px;\">7. Adjunta tota la informaci\u00f3 escanejada o fotografiada que es requereixi.<\/p>\n<p style=\"padding-left: 40px;\">8. Envia la sol\u00b7licitud de preinscripci\u00f3.<\/p>\n<ol start=\"2\">\n<li><b> SOL\u00b7LICITUD FORMULARI EN SUPORT INFORM\u00c0TIC:<\/b><\/li>\n<\/ol>\n<ol>\n<li style=\"list-style-type: none;\">\n<ol>\n<li aria-level=\"1\">Ves a l&#8217;apartat Preinscripci\u00f3 del web del Departament d&#8217;Educaci\u00f3 de la Generalitat de Catalunya i escull el formulari en suport inform\u00e0tic.<\/li>\n<li aria-level=\"1\">Obre el formulari de preinscripci\u00f3 i omple totes les dades personals que se&#8217;t demanin.\u00a0<\/li>\n<\/ol>\n<\/li>\n<\/ol>\n<ul>\n<li style=\"list-style-type: none;\">\n<ul>\n<li style=\"list-style-type: none;\">\n<ul>\n<li style=\"list-style-type: none;\">\n<ul>\n<li aria-level=\"1\">Documentaci\u00f3 identificativa. \u00c9s necess\u00e0ria quan l&#8217;alumne no t\u00e9 el codi identificador o si la sol\u00b7licitud es fa en suport inform\u00e0tic: El llibre de fam\u00edlia i DNI del pare, la mare o el tutor o tutora que fa la gesti\u00f3 si l&#8217;alumne \u00e9s menor. Si \u00e9s el cas, el passaport o document d&#8217;identitat d&#8217;un pa\u00eds membre de la Uni\u00f3 Europea. Si l&#8217;alumne \u00e9s major de 18 nom\u00e9s cal presentar el seu DNI. Cal escanejar o fotografiar aquesta documentaci\u00f3 i adjuntar-la.<\/li>\n<\/ul>\n<\/li>\n<\/ul>\n<\/li>\n<\/ul>\n<\/li>\n<\/ul>\n<p style=\"padding-left: 40px;\">3. Indica el codi dels cicles als quals voleu accedir. Trobareu els codis a la pestanya Descripci\u00f3 de cada estudi.<\/p>\n<p style=\"padding-left: 40px;\">4. Indica el llistat ordenat de centres, cicles o torns als quals t&#8217;agradaria accedir ordenats per ordre de prefer\u00e8ncia.<\/p>\n<p style=\"padding-left: 40px;\">5. Especifica totes les circumst\u00e0ncies especials que acreditin la teva sol\u00b7licitud (resid\u00e8ncia habitual, si t\u00e9 alguna necessitat educativa espec\u00edfica&#8230;)<\/p>\n<p style=\"padding-left: 80px;\"><b>Documentaci\u00f3 identificativa<\/b> :\u00c9s necess\u00e0ria quan l&#8217;alumne no t\u00e9 el codi identificador o si la sol\u00b7licitud es fa en suport inform\u00e0tic: El llibre de fam\u00edlia i DNI del pare, la mare o el tutor o tutora que fa la gesti\u00f3 si l&#8217;alumne \u00e9s menor. Si \u00e9s el cas, el passaport o document d&#8217;identitat d&#8217;un pa\u00eds membre de la Uni\u00f3 Europea. Si l&#8217;alumne \u00e9s major de 18 nom\u00e9s cal presentar el seu DNI. Cal escanejar o fotografiar aquesta documentaci\u00f3 i adjuntar-la.<\/p>\n<p style=\"padding-left: 80px;\">Documentaci\u00f3 de criteris de prioritat: En general, nom\u00e9s cal adjuntar la documentaci\u00f3 acreditativa escanejada o fotografiada si no n&#8217;ha pogut obtenir o verificar la informaci\u00f3 a trav\u00e9s de la consulta autom\u00e0tica.\u00a0<\/p>\n<p style=\"padding-left: 80px;\">Tanmateix, hi ha casos en qu\u00e8 sempre cal adjuntar la<b> documentaci\u00f3 acreditativa<\/b>:<\/p>\n<p style=\"padding-left: 80px;\">-El contracte laboral, certificat d&#8217;empresa o document de l&#8217;Ag\u00e8ncia Tribut\u00e0ria per justificar la proximitat del lloc de treball del pare, la mare, el tutor o tutora al centre escollit en primer lloc.<\/p>\n<p style=\"padding-left: 80px;\">-L&#8217;acreditaci\u00f3 de la renda garantida de ciutadania.<\/p>\n<p style=\"padding-left: 80px;\">-L&#8217;acreditaci\u00f3 de la discapacitat quan s&#8217;hagi obtingut en una altra comunitat aut\u00f2noma.<\/p>\n<p style=\"padding-left: 80px;\">-El carnet de fam\u00edlia nombrosa o monoparental quan s&#8217;hagi obtingut en una altra comunitat aut\u00f2noma.<\/p>\n<p style=\"padding-left: 40px;\">6. Adjunta tota la informaci\u00f3 escanejada o fotografiada que es requereixi.<\/p>\n<p style=\"padding-left: 40px;\">7. Envia la sol\u00b7licitud de preinscripci\u00f3.<\/p>\n<p><b>Documentaci\u00f3 acreditativa de l&#8217;expedient acad\u00e8mic.<\/b><\/p>\n<p>Si es tracta d&#8217;alumnes que han finalitzat l&#8217;ESO a partir del curs 2017-2018 o estan cursant quart d&#8217;ESO actualment, no cal presentar cap acreditaci\u00f3 perqu\u00e8 s&#8217;obt\u00e9 autom\u00e0ticament del Departament d&#8217;Educaci\u00f3. En la resta de casos cal presentar:<\/p>\n<ul>\n<li aria-level=\"2\">Els alumnes que han finalitzat l&#8217;ESO a Catalunya abans del curs 2017-2018 han adjuntar la certificaci\u00f3 acad\u00e8mica de la qualificaci\u00f3 mitjana num\u00e8rica de l&#8217;etapa.<\/li>\n<li aria-level=\"2\">Si s\u00f3n estudis antics, cal anar a la p\u00e0gina 27 del llibre d&#8217;escolaritat d&#8217;ensenyament b\u00e0sic on apareix la qualificaci\u00f3 mitjana de l&#8217;etapa en forma num\u00e8rica.<\/li>\n<li aria-level=\"2\">Els alumnes que al\u00b7leguen un estudi estranger i aquest estudi no est\u00e0 homologat a Catalunya des l&#8217;any 2016:<br \/>\nCal adjuntar la credencial digitalitzada (escanejada o fotografiada per les dues cares) on consti l&#8217;homologaci\u00f3.<br \/>\nSi en la credencial no hi consta o b\u00e9 no s&#8217;ha resolt encara l&#8217;homologaci\u00f3, es pot demanar el c\u00e0lcul de la qualificaci\u00f3 mitjana al Departament d&#8217;Educaci\u00f3. (IMPORTANT: si no es demana aquest c\u00e0lcul al Departament o no es pot calcular dins el termini, es considera que \u00e9s un 5.)<br \/>\nSi l&#8217;alumne\/a encara no ha finalitzat aquests estudis en el moment de la preinscripci\u00f3 i per aix\u00f2 no s&#8217;ha pogut iniciar el tr\u00e0mit d&#8217;homologaci\u00f3:<br \/>\nEs pot presentar una declaraci\u00f3 responsable que t\u00e9 els mateixos efectes per al proc\u00e9s de preinscripci\u00f3 que la presentaci\u00f3 del volant de matr\u00edcula condicional, que acredita que s&#8217;ha iniciat l&#8217;expedient d&#8217;homologaci\u00f3. En aquest cas, la qualificaci\u00f3 es considera que \u00e9s un 5.<\/li>\n<\/ul>\n<p><b>Important<\/b><\/p>\n<ul>\n<li style=\"list-style-type: none;\">\n<ul>\n<li aria-level=\"1\">Un cop enviada la sol\u00b7licitud de preinscripci\u00f3 rebr\u00e0s un resguard per correu electr\u00f2nic.<\/li>\n<li aria-level=\"1\"><b>No cal que presentis f\u00edsicament la preinscripci\u00f3 al centre.<\/b><\/li>\n<li aria-level=\"1\">Recorda: Nom\u00e9s es pot presentar una sol\u00b7licitud de preinscripci\u00f3 per alumne o alumna.<\/li>\n<\/ul>\n<\/li>\n<\/ul>\n<p style=\"padding-left: 40px;\">\u00a0<\/p>\n<ul>\n<li style=\"list-style-type: none;\">\n<ul>\n<li aria-level=\"1\"><b>Una vegada enviada la sol\u00b7licitud, en qualsevol dels dos formats, i durant el termini de presentaci\u00f3 de sol\u00b7licituds, es poden modificar les dades relatives als criteris de prioritat al\u00b7legats, aix\u00ed com els ensenyaments i centres sol\u00b7licitats, si cal.<\/b><\/li>\n<\/ul>\n<\/li>\n<\/ul>\n<p>&nbsp;<\/p>\n<ul>\n<li aria-level=\"1\"><b>Documentaci\u00f3:<\/b><\/li>\n<\/ul>\n<ul>\n<li style=\"list-style-type: none;\">\n<ul>\n<li aria-level=\"1\">La documentaci\u00f3 s\u2019ha d\u2019adjuntar, escanejada o fotografiada, en la sol\u00b7licitud de preinscripci\u00f3 durant el termini de presentaci\u00f3 de documentaci\u00f3.<\/li>\n<li aria-level=\"1\">\u00c9s important que tingueu escanejada o fotografiada en el mateix dispositiu des d\u2019on fareu la sol\u00b7licitud tota aquella documentaci\u00f3 que hagueu de presentar adjunta, per tal de facilitar la finalitzaci\u00f3 del proc\u00e9s amb l\u2019adjunci\u00f3, si cal, de documentaci\u00f3 annexa.<\/li>\n<li aria-level=\"1\">Tota aquella documentaci\u00f3 que al\u00b7legueu, a efectes de barems, i que no s\u2019hagi pogut validar, es podr\u00e0 adjuntar durant el per\u00edode de presentaci\u00f3 de documentaci\u00f3 (fins el 18 de maig).<\/li>\n<\/ul>\n<\/li>\n<\/ul>\n<p>&#8211;<b>Persona sol\u00b7licitant:<\/b>\u00a0<\/p>\n<ul>\n<li style=\"list-style-type: none;\">\n<ul>\n<li aria-level=\"1\">Cal indicar que la persona sol\u00b7licitant SEMPRE \u00e9s l\u2019alumne\/a, malgrat us identifiqueu amb un certificat digital d\u2019algun dels progenitors o tutors.<\/li>\n<\/ul>\n<\/li>\n<\/ul>\n","protected":false},"excerpt":{"rendered":"<p>Preinscripci\u00f3 CFGM (full informatiu en format PDF) PREINSCRIPCI\u00d3 CICLES FORMATIUS GRAU MITJ\u00c0 CURS 2021-2022 Informaci\u00f3 -Institut Gabriela Mistral: 08053340 Tel\u00e8fon 936560000 preinscripcio@insgabrielamistral.cat\u00a0 Cita pr\u00e8via: Davant de dificultats inform\u00e0tiques o dubtes rellevants, demaneu cita pr\u00e8via al tel\u00e8fon del centre. No es pot accedir al centre sense cita pr\u00e8via. -Ajuntament de Sant Vicen\u00e7: Servei d\u2019Informaci\u00f3 i Atenci\u00f3 [&hellip;]<\/p>\n","protected":false},"author":9,"featured_media":0,"parent":12180,"menu_order":0,"comment_status":"closed","ping_status":"closed","template":"","meta":{"_bbp_topic_count":0,"_bbp_reply_count":0,"_bbp_total_topic_count":0,"_bbp_total_reply_count":0,"_bbp_voice_count":0,"_bbp_anonymous_reply_count":0,"_bbp_topic_count_hidden":0,"_bbp_reply_count_hidden":0,"_bbp_forum_subforum_count":0,"site-sidebar-layout":"default","site-content-layout":"","ast-site-content-layout":"","site-content-style":"default","site-sidebar-style":"default","ast-global-header-display":"","ast-banner-title-visibility":"","ast-main-header-display":"","ast-hfb-above-header-display":"","ast-hfb-below-header-display":"","ast-hfb-mobile-header-display":"","site-post-title":"","ast-breadcrumbs-content":"","ast-featured-img":"","footer-sml-layout":"","theme-transparent-header-meta":"","adv-header-id-meta":"","stick-header-meta":"","header-above-stick-meta":"","header-main-stick-meta":"","header-below-stick-meta":"","astra-migrate-meta-layouts":"default","ast-page-background-enabled":"default","ast-page-background-meta":{"desktop":{"background-color":"var(--ast-global-color-4)","background-image":"","background-repeat":"repeat","background-position":"center center","background-size":"auto","background-attachment":"scroll","background-type":"","background-media":"","overlay-type":"","overlay-color":"","overlay-opacity":"","overlay-gradient":""},"tablet":{"background-color":"","background-image":"","background-repeat":"repeat","background-position":"center center","background-size":"auto","background-attachment":"scroll","background-type":"","background-media":"","overlay-type":"","overlay-color":"","overlay-opacity":"","overlay-gradient":""},"mobile":{"background-color":"","background-image":"","background-repeat":"repeat","background-position":"center center","background-size":"auto","background-attachment":"scroll","background-type":"","background-media":"","overlay-type":"","overlay-color":"","overlay-opacity":"","overlay-gradient":""}},"ast-content-background-meta":{"desktop":{"background-color":"var(--ast-global-color-5)","background-image":"","background-repeat":"repeat","background-position":"center center","background-size":"auto","background-attachment":"scroll","background-type":"","background-media":"","overlay-type":"","overlay-color":"","overlay-opacity":"","overlay-gradient":""},"tablet":{"background-color":"var(--ast-global-color-5)","background-image":"","background-repeat":"repeat","background-position":"center center","background-size":"auto","background-attachment":"scroll","background-type":"","background-media":"","overlay-type":"","overlay-color":"","overlay-opacity":"","overlay-gradient":""},"mobile":{"background-color":"var(--ast-global-color-5)","background-image":"","background-repeat":"repeat","background-position":"center center","background-size":"auto","background-attachment":"scroll","background-type":"","background-media":"","overlay-type":"","overlay-color":"","overlay-opacity":"","overlay-gradient":""}},"footnotes":""},"class_list":["post-12354","page","type-page","status-publish","hentry"],"post_mailing_queue_ids":[],"_links":{"self":[{"href":"https:\/\/agora.xtec.cat\/iesgabrielamistral\/wp-json\/wp\/v2\/pages\/12354","targetHints":{"allow":["GET"]}}],"collection":[{"href":"https:\/\/agora.xtec.cat\/iesgabrielamistral\/wp-json\/wp\/v2\/pages"}],"about":[{"href":"https:\/\/agora.xtec.cat\/iesgabrielamistral\/wp-json\/wp\/v2\/types\/page"}],"author":[{"embeddable":true,"href":"https:\/\/agora.xtec.cat\/iesgabrielamistral\/wp-json\/wp\/v2\/users\/9"}],"replies":[{"embeddable":true,"href":"https:\/\/agora.xtec.cat\/iesgabrielamistral\/wp-json\/wp\/v2\/comments?post=12354"}],"version-history":[{"count":3,"href":"https:\/\/agora.xtec.cat\/iesgabrielamistral\/wp-json\/wp\/v2\/pages\/12354\/revisions"}],"predecessor-version":[{"id":12450,"href":"https:\/\/agora.xtec.cat\/iesgabrielamistral\/wp-json\/wp\/v2\/pages\/12354\/revisions\/12450"}],"up":[{"embeddable":true,"href":"https:\/\/agora.xtec.cat\/iesgabrielamistral\/wp-json\/wp\/v2\/pages\/12180"}],"wp:attachment":[{"href":"https:\/\/agora.xtec.cat\/iesgabrielamistral\/wp-json\/wp\/v2\/media?parent=12354"}],"curies":[{"name":"wp","href":"https:\/\/api.w.org\/{rel}","templated":true}]}}