{"id":11879,"date":"2020-11-06T22:42:34","date_gmt":"2020-11-06T21:42:34","guid":{"rendered":"https:\/\/agora.xtec.cat\/iesgabrielamistral\/?page_id=11879"},"modified":"2022-01-17T14:57:31","modified_gmt":"2022-01-17T13:57:31","slug":"web-covid-19","status":"publish","type":"page","link":"https:\/\/agora.xtec.cat\/iesgabrielamistral\/web-covid-19\/","title":{"rendered":"Espai Covid-19"},"content":{"rendered":"<p>&nbsp;<\/p>\n<p><img loading=\"lazy\" decoding=\"async\" class=\"alignnone size-large wp-image-13193\" src=\"https:\/\/agora.xtec.cat\/iesgabrielamistral\/wp-content\/uploads\/usu246\/2022\/01\/quarentenes-1024x673.jpg\" alt=\"\" width=\"1024\" height=\"673\" srcset=\"https:\/\/agora.xtec.cat\/iesgabrielamistral\/wp-content\/uploads\/usu246\/2022\/01\/quarentenes-1024x673.jpg 1024w, https:\/\/agora.xtec.cat\/iesgabrielamistral\/wp-content\/uploads\/usu246\/2022\/01\/quarentenes-300x197.jpg 300w, https:\/\/agora.xtec.cat\/iesgabrielamistral\/wp-content\/uploads\/usu246\/2022\/01\/quarentenes-768x505.jpg 768w, https:\/\/agora.xtec.cat\/iesgabrielamistral\/wp-content\/uploads\/usu246\/2022\/01\/quarentenes-1536x1010.jpg 1536w, https:\/\/agora.xtec.cat\/iesgabrielamistral\/wp-content\/uploads\/usu246\/2022\/01\/quarentenes-2048x1346.jpg 2048w\" sizes=\"auto, (max-width: 1024px) 100vw, 1024px\" \/><\/p>\n<p>&nbsp;<\/p>\n<p><img loading=\"lazy\" decoding=\"async\" class=\"alignnone wp-image-13191 size-large\" src=\"https:\/\/agora.xtec.cat\/iesgabrielamistral\/wp-content\/uploads\/usu246\/2022\/01\/tar-724x1024.jpg\" alt=\"\" width=\"724\" height=\"1024\" srcset=\"https:\/\/agora.xtec.cat\/iesgabrielamistral\/wp-content\/uploads\/usu246\/2022\/01\/tar-724x1024.jpg 724w, https:\/\/agora.xtec.cat\/iesgabrielamistral\/wp-content\/uploads\/usu246\/2022\/01\/tar-212x300.jpg 212w, https:\/\/agora.xtec.cat\/iesgabrielamistral\/wp-content\/uploads\/usu246\/2022\/01\/tar-768x1086.jpg 768w, https:\/\/agora.xtec.cat\/iesgabrielamistral\/wp-content\/uploads\/usu246\/2022\/01\/tar-1086x1536.jpg 1086w, https:\/\/agora.xtec.cat\/iesgabrielamistral\/wp-content\/uploads\/usu246\/2022\/01\/tar-1448x2048.jpg 1448w, https:\/\/agora.xtec.cat\/iesgabrielamistral\/wp-content\/uploads\/usu246\/2022\/01\/tar-scaled.jpg 1811w\" sizes=\"auto, (max-width: 724px) 100vw, 724px\" \/><br \/>\n<a href=\"https:\/\/agora.xtec.cat\/iesgabrielamistral\/wp-content\/uploads\/usu246\/2021\/09\/mesures-organitzatives-centres-21-22_page-0001.jpg\"><img loading=\"lazy\" decoding=\"async\" class=\"size-large wp-image-12965 aligncenter\" src=\"https:\/\/agora.xtec.cat\/iesgabrielamistral\/wp-content\/uploads\/usu246\/2021\/09\/mesures-organitzatives-centres-21-22_page-0001-581x1024.jpg\" alt=\"\" width=\"581\" height=\"1024\" srcset=\"https:\/\/agora.xtec.cat\/iesgabrielamistral\/wp-content\/uploads\/usu246\/2021\/09\/mesures-organitzatives-centres-21-22_page-0001-581x1024.jpg 581w, https:\/\/agora.xtec.cat\/iesgabrielamistral\/wp-content\/uploads\/usu246\/2021\/09\/mesures-organitzatives-centres-21-22_page-0001-170x300.jpg 170w, https:\/\/agora.xtec.cat\/iesgabrielamistral\/wp-content\/uploads\/usu246\/2021\/09\/mesures-organitzatives-centres-21-22_page-0001-768x1353.jpg 768w, https:\/\/agora.xtec.cat\/iesgabrielamistral\/wp-content\/uploads\/usu246\/2021\/09\/mesures-organitzatives-centres-21-22_page-0001-872x1536.jpg 872w, https:\/\/agora.xtec.cat\/iesgabrielamistral\/wp-content\/uploads\/usu246\/2021\/09\/mesures-organitzatives-centres-21-22_page-0001-1163x2048.jpg 1163w, https:\/\/agora.xtec.cat\/iesgabrielamistral\/wp-content\/uploads\/usu246\/2021\/09\/mesures-organitzatives-centres-21-22_page-0001.jpg 1241w\" sizes=\"auto, (max-width: 581px) 100vw, 581px\" \/><\/a><\/p>\n<h1 style=\"text-align: justify;\"><span style=\"font-size: 20px;\">Pla d&#8217;obertura<\/span><\/h1>\n<p>El <a href=\"https:\/\/agora.xtec.cat\/iesgabrielamistral\/wp-content\/uploads\/usu246\/2021\/07\/PLA-ORGANITZACIO-SETEMBRE-2021.pdf\" target=\"_blank\" rel=\"noopener noreferrer\"><b>Pla d\u2019organitzaci\u00f3 per al curs 2020-2021<\/b><\/a>, aprovat pel Consell Escolar, estableix les <b>directrius b\u00e0siques<\/b> per al funcionament general del centre durant el curs 21-22. La vacunaci\u00f3 de la poblaci\u00f3 i altres factors han canviat les condicions de resposta, de manera que ho han fet tamb\u00e9 sobretot les mesures a aplicar als centre. De manera general, es pot resumir en qu\u00e8 es mant\u00e9 la vigil\u00e0ncia en les mesures de protecci\u00f3, es preveu que les classes siguin 100% presencials i, en cas de detecci\u00f3 d&#8217;un cas positiu, la resposta ser\u00e0 diferent segons l&#8217;estat d&#8217;immunitzaci\u00f3 de les persones que integren el grup de conviv\u00e8ncia estable (GCE).\u00a0<\/p>\n<h1><span style=\"font-size: 20px;\">\u00das de mascareta<\/span><\/h1>\n<p>L&#8217;\u00fas de la mascareta \u00e9s obligatori a l&#8217;interior del centre i al pati.<\/p>\n<h1><span style=\"font-size: 20px;\">Gesti\u00f3 d&#8217;entrades i sortides<\/span><\/h1>\n<p><span style=\"font-weight: 400;\">Hi haur\u00e0 dos torns d\u2019entrada des de tres accessos:<\/span><\/p>\n<p><b>Mat\u00ed<\/b><\/p>\n<table>\n<tbody>\n<tr>\n<td>&nbsp;<\/td>\n<td>\n<p><span style=\"font-weight: 400;\">ACC\u00c9S<\/span><\/p>\n<\/td>\n<td>\n<p><span style=\"font-weight: 400;\">GRUPS<\/span><\/p>\n<\/td>\n<td>\n<p><span style=\"font-weight: 400;\">HORA ENTRADA<\/span><\/p>\n<\/td>\n<td>\n<p><span style=\"font-weight: 400;\">HORA SORTIDA<\/span><\/p>\n<\/td>\n<\/tr>\n<tr>\n<td rowspan=\"3\">\n<p><span style=\"font-weight: 400;\">TORN 1<\/span><\/p>\n<\/td>\n<td>\n<p><span style=\"font-weight: 400;\">Principal<\/span><\/p>\n<\/td>\n<td>\n<p><span style=\"font-weight: 400;\">Batxillerat, SMX i APD<\/span><\/p>\n<\/td>\n<td>\n<p><span style=\"font-weight: 400;\">7:55<\/span><\/p>\n<\/td>\n<td>\n<p><span style=\"font-weight: 400;\">14:35<\/span><\/p>\n<\/td>\n<\/tr>\n<tr>\n<td>\n<p><span style=\"font-weight: 400;\">Reixa i acc\u00e9s principal pati<\/span><\/p>\n<\/td>\n<td>\n<p><span style=\"font-weight: 400;\">4t ESO<\/span><\/p>\n<\/td>\n<td>\n<p><span style=\"font-weight: 400;\">7:55<\/span><\/p>\n<\/td>\n<td>\n<p><span style=\"font-weight: 400;\">14:35<\/span><\/p>\n<\/td>\n<\/tr>\n<tr>\n<td>\n<p><span style=\"font-weight: 400;\">Reixa i acc\u00e9s soterrani<\/span><\/p>\n<\/td>\n<td>\n<p><span style=\"font-weight: 400;\">&#8212;<\/span><\/p>\n<\/td>\n<td>\n<p><span style=\"font-weight: 400;\">7:55<\/span><\/p>\n<\/td>\n<td>\n<p><span style=\"font-weight: 400;\">14:35<\/span><\/p>\n<\/td>\n<\/tr>\n<tr>\n<td rowspan=\"3\">\n<p><span style=\"font-weight: 400;\">TORN 2<\/span><\/p>\n<\/td>\n<td>\n<p><span style=\"font-weight: 400;\">Principal<\/span><\/p>\n<\/td>\n<td>\n<p><span style=\"font-weight: 400;\">2n ESO<\/span><\/p>\n<\/td>\n<td>\n<p><span style=\"font-weight: 400;\">8:05<\/span><\/p>\n<\/td>\n<td>\n<p><span style=\"font-weight: 400;\">14:45<\/span><\/p>\n<\/td>\n<\/tr>\n<tr>\n<td>\n<p><span style=\"font-weight: 400;\">Reixa i acc\u00e9s principal pati<\/span><\/p>\n<\/td>\n<td>\n<p><span style=\"font-weight: 400;\">3r ESO<\/span><\/p>\n<\/td>\n<td>\n<p><span style=\"font-weight: 400;\">8:05<\/span><\/p>\n<\/td>\n<td>\n<p><span style=\"font-weight: 400;\">14:45<\/span><\/p>\n<\/td>\n<\/tr>\n<tr>\n<td>\n<p><span style=\"font-weight: 400;\">Reixa i acc\u00e9s soterrani<\/span><\/p>\n<\/td>\n<td>\n<p><span style=\"font-weight: 400;\">1r ESO<\/span><\/p>\n<\/td>\n<td>\n<p><span style=\"font-weight: 400;\">8:05<\/span><\/p>\n<\/td>\n<td>\n<p><span style=\"font-weight: 400;\">14:45<\/span><\/p>\n<\/td>\n<\/tr>\n<\/tbody>\n<\/table>\n<p><span style=\"font-weight: 400;\">Aquest marc horari d\u2019entrades i sortides ser\u00e0 v\u00e0lid durant tot el curs. L\u2019u de febrer s&#8217;intercanviaran els torns.<\/span><\/p>\n<p><strong>Tarda i IFE<\/strong><\/p>\n<p>El marc horari de les classes de tarda (15:00 a 21:30) i les de l&#8217;IFE (9:00 a 14:40, a l&#8217;espai del Roc\u00edo), es mantenen sense canvis.<\/p>\n<h1><span style=\"font-size: 20px;\">Temps esbarjo<\/span><\/h1>\n<p><span style=\"font-size: 16px;\"><strong>Mat\u00ed<\/strong><\/span><\/p>\n<p>L\u2019alumnat d\u2019ensenyaments postobligatoris ha de sortir a l\u2019exterior de l\u2019edifici. Les classes acaben 5 minuts abans de l\u2019inici de l\u2019esbarjo de l\u2019ESO perqu\u00e8 l\u2019alumnat tingui temps d\u2019anar a la cantina i fer \u00fas dels lavabos si conv\u00e9.<\/p>\n<p>L\u2019alumnat d\u2019ESO dels diferents grups de conviv\u00e8ncia estable (GCE) podran compartir l&#8217;espai al pati, per\u00f2 l&#8217;\u00fas de la mascareta seguir\u00e0 sent obligatori.\u00a0<\/p>\n<p><span style=\"font-size: 16px;\"><strong>Tarda<\/strong><\/span><\/p>\n<p>A la tarda el temps i espais de l\u2019esbarjo es mantenen com sempre.<\/p>\n<h1><span style=\"font-size: 20px;\">\u00das de cantina<\/span><\/h1>\n<p>La cantina t\u00e9 un itinerari senyalitzat d\u2019entrada i sortida. Cal respectar les dist\u00e0ncies i romandre-hi el m\u00ednim temps necessari.<\/p>\n<p>Es recomana fer comanda pr\u00e8via per agilitzar la recollida.<\/p>\n<h1><span style=\"font-size: 20px;\">Recomanacions generals<\/span><\/h1>\n<p>El web <a href=\"https:\/\/canalsalut.gencat.cat\/ca\/inici\/\">Canal Salut<\/a> cont\u00e9 la informaci\u00f3 actualitzada pel que fa a l\u2019evoluci\u00f3 general de la pand\u00e8mia.<\/p>\n<p>En l\u2019apartat <a href=\"https:\/\/canalsalut.gencat.cat\/ca\/salut-a-z\/c\/coronavirus-2019-ncov\/ciutadania\/salut-escola\/\">Salut-Escola<\/a> podeu consultar les afectacions en l\u2019\u00e0mbit educatiu de la manera m\u00e9s actualitzada i consultar algunes preguntes freq\u00fcents.<\/p>\n<h1><span style=\"font-size: 20px;\">La situaci\u00f3 actual al centre<\/span><\/h1>\n<p>A l\u2019espai <a href=\"http:\/\/ensenyament.gencat.cat\/ca\/actualitat\/escolasegura\/\">Escola Segura<\/a> de la web del Departament d\u2019Educaci\u00f3 podeu consultar les <a href=\"http:\/\/ensenyament.gencat.cat\/ca\/actualitat\/escolasegura\/tracacovid\/dades-covid19-centres\/#\/\">dades actualitzades<\/a> de la situaci\u00f3 de cada centre a tot Catalunya. Per con\u00e8ixer la situaci\u00f3 de l\u2019Institut Gabriela Mistral, poseu-lo al buscador. Aquesta informaci\u00f3 s\u2019actualitza regularment.<\/p>\n<h1><span style=\"font-size: 20px;\">Protocol d\u2019actuaci\u00f3 al centre en cas de detecci\u00f3 d\u2019un positiu<\/span><\/h1>\n<p>Des de Salut se&#8217;ns informar\u00e0 del protocol a seguir. L&#8217;<strong>alumnat immunitzat<\/strong> (per haver passat la Covid en els darrers sis mesos o tenir la pauta de vacunaci\u00f3 completa) no s&#8217;haur\u00e0 de confinar.<\/p>\n<p>El procediment a seguir ser\u00e0 el seg\u00fcent:<\/p>\n<ul>\n<li>Un <b>contacte estret<\/b>\u00a0de l\u2019alumne \u00e9s positiu en Covid-19\n<ul>\n<li>Des de Salut se&#8217;ns informar\u00e0 si s&#8217;ha de confinar o no, segons el seu estat d&#8217;immunitzaci\u00f3. Informeu el tutor\/a perqu\u00e8 pugui fer el seguiment de les tasques durant aquest per\u00edode per via telem\u00e0tica, si ve al cas.<\/li>\n<\/ul>\n<\/li>\n<li>Un <b>alumne\/a del centre \u00e9s positiu<\/b> en Covid-19\n<ul>\n<li>Informeu el\/la tutor\/a al m\u00e9s aviat possible.<\/li>\n<li>S\u2019informar\u00e0 el Servei de Vigil\u00e0ncia Epidemiol\u00f2gica o el CAP (segons el cas). Els alumnes del grup, com que s\u00f3n contacte estret, hauran de fer confinament o no segons el seu estat d&#8217;immunitzaci\u00f3. Tamb\u00e9 se&#8217;ns informar\u00e0 si s&#8217;han de fer proves PCR o test d&#8217;ant\u00edgens en cada cas. Si l&#8217;alumne s&#8217;ha de confinar, s&#8217;assegurar\u00e0 que pugui seguir els aprenentatges de forma telem\u00e0tica. Si l&#8217;afectaci\u00f3 de confinaments al grup \u00e9s molt elevada, es valorar\u00e0 l&#8217;organitzaci\u00f3 de classes telem\u00e0tiques per a tot el grup. Abans que aix\u00f2 es posi en marxa, s\u2019informar\u00e0 les fam\u00edlies a trav\u00e9s de la plataforma <a href=\"https:\/\/login.ieduca.com\/?error=login.no_token&amp;lang=ca&amp;centre=insgabrielamistral&amp;modul=base&amp;urlback=Lw%3D%3D&amp;__cf_chl_jschl_tk__=c68926df49de22d03d163ae7efbd98e9a3d246ff-1604253354-0-AeWz1tbrKW8WAfkvDdxelCV6xtZYm0XtZ3lxTfKHnTO_xFHz311yCt41gauByfFlTcFx8DccUDYgga6NPcAdPSPckLyrCMMSfVhoDoWlPD-Cdr6fnbMN14HSIsGg07F3NQHBsFGb4ytgf2kPRKu-zNaqOCwKyUstBikr_dsLmmNer4fTxeUVWw_YU2F2KpQxIosT8A-jf0GQRTtcGGs6UBBdUNUesYCHaQNU9ueYgTGMHd7gWMxh3zfwuXl7ENuOTzoi7cDx3BxqnXxAVkTU5htAQxvmxgbZVGdEFXFK32kQCjQaaQIoKc_QnK7AOMxg2V4jWDAd81YeGJCt60ISY2xfH24ZVFHPajZZqiJ7kW4M0ahxpe5GagbVPzEqalvIig\">iEduca<\/a>, per explicar les possibles singularitats que hi pugui haver en cada cas.<\/li>\n<\/ul>\n<\/li>\n<\/ul>\n<h1><span style=\"font-size: 20px;\">Classes telem\u00e0tiques en cas de confinament<\/span><\/h1>\n<p>El curs 21-22 la previsi\u00f3 \u00e9s poder fer sempre les classes presencials. Tanmateix, si calgu\u00e9s organitzar classes telem\u00e0tiques, horaris i entorn d&#8217;aprenentatge estan preparats. Aquests s\u00f3n els <i>grups estables<\/i> de l\u2019institut. Quan un d\u2019ells tingui l\u2019enlla\u00e7 actiu, significa que el grup est\u00e0 confinat i podreu accedir al marc horari de les classes en l\u00ednia. L\u2019acc\u00e9s \u00e9s \u00fanicament amb usuari <em><span class=\"\">@insgabrielamistral<\/span>.cat<\/em>. Si l\u2019enlla\u00e7 no \u00e9s actiu, significa que s\u2019estan fent les classes presencials amb normalitat.<\/p>\n<ul>\n<li>ESO 1 A<\/li>\n<li>ESO 1 B<\/li>\n<li>ESO 1 C<\/li>\n<li>ESO 1 D<\/li>\n<li>ESO 2 A<\/li>\n<li>ESO 2 B<\/li>\n<li>ESO 2 C<\/li>\n<li>ESO 2 D<\/li>\n<li>ESO 2 E<\/li>\n<li>ESO 2 F<\/li>\n<li>ESO 3 A<\/li>\n<li>ESO 3 B<\/li>\n<li>ESO 3 C<\/li>\n<li>ESO 3 D<\/li>\n<li>ESO 4 A<\/li>\n<li>ESO 4 B<\/li>\n<li>ESO 4 C<\/li>\n<li>ESO 4 D<\/li>\n<li>Batxillerat 1 A<\/li>\n<li>Batxillerat 1 B<\/li>\n<li>Batxillerat 2 A<\/li>\n<li>Batxillerat 2 B<\/li>\n<li>CFGB Inform\u00e0tica d&#8217;oficina 1<\/li>\n<li>CFGM APD 1 A (mat\u00ed)<\/li>\n<li>CFGM APD 1 B (tarda)<\/li>\n<li>CFGM APD 2 A<\/li>\n<li>CFGM APD 2 B<\/li>\n<li>CFGM SMX 1 A (mat\u00ed)\u00a0<\/li>\n<li>CFGM SMX 1 B (tarda)\u00a0<\/li>\n<li>CFGM SMX 2<\/li>\n<li>CFGS EIN 1<\/li>\n<li>CFGS EIN 2<\/li>\n<li>CFGS DAM 1<\/li>\n<li>CFGS DAM 2<\/li>\n<li>IFE 1<\/li>\n<li>IFE 2<\/li>\n<li>IFE 3<\/li>\n<\/ul>\n","protected":false},"excerpt":{"rendered":"<p>&nbsp; &nbsp; Pla d&#8217;obertura El Pla d\u2019organitzaci\u00f3 per al curs 2020-2021, aprovat pel Consell Escolar, estableix les directrius b\u00e0siques per al funcionament general del centre durant el curs 21-22. La vacunaci\u00f3 de la poblaci\u00f3 i altres factors han canviat les condicions de resposta, de manera que ho han fet tamb\u00e9 sobretot les mesures a aplicar [&hellip;]<\/p>\n","protected":false},"author":9,"featured_media":0,"parent":0,"menu_order":0,"comment_status":"closed","ping_status":"closed","template":"","meta":{"_bbp_topic_count":0,"_bbp_reply_count":0,"_bbp_total_topic_count":0,"_bbp_total_reply_count":0,"_bbp_voice_count":0,"_bbp_anonymous_reply_count":0,"_bbp_topic_count_hidden":0,"_bbp_reply_count_hidden":0,"_bbp_forum_subforum_count":0,"site-sidebar-layout":"default","site-content-layout":"","ast-site-content-layout":"","site-content-style":"default","site-sidebar-style":"default","ast-global-header-display":"","ast-banner-title-visibility":"","ast-main-header-display":"","ast-hfb-above-header-display":"","ast-hfb-below-header-display":"","ast-hfb-mobile-header-display":"","site-post-title":"","ast-breadcrumbs-content":"","ast-featured-img":"","footer-sml-layout":"","theme-transparent-header-meta":"","adv-header-id-meta":"","stick-header-meta":"","header-above-stick-meta":"","header-main-stick-meta":"","header-below-stick-meta":"","astra-migrate-meta-layouts":"default","ast-page-background-enabled":"default","ast-page-background-meta":{"desktop":{"background-color":"var(--ast-global-color-4)","background-image":"","background-repeat":"repeat","background-position":"center center","background-size":"auto","background-attachment":"scroll","background-type":"","background-media":"","overlay-type":"","overlay-color":"","overlay-opacity":"","overlay-gradient":""},"tablet":{"background-color":"","background-image":"","background-repeat":"repeat","background-position":"center center","background-size":"auto","background-attachment":"scroll","background-type":"","background-media":"","overlay-type":"","overlay-color":"","overlay-opacity":"","overlay-gradient":""},"mobile":{"background-color":"","background-image":"","background-repeat":"repeat","background-position":"center center","background-size":"auto","background-attachment":"scroll","background-type":"","background-media":"","overlay-type":"","overlay-color":"","overlay-opacity":"","overlay-gradient":""}},"ast-content-background-meta":{"desktop":{"background-color":"var(--ast-global-color-5)","background-image":"","background-repeat":"repeat","background-position":"center center","background-size":"auto","background-attachment":"scroll","background-type":"","background-media":"","overlay-type":"","overlay-color":"","overlay-opacity":"","overlay-gradient":""},"tablet":{"background-color":"var(--ast-global-color-5)","background-image":"","background-repeat":"repeat","background-position":"center center","background-size":"auto","background-attachment":"scroll","background-type":"","background-media":"","overlay-type":"","overlay-color":"","overlay-opacity":"","overlay-gradient":""},"mobile":{"background-color":"var(--ast-global-color-5)","background-image":"","background-repeat":"repeat","background-position":"center center","background-size":"auto","background-attachment":"scroll","background-type":"","background-media":"","overlay-type":"","overlay-color":"","overlay-opacity":"","overlay-gradient":""}},"footnotes":""},"class_list":["post-11879","page","type-page","status-publish","hentry"],"post_mailing_queue_ids":[],"_links":{"self":[{"href":"https:\/\/agora.xtec.cat\/iesgabrielamistral\/wp-json\/wp\/v2\/pages\/11879","targetHints":{"allow":["GET"]}}],"collection":[{"href":"https:\/\/agora.xtec.cat\/iesgabrielamistral\/wp-json\/wp\/v2\/pages"}],"about":[{"href":"https:\/\/agora.xtec.cat\/iesgabrielamistral\/wp-json\/wp\/v2\/types\/page"}],"author":[{"embeddable":true,"href":"https:\/\/agora.xtec.cat\/iesgabrielamistral\/wp-json\/wp\/v2\/users\/9"}],"replies":[{"embeddable":true,"href":"https:\/\/agora.xtec.cat\/iesgabrielamistral\/wp-json\/wp\/v2\/comments?post=11879"}],"version-history":[{"count":6,"href":"https:\/\/agora.xtec.cat\/iesgabrielamistral\/wp-json\/wp\/v2\/pages\/11879\/revisions"}],"predecessor-version":[{"id":13194,"href":"https:\/\/agora.xtec.cat\/iesgabrielamistral\/wp-json\/wp\/v2\/pages\/11879\/revisions\/13194"}],"wp:attachment":[{"href":"https:\/\/agora.xtec.cat\/iesgabrielamistral\/wp-json\/wp\/v2\/media?parent=11879"}],"curies":[{"name":"wp","href":"https:\/\/api.w.org\/{rel}","templated":true}]}}