{"id":10910,"date":"2020-01-15T09:17:10","date_gmt":"2020-01-15T08:17:10","guid":{"rendered":"https:\/\/agora.xtec.cat\/iesgabrielamistral\/?page_id=10910"},"modified":"2025-10-21T20:01:05","modified_gmt":"2025-10-21T18:01:05","slug":"professorat","status":"publish","type":"page","link":"https:\/\/agora.xtec.cat\/iesgabrielamistral\/professorat\/","title":{"rendered":"Professorat"},"content":{"rendered":"<p><strong>Enlla\u00e7os de l&#8217;institut:<\/strong><\/p>\n<ul>\n<li><a href=\"https:\/\/mail.google.com\/mail\/u\/0\/#inbox\">Correu electr\u00f2nic<\/a><\/li>\n<li><a href=\"https:\/\/insgabrielamistral.ieduca.com\">iEduca<\/a><\/li>\n<li><a href=\"https:\/\/agora.xtec.cat\/iesgabrielamistral\/moodle\/\">Moodle<\/a><\/li>\n<li><a href=\"https:\/\/calendar.google.com\/calendar\/embed?src=insgabrielamistral.cat_v8ra1f070ab2gmec8agitqcmgk%40group.calendar.google.com&amp;ctz=Europe\/Madrid\">Agenda<\/a><\/li>\n<li><a href=\"https:\/\/agora.xtec.cat\/iesgabrielamistral\/linstitut\/calendaris\/\">Calendaris<\/a><\/li>\n<li><a href=\"https:\/\/docs.google.com\/document\/d\/1jAUCxm8j5R19ZXCsTsK-GYg1bn1nhk3Jy7ZDs706T28\">Document de liquidaci\u00f3 de despeses<\/a><\/li>\n<li><a href=\"http:\/\/agora.xtec.cat\/iesgabrielamistral\/projecte-educatiu\/\">Documents de centre<\/a><\/li>\n<\/ul>\n<p><strong>Formularis:<\/strong><\/p>\n<ul>\n<li><a href=\"https:\/\/docs.google.com\/forms\/d\/e\/1FAIpQLSfjYihdb87mC56yq7z_OEaAEoQS1HY_CQh71ac5r-c3bsy2-A\/viewform\">Formulari lavabos<\/a><\/li>\n<li><a href=\"https:\/\/docs.google.com\/forms\/d\/e\/1FAIpQLSdz05W3SR2fSpjRmMurFlWflhb-6VIPQAGRtbCxR0292QlAbw\/viewform\">Incid\u00e8ncies inform\u00e0tiques<\/a><\/li>\n<li><a href=\"https:\/\/goo.gl\/us68AR\">Incid\u00e8ncies iEduca<\/a><\/li>\n<li><a href=\"https:\/\/forms.gle\/qzyeT5C1zyMzkp9a6\">Incid\u00e8ncies manteniment Roc\u00edo<\/a><\/li>\n<li>Incid\u00e8ncies inform\u00e0tiques Roc\u00edo<\/li>\n<li><a href=\"https:\/\/goo.gl\/forms\/Yv9RXqfqNTMjHKc13\">Abs\u00e8ncies i permisos<\/a><\/li>\n<li><a href=\"https:\/\/forms.gle\/EDyMX7XfCmU5RevH9\" target=\"_blank\" rel=\"noopener\">Personal nova incorporaci\u00f3<\/a><\/li>\n<li><a href=\"https:\/\/forms.gle\/xwGSVRLRp1JZPSnr6\">Sol\u00b7licitud d&#8217;orientaci\u00f3 alumnat FP<\/a><\/li>\n<li><a href=\"https:\/\/agora.xtec.cat\/iesgabrielamistral\/cartes-informatives-assistencia-fp\/\">Cartes superaci\u00f3 10% i 15% i semipresencialitat (50%) (FP)<\/a><\/li>\n<\/ul>\n<p><strong>Enlla\u00e7os generals:<\/strong><\/p>\n<ul>\n<li><a href=\"http:\/\/ensenyament.gencat.cat\/\">Web del Departament<\/a><\/li>\n<li><a href=\"https:\/\/atriportal.gencat.cat\/\">Portal ATRI<\/a><\/li>\n<li><a href=\"https:\/\/bfgh.aplicacions.ensenyament.gencat.cat\/bfgh\/\" target=\"_blank\" rel=\"noopener\">Esfera<\/a><\/li>\n<li><a href=\"https:\/\/saga.xtec.cat\/entrada\" target=\"_blank\" rel=\"noopener\">SAGA<\/a><\/li>\n<li><a href=\"http:\/\/xtec.gencat.cat\/ca\/la-meva-xtec\/\">La meva XTEC<\/a><\/li>\n<li><a href=\"https:\/\/projectes.xtec.cat\/edc\/aplicacions\/\" target=\"_blank\" rel=\"noopener noreferrer\">Company Portal (cat\u00e0leg d&#8217;aplicacions docents)<\/a><\/li>\n<\/ul>\n<p><strong>Formaci\u00f3:<\/strong><\/p>\n<ul>\n<li><a href=\"http:\/\/xtec.gencat.cat\/ca\/formacio\/\">Formaci\u00f3 XTEC<\/a><\/li>\n<li><a href=\"http:\/\/ateneu.xtec.cat\/wikiform\/wikiexport\/cursos\/index\">Ateneu<\/a><\/li>\n<li><a href=\"https:\/\/odissea.xtec.cat\/\">Odissea<\/a><\/li>\n<\/ul>\n","protected":false},"excerpt":{"rendered":"<p>Enlla\u00e7os de l&#8217;institut: Correu electr\u00f2nic iEduca Moodle Agenda Calendaris Document de liquidaci\u00f3 de despeses Documents de centre Formularis: Formulari lavabos Incid\u00e8ncies inform\u00e0tiques Incid\u00e8ncies iEduca Incid\u00e8ncies manteniment Roc\u00edo Incid\u00e8ncies inform\u00e0tiques Roc\u00edo Abs\u00e8ncies i permisos Personal nova incorporaci\u00f3 Sol\u00b7licitud d&#8217;orientaci\u00f3 alumnat FP Cartes superaci\u00f3 10% i 15% i semipresencialitat (50%) (FP) Enlla\u00e7os generals: Web del Departament Portal [&hellip;]<\/p>\n","protected":false},"author":1,"featured_media":0,"parent":0,"menu_order":0,"comment_status":"closed","ping_status":"closed","template":"","meta":{"_bbp_topic_count":0,"_bbp_reply_count":0,"_bbp_total_topic_count":0,"_bbp_total_reply_count":0,"_bbp_voice_count":0,"_bbp_anonymous_reply_count":0,"_bbp_topic_count_hidden":0,"_bbp_reply_count_hidden":0,"_bbp_forum_subforum_count":0,"site-sidebar-layout":"default","site-content-layout":"","ast-site-content-layout":"default","site-content-style":"default","site-sidebar-style":"default","ast-global-header-display":"","ast-banner-title-visibility":"","ast-main-header-display":"","ast-hfb-above-header-display":"","ast-hfb-below-header-display":"","ast-hfb-mobile-header-display":"","site-post-title":"","ast-breadcrumbs-content":"","ast-featured-img":"","footer-sml-layout":"","theme-transparent-header-meta":"default","adv-header-id-meta":"","stick-header-meta":"","header-above-stick-meta":"","header-main-stick-meta":"","header-below-stick-meta":"","astra-migrate-meta-layouts":"set","ast-page-background-enabled":"default","ast-page-background-meta":{"desktop":{"background-color":"var(--ast-global-color-4)","background-image":"","background-repeat":"repeat","background-position":"center center","background-size":"auto","background-attachment":"scroll","background-type":"","background-media":"","overlay-type":"","overlay-color":"","overlay-opacity":"","overlay-gradient":""},"tablet":{"background-color":"","background-image":"","background-repeat":"repeat","background-position":"center center","background-size":"auto","background-attachment":"scroll","background-type":"","background-media":"","overlay-type":"","overlay-color":"","overlay-opacity":"","overlay-gradient":""},"mobile":{"background-color":"","background-image":"","background-repeat":"repeat","background-position":"center center","background-size":"auto","background-attachment":"scroll","background-type":"","background-media":"","overlay-type":"","overlay-color":"","overlay-opacity":"","overlay-gradient":""}},"ast-content-background-meta":{"desktop":{"background-color":"var(--ast-global-color-5)","background-image":"","background-repeat":"repeat","background-position":"center center","background-size":"auto","background-attachment":"scroll","background-type":"","background-media":"","overlay-type":"","overlay-color":"","overlay-opacity":"","overlay-gradient":""},"tablet":{"background-color":"var(--ast-global-color-5)","background-image":"","background-repeat":"repeat","background-position":"center center","background-size":"auto","background-attachment":"scroll","background-type":"","background-media":"","overlay-type":"","overlay-color":"","overlay-opacity":"","overlay-gradient":""},"mobile":{"background-color":"var(--ast-global-color-5)","background-image":"","background-repeat":"repeat","background-position":"center center","background-size":"auto","background-attachment":"scroll","background-type":"","background-media":"","overlay-type":"","overlay-color":"","overlay-opacity":"","overlay-gradient":""}},"footnotes":""},"class_list":["post-10910","page","type-page","status-publish","hentry"],"post_mailing_queue_ids":[],"_links":{"self":[{"href":"https:\/\/agora.xtec.cat\/iesgabrielamistral\/wp-json\/wp\/v2\/pages\/10910","targetHints":{"allow":["GET"]}}],"collection":[{"href":"https:\/\/agora.xtec.cat\/iesgabrielamistral\/wp-json\/wp\/v2\/pages"}],"about":[{"href":"https:\/\/agora.xtec.cat\/iesgabrielamistral\/wp-json\/wp\/v2\/types\/page"}],"author":[{"embeddable":true,"href":"https:\/\/agora.xtec.cat\/iesgabrielamistral\/wp-json\/wp\/v2\/users\/1"}],"replies":[{"embeddable":true,"href":"https:\/\/agora.xtec.cat\/iesgabrielamistral\/wp-json\/wp\/v2\/comments?post=10910"}],"version-history":[{"count":7,"href":"https:\/\/agora.xtec.cat\/iesgabrielamistral\/wp-json\/wp\/v2\/pages\/10910\/revisions"}],"predecessor-version":[{"id":18399,"href":"https:\/\/agora.xtec.cat\/iesgabrielamistral\/wp-json\/wp\/v2\/pages\/10910\/revisions\/18399"}],"wp:attachment":[{"href":"https:\/\/agora.xtec.cat\/iesgabrielamistral\/wp-json\/wp\/v2\/media?parent=10910"}],"curies":[{"name":"wp","href":"https:\/\/api.w.org\/{rel}","templated":true}]}}