{"id":10896,"date":"2019-12-30T20:27:04","date_gmt":"2019-12-30T19:27:04","guid":{"rendered":"https:\/\/agora.xtec.cat\/iesgabrielamistral\/?page_id=10896"},"modified":"2025-10-16T12:52:05","modified_gmt":"2025-10-16T10:52:05","slug":"ife","status":"publish","type":"page","link":"https:\/\/agora.xtec.cat\/iesgabrielamistral\/inici2\/estudis\/ife\/","title":{"rendered":"Itineraris Formatius Espec\u00edfics (IFE)"},"content":{"rendered":"<h2>\u00a0<\/h2>\n<h2><a href=\"https:\/\/agora.xtec.cat\/iesgabrielamistral\/wp-content\/uploads\/usu246\/2020\/04\/ife_horitzontal.png\"><img loading=\"lazy\" decoding=\"async\" class=\"alignnone size-full wp-image-11246 aligncenter\" src=\"https:\/\/agora.xtec.cat\/iesgabrielamistral\/wp-content\/uploads\/usu246\/2020\/04\/ife_horitzontal.png\" alt=\"\" width=\"782\" height=\"159\" srcset=\"https:\/\/agora.xtec.cat\/iesgabrielamistral\/wp-content\/uploads\/usu246\/2020\/04\/ife_horitzontal.png 782w, https:\/\/agora.xtec.cat\/iesgabrielamistral\/wp-content\/uploads\/usu246\/2020\/04\/ife_horitzontal-300x61.png 300w, https:\/\/agora.xtec.cat\/iesgabrielamistral\/wp-content\/uploads\/usu246\/2020\/04\/ife_horitzontal-768x156.png 768w\" sizes=\"auto, (max-width: 782px) 100vw, 782px\" \/><\/a><\/h2>\n<p><div class=\"ast-oembed-container \" style=\"height: 100%;\"><iframe loading=\"lazy\" title=\"Qu\u00e8 \u00e9s l&#039;IFE? Itinerari Formatiu Espec\u00edfic de l&#039;INS Gabriela Mistral\" width=\"500\" height=\"281\" src=\"https:\/\/www.youtube.com\/embed\/zqJUPHlvZT8?feature=oembed\" frameborder=\"0\" allow=\"accelerometer; autoplay; clipboard-write; encrypted-media; gyroscope; picture-in-picture; web-share\" referrerpolicy=\"strict-origin-when-cross-origin\" allowfullscreen><\/iframe><\/div>\n<\/p>\n<p><a href=\"https:\/\/agora.xtec.cat\/iesgabrielamistral\/wp-content\/uploads\/usu246\/2025\/03\/PORTES-OBERTES-PROFESSIONALS-2025-3_compressed.pdf\" target=\"_blank\" rel=\"noopener\">Presentaci\u00f3 IFE &#8211; Portes obertes<\/a><\/p>\n<p><a href=\"https:\/\/drive.google.com\/file\/d\/12Gli2TwMPVq735KhMBsHTzxb8ghBXu1j\/view?ts=608946ae\">V\u00eddeo &#8211; Jornada de portes Obertes<\/a><\/p>\n<h3>Itinerari<\/h3>\n<p>Auxiliar en cura d&#8217;animals i espais verds<\/p>\n<h3>M\u00f2duls de l\u2019Itinerari<\/h3>\n<table style=\"border-collapse: collapse; width: 59.1892%;\">\n<tbody>\n<tr>\n<td style=\"width: 100%;\"><strong>Primer curs<\/strong><\/td>\n<\/tr>\n<tr>\n<td style=\"width: 100%;\">M1- Vida saludable i cura d\u2019un mateix<\/td>\n<\/tr>\n<tr>\n<td style=\"width: 100%;\">M2- Comunicaci\u00f3 i relacions interpersonals<\/td>\n<\/tr>\n<tr>\n<td style=\"width: 100%;\">M8- Iniciaci\u00f3 a l\u2019activitat laboral<\/td>\n<\/tr>\n<tr>\n<td style=\"width: 100%;\">Tutoria<\/td>\n<\/tr>\n<tr>\n<td style=\"width: 100%;\">\u00a0<\/td>\n<\/tr>\n<\/tbody>\n<\/table>\n<table style=\"border-collapse: collapse; width: 59.1892%;\">\n<tbody>\n<tr>\n<td style=\"width: 100%;\"><strong>Segon curs<\/strong><\/td>\n<\/tr>\n<tr>\n<td style=\"width: 100%;\">M3-Viure en entorns propers<\/td>\n<\/tr>\n<tr>\n<td style=\"width: 100%;\">M4-\u00das d\u2019establiments i serveis<\/td>\n<\/tr>\n<tr>\n<td style=\"width: 100%;\">M9-Organitzaci\u00f3 de les empreses<\/td>\n<\/tr>\n<tr>\n<td style=\"width: 100%;\">M13-Tutoria II<\/td>\n<\/tr>\n<tr>\n<td style=\"width: 100%;\">M16-Operacions b\u00e0siques d\u2019atenci\u00f3 als animals<\/td>\n<\/tr>\n<tr>\n<td style=\"width: 100%;\">M17-Operacions b\u00e0siques de producci\u00f3 i manteniment de plantes en<br \/>\nvivers i centres de jardineria<\/td>\n<\/tr>\n<\/tbody>\n<\/table>\n<table style=\"border-collapse: collapse; width: 59.5946%;\">\n<tbody>\n<tr>\n<td style=\"width: 100%;\"><strong>Tercer curs<\/strong><\/td>\n<\/tr>\n<tr>\n<td style=\"width: 100%;\">M5-Organitzaci\u00f3 personal<\/td>\n<\/tr>\n<tr>\n<td style=\"width: 100%;\">M6-Activitats comunit\u00e0ries<\/td>\n<\/tr>\n<tr>\n<td style=\"width: 100%;\">M10-M\u00f3n laboral<\/td>\n<\/tr>\n<tr>\n<td style=\"width: 100%;\">M13-Tutoria III<\/td>\n<\/tr>\n<tr>\n<td style=\"width: 100%;\">M18-Operacions auxiliars de manteniment i higiene en instal\u00b7lacions<br \/>\nramaderes<\/td>\n<\/tr>\n<tr>\n<td style=\"width: 100%;\">M19-Operacions b\u00e0siques per al manteniment de jardins, parcs i<br \/>\nzones verdes<\/td>\n<\/tr>\n<\/tbody>\n<\/table>\n<table style=\"border-collapse: collapse; width: 60%;\">\n<tbody>\n<tr>\n<td style=\"width: 100%;\"><strong>Quart curs<\/strong><\/td>\n<\/tr>\n<tr>\n<td style=\"width: 100%;\">M7-Participaci\u00f3 Ciutadana<\/td>\n<\/tr>\n<tr>\n<td style=\"width: 100%;\">M11-Desenvolupament en el lloc de treball<\/td>\n<\/tr>\n<tr>\n<td style=\"width: 100%;\">M15-Tutoria IV<\/td>\n<\/tr>\n<tr>\n<td style=\"width: 100%;\">M20-FCT<\/td>\n<\/tr>\n<\/tbody>\n<\/table>\n<p><b>M\u00f2duls professionals espec\u00edfics d\u2019aquest IFE<\/b><\/p>\n<ul>\n<li>Operacions b\u00e0siques d\u2019atenci\u00f3 als animals<\/li>\n<li>Operacions b\u00e0siques de producci\u00f3 i manteniment de plantes en vivers i centres de jardineria Operacions auxiliars de manteniment i higiene en instal\u2022lacions ramaderes<\/li>\n<li>Operacions b\u00e0siques per al manteniment de jardins, parcs i zones verdes<\/li>\n<li>Formaci\u00f3 en centres de treball<\/li>\n<\/ul>\n<h3>Durada dels estudis<\/h3>\n<p>\n3360 hores distribu\u00efdes en 4 cursos acad\u00e8mics.<\/p>\n<h3>Sortides professionals<\/h3>\n<p>La superaci\u00f3 de l\u2019itinerari comporta l\u2019obtenci\u00f3 del certificat acad\u00e8mic i professional amb la qualificaci\u00f3 final obtinguda i l\u2019acreditaci\u00f3 de les compet\u00e8ncies professionals assolides. En finalitzar els estudis, l\u2019alumnat pot incorporar-se al m\u00f3n laboral com a auxiliar en:<\/p>\n<ul>\n<li>Atenci\u00f3 als animals.<\/li>\n<li>Manteniment i higiene d\u2019instal\u00b7lacions ramaderes.<\/li>\n<li>Producci\u00f3 de plantes en vivers i centres de jardineria.<\/li>\n<li>Manteniment de jardins, parcs i zones verdes.<\/li>\n<\/ul>\n<p><span style=\"font-size: 20px;\"><strong>Empreses col\u00b7laboradores<\/strong><\/span><\/p>\n<p style=\"text-align: left;\">\n<img loading=\"lazy\" decoding=\"async\" class=\"alignnone size-medium wp-image-15741\" src=\"https:\/\/agora.xtec.cat\/iesgabrielamistral\/wp-content\/uploads\/usu246\/2024\/01\/IMG-20240123-WA0017-238x300.jpg\" alt=\"\" width=\"238\" height=\"300\" srcset=\"https:\/\/agora.xtec.cat\/iesgabrielamistral\/wp-content\/uploads\/usu246\/2024\/01\/IMG-20240123-WA0017-238x300.jpg 238w, https:\/\/agora.xtec.cat\/iesgabrielamistral\/wp-content\/uploads\/usu246\/2024\/01\/IMG-20240123-WA0017.jpg 632w\" sizes=\"auto, (max-width: 238px) 100vw, 238px\" \/>\u00a0 \u00a0 <img loading=\"lazy\" decoding=\"async\" class=\"alignnone wp-image-15782 size-large\" src=\"https:\/\/agora.xtec.cat\/iesgabrielamistral\/wp-content\/uploads\/usu246\/2024\/02\/Ajuntament_Aemas_Horizontal_Color-1024x257.png\" alt=\"\" width=\"1024\" height=\"257\" srcset=\"https:\/\/agora.xtec.cat\/iesgabrielamistral\/wp-content\/uploads\/usu246\/2024\/02\/Ajuntament_Aemas_Horizontal_Color-1024x257.png 1024w, https:\/\/agora.xtec.cat\/iesgabrielamistral\/wp-content\/uploads\/usu246\/2024\/02\/Ajuntament_Aemas_Horizontal_Color-300x75.png 300w, https:\/\/agora.xtec.cat\/iesgabrielamistral\/wp-content\/uploads\/usu246\/2024\/02\/Ajuntament_Aemas_Horizontal_Color-768x193.png 768w, https:\/\/agora.xtec.cat\/iesgabrielamistral\/wp-content\/uploads\/usu246\/2024\/02\/Ajuntament_Aemas_Horizontal_Color-1536x386.png 1536w, https:\/\/agora.xtec.cat\/iesgabrielamistral\/wp-content\/uploads\/usu246\/2024\/02\/Ajuntament_Aemas_Horizontal_Color-2048x514.png 2048w\" sizes=\"auto, (max-width: 1024px) 100vw, 1024px\" \/><\/p>\n<p><img loading=\"lazy\" decoding=\"async\" class=\"alignnone wp-image-15783 size-large\" src=\"https:\/\/agora.xtec.cat\/iesgabrielamistral\/wp-content\/uploads\/usu246\/2024\/02\/Cataluna-Plants-1024x323.png\" alt=\"\" width=\"1024\" height=\"323\" srcset=\"https:\/\/agora.xtec.cat\/iesgabrielamistral\/wp-content\/uploads\/usu246\/2024\/02\/Cataluna-Plants-1024x323.png 1024w, https:\/\/agora.xtec.cat\/iesgabrielamistral\/wp-content\/uploads\/usu246\/2024\/02\/Cataluna-Plants-300x95.png 300w, https:\/\/agora.xtec.cat\/iesgabrielamistral\/wp-content\/uploads\/usu246\/2024\/02\/Cataluna-Plants-768x242.png 768w, https:\/\/agora.xtec.cat\/iesgabrielamistral\/wp-content\/uploads\/usu246\/2024\/02\/Cataluna-Plants.png 1084w\" sizes=\"auto, (max-width: 1024px) 100vw, 1024px\" \/><\/p>\n<p><img loading=\"lazy\" decoding=\"async\" class=\"alignnone size-full wp-image-15973\" src=\"https:\/\/agora.xtec.cat\/iesgabrielamistral\/wp-content\/uploads\/usu246\/2024\/03\/ROC-3-Pitch-Putt.jpg\" alt=\"\" width=\"225\" height=\"225\" srcset=\"https:\/\/agora.xtec.cat\/iesgabrielamistral\/wp-content\/uploads\/usu246\/2024\/03\/ROC-3-Pitch-Putt.jpg 225w, https:\/\/agora.xtec.cat\/iesgabrielamistral\/wp-content\/uploads\/usu246\/2024\/03\/ROC-3-Pitch-Putt-150x150.jpg 150w\" sizes=\"auto, (max-width: 225px) 100vw, 225px\" \/><\/p>\n<p>&nbsp;<\/p>\n<p>&nbsp;<\/p>\n<p>&nbsp;<\/p>\n<p><a href=\"https:\/\/agora.xtec.cat\/iesgabrielamistral\/wp-content\/uploads\/usu246\/2019\/12\/ife2.jpg\"><img loading=\"lazy\" decoding=\"async\" class=\"alignnone size-full wp-image-10902\" src=\"https:\/\/agora.xtec.cat\/iesgabrielamistral\/wp-content\/uploads\/usu246\/2019\/12\/ife2.jpg\" alt=\"\" width=\"600\" height=\"600\" srcset=\"https:\/\/agora.xtec.cat\/iesgabrielamistral\/wp-content\/uploads\/usu246\/2019\/12\/ife2.jpg 600w, https:\/\/agora.xtec.cat\/iesgabrielamistral\/wp-content\/uploads\/usu246\/2019\/12\/ife2-150x150.jpg 150w, https:\/\/agora.xtec.cat\/iesgabrielamistral\/wp-content\/uploads\/usu246\/2019\/12\/ife2-300x300.jpg 300w\" sizes=\"auto, (max-width: 600px) 100vw, 600px\" \/><\/a><\/p>\n","protected":false},"excerpt":{"rendered":"<p>\u00a0 Presentaci\u00f3 IFE &#8211; Portes obertes V\u00eddeo &#8211; Jornada de portes Obertes Itinerari Auxiliar en cura d&#8217;animals i espais verds M\u00f2duls de l\u2019Itinerari Primer curs M1- Vida saludable i cura d\u2019un mateix M2- Comunicaci\u00f3 i relacions interpersonals M8- Iniciaci\u00f3 a l\u2019activitat laboral Tutoria \u00a0 Segon curs M3-Viure en entorns propers M4-\u00das d\u2019establiments i serveis M9-Organitzaci\u00f3 [&hellip;]<\/p>\n","protected":false},"author":1,"featured_media":0,"parent":481,"menu_order":5,"comment_status":"closed","ping_status":"closed","template":"","meta":{"_bbp_topic_count":0,"_bbp_reply_count":0,"_bbp_total_topic_count":0,"_bbp_total_reply_count":0,"_bbp_voice_count":0,"_bbp_anonymous_reply_count":0,"_bbp_topic_count_hidden":0,"_bbp_reply_count_hidden":0,"_bbp_forum_subforum_count":0,"site-sidebar-layout":"default","site-content-layout":"","ast-site-content-layout":"default","site-content-style":"default","site-sidebar-style":"default","ast-global-header-display":"","ast-banner-title-visibility":"","ast-main-header-display":"","ast-hfb-above-header-display":"","ast-hfb-below-header-display":"","ast-hfb-mobile-header-display":"","site-post-title":"","ast-breadcrumbs-content":"","ast-featured-img":"","footer-sml-layout":"","theme-transparent-header-meta":"default","adv-header-id-meta":"","stick-header-meta":"","header-above-stick-meta":"","header-main-stick-meta":"","header-below-stick-meta":"","astra-migrate-meta-layouts":"set","ast-page-background-enabled":"default","ast-page-background-meta":{"desktop":{"background-color":"var(--ast-global-color-4)","background-image":"","background-repeat":"repeat","background-position":"center center","background-size":"auto","background-attachment":"scroll","background-type":"","background-media":"","overlay-type":"","overlay-color":"","overlay-opacity":"","overlay-gradient":""},"tablet":{"background-color":"","background-image":"","background-repeat":"repeat","background-position":"center center","background-size":"auto","background-attachment":"scroll","background-type":"","background-media":"","overlay-type":"","overlay-color":"","overlay-opacity":"","overlay-gradient":""},"mobile":{"background-color":"","background-image":"","background-repeat":"repeat","background-position":"center center","background-size":"auto","background-attachment":"scroll","background-type":"","background-media":"","overlay-type":"","overlay-color":"","overlay-opacity":"","overlay-gradient":""}},"ast-content-background-meta":{"desktop":{"background-color":"var(--ast-global-color-5)","background-image":"","background-repeat":"repeat","background-position":"center center","background-size":"auto","background-attachment":"scroll","background-type":"","background-media":"","overlay-type":"","overlay-color":"","overlay-opacity":"","overlay-gradient":""},"tablet":{"background-color":"var(--ast-global-color-5)","background-image":"","background-repeat":"repeat","background-position":"center center","background-size":"auto","background-attachment":"scroll","background-type":"","background-media":"","overlay-type":"","overlay-color":"","overlay-opacity":"","overlay-gradient":""},"mobile":{"background-color":"var(--ast-global-color-5)","background-image":"","background-repeat":"repeat","background-position":"center center","background-size":"auto","background-attachment":"scroll","background-type":"","background-media":"","overlay-type":"","overlay-color":"","overlay-opacity":"","overlay-gradient":""}},"footnotes":""},"class_list":["post-10896","page","type-page","status-publish","hentry"],"post_mailing_queue_ids":[],"_links":{"self":[{"href":"https:\/\/agora.xtec.cat\/iesgabrielamistral\/wp-json\/wp\/v2\/pages\/10896","targetHints":{"allow":["GET"]}}],"collection":[{"href":"https:\/\/agora.xtec.cat\/iesgabrielamistral\/wp-json\/wp\/v2\/pages"}],"about":[{"href":"https:\/\/agora.xtec.cat\/iesgabrielamistral\/wp-json\/wp\/v2\/types\/page"}],"author":[{"embeddable":true,"href":"https:\/\/agora.xtec.cat\/iesgabrielamistral\/wp-json\/wp\/v2\/users\/1"}],"replies":[{"embeddable":true,"href":"https:\/\/agora.xtec.cat\/iesgabrielamistral\/wp-json\/wp\/v2\/comments?post=10896"}],"version-history":[{"count":7,"href":"https:\/\/agora.xtec.cat\/iesgabrielamistral\/wp-json\/wp\/v2\/pages\/10896\/revisions"}],"predecessor-version":[{"id":18327,"href":"https:\/\/agora.xtec.cat\/iesgabrielamistral\/wp-json\/wp\/v2\/pages\/10896\/revisions\/18327"}],"up":[{"embeddable":true,"href":"https:\/\/agora.xtec.cat\/iesgabrielamistral\/wp-json\/wp\/v2\/pages\/481"}],"wp:attachment":[{"href":"https:\/\/agora.xtec.cat\/iesgabrielamistral\/wp-json\/wp\/v2\/media?parent=10896"}],"curies":[{"name":"wp","href":"https:\/\/api.w.org\/{rel}","templated":true}]}}