{"id":46,"date":"2014-09-17T16:53:45","date_gmt":"2014-09-17T14:53:45","guid":{"rendered":"http:\/\/agora.xtec.cat\/iesfrontmaritim\/?page_id=46"},"modified":"2026-01-27T11:09:45","modified_gmt":"2026-01-27T10:09:45","slug":"organigrama","status":"publish","type":"page","link":"https:\/\/agora.xtec.cat\/iesfrontmaritim\/linstitut\/organigrama\/","title":{"rendered":"Organitzaci\u00f3 del centre"},"content":{"rendered":"<h1><\/h1>\n<h1><span style=\"font-weight: 400;\">Equip Directiu<\/span><\/h1>\n<h2><span style=\"font-weight: 400;\">Director:<\/span><\/h2>\n<p><span style=\"font-weight: 400;\">Lu\u00eds Arguedas\u00a0<\/span><\/p>\n<h2><span style=\"font-weight: 400;\">Cap d\u2019estudis<\/span><\/h2>\n<p><span style=\"font-weight: 400;\">N\u00faria Mira<\/span><\/p>\n<h2><span style=\"font-weight: 400;\">Secret\u00e0ria<\/span><\/h2>\n<p><span style=\"font-weight: 400;\">Xavier S\u00e1nchez\u00a0<\/span><\/p>\n<h2><span style=\"font-weight: 400;\">Coordinadora pedag\u00f2gica<\/span><\/h2>\n<p><span style=\"font-weight: 400;\">Anna Barreda<\/span><\/p>\n<h1><span style=\"font-weight: 400;\">Coordinacions:<\/span><\/h1>\n<h2><span style=\"font-weight: 400;\">Orientador i Coordinador TEI<\/span><\/h2>\n<p>Xavi Bastos<\/p>\n<h2><span style=\"font-weight: 400;\">Coordinador d\u2019ESO\u00a0<\/span><\/h2>\n<p><span style=\"font-weight: 400;\">Daniel Sol\u00e9<\/span><\/p>\n<h2><span style=\"font-weight: 400;\">Coordinador de Batxillerat<\/span><\/h2>\n<p><span style=\"font-weight: 400;\">Roberto Adrada\u00a0<\/span><\/p>\n<h2><span style=\"font-weight: 400;\">Coordinadora TIC<\/span><\/h2>\n<p><span style=\"font-weight: 400;\">Maria Villar<\/span><\/p>\n<h2><span style=\"font-weight: 400;\">P\u00e0gina web<\/span><\/h2>\n<p><span style=\"font-weight: 400;\">Miquel Llar\u00e0s\u00a0<\/span><\/p>\n<h2><span style=\"font-weight: 400;\">Impuls TIC<\/span><\/h2>\n<p><span style=\"font-weight: 400;\">Ilde Oc\u00f3n<\/span><\/p>\n<h2><span style=\"font-weight: 400;\">Coordinador d\u2019Activitats i Sortides<\/span><\/h2>\n<p><span style=\"font-weight: 400;\">Antoni Trujols<\/span><\/p>\n<h2><span style=\"font-weight: 400;\">LIC<\/span><\/h2>\n<p><span style=\"font-weight: 400;\">Maria Jes\u00fas Sendra<\/span><\/p>\n<h2><span style=\"font-weight: 400;\">Coordinador de Riscos Laborals<\/span><span style=\"font-weight: 400;\"><br \/>\n<\/span><span style=\"font-weight: 400;\">Control d\u2019assist\u00e8ncia i conviv\u00e8ncia<\/span><\/h2>\n<p><span style=\"font-weight: 400;\">N\u00faria Domingo<\/span><\/p>\n<h2><span style=\"font-weight: 400;\">Mediaci\u00f3<\/span><\/h2>\n<p><span style=\"font-weight: 400;\">Raquel Aznar<\/span><\/p>\n<h2><span style=\"font-weight: 400;\">Sostenibilitat<\/span><\/h2>\n<p><span style=\"font-weight: 400;\">David Dom\u00ednguez<\/span><\/p>\n<h2><span style=\"font-weight: 400;\">Hort Urb\u00e0<\/span><\/h2>\n<p><span style=\"font-weight: 400;\">Max Solana<\/span><\/p>\n<h2><span style=\"font-weight: 400;\">Associaci\u00f3 Esportiva<\/span><\/h2>\n<p><span style=\"font-weight: 400;\">Imma Trull\u00e0s<\/span><\/p>\n<h2><span style=\"font-weight: 400;\">Erasmus +<\/span><\/h2>\n<p><span style=\"font-weight: 400;\">Marisa Moya\/ Roberto Adrada\/ Miquel Llar\u00e0s\u00a0<\/span><\/p>\n<h2><span style=\"font-weight: 400;\">Intercanvi amb It\u00e0lia<\/span><\/h2>\n<p><span style=\"font-weight: 400;\">Marisa Moya<\/span><\/p>\n<h2><span style=\"font-weight: 400;\">Intercanvi amb Dinamarca<\/span><\/h2>\n<p><span style=\"font-weight: 400;\">Susanna Roig<\/span><\/p>\n<h2><span style=\"font-weight: 400;\">Millora de patis i imatge del centre<\/span><\/h2>\n<p><span style=\"font-weight: 400;\">Eul\u00e0lia Masclans<\/span><\/p>\n<h2><span style=\"font-weight: 400;\">TUTORS &#8211; COTUTORS<\/span><\/h2>\n<table style=\"width: 93.0067%;\">\n<tbody>\n<tr>\n<td style=\"width: 47.6566%;\"><b>1rESO<\/b><\/td>\n<td style=\"width: 102.509%;\"><b>2nESO<\/b><\/td>\n<\/tr>\n<tr>\n<td style=\"width: 47.6566%;\"><span style=\"font-weight: 400;\">Dani Sol\u00e9 &#8211; David G\u00e0zquez<\/span><\/p>\n<p><span style=\"font-weight: 400;\">Josep Fidel &#8211; Miquel Llar\u00e0s\u00a0<\/span><\/p>\n<p><span style=\"font-weight: 400;\">Sandra Pla &#8211; J\u00falia Moreno\u00a0<\/span><\/p>\n<p><span style=\"font-weight: 400;\">Pau Esqu\u00e9 &#8211; N\u00faria Mira<\/span><\/p>\n<p>&nbsp;<\/td>\n<td style=\"width: 102.509%;\"><span style=\"font-weight: 400;\">Sergi Dom\u00e8nech &#8211; Raquel Aznar<\/span><\/p>\n<p><span style=\"font-weight: 400;\">Alejandra Torres &#8211; Olga Silva<\/span><\/p>\n<p><span style=\"font-weight: 400;\">Mar\u00e7al Ricoma &#8211; Imma Trull\u00e0s <\/span><span style=\"font-weight: 400;\">\u00a0<\/span><\/p>\n<p>Eva Pall\u00e0s &#8211; David Dom\u00ednguez<\/p>\n<p>Joan Centelles &#8211; Ilde Oc\u00f3n<\/td>\n<\/tr>\n<tr>\n<td style=\"width: 47.6566%;\"><b>3rESO<\/b><\/td>\n<td style=\"width: 102.509%;\"><b>4tESO<\/b><\/td>\n<\/tr>\n<tr>\n<td style=\"width: 47.6566%;\"><span style=\"font-weight: 400;\">Llu\u00efsa Espinosa- Eul\u00e0lia Masclans<\/span><\/p>\n<p><span style=\"font-weight: 400;\">Miguel A. Gallego &#8211; Maria Villar<\/span><\/p>\n<p><span style=\"font-weight: 400;\">M. Jes\u00fas Sendra &#8211; Mariona Font<\/span><\/p>\n<p><span style=\"font-weight: 400;\">Hasdr\u00fabal Climent &#8211; Vicent Baldov\u00ed\u00a0<\/span><\/td>\n<td style=\"width: 102.509%;\"><span style=\"font-weight: 400;\">Margarida S\u00e0nchez &#8211; Heura Gusp\u00ed\u00a0<\/span><\/p>\n<p><span style=\"font-weight: 400;\">Antoni S\u00e0nchez &#8211; Toni Trujols<\/span><\/p>\n<p><span style=\"font-weight: 400;\">Miquel Bainat &#8211; Max Solana<\/span><\/p>\n<p><span style=\"font-weight: 400;\">Marta Mosella &#8211; Xavi Bastos<\/span><\/td>\n<\/tr>\n<tr>\n<td style=\"width: 47.6566%;\"><b>1rBAT<\/b><\/td>\n<td style=\"width: 102.509%;\"><b>2nBAT<\/b><\/td>\n<\/tr>\n<tr>\n<td style=\"width: 47.6566%;\"><span style=\"font-weight: 400;\">Andrea Mart\u00ednez &#8211; Marisa Moya<\/span><\/p>\n<p><span style=\"font-weight: 400;\">Ester Bori &#8211; Marga Catal\u00e0\u00a0<\/span><\/td>\n<td style=\"width: 102.509%;\"><span style=\"font-weight: 400;\">Milagros Arano <\/span><span style=\"font-weight: 400;\">&#8211; Xavier S\u00e1nchez<\/span><\/p>\n<p><span style=\"font-weight: 400;\">Roberto Adrada &#8211; Anna Barreda<\/span><\/td>\n<\/tr>\n<\/tbody>\n<\/table>\n<h3><\/h3>\n","protected":false},"excerpt":{"rendered":"<p>Equip Directiu Director: Lu\u00eds Arguedas\u00a0 Cap d\u2019estudis N\u00faria Mira Secret\u00e0ria Xavier S\u00e1nchez\u00a0 Coordinadora pedag\u00f2gica Anna Barreda Coordinacions: Orientador i Coordinador TEI Xavi Bastos Coordinador d\u2019ESO\u00a0 Daniel Sol\u00e9 Coordinador de Batxillerat Roberto Adrada\u00a0 Coordinadora TIC Maria Villar P\u00e0gina web Miquel Llar\u00e0s\u00a0 Impuls TIC Ilde Oc\u00f3n Coordinador d\u2019Activitats i Sortides Antoni Trujols LIC Maria Jes\u00fas Sendra Coordinador [&hellip;]<\/p>\n","protected":false},"author":1,"featured_media":0,"parent":19,"menu_order":50,"comment_status":"closed","ping_status":"closed","template":"page-templates\/side-menu.php","meta":{"_bbp_topic_count":0,"_bbp_reply_count":0,"_bbp_total_topic_count":0,"_bbp_total_reply_count":0,"_bbp_voice_count":0,"_bbp_anonymous_reply_count":0,"_bbp_topic_count_hidden":0,"_bbp_reply_count_hidden":0,"_bbp_forum_subforum_count":0,"site-sidebar-layout":"default","site-content-layout":"","ast-site-content-layout":"","site-content-style":"default","site-sidebar-style":"default","ast-global-header-display":"","ast-banner-title-visibility":"","ast-main-header-display":"","ast-hfb-above-header-display":"","ast-hfb-below-header-display":"","ast-hfb-mobile-header-display":"","site-post-title":"","ast-breadcrumbs-content":"","ast-featured-img":"","footer-sml-layout":"","theme-transparent-header-meta":"","adv-header-id-meta":"","stick-header-meta":"","header-above-stick-meta":"","header-main-stick-meta":"","header-below-stick-meta":"","astra-migrate-meta-layouts":"default","ast-page-background-enabled":"default","ast-page-background-meta":{"desktop":{"background-color":"var(--ast-global-color-4)","background-image":"","background-repeat":"repeat","background-position":"center center","background-size":"auto","background-attachment":"scroll","background-type":"","background-media":"","overlay-type":"","overlay-color":"","overlay-opacity":"","overlay-gradient":""},"tablet":{"background-color":"","background-image":"","background-repeat":"repeat","background-position":"center center","background-size":"auto","background-attachment":"scroll","background-type":"","background-media":"","overlay-type":"","overlay-color":"","overlay-opacity":"","overlay-gradient":""},"mobile":{"background-color":"","background-image":"","background-repeat":"repeat","background-position":"center center","background-size":"auto","background-attachment":"scroll","background-type":"","background-media":"","overlay-type":"","overlay-color":"","overlay-opacity":"","overlay-gradient":""}},"ast-content-background-meta":{"desktop":{"background-color":"var(--ast-global-color-5)","background-image":"","background-repeat":"repeat","background-position":"center center","background-size":"auto","background-attachment":"scroll","background-type":"","background-media":"","overlay-type":"","overlay-color":"","overlay-opacity":"","overlay-gradient":""},"tablet":{"background-color":"var(--ast-global-color-5)","background-image":"","background-repeat":"repeat","background-position":"center center","background-size":"auto","background-attachment":"scroll","background-type":"","background-media":"","overlay-type":"","overlay-color":"","overlay-opacity":"","overlay-gradient":""},"mobile":{"background-color":"var(--ast-global-color-5)","background-image":"","background-repeat":"repeat","background-position":"center center","background-size":"auto","background-attachment":"scroll","background-type":"","background-media":"","overlay-type":"","overlay-color":"","overlay-opacity":"","overlay-gradient":""}},"footnotes":""},"class_list":["post-46","page","type-page","status-publish","hentry"],"post_mailing_queue_ids":[],"_links":{"self":[{"href":"https:\/\/agora.xtec.cat\/iesfrontmaritim\/wp-json\/wp\/v2\/pages\/46","targetHints":{"allow":["GET"]}}],"collection":[{"href":"https:\/\/agora.xtec.cat\/iesfrontmaritim\/wp-json\/wp\/v2\/pages"}],"about":[{"href":"https:\/\/agora.xtec.cat\/iesfrontmaritim\/wp-json\/wp\/v2\/types\/page"}],"author":[{"embeddable":true,"href":"https:\/\/agora.xtec.cat\/iesfrontmaritim\/wp-json\/wp\/v2\/users\/1"}],"replies":[{"embeddable":true,"href":"https:\/\/agora.xtec.cat\/iesfrontmaritim\/wp-json\/wp\/v2\/comments?post=46"}],"version-history":[{"count":6,"href":"https:\/\/agora.xtec.cat\/iesfrontmaritim\/wp-json\/wp\/v2\/pages\/46\/revisions"}],"predecessor-version":[{"id":2994,"href":"https:\/\/agora.xtec.cat\/iesfrontmaritim\/wp-json\/wp\/v2\/pages\/46\/revisions\/2994"}],"up":[{"embeddable":true,"href":"https:\/\/agora.xtec.cat\/iesfrontmaritim\/wp-json\/wp\/v2\/pages\/19"}],"wp:attachment":[{"href":"https:\/\/agora.xtec.cat\/iesfrontmaritim\/wp-json\/wp\/v2\/media?parent=46"}],"curies":[{"name":"wp","href":"https:\/\/api.w.org\/{rel}","templated":true}]}}