{"id":3122,"date":"2026-03-04T17:41:41","date_gmt":"2026-03-04T16:41:41","guid":{"rendered":"https:\/\/agora.xtec.cat\/iesfrontmaritim\/?page_id=3122"},"modified":"2026-03-04T17:42:36","modified_gmt":"2026-03-04T16:42:36","slug":"tutories-batxillerat-curs-25_26","status":"publish","type":"page","link":"https:\/\/agora.xtec.cat\/iesfrontmaritim\/tutories-batxillerat-curs-25_26\/","title":{"rendered":"Tutories Batxillerat curs 25_26"},"content":{"rendered":"<h2><span style=\"font-weight: 400;\">TUTORS &#8211; COTUTORS<\/span><\/h2>\n<p>&nbsp;<\/p>\n<table>\n<tbody>\n<tr>\n<td colspan=\"2\"><b>Coordinador de BATXILLERAT: Roberto Adrada<\/b><\/td>\n<\/tr>\n<tr>\n<td><b>1rBAT<\/b><\/td>\n<td><b>2nBAT<\/b><\/td>\n<\/tr>\n<tr>\n<td><span style=\"font-weight: 400;\">A &#8211; Andrea Mart\u00ednez &#8211; Marisa Moya<\/span><\/p>\n<p><span style=\"font-weight: 400;\">B &#8211; Esther Bori &#8211; Marga Catal\u00e0<\/span><\/td>\n<td><span style=\"font-weight: 400;\">A &#8211; Milagros Arano &#8211; Xavier S\u00e1nchez<\/span><\/p>\n<p><span style=\"font-weight: 400;\">B &#8211; Roberto Adrada &#8211; Anna Barreda\u00a0<\/span><\/td>\n<\/tr>\n<\/tbody>\n<\/table>\n","protected":false},"excerpt":{"rendered":"<p>TUTORS &#8211; COTUTORS &nbsp; Coordinador de BATXILLERAT: Roberto Adrada 1rBAT 2nBAT A &#8211; Andrea Mart\u00ednez &#8211; Marisa Moya B &#8211; Esther Bori &#8211; Marga Catal\u00e0 A &#8211; Milagros Arano &#8211; Xavier S\u00e1nchez B &#8211; Roberto Adrada &#8211; Anna Barreda\u00a0<\/p>\n","protected":false},"author":4,"featured_media":0,"parent":0,"menu_order":0,"comment_status":"closed","ping_status":"closed","template":"","meta":{"_bbp_topic_count":0,"_bbp_reply_count":0,"_bbp_total_topic_count":0,"_bbp_total_reply_count":0,"_bbp_voice_count":0,"_bbp_anonymous_reply_count":0,"_bbp_topic_count_hidden":0,"_bbp_reply_count_hidden":0,"_bbp_forum_subforum_count":0,"site-sidebar-layout":"default","site-content-layout":"","ast-site-content-layout":"default","site-content-style":"default","site-sidebar-style":"default","ast-global-header-display":"","ast-banner-title-visibility":"","ast-main-header-display":"","ast-hfb-above-header-display":"","ast-hfb-below-header-display":"","ast-hfb-mobile-header-display":"","site-post-title":"","ast-breadcrumbs-content":"","ast-featured-img":"","footer-sml-layout":"","theme-transparent-header-meta":"default","adv-header-id-meta":"","stick-header-meta":"","header-above-stick-meta":"","header-main-stick-meta":"","header-below-stick-meta":"","astra-migrate-meta-layouts":"set","ast-page-background-enabled":"default","ast-page-background-meta":{"desktop":{"background-color":"var(--ast-global-color-4)","background-image":"","background-repeat":"repeat","background-position":"center center","background-size":"auto","background-attachment":"scroll","background-type":"","background-media":"","overlay-type":"","overlay-color":"","overlay-opacity":"","overlay-gradient":""},"tablet":{"background-color":"","background-image":"","background-repeat":"repeat","background-position":"center center","background-size":"auto","background-attachment":"scroll","background-type":"","background-media":"","overlay-type":"","overlay-color":"","overlay-opacity":"","overlay-gradient":""},"mobile":{"background-color":"","background-image":"","background-repeat":"repeat","background-position":"center center","background-size":"auto","background-attachment":"scroll","background-type":"","background-media":"","overlay-type":"","overlay-color":"","overlay-opacity":"","overlay-gradient":""}},"ast-content-background-meta":{"desktop":{"background-color":"var(--ast-global-color-5)","background-image":"","background-repeat":"repeat","background-position":"center center","background-size":"auto","background-attachment":"scroll","background-type":"","background-media":"","overlay-type":"","overlay-color":"","overlay-opacity":"","overlay-gradient":""},"tablet":{"background-color":"var(--ast-global-color-5)","background-image":"","background-repeat":"repeat","background-position":"center center","background-size":"auto","background-attachment":"scroll","background-type":"","background-media":"","overlay-type":"","overlay-color":"","overlay-opacity":"","overlay-gradient":""},"mobile":{"background-color":"var(--ast-global-color-5)","background-image":"","background-repeat":"repeat","background-position":"center center","background-size":"auto","background-attachment":"scroll","background-type":"","background-media":"","overlay-type":"","overlay-color":"","overlay-opacity":"","overlay-gradient":""}},"footnotes":""},"class_list":["post-3122","page","type-page","status-publish","hentry"],"post_mailing_queue_ids":[],"_links":{"self":[{"href":"https:\/\/agora.xtec.cat\/iesfrontmaritim\/wp-json\/wp\/v2\/pages\/3122","targetHints":{"allow":["GET"]}}],"collection":[{"href":"https:\/\/agora.xtec.cat\/iesfrontmaritim\/wp-json\/wp\/v2\/pages"}],"about":[{"href":"https:\/\/agora.xtec.cat\/iesfrontmaritim\/wp-json\/wp\/v2\/types\/page"}],"author":[{"embeddable":true,"href":"https:\/\/agora.xtec.cat\/iesfrontmaritim\/wp-json\/wp\/v2\/users\/4"}],"replies":[{"embeddable":true,"href":"https:\/\/agora.xtec.cat\/iesfrontmaritim\/wp-json\/wp\/v2\/comments?post=3122"}],"version-history":[{"count":1,"href":"https:\/\/agora.xtec.cat\/iesfrontmaritim\/wp-json\/wp\/v2\/pages\/3122\/revisions"}],"predecessor-version":[{"id":3123,"href":"https:\/\/agora.xtec.cat\/iesfrontmaritim\/wp-json\/wp\/v2\/pages\/3122\/revisions\/3123"}],"wp:attachment":[{"href":"https:\/\/agora.xtec.cat\/iesfrontmaritim\/wp-json\/wp\/v2\/media?parent=3122"}],"curies":[{"name":"wp","href":"https:\/\/api.w.org\/{rel}","templated":true}]}}