{"id":3113,"date":"2026-03-04T17:27:23","date_gmt":"2026-03-04T16:27:23","guid":{"rendered":"https:\/\/agora.xtec.cat\/iesfrontmaritim\/?page_id=3113"},"modified":"2026-03-04T17:27:23","modified_gmt":"2026-03-04T16:27:23","slug":"tutories-eso-curs-25_26","status":"publish","type":"page","link":"https:\/\/agora.xtec.cat\/iesfrontmaritim\/tutories-eso-curs-25_26\/","title":{"rendered":"Tutories ESO curs 25_26"},"content":{"rendered":"<h2><span style=\"font-weight: 400;\">TUTORS &#8211; COTUTORS curs 25_26<\/span><\/h2>\n<p>&nbsp;<\/p>\n<table>\n<tbody>\n<tr>\n<td colspan=\"2\"><b>Coordinador d\u2019ESO: Dani Sol\u00e9<\/b><\/td>\n<\/tr>\n<tr>\n<td><b>1r ESO<\/b><\/td>\n<td><b>2n ESO<\/b><\/td>\n<\/tr>\n<tr>\n<td><span style=\"font-weight: 400;\">A &#8211; Dani Sol\u00e9 &#8211; David G\u00e1zquez<\/span><\/p>\n<p><span style=\"font-weight: 400;\">B &#8211; Sandra Pla &#8211; N\u00faria Domingo<\/span><\/p>\n<p><span style=\"font-weight: 400;\">C- Josep Fidel &#8211; Miquel Llar\u00e0s<\/span><\/p>\n<p><span style=\"font-weight: 400;\">D- Pau Esqu\u00e9 &#8211; N\u00faria Mira<\/span><\/td>\n<td><span style=\"font-weight: 400;\">A &#8211; Sergi Dom\u00e8nech &#8211; Raquel Aznar<\/span><\/p>\n<p><span style=\"font-weight: 400;\">B &#8211; Alejandra Torres &#8211; Olga Silva\u00a0<\/span><\/p>\n<p><span style=\"font-weight: 400;\">C &#8211; Mar\u00e7al Ricoma &#8211; Imma Trull\u00e0s<\/span><\/p>\n<p><span style=\"font-weight: 400;\">D &#8211; Eva Pall\u00e1s &#8211; David Dom\u00ednguez<\/span><\/p>\n<p><span style=\"font-weight: 400;\">E &#8211; Joan Centelles &#8211; Ilde Oc\u00f3n<\/span><\/td>\n<\/tr>\n<tr>\n<td><b>3r ESO<\/b><\/td>\n<td><b>4t ESO<\/b><\/td>\n<\/tr>\n<tr>\n<td><span style=\"font-weight: 400;\">A &#8211; Llu\u00efsa Espinosa &#8211; Eul\u00e0lia Masclans<\/span><\/p>\n<p><span style=\"font-weight: 400;\">B &#8211; Miguel \u00c1ngel Gallego &#8211; Maria Villar<\/span><\/p>\n<p><span style=\"font-weight: 400;\">C &#8211; Maria Jes\u00fas Sendra &#8211; Mariona Font<\/span><\/p>\n<p><span style=\"font-weight: 400;\">D &#8211; Hasdr\u00fabal Climent &#8211; Max Solana<\/span><\/td>\n<td><span style=\"font-weight: 400;\">A &#8211; Margarida Sanchez &#8211; Heura Gusp\u00ed\u00a0<\/span><\/p>\n<p><span style=\"font-weight: 400;\">B &#8211; Antoni S\u00e1nchez &#8211; Toni Trujols<\/span><\/p>\n<p><span style=\"font-weight: 400;\">C &#8211; Miquel Bainat &#8211; Max Solana<\/span><\/p>\n<p><span style=\"font-weight: 400;\">D &#8211; Marta Mosella &#8211; Xavi Bastos<\/span><\/td>\n<\/tr>\n<\/tbody>\n<\/table>\n","protected":false},"excerpt":{"rendered":"<p>TUTORS &#8211; COTUTORS curs 25_26 &nbsp; Coordinador d\u2019ESO: Dani Sol\u00e9 1r ESO 2n ESO A &#8211; Dani Sol\u00e9 &#8211; David G\u00e1zquez B &#8211; Sandra Pla &#8211; N\u00faria Domingo C- Josep Fidel &#8211; Miquel Llar\u00e0s D- Pau Esqu\u00e9 &#8211; N\u00faria Mira A &#8211; Sergi Dom\u00e8nech &#8211; Raquel Aznar B &#8211; Alejandra Torres &#8211; Olga Silva\u00a0 C [&hellip;]<\/p>\n","protected":false},"author":4,"featured_media":0,"parent":0,"menu_order":0,"comment_status":"closed","ping_status":"closed","template":"","meta":{"_bbp_topic_count":0,"_bbp_reply_count":0,"_bbp_total_topic_count":0,"_bbp_total_reply_count":0,"_bbp_voice_count":0,"_bbp_anonymous_reply_count":0,"_bbp_topic_count_hidden":0,"_bbp_reply_count_hidden":0,"_bbp_forum_subforum_count":0,"site-sidebar-layout":"default","site-content-layout":"","ast-site-content-layout":"default","site-content-style":"default","site-sidebar-style":"default","ast-global-header-display":"","ast-banner-title-visibility":"","ast-main-header-display":"","ast-hfb-above-header-display":"","ast-hfb-below-header-display":"","ast-hfb-mobile-header-display":"","site-post-title":"","ast-breadcrumbs-content":"","ast-featured-img":"","footer-sml-layout":"","theme-transparent-header-meta":"default","adv-header-id-meta":"","stick-header-meta":"","header-above-stick-meta":"","header-main-stick-meta":"","header-below-stick-meta":"","astra-migrate-meta-layouts":"set","ast-page-background-enabled":"default","ast-page-background-meta":{"desktop":{"background-color":"var(--ast-global-color-4)","background-image":"","background-repeat":"repeat","background-position":"center center","background-size":"auto","background-attachment":"scroll","background-type":"","background-media":"","overlay-type":"","overlay-color":"","overlay-opacity":"","overlay-gradient":""},"tablet":{"background-color":"","background-image":"","background-repeat":"repeat","background-position":"center center","background-size":"auto","background-attachment":"scroll","background-type":"","background-media":"","overlay-type":"","overlay-color":"","overlay-opacity":"","overlay-gradient":""},"mobile":{"background-color":"","background-image":"","background-repeat":"repeat","background-position":"center center","background-size":"auto","background-attachment":"scroll","background-type":"","background-media":"","overlay-type":"","overlay-color":"","overlay-opacity":"","overlay-gradient":""}},"ast-content-background-meta":{"desktop":{"background-color":"var(--ast-global-color-5)","background-image":"","background-repeat":"repeat","background-position":"center center","background-size":"auto","background-attachment":"scroll","background-type":"","background-media":"","overlay-type":"","overlay-color":"","overlay-opacity":"","overlay-gradient":""},"tablet":{"background-color":"var(--ast-global-color-5)","background-image":"","background-repeat":"repeat","background-position":"center center","background-size":"auto","background-attachment":"scroll","background-type":"","background-media":"","overlay-type":"","overlay-color":"","overlay-opacity":"","overlay-gradient":""},"mobile":{"background-color":"var(--ast-global-color-5)","background-image":"","background-repeat":"repeat","background-position":"center center","background-size":"auto","background-attachment":"scroll","background-type":"","background-media":"","overlay-type":"","overlay-color":"","overlay-opacity":"","overlay-gradient":""}},"footnotes":""},"class_list":["post-3113","page","type-page","status-publish","hentry"],"post_mailing_queue_ids":[],"_links":{"self":[{"href":"https:\/\/agora.xtec.cat\/iesfrontmaritim\/wp-json\/wp\/v2\/pages\/3113","targetHints":{"allow":["GET"]}}],"collection":[{"href":"https:\/\/agora.xtec.cat\/iesfrontmaritim\/wp-json\/wp\/v2\/pages"}],"about":[{"href":"https:\/\/agora.xtec.cat\/iesfrontmaritim\/wp-json\/wp\/v2\/types\/page"}],"author":[{"embeddable":true,"href":"https:\/\/agora.xtec.cat\/iesfrontmaritim\/wp-json\/wp\/v2\/users\/4"}],"replies":[{"embeddable":true,"href":"https:\/\/agora.xtec.cat\/iesfrontmaritim\/wp-json\/wp\/v2\/comments?post=3113"}],"version-history":[{"count":1,"href":"https:\/\/agora.xtec.cat\/iesfrontmaritim\/wp-json\/wp\/v2\/pages\/3113\/revisions"}],"predecessor-version":[{"id":3114,"href":"https:\/\/agora.xtec.cat\/iesfrontmaritim\/wp-json\/wp\/v2\/pages\/3113\/revisions\/3114"}],"wp:attachment":[{"href":"https:\/\/agora.xtec.cat\/iesfrontmaritim\/wp-json\/wp\/v2\/media?parent=3113"}],"curies":[{"name":"wp","href":"https:\/\/api.w.org\/{rel}","templated":true}]}}