{"id":3094,"date":"2026-03-04T12:16:27","date_gmt":"2026-03-04T11:16:27","guid":{"rendered":"https:\/\/agora.xtec.cat\/iesfrontmaritim\/?page_id=3094"},"modified":"2026-03-04T12:16:49","modified_gmt":"2026-03-04T11:16:49","slug":"aparcament-de-bicicletes-i-patinets","status":"publish","type":"page","link":"https:\/\/agora.xtec.cat\/iesfrontmaritim\/aparcament-de-bicicletes-i-patinets\/","title":{"rendered":"Aparcament de bicicletes i patinets"},"content":{"rendered":"<p>A l\u2019Institut Front Mar\u00edtim fomentem una mobilitat sostenible, saludable i respectuosa amb el medi ambient. Per aquest motiu, el centre disposa d&#8217;un espai habilitat per a l&#8217;estacionament de vehicles de mobilitat personal.<br \/>\n<strong>Normes d&#8217;\u00fas<\/strong><br \/>\nPer tal de garantir el bon funcionament d&#8217;aquest espai, cal tenir en compte les seg\u00fcents indicacions:<br \/>\n<strong>Seguretat:<\/strong> L&#8217;alumnat \u00e9s el responsable de la seguretat del seu vehicle. \u00c9s obligatori portar un cadenat propi per assegurar la bicicleta o el patinet al suport corresponent.<br \/>\n<strong>Ubicaci\u00f3:<\/strong> Els vehicles s&#8217;han d&#8217;aparcar exclusivament a les zones senyalitzades per a aquest \u00fas, evitant bloquejar zones de pas o sortides d&#8217;emerg\u00e8ncia.<br \/>\n<strong>Responsabilitat:<\/strong> El centre disposa de l&#8217;espai per facilitar l&#8217;aparcament, per\u00f2 no es fa responsable de possibles danys o robatoris dels vehicles estacionats.<\/p>\n<p>&nbsp;<\/p>\n","protected":false},"excerpt":{"rendered":"<p>A l\u2019Institut Front Mar\u00edtim fomentem una mobilitat sostenible, saludable i respectuosa amb el medi ambient. Per aquest motiu, el centre disposa d&#8217;un espai habilitat per a l&#8217;estacionament de vehicles de mobilitat personal. Normes d&#8217;\u00fas Per tal de garantir el bon funcionament d&#8217;aquest espai, cal tenir en compte les seg\u00fcents indicacions: Seguretat: L&#8217;alumnat \u00e9s el responsable [&hellip;]<\/p>\n","protected":false},"author":4,"featured_media":0,"parent":0,"menu_order":0,"comment_status":"closed","ping_status":"closed","template":"","meta":{"_bbp_topic_count":0,"_bbp_reply_count":0,"_bbp_total_topic_count":0,"_bbp_total_reply_count":0,"_bbp_voice_count":0,"_bbp_anonymous_reply_count":0,"_bbp_topic_count_hidden":0,"_bbp_reply_count_hidden":0,"_bbp_forum_subforum_count":0,"site-sidebar-layout":"default","site-content-layout":"","ast-site-content-layout":"default","site-content-style":"default","site-sidebar-style":"default","ast-global-header-display":"","ast-banner-title-visibility":"","ast-main-header-display":"","ast-hfb-above-header-display":"","ast-hfb-below-header-display":"","ast-hfb-mobile-header-display":"","site-post-title":"","ast-breadcrumbs-content":"","ast-featured-img":"","footer-sml-layout":"","theme-transparent-header-meta":"default","adv-header-id-meta":"","stick-header-meta":"","header-above-stick-meta":"","header-main-stick-meta":"","header-below-stick-meta":"","astra-migrate-meta-layouts":"set","ast-page-background-enabled":"default","ast-page-background-meta":{"desktop":{"background-color":"var(--ast-global-color-4)","background-image":"","background-repeat":"repeat","background-position":"center center","background-size":"auto","background-attachment":"scroll","background-type":"","background-media":"","overlay-type":"","overlay-color":"","overlay-opacity":"","overlay-gradient":""},"tablet":{"background-color":"","background-image":"","background-repeat":"repeat","background-position":"center center","background-size":"auto","background-attachment":"scroll","background-type":"","background-media":"","overlay-type":"","overlay-color":"","overlay-opacity":"","overlay-gradient":""},"mobile":{"background-color":"","background-image":"","background-repeat":"repeat","background-position":"center center","background-size":"auto","background-attachment":"scroll","background-type":"","background-media":"","overlay-type":"","overlay-color":"","overlay-opacity":"","overlay-gradient":""}},"ast-content-background-meta":{"desktop":{"background-color":"var(--ast-global-color-5)","background-image":"","background-repeat":"repeat","background-position":"center center","background-size":"auto","background-attachment":"scroll","background-type":"","background-media":"","overlay-type":"","overlay-color":"","overlay-opacity":"","overlay-gradient":""},"tablet":{"background-color":"var(--ast-global-color-5)","background-image":"","background-repeat":"repeat","background-position":"center center","background-size":"auto","background-attachment":"scroll","background-type":"","background-media":"","overlay-type":"","overlay-color":"","overlay-opacity":"","overlay-gradient":""},"mobile":{"background-color":"var(--ast-global-color-5)","background-image":"","background-repeat":"repeat","background-position":"center center","background-size":"auto","background-attachment":"scroll","background-type":"","background-media":"","overlay-type":"","overlay-color":"","overlay-opacity":"","overlay-gradient":""}},"footnotes":""},"class_list":["post-3094","page","type-page","status-publish","hentry"],"post_mailing_queue_ids":[],"_links":{"self":[{"href":"https:\/\/agora.xtec.cat\/iesfrontmaritim\/wp-json\/wp\/v2\/pages\/3094","targetHints":{"allow":["GET"]}}],"collection":[{"href":"https:\/\/agora.xtec.cat\/iesfrontmaritim\/wp-json\/wp\/v2\/pages"}],"about":[{"href":"https:\/\/agora.xtec.cat\/iesfrontmaritim\/wp-json\/wp\/v2\/types\/page"}],"author":[{"embeddable":true,"href":"https:\/\/agora.xtec.cat\/iesfrontmaritim\/wp-json\/wp\/v2\/users\/4"}],"replies":[{"embeddable":true,"href":"https:\/\/agora.xtec.cat\/iesfrontmaritim\/wp-json\/wp\/v2\/comments?post=3094"}],"version-history":[{"count":2,"href":"https:\/\/agora.xtec.cat\/iesfrontmaritim\/wp-json\/wp\/v2\/pages\/3094\/revisions"}],"predecessor-version":[{"id":3096,"href":"https:\/\/agora.xtec.cat\/iesfrontmaritim\/wp-json\/wp\/v2\/pages\/3094\/revisions\/3096"}],"wp:attachment":[{"href":"https:\/\/agora.xtec.cat\/iesfrontmaritim\/wp-json\/wp\/v2\/media?parent=3094"}],"curies":[{"name":"wp","href":"https:\/\/api.w.org\/{rel}","templated":true}]}}