{"id":3075,"date":"2026-03-04T11:48:29","date_gmt":"2026-03-04T10:48:29","guid":{"rendered":"https:\/\/agora.xtec.cat\/iesfrontmaritim\/?page_id=3075"},"modified":"2026-03-04T11:48:29","modified_gmt":"2026-03-04T10:48:29","slug":"batxillerat","status":"publish","type":"page","link":"https:\/\/agora.xtec.cat\/iesfrontmaritim\/batxillerat\/","title":{"rendered":"BATXILLERAT"},"content":{"rendered":"<p><span style=\"font-weight: 400;\">2 l\u00ednies de batxillerat.<\/span><\/p>\n<p><span style=\"font-weight: 400;\">Els alumnes poden cursar:<\/span><\/p>\n<p><span style=\"font-weight: 400;\">Batxillerat Cient\u00edfic &#8211; Tecnol\u00f2gic<\/span><\/p>\n<p><span style=\"font-weight: 400;\">Batxillerat Human\u00edstic &#8211; Social<\/span><\/p>\n<p>&nbsp;<\/p>\n<table>\n<tbody>\n<tr>\n<td colspan=\"6\"><b>1r BATXILLERAT<\/b><\/td>\n<\/tr>\n<tr>\n<td><span style=\"font-weight: 400;\">Catal\u00e0<\/span><\/td>\n<td><span style=\"font-weight: 400;\">2h<\/span><\/td>\n<td><span style=\"font-weight: 400;\">Castell\u00e0<\/span><\/td>\n<td><span style=\"font-weight: 400;\">2h<\/span><\/td>\n<td><span style=\"font-weight: 400;\">Angl\u00e8s<\/span><\/td>\n<td><span style=\"font-weight: 400;\">3h<\/span><\/td>\n<\/tr>\n<tr>\n<td><span style=\"font-weight: 400;\">Filosofia<\/span><\/td>\n<td><span style=\"font-weight: 400;\">2h<\/span><\/td>\n<td><span style=\"font-weight: 400;\">Educaci\u00f3 F\u00edsica<\/span><\/td>\n<td><span style=\"font-weight: 400;\">2h<\/span><\/td>\n<td><span style=\"font-weight: 400;\">Tutoria<\/span><\/td>\n<td><span style=\"font-weight: 400;\">1h<\/span><\/td>\n<\/tr>\n<\/tbody>\n<\/table>\n<p>&nbsp;<\/p>\n<p><b>Mat\u00e8ria d\u2019itinerari<\/b><\/p>\n<p>&nbsp;<\/p>\n<table>\n<tbody>\n<tr>\n<td><span style=\"font-weight: 400;\">MATEM\u00c0TIQUES I<\/span><\/td>\n<td><span style=\"font-weight: 400;\">3h<\/span><\/td>\n<td><span style=\"font-weight: 400;\">MATEM\u00c0TIQUES APLICADES A LES CI\u00c8NCIES SOCIALS I<\/span><\/td>\n<td><span style=\"font-weight: 400;\">3h<\/span><\/td>\n<td><span style=\"font-weight: 400;\">LLENGUA I CULTURA LLATINES I<\/span><\/td>\n<td><span style=\"font-weight: 400;\">3h<\/span><\/td>\n<\/tr>\n<\/tbody>\n<\/table>\n<p>&nbsp;<\/p>\n<p><b>Batxillerat Cient\u00edfic \u2013 Tecnol\u00f2gic<\/b> <b> \u00a0 \u00a0 \u00a0 Batxillerat Human\u00edstic \u2013 Social<\/b><\/p>\n<p>&nbsp;<\/p>\n<table>\n<tbody>\n<tr>\n<td>\n<table>\n<tbody>\n<tr>\n<td><span style=\"font-weight: 400;\">F\u00cdSICA I<\/span><\/td>\n<td><span style=\"font-weight: 400;\">3h<\/span><\/td>\n<\/tr>\n<tr>\n<td><span style=\"font-weight: 400;\">BIOLOGIA I<\/span><\/td>\n<td><span style=\"font-weight: 400;\">3h<\/span><\/td>\n<\/tr>\n<tr>\n<td><span style=\"font-weight: 400;\">QU\u00cdMICA I<\/span><\/td>\n<td><span style=\"font-weight: 400;\">3h<\/span><\/td>\n<\/tr>\n<tr>\n<td><span style=\"font-weight: 400;\">TECNOLOGIA I ENGINYERIA I<\/span><\/td>\n<td><span style=\"font-weight: 400;\">3h<\/span><\/td>\n<\/tr>\n<\/tbody>\n<\/table>\n<\/td>\n<td>\n<table>\n<tbody>\n<tr>\n<td><span style=\"font-weight: 400;\">LITERATURA UNIVERSAL<\/span><\/td>\n<td><span style=\"font-weight: 400;\">3h<\/span><\/td>\n<\/tr>\n<tr>\n<td><span style=\"font-weight: 400;\">ECONOMIA<\/span><\/td>\n<td><span style=\"font-weight: 400;\">3h<\/span><\/td>\n<\/tr>\n<tr>\n<td><span style=\"font-weight: 400;\">HIST\u00d2RIA DEL M\u00d3N CONTEMPORANI<\/span><\/td>\n<td><span style=\"font-weight: 400;\">3h<\/span><\/td>\n<\/tr>\n<\/tbody>\n<\/table>\n<\/td>\n<\/tr>\n<\/tbody>\n<\/table>\n<p><b>1 assignatura de cada columna<\/b><\/p>\n<p>&nbsp;<\/p>\n<table>\n<tbody>\n<tr>\n<td><span style=\"font-weight: 400;\">PSICOLOGIA<\/span><\/td>\n<td><span style=\"font-weight: 400;\">3h<\/span><\/td>\n<td><span style=\"font-weight: 400;\">REPTES CIENT\u00cdFICS (Biologia i geologia)<\/span><\/td>\n<td><span style=\"font-weight: 400;\">3h<\/span><\/td>\n<td><span style=\"font-weight: 400;\">REPTES CIENT\u00cdFICS<\/span><\/td>\n<td><span style=\"font-weight: 400;\">3h<\/span><\/td>\n<\/tr>\n<tr>\n<td><span style=\"font-weight: 400;\">FUNCIONAMENT DE L\u2019EMPRESA<\/span><\/td>\n<td><span style=\"font-weight: 400;\">3h<\/span><\/td>\n<td><span style=\"font-weight: 400;\">PROBLEMES SOCIALS<\/span><\/td>\n<td><span style=\"font-weight: 400;\">3h<\/span><\/td>\n<td><span style=\"font-weight: 400;\">COMUNICACI\u00d3 AUDIOVISUAL<\/span><\/td>\n<td><span style=\"font-weight: 400;\">3h<\/span><\/td>\n<\/tr>\n<tr>\n<td><\/td>\n<td><span style=\"font-weight: 400;\">3h<\/span><\/td>\n<td><span style=\"font-weight: 400;\">DISSENY: PROJECTES CREATIUS<\/span><\/td>\n<td><span style=\"font-weight: 400;\">3h<\/span><\/td>\n<td><span style=\"font-weight: 400;\">COMPUTACI\u00d3<\/span><\/td>\n<td><span style=\"font-weight: 400;\">3h<\/span><\/td>\n<\/tr>\n<tr>\n<td><\/td>\n<td><span style=\"font-weight: 400;\">3h<\/span><\/td>\n<td><span style=\"font-weight: 400;\">MAT\u00c8RIA IOC, FP, EOI \u2026<\/span><\/td>\n<td><span style=\"font-weight: 400;\">3h<\/span><\/td>\n<td><span style=\"font-weight: 400;\">CIUTADANIA, POL\u00cdTICA I DRET<\/span><\/td>\n<td><span style=\"font-weight: 400;\">3h<\/span><\/td>\n<\/tr>\n<tr>\n<td><\/td>\n<td><\/td>\n<td><\/td>\n<td><\/td>\n<td><span style=\"font-weight: 400;\">MAT\u00c8RIA, IOC, FP, EOI<\/span><\/td>\n<td><span style=\"font-weight: 400;\">3h<\/span><\/td>\n<\/tr>\n<\/tbody>\n<\/table>\n<p>&nbsp;<\/p>\n<table>\n<tbody>\n<tr>\n<td colspan=\"6\"><b>2n BATXILLERAT<\/b><\/td>\n<\/tr>\n<tr>\n<td><span style=\"font-weight: 400;\">Catal\u00e0<\/span><\/td>\n<td><span style=\"font-weight: 400;\">2h<\/span><\/td>\n<td><span style=\"font-weight: 400;\">Castell\u00e0<\/span><\/td>\n<td><span style=\"font-weight: 400;\">2h<\/span><\/td>\n<td><span style=\"font-weight: 400;\">Angl\u00e8s<\/span><\/td>\n<td><span style=\"font-weight: 400;\">3h<\/span><\/td>\n<\/tr>\n<tr>\n<td><span style=\"font-weight: 400;\">Hist\u00f2ria de la Filosofia<\/span><\/td>\n<td><span style=\"font-weight: 400;\">2h<\/span><\/td>\n<td><span style=\"font-weight: 400;\">Hist\u00f2ria<\/span><\/td>\n<td><span style=\"font-weight: 400;\">3h<\/span><\/td>\n<td><span style=\"font-weight: 400;\">Tutoria<\/span><\/td>\n<td><span style=\"font-weight: 400;\">1h<\/span><\/td>\n<\/tr>\n<\/tbody>\n<\/table>\n<p>&nbsp;<\/p>\n<p><b>Mat\u00e8ria de modalitat<\/b><\/p>\n<p>&nbsp;<\/p>\n<table>\n<tbody>\n<tr>\n<td><span style=\"font-weight: 400;\">MATEM\u00c0TIQUES II<\/span><\/td>\n<td><span style=\"font-weight: 400;\">4h<\/span><\/td>\n<td><span style=\"font-weight: 400;\">MATEM\u00c0TIQUES APLICACES A LES CI\u00c8NCIES SOCIALS<\/span><\/td>\n<td><span style=\"font-weight: 400;\">4h<\/span><\/td>\n<td><span style=\"font-weight: 400;\">LLENGUA I CULTURA LLATINES<\/span><\/td>\n<td><span style=\"font-weight: 400;\">4h<\/span><\/td>\n<\/tr>\n<\/tbody>\n<\/table>\n<p>&nbsp;<\/p>\n<p><b>Batxillerat Cient\u00edfic \u2013Tecnol\u00f2gic<\/b> <b> \u00a0 \u00a0 \u00a0 Batxillerat Human\u00edstic \u2013 Social<\/b><\/p>\n<p>&nbsp;<\/p>\n<table>\n<tbody>\n<tr>\n<td>\n<table>\n<tbody>\n<tr>\n<td><span style=\"font-weight: 400;\">F\u00cdSICA II<\/span><\/td>\n<td><span style=\"font-weight: 400;\">4h<\/span><\/td>\n<\/tr>\n<tr>\n<td><span style=\"font-weight: 400;\">BIOLOGIA II<\/span><\/td>\n<td><span style=\"font-weight: 400;\">4h<\/span><\/td>\n<\/tr>\n<tr>\n<td><span style=\"font-weight: 400;\">QU\u00cdMICA II<\/span><\/td>\n<td><span style=\"font-weight: 400;\">4h<\/span><\/td>\n<\/tr>\n<tr>\n<td><span style=\"font-weight: 400;\">TECNOLOGIA I ENGINYERIA II<\/span><\/td>\n<td><span style=\"font-weight: 400;\">4h<\/span><\/td>\n<\/tr>\n<\/tbody>\n<\/table>\n<\/td>\n<td>\n<table>\n<tbody>\n<tr>\n<td><span style=\"font-weight: 400;\">LITERATURA CATALANA<\/span><\/td>\n<td><span style=\"font-weight: 400;\">4h<\/span><\/td>\n<\/tr>\n<tr>\n<td><span style=\"font-weight: 400;\">LITERATURA CASTELLANA<\/span><\/td>\n<td><span style=\"font-weight: 400;\">4h<\/span><\/td>\n<\/tr>\n<tr>\n<td><span style=\"font-weight: 400;\">HIST\u00d2RIA DE L\u2019ART<\/span><\/td>\n<td><span style=\"font-weight: 400;\">4h<\/span><\/td>\n<\/tr>\n<tr>\n<td><span style=\"font-weight: 400;\">GEOGRAFIA<\/span><\/td>\n<td><span style=\"font-weight: 400;\">4h<\/span><\/td>\n<\/tr>\n<tr>\n<td><span style=\"font-weight: 400;\">FUNCIONAMENT DE L\u2019EMPRESA I DISSENY DE MODELS DE NEGOCI<\/span><\/td>\n<td><span style=\"font-weight: 400;\">4h<\/span><\/td>\n<\/tr>\n<tr>\n<td><span style=\"font-weight: 400;\">ODS<\/span><\/p>\n<p><span style=\"font-weight: 400;\">Entorn Sostenible<\/span><\/p>\n<p><span style=\"font-weight: 400;\">Pau, Just\u00edcia i Corresponsabilitat<\/span><\/p>\n<p><span style=\"font-weight: 400;\">Poblaci\u00f3 i Prosperitat<\/span><\/td>\n<td><span style=\"font-weight: 400;\">4h<\/span><\/td>\n<\/tr>\n<\/tbody>\n<\/table>\n<\/td>\n<\/tr>\n<\/tbody>\n<\/table>\n<p>&nbsp;<\/p>\n","protected":false},"excerpt":{"rendered":"<p>2 l\u00ednies de batxillerat. Els alumnes poden cursar: Batxillerat Cient\u00edfic &#8211; Tecnol\u00f2gic Batxillerat Human\u00edstic &#8211; Social &nbsp; 1r BATXILLERAT Catal\u00e0 2h Castell\u00e0 2h Angl\u00e8s 3h Filosofia 2h Educaci\u00f3 F\u00edsica 2h Tutoria 1h &nbsp; Mat\u00e8ria d\u2019itinerari &nbsp; MATEM\u00c0TIQUES I 3h MATEM\u00c0TIQUES APLICADES A LES CI\u00c8NCIES SOCIALS I 3h LLENGUA I CULTURA LLATINES I 3h &nbsp; Batxillerat [&hellip;]<\/p>\n","protected":false},"author":4,"featured_media":0,"parent":0,"menu_order":0,"comment_status":"closed","ping_status":"closed","template":"","meta":{"_bbp_topic_count":0,"_bbp_reply_count":0,"_bbp_total_topic_count":0,"_bbp_total_reply_count":0,"_bbp_voice_count":0,"_bbp_anonymous_reply_count":0,"_bbp_topic_count_hidden":0,"_bbp_reply_count_hidden":0,"_bbp_forum_subforum_count":0,"site-sidebar-layout":"default","site-content-layout":"","ast-site-content-layout":"default","site-content-style":"default","site-sidebar-style":"default","ast-global-header-display":"","ast-banner-title-visibility":"","ast-main-header-display":"","ast-hfb-above-header-display":"","ast-hfb-below-header-display":"","ast-hfb-mobile-header-display":"","site-post-title":"","ast-breadcrumbs-content":"","ast-featured-img":"","footer-sml-layout":"","theme-transparent-header-meta":"default","adv-header-id-meta":"","stick-header-meta":"","header-above-stick-meta":"","header-main-stick-meta":"","header-below-stick-meta":"","astra-migrate-meta-layouts":"set","ast-page-background-enabled":"default","ast-page-background-meta":{"desktop":{"background-color":"var(--ast-global-color-4)","background-image":"","background-repeat":"repeat","background-position":"center center","background-size":"auto","background-attachment":"scroll","background-type":"","background-media":"","overlay-type":"","overlay-color":"","overlay-opacity":"","overlay-gradient":""},"tablet":{"background-color":"","background-image":"","background-repeat":"repeat","background-position":"center center","background-size":"auto","background-attachment":"scroll","background-type":"","background-media":"","overlay-type":"","overlay-color":"","overlay-opacity":"","overlay-gradient":""},"mobile":{"background-color":"","background-image":"","background-repeat":"repeat","background-position":"center center","background-size":"auto","background-attachment":"scroll","background-type":"","background-media":"","overlay-type":"","overlay-color":"","overlay-opacity":"","overlay-gradient":""}},"ast-content-background-meta":{"desktop":{"background-color":"var(--ast-global-color-5)","background-image":"","background-repeat":"repeat","background-position":"center center","background-size":"auto","background-attachment":"scroll","background-type":"","background-media":"","overlay-type":"","overlay-color":"","overlay-opacity":"","overlay-gradient":""},"tablet":{"background-color":"var(--ast-global-color-5)","background-image":"","background-repeat":"repeat","background-position":"center center","background-size":"auto","background-attachment":"scroll","background-type":"","background-media":"","overlay-type":"","overlay-color":"","overlay-opacity":"","overlay-gradient":""},"mobile":{"background-color":"var(--ast-global-color-5)","background-image":"","background-repeat":"repeat","background-position":"center center","background-size":"auto","background-attachment":"scroll","background-type":"","background-media":"","overlay-type":"","overlay-color":"","overlay-opacity":"","overlay-gradient":""}},"footnotes":""},"class_list":["post-3075","page","type-page","status-publish","hentry"],"post_mailing_queue_ids":[],"_links":{"self":[{"href":"https:\/\/agora.xtec.cat\/iesfrontmaritim\/wp-json\/wp\/v2\/pages\/3075","targetHints":{"allow":["GET"]}}],"collection":[{"href":"https:\/\/agora.xtec.cat\/iesfrontmaritim\/wp-json\/wp\/v2\/pages"}],"about":[{"href":"https:\/\/agora.xtec.cat\/iesfrontmaritim\/wp-json\/wp\/v2\/types\/page"}],"author":[{"embeddable":true,"href":"https:\/\/agora.xtec.cat\/iesfrontmaritim\/wp-json\/wp\/v2\/users\/4"}],"replies":[{"embeddable":true,"href":"https:\/\/agora.xtec.cat\/iesfrontmaritim\/wp-json\/wp\/v2\/comments?post=3075"}],"version-history":[{"count":1,"href":"https:\/\/agora.xtec.cat\/iesfrontmaritim\/wp-json\/wp\/v2\/pages\/3075\/revisions"}],"predecessor-version":[{"id":3076,"href":"https:\/\/agora.xtec.cat\/iesfrontmaritim\/wp-json\/wp\/v2\/pages\/3075\/revisions\/3076"}],"wp:attachment":[{"href":"https:\/\/agora.xtec.cat\/iesfrontmaritim\/wp-json\/wp\/v2\/media?parent=3075"}],"curies":[{"name":"wp","href":"https:\/\/api.w.org\/{rel}","templated":true}]}}