{"id":1622,"date":"2023-03-02T17:31:56","date_gmt":"2023-03-02T16:31:56","guid":{"rendered":"https:\/\/agora.xtec.cat\/iesfrontmaritim\/?page_id=1622"},"modified":"2026-03-04T11:54:49","modified_gmt":"2026-03-04T10:54:49","slug":"erasmus","status":"publish","type":"page","link":"https:\/\/agora.xtec.cat\/iesfrontmaritim\/erasmus\/","title":{"rendered":"Erasmus+"},"content":{"rendered":"<p><a href=\"https:\/\/agora.xtec.cat\/iesfrontmaritim\/wp-content\/uploads\/usu2640\/2023\/03\/TitolErasmus.png\"><img loading=\"lazy\" decoding=\"async\" class=\"alignnone size-full wp-image-1627\" src=\"https:\/\/agora.xtec.cat\/iesfrontmaritim\/wp-content\/uploads\/usu2640\/2023\/03\/TitolErasmus.png\" alt=\"\" width=\"1200\" height=\"344\" srcset=\"https:\/\/agora.xtec.cat\/iesfrontmaritim\/wp-content\/uploads\/usu2640\/2023\/03\/TitolErasmus.png 1200w, https:\/\/agora.xtec.cat\/iesfrontmaritim\/wp-content\/uploads\/usu2640\/2023\/03\/TitolErasmus-300x86.png 300w, https:\/\/agora.xtec.cat\/iesfrontmaritim\/wp-content\/uploads\/usu2640\/2023\/03\/TitolErasmus-1024x294.png 1024w, https:\/\/agora.xtec.cat\/iesfrontmaritim\/wp-content\/uploads\/usu2640\/2023\/03\/TitolErasmus-768x220.png 768w\" sizes=\"auto, (max-width: 1200px) 100vw, 1200px\" \/><\/a><\/p>\n<p><b>Presentaci\u00f3<\/b><\/p>\n<p><span style=\"font-weight: 400;\">Erasmus+ \u00e9s el programa de la Uni\u00f3 Europea que dona suport a l\u2019educaci\u00f3 i formaci\u00f3 a\u00a0 totes les persones en tots els seus \u00e0mbits i sectors educatius.<\/span><\/p>\n<p>&nbsp;<\/p>\n<p><span style=\"font-weight: 400;\">El Front Mar\u00edtim ha obtingut una beca per participar en aquest projecte que es dur\u00e0 a terme al llarg de dos cursos educatius, \u00e9s a dir, des del 31-12-2025 al 31-12-2027.<\/span><\/p>\n<p>&nbsp;<\/p>\n<p><span style=\"font-weight: 400;\">En el nostre cas, el projecte s\u2019anomena <\/span><b><i>\u201cThree-Two-One Action!!\u201d<\/i><\/b><span style=\"font-weight: 400;\"> i hi participen un total de sis centres educatius als seg\u00fcents pa\u00efsos: Espanya, Fran\u00e7a, It\u00e0lia i Turquia.\u00a0<\/span><\/p>\n<p>&nbsp;<\/p>\n<p><b>Centres participants<\/b><\/p>\n<p><b>Kanuni Anadolu Lisesi<\/b><span style=\"font-weight: 400;\">, a Trabzon, Turquia.<\/span><\/p>\n<p><b>Karpos Film Education Center<\/b><span style=\"font-weight: 400;\">, a Atenes (Formaci\u00f3 de professorat i alumnat).<\/span><\/p>\n<p><b>Istituto Comprensivo L. Ghiberti<\/b><span style=\"font-weight: 400;\">, a Flor\u00e8ncia, It\u00e0lia.<\/span><\/p>\n<p><b>Lyc\u00e9e L\u00e9onard de Vinci<\/b><span style=\"font-weight: 400;\">, a Levallois Perret, Paris, a Fran\u00e7a.<\/span><\/p>\n<p><span style=\"font-weight: 400;\">Bodrum,<\/span><b> Il\u00e7e Milli Egitim M\u00fcd\u00fcrl\u00fcg\u00fc<\/b><span style=\"font-weight: 400;\">, a Mugla, Turquia.<\/span><\/p>\n<p><b>Institut Front Mar\u00edtim<\/b><span style=\"font-weight: 400;\"> a Barcelona.<\/span><\/p>\n<p>&nbsp;<\/p>\n<p>&nbsp;<\/p>\n<p><b>Destinataris<\/b><\/p>\n<ul>\n<li style=\"font-weight: 400;\" aria-checked=\"false\" aria-level=\"1\"><span style=\"font-weight: 400;\">16 alumnes de 3r de l\u2019ESO (el projecte continuar\u00e0 quan estiguin a 4t de l\u2019ESO).\u00a0<\/span><\/li>\n<\/ul>\n<ul>\n<li style=\"font-weight: 400;\" aria-checked=\"false\" aria-level=\"1\"><span style=\"font-weight: 400;\">A cada mobilitat hi anir\u00e0 un grup de 4 alumnes i 2 docents.\u00a0 \u00c9s a dir, cada alumne realitzar\u00e0 nom\u00e9s UNA mobilitat a un dels pa\u00efsos i acollir\u00e0 a un altre alumne quan la mobilitat sigui a Barcelona.\u00a0<\/span><\/li>\n<\/ul>\n<ul>\n<li style=\"font-weight: 400;\" aria-checked=\"false\" aria-level=\"1\"><span style=\"font-weight: 400;\">Tot l\u2019alumnat interessat ha de participar, obligat\u00f2riament, en un proc\u00e9s de selecci\u00f3.<\/span><\/li>\n<\/ul>\n<p>&nbsp;<\/p>\n<p><b>Criteris de selecci\u00f3<\/b><\/p>\n<p><span style=\"font-weight: 400;\">Abans de presentar la sol\u00b7licitud, \u00e9s obligatori tenir clar els seg\u00fcents punts:<\/span><\/p>\n<ul>\n<li style=\"font-weight: 400;\" aria-level=\"1\"><span style=\"font-weight: 400;\">Disponibilitat i voluntat de col\u00b7laborar en el projecte durant els dos cursos acad\u00e8mics.\u00a0<\/span><\/li>\n<li style=\"font-weight: 400;\" aria-level=\"1\"><span style=\"font-weight: 400;\">Acceptar la mobilitat assignada.\u00a0<\/span><\/li>\n<li style=\"font-weight: 400;\" aria-level=\"1\"><span style=\"font-weight: 400;\">Fer acollida dels alumnes dels altres centres durant la seva estada a Barcelona.<\/span><\/li>\n<\/ul>\n<p><span style=\"font-weight: 400;\">Aquest projecte va m\u00e9s enll\u00e0 de l\u00b4\u00e0mbit acad\u00e8mic i valora aspectes com la cooperaci\u00f3, el treball en equip, les habilitats interculturals i la disponibilitat a treballar dins i fora d&#8217;hores de classe per promoure el projecte (participaci\u00f3 en reunions online, preparaci\u00f3 d&#8217;activitats per les mobilitats, etc). El tema sobre el qual gira el projecte \u00e9s la posada en com\u00fa de les diferents estrategies per a lluitar contra l&#8217;assetjament en els centres (Bullying)<\/span><\/p>\n<p><b>Baremaci\u00f3 dels candidats<\/b><\/p>\n<p><span style=\"font-weight: 400;\">-Lliurament del dossier de participaci\u00f3 Erasmus+ amb la seg\u00fcent informaci\u00f3.<\/span><\/p>\n<p><span style=\"font-weight: 400;\">-Full d\u00b4autoritzaci\u00f3 signat per la fam\u00edlia o tutor legal de l\u2019alumne.<\/span><\/p>\n<p><span style=\"font-weight: 400;\">-Full de comprom\u00eds de l&#8217;alumne.<\/span><\/p>\n<p>Per a puntuar l&#8217;alumne es valorar\u00e0:<\/p>\n<p>-La seva capacitat\/voluntat per expressar-se en angl\u00e8s. (Valorada pel professorat de la mat\u00e8ria)<\/p>\n<p>-La valoraci\u00f3 de l&#8217;equip de professors pertinent en refer\u00e8ncia a la capacitat d&#8217;aprofitament d&#8217;aquest tipus d&#8217;experi\u00e8ncia.<\/p>\n<p>-El video de presentaci\u00f3 (en angl\u00e8s) en el qual parla de les motivacions per participar en el projecte, les fortaleses que ofereix a nivell d&#8217;habilitats socials com a nivell d&#8217;habilitats o interessos en el camp de les arts esc\u00e8niques (Teatre, cinema, dansa, m\u00fasica&#8230;) (Valorat per l&#8217;equip de professors que coordinen el projecte).<\/p>\n<p>&nbsp;<\/p>\n<p><b>Coordinaci\u00f3 Erasmus+<\/b><\/p>\n<h6>Marisa Moya<\/h6>\n<h6>Roberto Adrada<\/h6>\n<h6>Miquel Llar\u00e0s<\/h6>\n<p>&nbsp;<\/p>\n<p>&nbsp;<\/p>\n<p>Podeu fer-ne seguiment <a href=\"https:\/\/www.facebook.com\/groups\/1303578043755380\/?ref=share\">aqu\u00ed<\/a><\/p>\n","protected":false},"excerpt":{"rendered":"<p>Presentaci\u00f3 Erasmus+ \u00e9s el programa de la Uni\u00f3 Europea que dona suport a l\u2019educaci\u00f3 i formaci\u00f3 a\u00a0 totes les persones en tots els seus \u00e0mbits i sectors educatius. &nbsp; El Front Mar\u00edtim ha obtingut una beca per participar en aquest projecte que es dur\u00e0 a terme al llarg de dos cursos educatius, \u00e9s a dir, [&hellip;]<\/p>\n","protected":false},"author":1,"featured_media":0,"parent":0,"menu_order":0,"comment_status":"closed","ping_status":"closed","template":"","meta":{"_bbp_topic_count":0,"_bbp_reply_count":0,"_bbp_total_topic_count":0,"_bbp_total_reply_count":0,"_bbp_voice_count":0,"_bbp_anonymous_reply_count":0,"_bbp_topic_count_hidden":0,"_bbp_reply_count_hidden":0,"_bbp_forum_subforum_count":0,"site-sidebar-layout":"default","site-content-layout":"","ast-site-content-layout":"default","site-content-style":"default","site-sidebar-style":"default","ast-global-header-display":"","ast-banner-title-visibility":"","ast-main-header-display":"","ast-hfb-above-header-display":"","ast-hfb-below-header-display":"","ast-hfb-mobile-header-display":"","site-post-title":"","ast-breadcrumbs-content":"","ast-featured-img":"","footer-sml-layout":"","theme-transparent-header-meta":"default","adv-header-id-meta":"","stick-header-meta":"","header-above-stick-meta":"","header-main-stick-meta":"","header-below-stick-meta":"","astra-migrate-meta-layouts":"set","ast-page-background-enabled":"default","ast-page-background-meta":{"desktop":{"background-color":"var(--ast-global-color-4)","background-image":"","background-repeat":"repeat","background-position":"center center","background-size":"auto","background-attachment":"scroll","background-type":"","background-media":"","overlay-type":"","overlay-color":"","overlay-opacity":"","overlay-gradient":""},"tablet":{"background-color":"","background-image":"","background-repeat":"repeat","background-position":"center center","background-size":"auto","background-attachment":"scroll","background-type":"","background-media":"","overlay-type":"","overlay-color":"","overlay-opacity":"","overlay-gradient":""},"mobile":{"background-color":"","background-image":"","background-repeat":"repeat","background-position":"center center","background-size":"auto","background-attachment":"scroll","background-type":"","background-media":"","overlay-type":"","overlay-color":"","overlay-opacity":"","overlay-gradient":""}},"ast-content-background-meta":{"desktop":{"background-color":"var(--ast-global-color-5)","background-image":"","background-repeat":"repeat","background-position":"center center","background-size":"auto","background-attachment":"scroll","background-type":"","background-media":"","overlay-type":"","overlay-color":"","overlay-opacity":"","overlay-gradient":""},"tablet":{"background-color":"var(--ast-global-color-5)","background-image":"","background-repeat":"repeat","background-position":"center center","background-size":"auto","background-attachment":"scroll","background-type":"","background-media":"","overlay-type":"","overlay-color":"","overlay-opacity":"","overlay-gradient":""},"mobile":{"background-color":"var(--ast-global-color-5)","background-image":"","background-repeat":"repeat","background-position":"center center","background-size":"auto","background-attachment":"scroll","background-type":"","background-media":"","overlay-type":"","overlay-color":"","overlay-opacity":"","overlay-gradient":""}},"footnotes":""},"class_list":["post-1622","page","type-page","status-publish","hentry"],"post_mailing_queue_ids":[],"_links":{"self":[{"href":"https:\/\/agora.xtec.cat\/iesfrontmaritim\/wp-json\/wp\/v2\/pages\/1622","targetHints":{"allow":["GET"]}}],"collection":[{"href":"https:\/\/agora.xtec.cat\/iesfrontmaritim\/wp-json\/wp\/v2\/pages"}],"about":[{"href":"https:\/\/agora.xtec.cat\/iesfrontmaritim\/wp-json\/wp\/v2\/types\/page"}],"author":[{"embeddable":true,"href":"https:\/\/agora.xtec.cat\/iesfrontmaritim\/wp-json\/wp\/v2\/users\/1"}],"replies":[{"embeddable":true,"href":"https:\/\/agora.xtec.cat\/iesfrontmaritim\/wp-json\/wp\/v2\/comments?post=1622"}],"version-history":[{"count":6,"href":"https:\/\/agora.xtec.cat\/iesfrontmaritim\/wp-json\/wp\/v2\/pages\/1622\/revisions"}],"predecessor-version":[{"id":2983,"href":"https:\/\/agora.xtec.cat\/iesfrontmaritim\/wp-json\/wp\/v2\/pages\/1622\/revisions\/2983"}],"wp:attachment":[{"href":"https:\/\/agora.xtec.cat\/iesfrontmaritim\/wp-json\/wp\/v2\/media?parent=1622"}],"curies":[{"name":"wp","href":"https:\/\/api.w.org\/{rel}","templated":true}]}}