{"id":1603,"date":"2023-03-01T12:12:24","date_gmt":"2023-03-01T11:12:24","guid":{"rendered":"https:\/\/agora.xtec.cat\/iesfrontmaritim\/?page_id=1603"},"modified":"2025-09-18T10:10:32","modified_gmt":"2025-09-18T08:10:32","slug":"certificacions-alumnat-i-ex-alumnes","status":"publish","type":"page","link":"https:\/\/agora.xtec.cat\/iesfrontmaritim\/certificacions-alumnat-i-ex-alumnes\/","title":{"rendered":"Certificacions alumnat i ex-alumnes"},"content":{"rendered":"<p>Certificats de notes<\/p>\n<p>Historials acad\u00e8mics<\/p>\n<p>Equival\u00e8ncies de catal\u00e0<\/p>\n<p>Certificats expedits pel centre per diferents motius, laborals, m\u00e8dics, etc<\/p>\n<h5><em>Els tr\u00e0mits compet\u00e8ncia de l&#8217;administraci\u00f3 del centre, escriviu un mail a<\/em> (<strong>administracio@iesfrontmaritim.cat<\/strong>)<\/h5>\n<p>&nbsp;<\/p>\n<p>Les persones que vulguin sol\u00b7licitar el t\u00edtol de <strong>ESO \/ BATXILLERAT<\/strong> hauran de fer-ho accedint a aquest <strong><a href=\"https:\/\/web.gencat.cat\/ca\/tramits\/tramits-temes\/titols-academics-no-universitaris?category=742b7874-a82c-11e3-a972-000c29052e2c\" target=\"_blank\" rel=\"noopener\">ENLLA\u00c7<\/a><\/strong><\/p>\n<p>&nbsp;<\/p>\n<p>&nbsp;<\/p>\n","protected":false},"excerpt":{"rendered":"<p>Certificats de notes Historials acad\u00e8mics Equival\u00e8ncies de catal\u00e0 Certificats expedits pel centre per diferents motius, laborals, m\u00e8dics, etc Els tr\u00e0mits compet\u00e8ncia de l&#8217;administraci\u00f3 del centre, escriviu un mail a (administracio@iesfrontmaritim.cat) &nbsp; Les persones que vulguin sol\u00b7licitar el t\u00edtol de ESO \/ BATXILLERAT hauran de fer-ho accedint a aquest ENLLA\u00c7 &nbsp; &nbsp;<\/p>\n","protected":false},"author":1,"featured_media":0,"parent":0,"menu_order":0,"comment_status":"closed","ping_status":"closed","template":"","meta":{"_bbp_topic_count":0,"_bbp_reply_count":0,"_bbp_total_topic_count":0,"_bbp_total_reply_count":0,"_bbp_voice_count":0,"_bbp_anonymous_reply_count":0,"_bbp_topic_count_hidden":0,"_bbp_reply_count_hidden":0,"_bbp_forum_subforum_count":0,"site-sidebar-layout":"default","site-content-layout":"","ast-site-content-layout":"","site-content-style":"default","site-sidebar-style":"default","ast-global-header-display":"","ast-banner-title-visibility":"","ast-main-header-display":"","ast-hfb-above-header-display":"","ast-hfb-below-header-display":"","ast-hfb-mobile-header-display":"","site-post-title":"","ast-breadcrumbs-content":"","ast-featured-img":"","footer-sml-layout":"","theme-transparent-header-meta":"","adv-header-id-meta":"","stick-header-meta":"","header-above-stick-meta":"","header-main-stick-meta":"","header-below-stick-meta":"","astra-migrate-meta-layouts":"default","ast-page-background-enabled":"default","ast-page-background-meta":{"desktop":{"background-color":"var(--ast-global-color-4)","background-image":"","background-repeat":"repeat","background-position":"center center","background-size":"auto","background-attachment":"scroll","background-type":"","background-media":"","overlay-type":"","overlay-color":"","overlay-opacity":"","overlay-gradient":""},"tablet":{"background-color":"","background-image":"","background-repeat":"repeat","background-position":"center center","background-size":"auto","background-attachment":"scroll","background-type":"","background-media":"","overlay-type":"","overlay-color":"","overlay-opacity":"","overlay-gradient":""},"mobile":{"background-color":"","background-image":"","background-repeat":"repeat","background-position":"center center","background-size":"auto","background-attachment":"scroll","background-type":"","background-media":"","overlay-type":"","overlay-color":"","overlay-opacity":"","overlay-gradient":""}},"ast-content-background-meta":{"desktop":{"background-color":"var(--ast-global-color-5)","background-image":"","background-repeat":"repeat","background-position":"center center","background-size":"auto","background-attachment":"scroll","background-type":"","background-media":"","overlay-type":"","overlay-color":"","overlay-opacity":"","overlay-gradient":""},"tablet":{"background-color":"var(--ast-global-color-5)","background-image":"","background-repeat":"repeat","background-position":"center center","background-size":"auto","background-attachment":"scroll","background-type":"","background-media":"","overlay-type":"","overlay-color":"","overlay-opacity":"","overlay-gradient":""},"mobile":{"background-color":"var(--ast-global-color-5)","background-image":"","background-repeat":"repeat","background-position":"center center","background-size":"auto","background-attachment":"scroll","background-type":"","background-media":"","overlay-type":"","overlay-color":"","overlay-opacity":"","overlay-gradient":""}},"footnotes":""},"class_list":["post-1603","page","type-page","status-publish","hentry"],"post_mailing_queue_ids":[],"_links":{"self":[{"href":"https:\/\/agora.xtec.cat\/iesfrontmaritim\/wp-json\/wp\/v2\/pages\/1603","targetHints":{"allow":["GET"]}}],"collection":[{"href":"https:\/\/agora.xtec.cat\/iesfrontmaritim\/wp-json\/wp\/v2\/pages"}],"about":[{"href":"https:\/\/agora.xtec.cat\/iesfrontmaritim\/wp-json\/wp\/v2\/types\/page"}],"author":[{"embeddable":true,"href":"https:\/\/agora.xtec.cat\/iesfrontmaritim\/wp-json\/wp\/v2\/users\/1"}],"replies":[{"embeddable":true,"href":"https:\/\/agora.xtec.cat\/iesfrontmaritim\/wp-json\/wp\/v2\/comments?post=1603"}],"version-history":[{"count":6,"href":"https:\/\/agora.xtec.cat\/iesfrontmaritim\/wp-json\/wp\/v2\/pages\/1603\/revisions"}],"predecessor-version":[{"id":2865,"href":"https:\/\/agora.xtec.cat\/iesfrontmaritim\/wp-json\/wp\/v2\/pages\/1603\/revisions\/2865"}],"wp:attachment":[{"href":"https:\/\/agora.xtec.cat\/iesfrontmaritim\/wp-json\/wp\/v2\/media?parent=1603"}],"curies":[{"name":"wp","href":"https:\/\/api.w.org\/{rel}","templated":true}]}}