{"id":1585,"date":"2023-03-01T11:48:04","date_gmt":"2023-03-01T10:48:04","guid":{"rendered":"https:\/\/agora.xtec.cat\/iesfrontmaritim\/?page_id=1585"},"modified":"2023-03-01T11:52:17","modified_gmt":"2023-03-01T10:52:17","slug":"aprenentatge-i-servei-comunitari","status":"publish","type":"page","link":"https:\/\/agora.xtec.cat\/iesfrontmaritim\/aprenentatge-i-servei-comunitari\/","title":{"rendered":"Aprenentatge i Servei Comunitari"},"content":{"rendered":"<p><b>Presentaci\u00f3<\/b><\/p>\n<p><span style=\"font-weight: 400;\">L\u2019<\/span><b>Aprenentatge i Servei Comunitari<\/b><span style=\"font-weight: 400;\"> t\u00e9 la finalitat de garantir que els estudiants, al llarg de la seva traject\u00f2ria escolar, experimentin i protagonitzin accions de comprom\u00eds c\u00edvic, aprenguin en l\u2019exercici actiu de la ciutadania, i posin en joc els seus coneixements i capacitats al servei de la comunitat.<\/span><\/p>\n<p>&nbsp;<\/p>\n<p><b>Objectius<\/b><\/p>\n<ol>\n<li style=\"font-weight: 400;\" aria-level=\"1\"><span style=\"font-weight: 400;\">Desenvolupar la compet\u00e8ncia social i ciutadana, afavorint una actitud cr\u00edtica i compromesa davant la societat, per tal d\u2019esdevenir membres actius en una societat catalana democr\u00e0tica i participativa.<\/span><\/li>\n<li style=\"font-weight: 400;\" aria-level=\"1\"><span style=\"font-weight: 400;\">Desenvolupar habilitats relacionades amb el disseny i realitzaci\u00f3 de projectes i amb el treball d\u2019equip.<\/span><\/li>\n<li style=\"font-weight: 400;\" aria-level=\"1\"><span style=\"font-weight: 400;\">Donar a con\u00e8ixer a l\u2019alumnat i les seves fam\u00edlies la xarxa associativa i les entitats de l\u2019entorn, per tal de promoure la participaci\u00f3 dels joves.<\/span><\/li>\n<li style=\"font-weight: 400;\" aria-level=\"1\"><span style=\"font-weight: 400;\">Promoure el treball en xarxa entre els diferents agents educatius de l\u2019entorn.<\/span><\/li>\n<li style=\"font-weight: 400;\" aria-level=\"1\"><span style=\"font-weight: 400;\">Donar una resposta educativa a les necessitats emergents de l\u2019entorn escolar.<\/span><\/li>\n<li style=\"font-weight: 400;\" aria-level=\"1\"><span style=\"font-weight: 400;\">Augmentar la participaci\u00f3 en el teixit associatiu i les entitats de caire social per fomentar el comprom\u00eds amb la construcci\u00f3 d\u2019una societat m\u00e9s justa, cohesionada i arrelada al territori.<\/span><\/li>\n<\/ol>\n<p><b>Principis<\/b><\/p>\n<ul>\n<li style=\"font-weight: 400;\" aria-checked=\"false\" aria-level=\"1\"><span style=\"font-weight: 400;\">Educaci\u00f3 en valors.<\/span><\/li>\n<li style=\"font-weight: 400;\" aria-checked=\"false\" aria-level=\"1\"><span style=\"font-weight: 400;\">Participaci\u00f3 activa i democr\u00e0tica.<\/span><\/li>\n<li style=\"font-weight: 400;\" aria-checked=\"false\" aria-level=\"1\"><span style=\"font-weight: 400;\">Resposta a les necessitats socials emergents.<\/span><\/li>\n<li style=\"font-weight: 400;\" aria-checked=\"false\" aria-level=\"1\"><span style=\"font-weight: 400;\">Treball en xarxa i coresponsabilitzaci\u00f3.<\/span><\/li>\n<li style=\"font-weight: 400;\" aria-checked=\"false\" aria-level=\"1\"><span style=\"font-weight: 400;\">Millora constant.<\/span><\/li>\n<\/ul>\n<p><b>L\u2019APSC al Front Mar\u00edtim<\/b><\/p>\n<p><span style=\"font-weight: 400;\">Alumnes de 3rESO que col\u00b7laboren amb:<\/span><\/p>\n<p><span style=\"font-weight: 400;\">Projecte TEI (Tutoria entre iguals)<\/span><\/p>\n<p><span style=\"font-weight: 400;\">Banc de sang i teixits<\/span><\/p>\n<p><span style=\"font-weight: 400;\">Xarxa d\u2019aliments del Poblenou<\/span><\/p>\n<p><span style=\"font-weight: 400;\">Escola Les Ac\u00e0cies<\/span><\/p>\n<p><span style=\"font-weight: 400;\">Escola L\u2019Arenal de Llevant<\/span><\/p>\n<p><span style=\"font-weight: 400;\">Fundaci\u00f3 Pere Relats<\/span><\/p>\n<p><span style=\"font-weight: 400;\">ONG Clean beach initiative<\/span><\/p>\n<p><a href=\"https:\/\/agora.xtec.cat\/iesfrontmaritim\/wp-content\/uploads\/usu2640\/2023\/03\/Capcalera-APSC.png\"><img loading=\"lazy\" decoding=\"async\" class=\"alignnone size-full wp-image-1589\" src=\"https:\/\/agora.xtec.cat\/iesfrontmaritim\/wp-content\/uploads\/usu2640\/2023\/03\/Capcalera-APSC.png\" alt=\"\" width=\"1920\" height=\"480\" srcset=\"https:\/\/agora.xtec.cat\/iesfrontmaritim\/wp-content\/uploads\/usu2640\/2023\/03\/Capcalera-APSC.png 1920w, https:\/\/agora.xtec.cat\/iesfrontmaritim\/wp-content\/uploads\/usu2640\/2023\/03\/Capcalera-APSC-300x75.png 300w, https:\/\/agora.xtec.cat\/iesfrontmaritim\/wp-content\/uploads\/usu2640\/2023\/03\/Capcalera-APSC-1024x256.png 1024w, https:\/\/agora.xtec.cat\/iesfrontmaritim\/wp-content\/uploads\/usu2640\/2023\/03\/Capcalera-APSC-768x192.png 768w, https:\/\/agora.xtec.cat\/iesfrontmaritim\/wp-content\/uploads\/usu2640\/2023\/03\/Capcalera-APSC-1536x384.png 1536w\" sizes=\"auto, (max-width: 1920px) 100vw, 1920px\" \/><\/a><\/p>\n<p>&nbsp;<\/p>\n<p>&nbsp;<\/p>\n","protected":false},"excerpt":{"rendered":"<p>Presentaci\u00f3 L\u2019Aprenentatge i Servei Comunitari t\u00e9 la finalitat de garantir que els estudiants, al llarg de la seva traject\u00f2ria escolar, experimentin i protagonitzin accions de comprom\u00eds c\u00edvic, aprenguin en l\u2019exercici actiu de la ciutadania, i posin en joc els seus coneixements i capacitats al servei de la comunitat. &nbsp; Objectius Desenvolupar la compet\u00e8ncia social i [&hellip;]<\/p>\n","protected":false},"author":1,"featured_media":0,"parent":0,"menu_order":0,"comment_status":"closed","ping_status":"closed","template":"","meta":{"_bbp_topic_count":0,"_bbp_reply_count":0,"_bbp_total_topic_count":0,"_bbp_total_reply_count":0,"_bbp_voice_count":0,"_bbp_anonymous_reply_count":0,"_bbp_topic_count_hidden":0,"_bbp_reply_count_hidden":0,"_bbp_forum_subforum_count":0,"site-sidebar-layout":"default","site-content-layout":"","ast-site-content-layout":"","site-content-style":"default","site-sidebar-style":"default","ast-global-header-display":"","ast-banner-title-visibility":"","ast-main-header-display":"","ast-hfb-above-header-display":"","ast-hfb-below-header-display":"","ast-hfb-mobile-header-display":"","site-post-title":"","ast-breadcrumbs-content":"","ast-featured-img":"","footer-sml-layout":"","theme-transparent-header-meta":"","adv-header-id-meta":"","stick-header-meta":"","header-above-stick-meta":"","header-main-stick-meta":"","header-below-stick-meta":"","astra-migrate-meta-layouts":"default","ast-page-background-enabled":"default","ast-page-background-meta":{"desktop":{"background-color":"var(--ast-global-color-4)","background-image":"","background-repeat":"repeat","background-position":"center center","background-size":"auto","background-attachment":"scroll","background-type":"","background-media":"","overlay-type":"","overlay-color":"","overlay-opacity":"","overlay-gradient":""},"tablet":{"background-color":"","background-image":"","background-repeat":"repeat","background-position":"center center","background-size":"auto","background-attachment":"scroll","background-type":"","background-media":"","overlay-type":"","overlay-color":"","overlay-opacity":"","overlay-gradient":""},"mobile":{"background-color":"","background-image":"","background-repeat":"repeat","background-position":"center center","background-size":"auto","background-attachment":"scroll","background-type":"","background-media":"","overlay-type":"","overlay-color":"","overlay-opacity":"","overlay-gradient":""}},"ast-content-background-meta":{"desktop":{"background-color":"var(--ast-global-color-5)","background-image":"","background-repeat":"repeat","background-position":"center center","background-size":"auto","background-attachment":"scroll","background-type":"","background-media":"","overlay-type":"","overlay-color":"","overlay-opacity":"","overlay-gradient":""},"tablet":{"background-color":"var(--ast-global-color-5)","background-image":"","background-repeat":"repeat","background-position":"center center","background-size":"auto","background-attachment":"scroll","background-type":"","background-media":"","overlay-type":"","overlay-color":"","overlay-opacity":"","overlay-gradient":""},"mobile":{"background-color":"var(--ast-global-color-5)","background-image":"","background-repeat":"repeat","background-position":"center center","background-size":"auto","background-attachment":"scroll","background-type":"","background-media":"","overlay-type":"","overlay-color":"","overlay-opacity":"","overlay-gradient":""}},"footnotes":""},"class_list":["post-1585","page","type-page","status-publish","hentry"],"post_mailing_queue_ids":[],"_links":{"self":[{"href":"https:\/\/agora.xtec.cat\/iesfrontmaritim\/wp-json\/wp\/v2\/pages\/1585","targetHints":{"allow":["GET"]}}],"collection":[{"href":"https:\/\/agora.xtec.cat\/iesfrontmaritim\/wp-json\/wp\/v2\/pages"}],"about":[{"href":"https:\/\/agora.xtec.cat\/iesfrontmaritim\/wp-json\/wp\/v2\/types\/page"}],"author":[{"embeddable":true,"href":"https:\/\/agora.xtec.cat\/iesfrontmaritim\/wp-json\/wp\/v2\/users\/1"}],"replies":[{"embeddable":true,"href":"https:\/\/agora.xtec.cat\/iesfrontmaritim\/wp-json\/wp\/v2\/comments?post=1585"}],"version-history":[{"count":3,"href":"https:\/\/agora.xtec.cat\/iesfrontmaritim\/wp-json\/wp\/v2\/pages\/1585\/revisions"}],"predecessor-version":[{"id":1591,"href":"https:\/\/agora.xtec.cat\/iesfrontmaritim\/wp-json\/wp\/v2\/pages\/1585\/revisions\/1591"}],"wp:attachment":[{"href":"https:\/\/agora.xtec.cat\/iesfrontmaritim\/wp-json\/wp\/v2\/media?parent=1585"}],"curies":[{"name":"wp","href":"https:\/\/api.w.org\/{rel}","templated":true}]}}