{"id":1581,"date":"2023-03-01T12:03:46","date_gmt":"2023-03-01T11:03:46","guid":{"rendered":"https:\/\/agora.xtec.cat\/iesfrontmaritim\/?page_id=1581"},"modified":"2026-03-12T07:57:42","modified_gmt":"2026-03-12T06:57:42","slug":"equivalencia-del-catala","status":"publish","type":"page","link":"https:\/\/agora.xtec.cat\/iesfrontmaritim\/equivalencia-del-catala\/","title":{"rendered":"Equival\u00e8ncia del Catal\u00e0"},"content":{"rendered":"<p>Per tal de poder sol\u00b7licitar la certificaci\u00f3 del nivell de catal\u00e0 heu d&#8217;enviar a (administracio@iesfrontmaritim.cat) la seg\u00fcent documentaci\u00f3:<\/p>\n<p><a href=\"https:\/\/agora.xtec.cat\/iesfrontmaritim\/wp-content\/uploads\/usu2640\/2026\/03\/Nivell-Catala-B-C.png\"><img loading=\"lazy\" decoding=\"async\" class=\"alignnone size-full wp-image-3141\" src=\"https:\/\/agora.xtec.cat\/iesfrontmaritim\/wp-content\/uploads\/usu2640\/2026\/03\/Nivell-Catala-B-C.png\" alt=\"\" width=\"772\" height=\"1018\" srcset=\"https:\/\/agora.xtec.cat\/iesfrontmaritim\/wp-content\/uploads\/usu2640\/2026\/03\/Nivell-Catala-B-C.png 772w, https:\/\/agora.xtec.cat\/iesfrontmaritim\/wp-content\/uploads\/usu2640\/2026\/03\/Nivell-Catala-B-C-228x300.png 228w, https:\/\/agora.xtec.cat\/iesfrontmaritim\/wp-content\/uploads\/usu2640\/2026\/03\/Nivell-Catala-B-C-768x1013.png 768w\" sizes=\"auto, (max-width: 772px) 100vw, 772px\" \/><\/a><\/p>\n<p>* En el cas de no disposar del llibres d&#8217;escolaritat tant de PRIMARIA, EGB, ESO,BUP, Qualificacions FP o BATXILLERAT podeu aportar un certificat del centre on heu cursat els esmenats estudis on consti que <strong>heu cursat i APROVAT la llegua catalan<\/strong>a a tots els cursos.<\/p>\n<p>&nbsp;<\/p>\n<ul>\n<li>Tamb\u00e9 podeu realitzar el tr\u00e0mit clicant a la imatge<\/li>\n<\/ul>\n<p><a href=\"https:\/\/web.gencat.cat\/ca\/tramits\/tramits-temes\/22046-reconeixement-b2-c1-catala?category=742b7874-a82c-11e3-a972-000c29052e2c\" target=\"_blank\" rel=\"noopener\"><img loading=\"lazy\" decoding=\"async\" class=\"alignnone wp-image-2180 size-medium\" src=\"https:\/\/agora.xtec.cat\/iesfrontmaritim\/wp-content\/uploads\/usu2640\/2024\/03\/Nivell-catala-300x75.jpg\" alt=\"\" width=\"300\" height=\"75\" srcset=\"https:\/\/agora.xtec.cat\/iesfrontmaritim\/wp-content\/uploads\/usu2640\/2024\/03\/Nivell-catala-300x75.jpg 300w, https:\/\/agora.xtec.cat\/iesfrontmaritim\/wp-content\/uploads\/usu2640\/2024\/03\/Nivell-catala-768x192.jpg 768w, https:\/\/agora.xtec.cat\/iesfrontmaritim\/wp-content\/uploads\/usu2640\/2024\/03\/Nivell-catala.jpg 918w\" sizes=\"auto, (max-width: 300px) 100vw, 300px\" \/><\/a><\/p>\n<p>&nbsp;<\/p>\n<p>&nbsp;<\/p>\n<p>&nbsp;<\/p>\n","protected":false},"excerpt":{"rendered":"<p>Per tal de poder sol\u00b7licitar la certificaci\u00f3 del nivell de catal\u00e0 heu d&#8217;enviar a (administracio@iesfrontmaritim.cat) la seg\u00fcent documentaci\u00f3: * En el cas de no disposar del llibres d&#8217;escolaritat tant de PRIMARIA, EGB, ESO,BUP, Qualificacions FP o BATXILLERAT podeu aportar un certificat del centre on heu cursat els esmenats estudis on consti que heu cursat i [&hellip;]<\/p>\n","protected":false},"author":1,"featured_media":0,"parent":0,"menu_order":0,"comment_status":"closed","ping_status":"closed","template":"","meta":{"_bbp_topic_count":0,"_bbp_reply_count":0,"_bbp_total_topic_count":0,"_bbp_total_reply_count":0,"_bbp_voice_count":0,"_bbp_anonymous_reply_count":0,"_bbp_topic_count_hidden":0,"_bbp_reply_count_hidden":0,"_bbp_forum_subforum_count":0,"site-sidebar-layout":"default","site-content-layout":"","ast-site-content-layout":"default","site-content-style":"default","site-sidebar-style":"default","ast-global-header-display":"","ast-banner-title-visibility":"","ast-main-header-display":"","ast-hfb-above-header-display":"","ast-hfb-below-header-display":"","ast-hfb-mobile-header-display":"","site-post-title":"","ast-breadcrumbs-content":"","ast-featured-img":"","footer-sml-layout":"","theme-transparent-header-meta":"default","adv-header-id-meta":"","stick-header-meta":"","header-above-stick-meta":"","header-main-stick-meta":"","header-below-stick-meta":"","astra-migrate-meta-layouts":"set","ast-page-background-enabled":"default","ast-page-background-meta":{"desktop":{"background-color":"var(--ast-global-color-4)","background-image":"","background-repeat":"repeat","background-position":"center center","background-size":"auto","background-attachment":"scroll","background-type":"","background-media":"","overlay-type":"","overlay-color":"","overlay-opacity":"","overlay-gradient":""},"tablet":{"background-color":"","background-image":"","background-repeat":"repeat","background-position":"center center","background-size":"auto","background-attachment":"scroll","background-type":"","background-media":"","overlay-type":"","overlay-color":"","overlay-opacity":"","overlay-gradient":""},"mobile":{"background-color":"","background-image":"","background-repeat":"repeat","background-position":"center center","background-size":"auto","background-attachment":"scroll","background-type":"","background-media":"","overlay-type":"","overlay-color":"","overlay-opacity":"","overlay-gradient":""}},"ast-content-background-meta":{"desktop":{"background-color":"var(--ast-global-color-5)","background-image":"","background-repeat":"repeat","background-position":"center center","background-size":"auto","background-attachment":"scroll","background-type":"","background-media":"","overlay-type":"","overlay-color":"","overlay-opacity":"","overlay-gradient":""},"tablet":{"background-color":"var(--ast-global-color-5)","background-image":"","background-repeat":"repeat","background-position":"center center","background-size":"auto","background-attachment":"scroll","background-type":"","background-media":"","overlay-type":"","overlay-color":"","overlay-opacity":"","overlay-gradient":""},"mobile":{"background-color":"var(--ast-global-color-5)","background-image":"","background-repeat":"repeat","background-position":"center center","background-size":"auto","background-attachment":"scroll","background-type":"","background-media":"","overlay-type":"","overlay-color":"","overlay-opacity":"","overlay-gradient":""}},"footnotes":""},"class_list":["post-1581","page","type-page","status-publish","hentry"],"post_mailing_queue_ids":[],"_links":{"self":[{"href":"https:\/\/agora.xtec.cat\/iesfrontmaritim\/wp-json\/wp\/v2\/pages\/1581","targetHints":{"allow":["GET"]}}],"collection":[{"href":"https:\/\/agora.xtec.cat\/iesfrontmaritim\/wp-json\/wp\/v2\/pages"}],"about":[{"href":"https:\/\/agora.xtec.cat\/iesfrontmaritim\/wp-json\/wp\/v2\/types\/page"}],"author":[{"embeddable":true,"href":"https:\/\/agora.xtec.cat\/iesfrontmaritim\/wp-json\/wp\/v2\/users\/1"}],"replies":[{"embeddable":true,"href":"https:\/\/agora.xtec.cat\/iesfrontmaritim\/wp-json\/wp\/v2\/comments?post=1581"}],"version-history":[{"count":6,"href":"https:\/\/agora.xtec.cat\/iesfrontmaritim\/wp-json\/wp\/v2\/pages\/1581\/revisions"}],"predecessor-version":[{"id":3142,"href":"https:\/\/agora.xtec.cat\/iesfrontmaritim\/wp-json\/wp\/v2\/pages\/1581\/revisions\/3142"}],"wp:attachment":[{"href":"https:\/\/agora.xtec.cat\/iesfrontmaritim\/wp-json\/wp\/v2\/media?parent=1581"}],"curies":[{"name":"wp","href":"https:\/\/api.w.org\/{rel}","templated":true}]}}