{"id":1572,"date":"2023-03-01T10:25:57","date_gmt":"2023-03-01T09:25:57","guid":{"rendered":"https:\/\/agora.xtec.cat\/iesfrontmaritim\/?page_id=1572"},"modified":"2026-03-05T07:15:18","modified_gmt":"2026-03-05T06:15:18","slug":"informacio-general","status":"publish","type":"page","link":"https:\/\/agora.xtec.cat\/iesfrontmaritim\/informacio-general\/","title":{"rendered":"Informaci\u00f3 general"},"content":{"rendered":"<h2><span style=\"font-weight: 400;\">Atenci\u00f3 on-line<\/span><\/h2>\n<p><span style=\"font-weight: 400;\"><strong>M\u00e9s r\u00e0pida i eficient<\/strong>, sense perdre temps per venir al centre, podreu realitzar gaireb\u00e9 tots els tr\u00e0mits que vulgueu tant certificacions d&#8217;alumnes del centre i ex-alumnes, com informaci\u00f3 beques menjador, titulacions ESO\/BATX,\u00a0 etc&#8230; , simplement escriviu un mail a (<strong>administracio@iesfrontmaritim.cat<\/strong>)<\/span><\/p>\n<h6><strong><span style=\"color: #ff9900;\">Factures, rebuts, pressupostos, sortides escolars, i altres e-mail <a href=\"mailto:a8058775@xtec.cat\">a8058775@xtec.cat<\/a><\/span><\/strong><\/h6>\n<h6><strong><span style=\"color: #ff9900;\">Problemes pedag\u00f2gics al centre, pl\u00e0 de xoc (Estudis a realitzar, llibres, consultes escolars) e-mail <a href=\"mailto:c.pedagogica@iesfrontmaritim.cat\">c.pedagogica@iesfrontmaritim.cat<\/a><\/span><\/strong><\/h6>\n<h6><strong><span style=\"color: #ff9900;\">Faltes o justificacions d&#8217;assist\u00e8ncia e-mail <a href=\"mailto:justificacio.faltes@iesfrontmaritim.cat\">justificacio.faltes@iesfrontmaritim.cat<\/a><\/span><\/strong><\/h6>\n<h6><strong><span style=\"color: #ff9900;\">P\u00e8rdua d&#8217;objectes, roba i altres e-mail <a href=\"mailto:consergeria@iesfrontmaritim.cat\">consergeria@iesfrontmaritim.cat<\/a><\/span><\/strong><\/h6>\n<h6><strong><span style=\"color: #ff9900;\">Canvis d&#8217;assignatures, problemes amb qualificacions, ex\u00e0mens, etc, e-mail <a href=\"mailto:c.estudis@iesfrontmaritim.cat\">c.estudis@iesfrontmaritim.cat<\/a><\/span><\/strong><\/h6>\n<p>&nbsp;<\/p>\n<h6><span style=\"font-weight: 400;\">Horari d\u2019atenci\u00f3 al p\u00fablic presencial. <\/span><span style=\"font-weight: 400;\">De dilluns a divendres de 9h a 12.30h<\/span><\/h6>\n<p>&nbsp;<\/p>\n<p>&nbsp;<\/p>\n","protected":false},"excerpt":{"rendered":"<p>Atenci\u00f3 on-line M\u00e9s r\u00e0pida i eficient, sense perdre temps per venir al centre, podreu realitzar gaireb\u00e9 tots els tr\u00e0mits que vulgueu tant certificacions d&#8217;alumnes del centre i ex-alumnes, com informaci\u00f3 beques menjador, titulacions ESO\/BATX,\u00a0 etc&#8230; , simplement escriviu un mail a (administracio@iesfrontmaritim.cat) Factures, rebuts, pressupostos, sortides escolars, i altres e-mail a8058775@xtec.cat Problemes pedag\u00f2gics al centre, [&hellip;]<\/p>\n","protected":false},"author":1,"featured_media":0,"parent":0,"menu_order":0,"comment_status":"closed","ping_status":"closed","template":"","meta":{"_bbp_topic_count":0,"_bbp_reply_count":0,"_bbp_total_topic_count":0,"_bbp_total_reply_count":0,"_bbp_voice_count":0,"_bbp_anonymous_reply_count":0,"_bbp_topic_count_hidden":0,"_bbp_reply_count_hidden":0,"_bbp_forum_subforum_count":0,"site-sidebar-layout":"default","site-content-layout":"","ast-site-content-layout":"default","site-content-style":"default","site-sidebar-style":"default","ast-global-header-display":"","ast-banner-title-visibility":"","ast-main-header-display":"","ast-hfb-above-header-display":"","ast-hfb-below-header-display":"","ast-hfb-mobile-header-display":"","site-post-title":"","ast-breadcrumbs-content":"","ast-featured-img":"","footer-sml-layout":"","theme-transparent-header-meta":"default","adv-header-id-meta":"","stick-header-meta":"","header-above-stick-meta":"","header-main-stick-meta":"","header-below-stick-meta":"","astra-migrate-meta-layouts":"set","ast-page-background-enabled":"default","ast-page-background-meta":{"desktop":{"background-color":"var(--ast-global-color-4)","background-image":"","background-repeat":"repeat","background-position":"center center","background-size":"auto","background-attachment":"scroll","background-type":"","background-media":"","overlay-type":"","overlay-color":"","overlay-opacity":"","overlay-gradient":""},"tablet":{"background-color":"","background-image":"","background-repeat":"repeat","background-position":"center center","background-size":"auto","background-attachment":"scroll","background-type":"","background-media":"","overlay-type":"","overlay-color":"","overlay-opacity":"","overlay-gradient":""},"mobile":{"background-color":"","background-image":"","background-repeat":"repeat","background-position":"center center","background-size":"auto","background-attachment":"scroll","background-type":"","background-media":"","overlay-type":"","overlay-color":"","overlay-opacity":"","overlay-gradient":""}},"ast-content-background-meta":{"desktop":{"background-color":"var(--ast-global-color-5)","background-image":"","background-repeat":"repeat","background-position":"center center","background-size":"auto","background-attachment":"scroll","background-type":"","background-media":"","overlay-type":"","overlay-color":"","overlay-opacity":"","overlay-gradient":""},"tablet":{"background-color":"var(--ast-global-color-5)","background-image":"","background-repeat":"repeat","background-position":"center center","background-size":"auto","background-attachment":"scroll","background-type":"","background-media":"","overlay-type":"","overlay-color":"","overlay-opacity":"","overlay-gradient":""},"mobile":{"background-color":"var(--ast-global-color-5)","background-image":"","background-repeat":"repeat","background-position":"center center","background-size":"auto","background-attachment":"scroll","background-type":"","background-media":"","overlay-type":"","overlay-color":"","overlay-opacity":"","overlay-gradient":""}},"footnotes":""},"class_list":["post-1572","page","type-page","status-publish","hentry"],"post_mailing_queue_ids":[],"_links":{"self":[{"href":"https:\/\/agora.xtec.cat\/iesfrontmaritim\/wp-json\/wp\/v2\/pages\/1572","targetHints":{"allow":["GET"]}}],"collection":[{"href":"https:\/\/agora.xtec.cat\/iesfrontmaritim\/wp-json\/wp\/v2\/pages"}],"about":[{"href":"https:\/\/agora.xtec.cat\/iesfrontmaritim\/wp-json\/wp\/v2\/types\/page"}],"author":[{"embeddable":true,"href":"https:\/\/agora.xtec.cat\/iesfrontmaritim\/wp-json\/wp\/v2\/users\/1"}],"replies":[{"embeddable":true,"href":"https:\/\/agora.xtec.cat\/iesfrontmaritim\/wp-json\/wp\/v2\/comments?post=1572"}],"version-history":[{"count":7,"href":"https:\/\/agora.xtec.cat\/iesfrontmaritim\/wp-json\/wp\/v2\/pages\/1572\/revisions"}],"predecessor-version":[{"id":3133,"href":"https:\/\/agora.xtec.cat\/iesfrontmaritim\/wp-json\/wp\/v2\/pages\/1572\/revisions\/3133"}],"wp:attachment":[{"href":"https:\/\/agora.xtec.cat\/iesfrontmaritim\/wp-json\/wp\/v2\/media?parent=1572"}],"curies":[{"name":"wp","href":"https:\/\/api.w.org\/{rel}","templated":true}]}}