{"id":9664,"date":"2025-09-23T11:52:11","date_gmt":"2025-09-23T09:52:11","guid":{"rendered":"https:\/\/agora.xtec.cat\/iesfredericmarti\/?page_id=9664"},"modified":"2025-09-23T11:53:02","modified_gmt":"2025-09-23T09:53:02","slug":"pla-de-digitalitzacio-responsable","status":"publish","type":"page","link":"https:\/\/agora.xtec.cat\/iesfredericmarti\/cultura-digital\/pla-de-digitalitzacio-responsable\/","title":{"rendered":"Pla de Digitalitzaci\u00f3 Responsable"},"content":{"rendered":"<p><img loading=\"lazy\" decoding=\"async\" class=\"alignright size-medium wp-image-9670\" src=\"https:\/\/agora.xtec.cat\/iesfredericmarti\/wp-content\/uploads\/usu920\/2025\/09\/digitalitzacio_logo-300x300.png\" alt=\"\" width=\"300\" height=\"300\" srcset=\"https:\/\/agora.xtec.cat\/iesfredericmarti\/wp-content\/uploads\/usu920\/2025\/09\/digitalitzacio_logo-300x300.png 300w, https:\/\/agora.xtec.cat\/iesfredericmarti\/wp-content\/uploads\/usu920\/2025\/09\/digitalitzacio_logo-150x150.png 150w, https:\/\/agora.xtec.cat\/iesfredericmarti\/wp-content\/uploads\/usu920\/2025\/09\/digitalitzacio_logo-768x768.png 768w, https:\/\/agora.xtec.cat\/iesfredericmarti\/wp-content\/uploads\/usu920\/2025\/09\/digitalitzacio_logo.png 800w\" sizes=\"auto, (max-width: 300px) 100vw, 300px\" \/>El departament d&#8217;Educaci\u00f3 ha impulsat el &#8220;Pla de Digitalitzaci\u00f3 Responsable&#8221; amb l&#8217;objectiu que l&#8217;alumnat assoleixi la compet\u00e8ncia digital, aix\u00ed com per promoure l&#8217;\u00fas adequat, \u00e8tic, saludable i responsable dels dispositius digitals en el m\u00f3n de l&#8217;aprenentatge.<\/p>\n<p>Per acompanyar les fam\u00edlies en aquest proc\u00e9s de digitalitzaci\u00f3, el departament ha elaborat els seg\u00fcents materials:<\/p>\n<ul>\n<li><a href=\"https:\/\/agora.xtec.cat\/iesfredericmarti\/wp-content\/uploads\/usu920\/2025\/09\/guia-families.pdf\" target=\"_blank\" rel=\"noopener\">Guia d&#8217;acompanyament a les fam\u00edlies<\/a><\/li>\n<li><a href=\"https:\/\/agora.xtec.cat\/iesfredericmarti\/wp-content\/uploads\/usu920\/2025\/09\/Pla-digitalitzacio-responsable.pdf\" target=\"_blank\" rel=\"noopener\">Presentaci\u00f3 amb les mesures principals del Pla<\/a><\/li>\n<li><a href=\"https:\/\/www.youtube.com\/watch?v=wn7_gVc0FQc\" target=\"_blank\" rel=\"noopener\">Videoresum de la iniciativa<\/a><\/li>\n<\/ul>\n<p>Esperem que us siguin d&#8217;utilitat.<\/p>\n","protected":false},"excerpt":{"rendered":"<p>El departament d&#8217;Educaci\u00f3 ha impulsat el &#8220;Pla de Digitalitzaci\u00f3 Responsable&#8221; amb l&#8217;objectiu que l&#8217;alumnat assoleixi la compet\u00e8ncia digital, aix\u00ed com per promoure l&#8217;\u00fas adequat, \u00e8tic, saludable i responsable dels dispositius digitals en el m\u00f3n de l&#8217;aprenentatge. Per acompanyar les fam\u00edlies en aquest proc\u00e9s de digitalitzaci\u00f3, el departament ha elaborat els seg\u00fcents materials: Guia d&#8217;acompanyament a [&hellip;]<\/p>\n","protected":false},"author":1,"featured_media":0,"parent":6555,"menu_order":6,"comment_status":"closed","ping_status":"closed","template":"page-templates\/side-menu.php","meta":{"_bbp_topic_count":0,"_bbp_reply_count":0,"_bbp_total_topic_count":0,"_bbp_total_reply_count":0,"_bbp_voice_count":0,"_bbp_anonymous_reply_count":0,"_bbp_topic_count_hidden":0,"_bbp_reply_count_hidden":0,"_bbp_forum_subforum_count":0,"site-sidebar-layout":"default","site-content-layout":"","ast-site-content-layout":"","site-content-style":"default","site-sidebar-style":"default","ast-global-header-display":"","ast-banner-title-visibility":"","ast-main-header-display":"","ast-hfb-above-header-display":"","ast-hfb-below-header-display":"","ast-hfb-mobile-header-display":"","site-post-title":"","ast-breadcrumbs-content":"","ast-featured-img":"","footer-sml-layout":"","theme-transparent-header-meta":"","adv-header-id-meta":"","stick-header-meta":"","header-above-stick-meta":"","header-main-stick-meta":"","header-below-stick-meta":"","astra-migrate-meta-layouts":"default","ast-page-background-enabled":"default","ast-page-background-meta":{"desktop":{"background-color":"var(--ast-global-color-4)","background-image":"","background-repeat":"repeat","background-position":"center center","background-size":"auto","background-attachment":"scroll","background-type":"","background-media":"","overlay-type":"","overlay-color":"","overlay-opacity":"","overlay-gradient":""},"tablet":{"background-color":"","background-image":"","background-repeat":"repeat","background-position":"center center","background-size":"auto","background-attachment":"scroll","background-type":"","background-media":"","overlay-type":"","overlay-color":"","overlay-opacity":"","overlay-gradient":""},"mobile":{"background-color":"","background-image":"","background-repeat":"repeat","background-position":"center center","background-size":"auto","background-attachment":"scroll","background-type":"","background-media":"","overlay-type":"","overlay-color":"","overlay-opacity":"","overlay-gradient":""}},"ast-content-background-meta":{"desktop":{"background-color":"var(--ast-global-color-5)","background-image":"","background-repeat":"repeat","background-position":"center center","background-size":"auto","background-attachment":"scroll","background-type":"","background-media":"","overlay-type":"","overlay-color":"","overlay-opacity":"","overlay-gradient":""},"tablet":{"background-color":"var(--ast-global-color-5)","background-image":"","background-repeat":"repeat","background-position":"center center","background-size":"auto","background-attachment":"scroll","background-type":"","background-media":"","overlay-type":"","overlay-color":"","overlay-opacity":"","overlay-gradient":""},"mobile":{"background-color":"var(--ast-global-color-5)","background-image":"","background-repeat":"repeat","background-position":"center center","background-size":"auto","background-attachment":"scroll","background-type":"","background-media":"","overlay-type":"","overlay-color":"","overlay-opacity":"","overlay-gradient":""}},"footnotes":""},"class_list":["post-9664","page","type-page","status-publish","hentry"],"post_mailing_queue_ids":[],"_links":{"self":[{"href":"https:\/\/agora.xtec.cat\/iesfredericmarti\/wp-json\/wp\/v2\/pages\/9664","targetHints":{"allow":["GET"]}}],"collection":[{"href":"https:\/\/agora.xtec.cat\/iesfredericmarti\/wp-json\/wp\/v2\/pages"}],"about":[{"href":"https:\/\/agora.xtec.cat\/iesfredericmarti\/wp-json\/wp\/v2\/types\/page"}],"author":[{"embeddable":true,"href":"https:\/\/agora.xtec.cat\/iesfredericmarti\/wp-json\/wp\/v2\/users\/1"}],"replies":[{"embeddable":true,"href":"https:\/\/agora.xtec.cat\/iesfredericmarti\/wp-json\/wp\/v2\/comments?post=9664"}],"version-history":[{"count":6,"href":"https:\/\/agora.xtec.cat\/iesfredericmarti\/wp-json\/wp\/v2\/pages\/9664\/revisions"}],"predecessor-version":[{"id":9674,"href":"https:\/\/agora.xtec.cat\/iesfredericmarti\/wp-json\/wp\/v2\/pages\/9664\/revisions\/9674"}],"up":[{"embeddable":true,"href":"https:\/\/agora.xtec.cat\/iesfredericmarti\/wp-json\/wp\/v2\/pages\/6555"}],"wp:attachment":[{"href":"https:\/\/agora.xtec.cat\/iesfredericmarti\/wp-json\/wp\/v2\/media?parent=9664"}],"curies":[{"name":"wp","href":"https:\/\/api.w.org\/{rel}","templated":true}]}}