{"id":81,"date":"2014-09-18T10:38:05","date_gmt":"2014-09-18T10:38:05","guid":{"rendered":"http:\/\/agora.xtec.cat\/iesfredericmarti\/?page_id=81"},"modified":"2025-03-07T14:06:28","modified_gmt":"2025-03-07T13:06:28","slug":"secretaria","status":"publish","type":"page","link":"https:\/\/agora.xtec.cat\/iesfredericmarti\/secretaria\/","title":{"rendered":"Secretaria"},"content":{"rendered":"<p>Podeu contactar a secretaria presencialment, telef\u00f2nicament o per correu electr\u00f2nic per fer els seg\u00fcents tr\u00e0mits:<\/p>\n<ul>\n<li>Sol\u00b7licitud de certificats<\/li>\n<li><a href=\"https:\/\/agora.xtec.cat\/iesfredericmarti\/secretaria\/preinscripcions\/\">Preinscripcions<\/a> i matr\u00edcules<\/li>\n<li>Documents diversos<\/li>\n<li>Beques i ajuts<\/li>\n<li>Altres<\/li>\n<\/ul>\n<p>L&#8217;hora d&#8217;atenci\u00f3 de secretaria \u00e9s el seg\u00fcent:<\/p>\n<ul>\n<li>Dilluns a divendres de 8:00h a 14:00h<\/li>\n<\/ul>\n<p>Per contactar utilitzeu:<\/p>\n<ul>\n<li>Tel\u00e8fon: 972 301 079<\/li>\n<li>Correu electr\u00f2nic: <a href=\"mailto:b7002545@xtec.cat\">b7002545@xtec.cat<\/a><\/li>\n<\/ul>\n<p>&nbsp;<\/p>\n","protected":false},"excerpt":{"rendered":"<p>Podeu contactar a secretaria presencialment, telef\u00f2nicament o per correu electr\u00f2nic per fer els seg\u00fcents tr\u00e0mits: Sol\u00b7licitud de certificats Preinscripcions i matr\u00edcules Documents diversos Beques i ajuts Altres L&#8217;hora d&#8217;atenci\u00f3 de secretaria \u00e9s el seg\u00fcent: Dilluns a divendres de 8:00h a 14:00h Per contactar utilitzeu: Tel\u00e8fon: 972 301 079 Correu electr\u00f2nic: b7002545@xtec.cat &nbsp;<\/p>\n","protected":false},"author":1,"featured_media":0,"parent":0,"menu_order":0,"comment_status":"closed","ping_status":"closed","template":"page-templates\/side-menu.php","meta":{"_bbp_topic_count":0,"_bbp_reply_count":0,"_bbp_total_topic_count":0,"_bbp_total_reply_count":0,"_bbp_voice_count":0,"_bbp_anonymous_reply_count":0,"_bbp_topic_count_hidden":0,"_bbp_reply_count_hidden":0,"_bbp_forum_subforum_count":0,"site-sidebar-layout":"default","site-content-layout":"","ast-site-content-layout":"","site-content-style":"default","site-sidebar-style":"default","ast-global-header-display":"","ast-banner-title-visibility":"","ast-main-header-display":"","ast-hfb-above-header-display":"","ast-hfb-below-header-display":"","ast-hfb-mobile-header-display":"","site-post-title":"","ast-breadcrumbs-content":"","ast-featured-img":"","footer-sml-layout":"","theme-transparent-header-meta":"","adv-header-id-meta":"","stick-header-meta":"","header-above-stick-meta":"","header-main-stick-meta":"","header-below-stick-meta":"","astra-migrate-meta-layouts":"default","ast-page-background-enabled":"default","ast-page-background-meta":{"desktop":{"background-color":"var(--ast-global-color-4)","background-image":"","background-repeat":"repeat","background-position":"center center","background-size":"auto","background-attachment":"scroll","background-type":"","background-media":"","overlay-type":"","overlay-color":"","overlay-opacity":"","overlay-gradient":""},"tablet":{"background-color":"","background-image":"","background-repeat":"repeat","background-position":"center center","background-size":"auto","background-attachment":"scroll","background-type":"","background-media":"","overlay-type":"","overlay-color":"","overlay-opacity":"","overlay-gradient":""},"mobile":{"background-color":"","background-image":"","background-repeat":"repeat","background-position":"center center","background-size":"auto","background-attachment":"scroll","background-type":"","background-media":"","overlay-type":"","overlay-color":"","overlay-opacity":"","overlay-gradient":""}},"ast-content-background-meta":{"desktop":{"background-color":"var(--ast-global-color-5)","background-image":"","background-repeat":"repeat","background-position":"center center","background-size":"auto","background-attachment":"scroll","background-type":"","background-media":"","overlay-type":"","overlay-color":"","overlay-opacity":"","overlay-gradient":""},"tablet":{"background-color":"var(--ast-global-color-5)","background-image":"","background-repeat":"repeat","background-position":"center center","background-size":"auto","background-attachment":"scroll","background-type":"","background-media":"","overlay-type":"","overlay-color":"","overlay-opacity":"","overlay-gradient":""},"mobile":{"background-color":"var(--ast-global-color-5)","background-image":"","background-repeat":"repeat","background-position":"center center","background-size":"auto","background-attachment":"scroll","background-type":"","background-media":"","overlay-type":"","overlay-color":"","overlay-opacity":"","overlay-gradient":""}},"footnotes":""},"class_list":["post-81","page","type-page","status-publish","hentry"],"post_mailing_queue_ids":[],"_links":{"self":[{"href":"https:\/\/agora.xtec.cat\/iesfredericmarti\/wp-json\/wp\/v2\/pages\/81","targetHints":{"allow":["GET"]}}],"collection":[{"href":"https:\/\/agora.xtec.cat\/iesfredericmarti\/wp-json\/wp\/v2\/pages"}],"about":[{"href":"https:\/\/agora.xtec.cat\/iesfredericmarti\/wp-json\/wp\/v2\/types\/page"}],"author":[{"embeddable":true,"href":"https:\/\/agora.xtec.cat\/iesfredericmarti\/wp-json\/wp\/v2\/users\/1"}],"replies":[{"embeddable":true,"href":"https:\/\/agora.xtec.cat\/iesfredericmarti\/wp-json\/wp\/v2\/comments?post=81"}],"version-history":[{"count":5,"href":"https:\/\/agora.xtec.cat\/iesfredericmarti\/wp-json\/wp\/v2\/pages\/81\/revisions"}],"predecessor-version":[{"id":9225,"href":"https:\/\/agora.xtec.cat\/iesfredericmarti\/wp-json\/wp\/v2\/pages\/81\/revisions\/9225"}],"wp:attachment":[{"href":"https:\/\/agora.xtec.cat\/iesfredericmarti\/wp-json\/wp\/v2\/media?parent=81"}],"curies":[{"name":"wp","href":"https:\/\/api.w.org\/{rel}","templated":true}]}}