{"id":77,"date":"2014-09-18T10:29:25","date_gmt":"2014-09-18T09:29:25","guid":{"rendered":"http:\/\/agora.xtec.cat\/iesfredericmarti\/?page_id=77"},"modified":"2025-10-07T09:27:17","modified_gmt":"2025-10-07T07:27:17","slug":"transport-escolar","status":"publish","type":"page","link":"https:\/\/agora.xtec.cat\/iesfredericmarti\/serveis\/transport-escolar\/","title":{"rendered":"Transport escolar"},"content":{"rendered":"<p><img loading=\"lazy\" decoding=\"async\" class=\" wp-image-7478 alignright\" src=\"https:\/\/agora.xtec.cat\/iesfredericmarti\/wp-content\/uploads\/usu920\/2023\/09\/Banner-transport-escolar.jpg\" alt=\"\" width=\"401\" height=\"134\" srcset=\"https:\/\/agora.xtec.cat\/iesfredericmarti\/wp-content\/uploads\/usu920\/2023\/09\/Banner-transport-escolar.jpg 790w, https:\/\/agora.xtec.cat\/iesfredericmarti\/wp-content\/uploads\/usu920\/2023\/09\/Banner-transport-escolar-300x100.jpg 300w, https:\/\/agora.xtec.cat\/iesfredericmarti\/wp-content\/uploads\/usu920\/2023\/09\/Banner-transport-escolar-768x257.jpg 768w\" sizes=\"auto, (max-width: 401px) 100vw, 401px\" \/>En aquesta p\u00e0gina trobareu tota la informaci\u00f3 referent al transport escolar de l&#8217;Institut Frederic Mart\u00ed i Carreras.<\/p>\n<ul>\n<li><a href=\"https:\/\/agora.xtec.cat\/iesfredericmarti\/wp-content\/uploads\/usu920\/2025\/10\/Pla-de-transport-2025-2026-1.pdf\" target=\"_blank\" rel=\"noopener\">PLA DE FUNCIONAMENT DEL TRANSPORT ESCOLAR DE L&#8217;INSTITUT FREDERIC MART\u00cd CARRERAS<\/a><\/li>\n<\/ul>\n<p>Podeu consultar tota la informaci\u00f3 referent al transport escolar del Consell Comarcal del Baix Empord\u00e0 a la seg\u00fcent direcci\u00f3:<\/p>\n<ul>\n<li><a href=\"https:\/\/www.baixemporda.cat\/ca\/carta-de-serveis\/ensenyament\/rutes-transport-escolar\/institut-frederic-marti-carreras\/\" target=\"_blank\" rel=\"noopener\">Transport escolar Baix Empord\u00e0<\/a><\/li>\n<\/ul>\n<p>A la vegada, disposeu de la informaci\u00f3 detallada d&#8217;horaris i parades als seg\u00fcents documents:<\/p>\n<ul>\n<li>Ruta 6.1: <a href=\"https:\/\/agora.xtec.cat\/iesfredericmarti\/wp-content\/uploads\/usu920\/2025\/09\/A-partir-del-29-de-setembre-RUTA-6.1-I.-LA-SUREDA-I.-FREDERIC-MART.I-C.pdf\" target=\"_blank\" rel=\"noopener\">INS Frederic Mart\u00ed &#8211; INS La Sureda, per PALS, TORRENT, LLOFRIU I PALAFRUGELL<\/a><\/li>\n<li>Ruta 6.3: <a href=\"https:\/\/agora.xtec.cat\/iesfredericmarti\/wp-content\/uploads\/usu920\/2025\/09\/ruta-6-3-i-frederic-mart-i-c-i-baix-emp-2693093.pdf\" target=\"_blank\" rel=\"noopener\">INS Frederic Mart\u00ed &#8211; INS Baix Empord\u00e0, per PALS, REGENC\u00d3S, BEGUR, ESCLANY\u00c0 I PALAFRUGELL<\/a><\/li>\n<li>Ruta 6.4: <a href=\"https:\/\/agora.xtec.cat\/iesfredericmarti\/wp-content\/uploads\/usu920\/2025\/09\/A-partir-del-29-de-setembre-RUTA-6.4-I.-FREDERIC-MART.I-C.-I.-BAIX-EMP.pdf\" target=\"_blank\" rel=\"noopener\">INS Frederic Mart\u00ed &#8211; INS Baix Empord\u00e0, per MONT-RAS I PALAFRUGELL<\/a><\/li>\n<li>Ruta 6.6: <a href=\"https:\/\/agora.xtec.cat\/iesfredericmarti\/wp-content\/uploads\/usu920\/2025\/09\/A-partir-del-29-de-setembre-RUTA-6.6-I.-LA-SUREDA-I.-FREDERIC.pdf\" target=\"_blank\" rel=\"noopener\">INS Frederic Mart\u00ed &#8211; INS La Sureda, per REGENC\u00d3S, BEGUR, ESCLANY\u00c0 I PALAFRUGELL<\/a><\/li>\n<\/ul>\n","protected":false},"excerpt":{"rendered":"<p>En aquesta p\u00e0gina trobareu tota la informaci\u00f3 referent al transport escolar de l&#8217;Institut Frederic Mart\u00ed i Carreras. PLA DE FUNCIONAMENT DEL TRANSPORT ESCOLAR DE L&#8217;INSTITUT FREDERIC MART\u00cd CARRERAS Podeu consultar tota la informaci\u00f3 referent al transport escolar del Consell Comarcal del Baix Empord\u00e0 a la seg\u00fcent direcci\u00f3: Transport escolar Baix Empord\u00e0 A la vegada, disposeu [&hellip;]<\/p>\n","protected":false},"author":1,"featured_media":0,"parent":63,"menu_order":50,"comment_status":"closed","ping_status":"closed","template":"page-templates\/side-menu.php","meta":{"_bbp_topic_count":0,"_bbp_reply_count":0,"_bbp_total_topic_count":0,"_bbp_total_reply_count":0,"_bbp_voice_count":0,"_bbp_anonymous_reply_count":0,"_bbp_topic_count_hidden":0,"_bbp_reply_count_hidden":0,"_bbp_forum_subforum_count":0,"site-sidebar-layout":"default","site-content-layout":"","ast-site-content-layout":"","site-content-style":"default","site-sidebar-style":"default","ast-global-header-display":"","ast-banner-title-visibility":"","ast-main-header-display":"","ast-hfb-above-header-display":"","ast-hfb-below-header-display":"","ast-hfb-mobile-header-display":"","site-post-title":"","ast-breadcrumbs-content":"","ast-featured-img":"","footer-sml-layout":"","theme-transparent-header-meta":"","adv-header-id-meta":"","stick-header-meta":"","header-above-stick-meta":"","header-main-stick-meta":"","header-below-stick-meta":"","astra-migrate-meta-layouts":"default","ast-page-background-enabled":"default","ast-page-background-meta":{"desktop":{"background-color":"var(--ast-global-color-4)","background-image":"","background-repeat":"repeat","background-position":"center center","background-size":"auto","background-attachment":"scroll","background-type":"","background-media":"","overlay-type":"","overlay-color":"","overlay-opacity":"","overlay-gradient":""},"tablet":{"background-color":"","background-image":"","background-repeat":"repeat","background-position":"center center","background-size":"auto","background-attachment":"scroll","background-type":"","background-media":"","overlay-type":"","overlay-color":"","overlay-opacity":"","overlay-gradient":""},"mobile":{"background-color":"","background-image":"","background-repeat":"repeat","background-position":"center center","background-size":"auto","background-attachment":"scroll","background-type":"","background-media":"","overlay-type":"","overlay-color":"","overlay-opacity":"","overlay-gradient":""}},"ast-content-background-meta":{"desktop":{"background-color":"var(--ast-global-color-5)","background-image":"","background-repeat":"repeat","background-position":"center center","background-size":"auto","background-attachment":"scroll","background-type":"","background-media":"","overlay-type":"","overlay-color":"","overlay-opacity":"","overlay-gradient":""},"tablet":{"background-color":"var(--ast-global-color-5)","background-image":"","background-repeat":"repeat","background-position":"center center","background-size":"auto","background-attachment":"scroll","background-type":"","background-media":"","overlay-type":"","overlay-color":"","overlay-opacity":"","overlay-gradient":""},"mobile":{"background-color":"var(--ast-global-color-5)","background-image":"","background-repeat":"repeat","background-position":"center center","background-size":"auto","background-attachment":"scroll","background-type":"","background-media":"","overlay-type":"","overlay-color":"","overlay-opacity":"","overlay-gradient":""}},"footnotes":""},"class_list":["post-77","page","type-page","status-publish","hentry"],"post_mailing_queue_ids":[],"_links":{"self":[{"href":"https:\/\/agora.xtec.cat\/iesfredericmarti\/wp-json\/wp\/v2\/pages\/77","targetHints":{"allow":["GET"]}}],"collection":[{"href":"https:\/\/agora.xtec.cat\/iesfredericmarti\/wp-json\/wp\/v2\/pages"}],"about":[{"href":"https:\/\/agora.xtec.cat\/iesfredericmarti\/wp-json\/wp\/v2\/types\/page"}],"author":[{"embeddable":true,"href":"https:\/\/agora.xtec.cat\/iesfredericmarti\/wp-json\/wp\/v2\/users\/1"}],"replies":[{"embeddable":true,"href":"https:\/\/agora.xtec.cat\/iesfredericmarti\/wp-json\/wp\/v2\/comments?post=77"}],"version-history":[{"count":6,"href":"https:\/\/agora.xtec.cat\/iesfredericmarti\/wp-json\/wp\/v2\/pages\/77\/revisions"}],"predecessor-version":[{"id":9702,"href":"https:\/\/agora.xtec.cat\/iesfredericmarti\/wp-json\/wp\/v2\/pages\/77\/revisions\/9702"}],"up":[{"embeddable":true,"href":"https:\/\/agora.xtec.cat\/iesfredericmarti\/wp-json\/wp\/v2\/pages\/63"}],"wp:attachment":[{"href":"https:\/\/agora.xtec.cat\/iesfredericmarti\/wp-json\/wp\/v2\/media?parent=77"}],"curies":[{"name":"wp","href":"https:\/\/api.w.org\/{rel}","templated":true}]}}