{"id":6847,"date":"2022-10-12T19:08:42","date_gmt":"2022-10-12T17:08:42","guid":{"rendered":"https:\/\/agora.xtec.cat\/iesfredericmarti\/?page_id=6847"},"modified":"2022-10-18T21:55:13","modified_gmt":"2022-10-18T19:55:13","slug":"criteris-davaluacio-qualificacio-curs-2022-23","status":"publish","type":"page","link":"https:\/\/agora.xtec.cat\/iesfredericmarti\/serveis\/informacions-per-a-lalumnat\/criteris-davaluacio-qualificacio-curs-2022-23\/","title":{"rendered":"Criteris d&#8217;avaluaci\u00f3\/qualificaci\u00f3 curs 2022-23"},"content":{"rendered":"<p>En aquesta p\u00e0gina podeu consultar els criteris d&#8217;avaluaci\u00f3 de cada \u00e0rea per a totes les assignatures de tots els nivells del curs 2022-23.<\/p>\n<table style=\"border-collapse: collapse; width: 100%; height: 886px;\">\n<thead>\n<tr style=\"height: 32px;\">\n<td style=\"width: 34.3082%; text-align: center; height: 32px;\">ASSIGNATURA<\/td>\n<td style=\"width: 65.6918%; text-align: center; height: 32px;\">CRITERIS D&#8217;AVALUACI\u00d3 \/ QUALIFICACI\u00d3<\/td>\n<\/tr>\n<\/thead>\n<tbody>\n<tr style=\"height: 123px;\">\n<td style=\"width: 34.3082%; height: 123px; text-align: center; vertical-align: middle;\" scope=\"col\">ANGL\u00c8S<\/td>\n<td style=\"width: 65.6918%; height: 123px; vertical-align: middle;\" scope=\"col\">\n<ul>\n<li><a href=\"https:\/\/agora.xtec.cat\/iesfredericmarti\/wp-content\/uploads\/usu920\/2022\/10\/Criteris-avaluacio-2-BAT.pdf\">Criteris avaluaci\u00f3 2 BAT<\/a><\/li>\n<li><a href=\"https:\/\/agora.xtec.cat\/iesfredericmarti\/wp-content\/uploads\/usu920\/2022\/10\/Criteris-avaluacio-2-ESO-2022-23.pdf\">Criteris avaluaci\u00f3 2 ESO<\/a><\/li>\n<li><a href=\"https:\/\/agora.xtec.cat\/iesfredericmarti\/wp-content\/uploads\/usu920\/2022\/10\/Criteris-avaluacio-4-ESO-2022-23.pdf\">Criteris avaluaci\u00f3 4 ESO<\/a><\/li>\n<li><a href=\"https:\/\/agora.xtec.cat\/iesfredericmarti\/wp-content\/uploads\/usu920\/2022\/10\/CRITERIS-DAVALUACIO-1-i-3-ESO-1Bat-LOMLOE.pdf\">Criteris avaluaci\u00f3 1 i 3 ESO i 1 BAT LOMLOE<\/a><\/li>\n<\/ul>\n<\/td>\n<\/tr>\n<tr style=\"height: 123px;\">\n<td style=\"width: 34.3082%; height: 123px; text-align: center; vertical-align: middle;\" scope=\"col\">CASTELL\u00c0<\/td>\n<td style=\"width: 65.6918%; height: 123px; vertical-align: middle;\" scope=\"col\">\n<ul>\n<li><a href=\"https:\/\/agora.xtec.cat\/iesfredericmarti\/wp-content\/uploads\/usu920\/2022\/10\/Criteris-Avaluacio-2n-4t-2n-BAT-22-23.pdf\">Criteris Avaluaci\u00f3 2n, 4t, 2n BAT<\/a><\/li>\n<li><a href=\"https:\/\/agora.xtec.cat\/iesfredericmarti\/wp-content\/uploads\/usu920\/2022\/10\/CRITERIS-DAVALUACIO-1r-BAT-22-23.pdf\">Criteris d&#8217;avaluaci\u00f3 1r BAT<\/a><\/li>\n<li><a href=\"https:\/\/agora.xtec.cat\/iesfredericmarti\/wp-content\/uploads\/usu920\/2022\/10\/CRITERIS-DAVALUACIO-1r-ESO-Curs-22-23..pdf\">Criteris d&#8217;avaluaci\u00f3 1r ESO<\/a><\/li>\n<li><a href=\"https:\/\/agora.xtec.cat\/iesfredericmarti\/wp-content\/uploads\/usu920\/2022\/10\/CRITERIS-DAVALUACIO-3r-ESO-22-23.pdf\">Criteris d&#8217;avaluaci\u00f3 3r ESO<\/a><\/li>\n<\/ul>\n<\/td>\n<\/tr>\n<tr style=\"height: 168px;\">\n<td style=\"width: 34.3082%; height: 168px; text-align: center; vertical-align: middle;\" scope=\"col\">CATAL\u00c0<\/td>\n<td style=\"width: 65.6918%; height: 168px; vertical-align: middle;\" scope=\"col\">\n<ul>\n<li><a href=\"https:\/\/agora.xtec.cat\/iesfredericmarti\/wp-content\/uploads\/usu920\/2022\/10\/Criteris-davaluacio-1-ESO.pdf\">Criteris d&#8217;avaluaci\u00f3 1 ESO<\/a><\/li>\n<li><a href=\"https:\/\/agora.xtec.cat\/iesfredericmarti\/wp-content\/uploads\/usu920\/2022\/10\/Criteris-davaluacio-1-i-2-BAT.pdf\">Criteris d&#8217;avaluaci\u00f3 1 i 2 BAT<\/a><\/li>\n<li><a href=\"https:\/\/agora.xtec.cat\/iesfredericmarti\/wp-content\/uploads\/usu920\/2022\/10\/Criteris-davaluacio-2-ESO.pdf\">Criteris d&#8217;avaluaci\u00f3 2 ESO<\/a><\/li>\n<li><a href=\"https:\/\/agora.xtec.cat\/iesfredericmarti\/wp-content\/uploads\/usu920\/2022\/10\/Criteris-davaluacio-3-ESO.pdf\">Criteris d&#8217;avaluaci\u00f3 3 ESO<\/a><\/li>\n<li><a href=\"https:\/\/agora.xtec.cat\/iesfredericmarti\/wp-content\/uploads\/usu920\/2022\/10\/Criteris-davaluacio-Escriptura-creativa.pdf\">Criteris d&#8217;avaluaci\u00f3 Escriptura creativa<\/a><\/li>\n<li><a href=\"https:\/\/agora.xtec.cat\/iesfredericmarti\/wp-content\/uploads\/usu920\/2022\/10\/Criteris-davaluacio-i-de-qualificacio-4-ESO.pdf\">Criteris d&#8217;avaluaci\u00f3 i de qualificaci\u00f3 4 ESO<\/a><\/li>\n<\/ul>\n<\/td>\n<\/tr>\n<tr style=\"height: 56px;\">\n<td style=\"width: 34.3082%; height: 56px; text-align: center; vertical-align: middle;\" scope=\"col\">EDUCACI\u00d3 F\u00cdSICA<\/td>\n<td style=\"width: 65.6918%; height: 56px; vertical-align: middle;\" scope=\"col\">\n<ul>\n<li><a href=\"https:\/\/agora.xtec.cat\/iesfredericmarti\/wp-content\/uploads\/usu920\/2022\/10\/Criteris-davaluacio-Educacio-Fisica.pdf\">Criteris d&#8217;avaluaci\u00f3 Educaci\u00f3 F\u00edsica<\/a><\/li>\n<\/ul>\n<\/td>\n<\/tr>\n<tr style=\"height: 32px;\">\n<td style=\"width: 34.3082%; height: 32px; text-align: center; vertical-align: middle;\" scope=\"col\">EDUCACI\u00d3 VISUAL I PL\u00c0STICA<\/td>\n<td style=\"width: 65.6918%; height: 32px; vertical-align: middle;\" scope=\"col\">\n<ul>\n<li><a href=\"https:\/\/agora.xtec.cat\/iesfredericmarti\/wp-content\/uploads\/usu920\/2022\/10\/Criteris-davaluacio-Educacio-Visual-i-Plastica.pdf\">Criteris d&#8217;avaluaci\u00f3 Educaci\u00f3 Visual i Pl\u00e0stica<\/a><\/li>\n<\/ul>\n<\/td>\n<\/tr>\n<tr style=\"height: 32px;\">\n<td style=\"width: 34.3082%; height: 32px; text-align: center; vertical-align: middle;\" scope=\"col\">BIOLOGIA I GEOLOGIA<\/td>\n<td style=\"width: 65.6918%; height: 32px; vertical-align: middle;\" scope=\"col\">\n<ul>\n<li><a href=\"https:\/\/agora.xtec.cat\/iesfredericmarti\/wp-content\/uploads\/usu920\/2022\/10\/Criteris-dAvaluacio-qualificacio-BIO-i-GEO-3-ESO.pdf\">Criteris d&#8217;Avaluaci\u00f3-qualificaci\u00f3 Biologia i Geologia 3 ESO<\/a><\/li>\n<li><a href=\"https:\/\/agora.xtec.cat\/iesfredericmarti\/wp-content\/uploads\/usu920\/2022\/10\/Criteris-dAvaluacio-qualificacio-BIO-i-GEO-4t-ESO.pdf\">Criteris d&#8217;Avaluaci\u00f3-qualificaci\u00f3 Biologia i Geologia 4t ESO<\/a><\/li>\n<li><a href=\"https:\/\/agora.xtec.cat\/iesfredericmarti\/wp-content\/uploads\/usu920\/2022\/10\/Criteris-dAvaluacio-qualificacio-Biologia-1r-BAT.pdf\">Criteris d&#8217;Avaluaci\u00f3-qualificaci\u00f3 Biologia 1r BAT<\/a><\/li>\n<li><a href=\"https:\/\/agora.xtec.cat\/iesfredericmarti\/wp-content\/uploads\/usu920\/2022\/10\/Criteris-dAvaluacio-qualificacio-Biologia-2n-BAT.pdf\">Criteris d&#8217;Avaluaci\u00f3-qualificaci\u00f3 Biologia 2n BAT<\/a><\/li>\n<li><a href=\"https:\/\/agora.xtec.cat\/iesfredericmarti\/wp-content\/uploads\/usu920\/2022\/10\/Criteris-dAvaluacio-qualificacio-CIENCIES-APLICADES-4t-ESO.pdf\">Criteris d&#8217;Avaluaci\u00f3-qualificaci\u00f3 Ci\u00e8ncies aplicades 4t ESO<\/a><\/li>\n<li><a href=\"https:\/\/agora.xtec.cat\/iesfredericmarti\/wp-content\/uploads\/usu920\/2022\/10\/Criteris-dAvaluacio-qualificacio-Ciencies-de-la-Terra-i-del-Medi-Ambient-2n-BAT.pdf\">Criteris d&#8217;Avaluaci\u00f3-qualificaci\u00f3 Ci\u00e8ncies de la Terra i del Medi Ambient 2n BAT<\/a><\/li>\n<li><a href=\"https:\/\/agora.xtec.cat\/iesfredericmarti\/wp-content\/uploads\/usu920\/2022\/10\/Criteris-dAvaluacio-qualificacio-Geologia-i-Ciencies-Ambientals-1r-BAT.pdf\">Criteris d&#8217;Avaluaci\u00f3-qualificaci\u00f3 Geologia i Ci\u00e8ncies Ambientals 1r BAT<\/a><\/li>\n<li><a href=\"https:\/\/agora.xtec.cat\/iesfredericmarti\/wp-content\/uploads\/usu920\/2022\/10\/Criteris-de-Qualificacio-BIO-i-GEO-1-ESO.docx.pdf\">Criteris de Qualificaci\u00f3 Biologia i Geologia 1 ESO<\/a><\/li>\n<\/ul>\n<\/td>\n<\/tr>\n<tr style=\"height: 32px;\">\n<td style=\"width: 34.3082%; height: 32px; text-align: center; vertical-align: middle;\" scope=\"col\">F\u00cdSICA I QU\u00cdMICA<\/td>\n<td style=\"width: 65.6918%; height: 32px; vertical-align: middle;\" scope=\"col\">\n<ul>\n<li><a href=\"https:\/\/agora.xtec.cat\/iesfredericmarti\/wp-content\/uploads\/usu920\/2022\/10\/Criteris-davaluacio-Fisica-i-Quimica-2n-ESO.pdf\">Criteris d&#8217;avaluaci\u00f3 F\u00edsica i Qu\u00edmica 2n ESO<\/a><\/li>\n<li><a href=\"https:\/\/agora.xtec.cat\/iesfredericmarti\/wp-content\/uploads\/usu920\/2022\/10\/Criteris-de-Qualificacio-Fisica-i-Quimica-3r-ESO.pdf\">Criteris de Qualificaci\u00f3 F\u00edsica i Qu\u00edmica 3r ESO<\/a><\/li>\n<li><a href=\"https:\/\/agora.xtec.cat\/iesfredericmarti\/wp-content\/uploads\/usu920\/2022\/10\/Criteris-de-Qualificacio-Fisica-i-Quimica-4t-ESO.pdf\">Criteris de Qualificaci\u00f3 F\u00edsica i Qu\u00edmica 4t ESO<\/a><\/li>\n<li><a href=\"https:\/\/agora.xtec.cat\/iesfredericmarti\/wp-content\/uploads\/usu920\/2022\/10\/Fisica-1r-BAT.pdf\">F\u00edsica 1r BAT<\/a><\/li>\n<li><a href=\"https:\/\/agora.xtec.cat\/iesfredericmarti\/wp-content\/uploads\/usu920\/2022\/10\/Fisica-2n-BAT.pdf\">F\u00edsica 2n BAT<\/a><\/li>\n<li><a href=\"https:\/\/agora.xtec.cat\/iesfredericmarti\/wp-content\/uploads\/usu920\/2022\/10\/Quimica-1r-BAT.pdf\">Qu\u00edmica 1r BAT<\/a><\/li>\n<li><a href=\"https:\/\/agora.xtec.cat\/iesfredericmarti\/wp-content\/uploads\/usu920\/2022\/10\/Quimica-2n-BAT.pdf\">Qu\u00edmica 2n BAT<\/a><\/li>\n<\/ul>\n<\/td>\n<\/tr>\n<tr style=\"height: 32px;\">\n<td style=\"width: 34.3082%; height: 32px; text-align: center; vertical-align: middle;\" scope=\"col\">FILOSOFIA<\/td>\n<td style=\"width: 65.6918%; height: 32px; vertical-align: middle;\" scope=\"col\">\n<ul>\n<li><a href=\"https:\/\/agora.xtec.cat\/iesfredericmarti\/wp-content\/uploads\/usu920\/2022\/10\/criteris-i-instruments-davaluacio-filosofia-1r-BAT.pdf\">Criteris i instruments d&#8217;avaluaci\u00f3 filosofia 1r BAT<\/a><\/li>\n<li><a href=\"https:\/\/agora.xtec.cat\/iesfredericmarti\/wp-content\/uploads\/usu920\/2022\/10\/criteris-i-instruments-davaluacio-filosofia-4t-ESO.pdf\">Criteris i instruments d&#8217;avaluaci\u00f3 filosofia 4t ESO<\/a><\/li>\n<li><a href=\"https:\/\/agora.xtec.cat\/iesfredericmarti\/wp-content\/uploads\/usu920\/2022\/10\/criteris-i-instruments-davaluacio-historia-de-la-filosofia-2n-BAT.pdf\">Criteris i instruments d&#8217;avaluaci\u00f3 hist\u00f2ria de la filosofia 2n BAT<\/a><\/li>\n<li><a href=\"https:\/\/agora.xtec.cat\/iesfredericmarti\/wp-content\/uploads\/usu920\/2022\/10\/criteris-i-instruments-davaluacio-psicologia-1r-BAT.pdf\">Criteris i instruments d&#8217;avaluaci\u00f3 psicologia 1r BAT<\/a><\/li>\n<li><a href=\"https:\/\/agora.xtec.cat\/iesfredericmarti\/wp-content\/uploads\/usu920\/2022\/10\/criteris-i-instruments-davaluacio-psicologia-2n-BAT.pdf\">Criteris i instruments d&#8217;avaluaci\u00f3 psicologia 2n BAT<\/a><\/li>\n<\/ul>\n<\/td>\n<\/tr>\n<tr style=\"height: 32px;\">\n<td style=\"width: 34.3082%; height: 32px; text-align: center; vertical-align: middle;\" scope=\"col\">FRANC\u00c8S<\/td>\n<td style=\"width: 65.6918%; height: 32px; vertical-align: middle;\" scope=\"col\">\n<ul>\n<li><a href=\"https:\/\/agora.xtec.cat\/iesfredericmarti\/wp-content\/uploads\/usu920\/2022\/10\/Criteris-davaluacio-1r-3r-i-1r-BAT-Frances.pdf\">Criteris d&#8217;avaluaci\u00f3 Franc\u00e8s 1r, 3r ESO i 1r BAT<\/a><\/li>\n<li><a href=\"https:\/\/agora.xtec.cat\/iesfredericmarti\/wp-content\/uploads\/usu920\/2022\/10\/Criteris-davaluacio-2n-i-4t-ESO-Frances.pdf\">Criteris d&#8217;avaluaci\u00f3 Franc\u00e8s 2n i 4t ESO<\/a><\/li>\n<\/ul>\n<\/td>\n<\/tr>\n<tr style=\"height: 32px;\">\n<td style=\"width: 34.3082%; height: 32px; text-align: center; vertical-align: middle;\" scope=\"col\">LLENG\u00dcES CL\u00c0SSIQUES<\/td>\n<td style=\"width: 65.6918%; height: 32px; vertical-align: middle;\" scope=\"col\">\n<ul>\n<li><a href=\"https:\/\/agora.xtec.cat\/iesfredericmarti\/wp-content\/uploads\/usu920\/2022\/10\/Criteris-davaluacio-Llengues-classiques.pdf\">Criteris d&#8217;avaluaci\u00f3 Lleng\u00fces cl\u00e0ssiques<\/a><\/li>\n<\/ul>\n<\/td>\n<\/tr>\n<tr style=\"height: 32px;\">\n<td style=\"width: 34.3082%; height: 32px; text-align: center; vertical-align: middle;\" scope=\"col\">MATEM\u00c0TIQUES<\/td>\n<td style=\"width: 65.6918%; height: 32px; vertical-align: middle;\" scope=\"col\">\n<ul>\n<li><a href=\"https:\/\/agora.xtec.cat\/iesfredericmarti\/wp-content\/uploads\/usu920\/2022\/10\/Criteris-davaluacio-de-funcionament-de-lempresa-1r-BAT.pdf\">Criteris d&#8217;avaluaci\u00f3 de Funcionament de l&#8217;empresa 1r BAT<\/a><\/li>\n<li><a href=\"https:\/\/agora.xtec.cat\/iesfredericmarti\/wp-content\/uploads\/usu920\/2022\/10\/Criteris-davaluacio-dEconomia-1r-BAT.pdf\">Criteris d&#8217;avaluaci\u00f3 d&#8217;Economia 1r BAT<\/a><\/li>\n<li><a href=\"https:\/\/agora.xtec.cat\/iesfredericmarti\/wp-content\/uploads\/usu920\/2022\/10\/Criteris-davaluacio-Economia-4t-ESO.pdf\">Criteris d&#8217;avaluaci\u00f3 Economia 4t ESO<\/a><\/li>\n<li><a href=\"https:\/\/agora.xtec.cat\/iesfredericmarti\/wp-content\/uploads\/usu920\/2022\/10\/Criteris-davaluacio-Emprenedoria-4t-ESO.pdf\">Criteris d&#8217;avaluaci\u00f3 Emprenedoria 4t ESO<\/a><\/li>\n<li><a href=\"https:\/\/agora.xtec.cat\/iesfredericmarti\/wp-content\/uploads\/usu920\/2022\/10\/Criteris-davaluacio-Empresa-2n-BAT-.pdf\">Criteris d&#8217;avaluaci\u00f3 Empresa 2n BAT<\/a><\/li>\n<li><a href=\"https:\/\/agora.xtec.cat\/iesfredericmarti\/wp-content\/uploads\/usu920\/2022\/10\/Criteris-davaluacio-Matematiques-1r-BAT.pdf\">Criteris d&#8217;avaluaci\u00f3 Matem\u00e0tiques 1r BAT<\/a><\/li>\n<li><a href=\"https:\/\/agora.xtec.cat\/iesfredericmarti\/wp-content\/uploads\/usu920\/2022\/10\/Criteris-davaluacio-Matematiques-2n-BAT.pdf\">Criteris d&#8217;avaluaci\u00f3 Matem\u00e0tiques 2n BAT<\/a><\/li>\n<li><a href=\"https:\/\/agora.xtec.cat\/iesfredericmarti\/wp-content\/uploads\/usu920\/2022\/10\/Criteris-davaluacio-Matematiques-aplicades-a-les-cencies-socials-2n-BAT.pdf\">Criteris d&#8217;avaluaci\u00f3 Matem\u00e0tiques aplicades a les c\u00e8ncies socials 2n BAT<\/a><\/li>\n<li><a href=\"https:\/\/agora.xtec.cat\/iesfredericmarti\/wp-content\/uploads\/usu920\/2022\/10\/Criteris-davaluacio-Matematiques-aplicades-a-les-ciencies-socials-1r-BAT.pdf\">Criteris d&#8217;avaluaci\u00f3 Matem\u00e0tiques aplicades a les ci\u00e8ncies socials 1r BAT<\/a><\/li>\n<li><a href=\"https:\/\/agora.xtec.cat\/iesfredericmarti\/wp-content\/uploads\/usu920\/2022\/10\/Criteris-davaluacio-Matematiques-ESO.pdf\">Criteris d&#8217;avaluaci\u00f3 Matem\u00e0tiques ESO<\/a><\/li>\n<\/ul>\n<\/td>\n<\/tr>\n<tr style=\"height: 32px;\">\n<td style=\"width: 34.3082%; height: 32px; text-align: center; vertical-align: middle;\" scope=\"col\">M\u00daSICA<\/td>\n<td style=\"width: 65.6918%; height: 32px; vertical-align: middle;\" scope=\"col\">\n<ul>\n<li><a href=\"https:\/\/agora.xtec.cat\/iesfredericmarti\/wp-content\/uploads\/usu920\/2022\/10\/Criteris-davaluacio-Musica.pdf\">Criteris d&#8217;avaluaci\u00f3 M\u00fasica<\/a><\/li>\n<li><a href=\"https:\/\/agora.xtec.cat\/iesfredericmarti\/wp-content\/uploads\/usu920\/2022\/10\/Criteris-davaluacio-Optativa-ukelele.pdf\">Criteris d&#8217;avaluaci\u00f3 Optativa ukelele<\/a><\/li>\n<\/ul>\n<\/td>\n<\/tr>\n<tr style=\"height: 32px;\">\n<td style=\"width: 34.3082%; height: 32px; text-align: center; vertical-align: middle;\" scope=\"col\">SOCIALS<\/td>\n<td style=\"width: 65.6918%; height: 32px; vertical-align: middle;\" scope=\"col\">\n<ul>\n<li><a href=\"https:\/\/agora.xtec.cat\/iesfredericmarti\/wp-content\/uploads\/usu920\/2022\/10\/Criteris-davaluacio-Art-2n-BAT.pdf\">Criteris d&#8217;avaluaci\u00f3 Art 2n BAT<\/a><\/li>\n<li><a href=\"https:\/\/agora.xtec.cat\/iesfredericmarti\/wp-content\/uploads\/usu920\/2022\/10\/Criteris-davaluacio-Ciencies-Socials-1r-ESO.pdf\">Criteris d&#8217;avaluaci\u00f3 Ci\u00e8ncies Socials 1r ESO<\/a><\/li>\n<li><a href=\"https:\/\/agora.xtec.cat\/iesfredericmarti\/wp-content\/uploads\/usu920\/2022\/10\/Criteris-davaluacio-Ciencies-Socials-2n-ESO.pdf\">Criteris d&#8217;avaluaci\u00f3 Ci\u00e8ncies Socials 2n ESO<\/a><\/li>\n<li><a href=\"https:\/\/agora.xtec.cat\/iesfredericmarti\/wp-content\/uploads\/usu920\/2022\/10\/Criteris-davaluacio-Ciencies-Socials-3r-ESO.pdf\">Criteris d&#8217;avaluaci\u00f3 Ci\u00e8ncies Socials 3r ESO<\/a><\/li>\n<li><a href=\"https:\/\/agora.xtec.cat\/iesfredericmarti\/wp-content\/uploads\/usu920\/2022\/10\/Criteris-davaluacio-Ciencies-Socials-4t-ESO.pdf\">Criteris d&#8217;avaluaci\u00f3 Ci\u00e8ncies Socials 4t ESO<\/a><\/li>\n<li><a href=\"https:\/\/agora.xtec.cat\/iesfredericmarti\/wp-content\/uploads\/usu920\/2022\/10\/Criteris-davaluacio-Cultura-Classica-Model-1r-3r-1r-BAT.pdf\">Criteris d&#8217;avaluaci\u00f3 Cultura Cl\u00e0ssica Model 1r 3r 1r BAT<\/a><\/li>\n<li><a href=\"https:\/\/agora.xtec.cat\/iesfredericmarti\/wp-content\/uploads\/usu920\/2022\/10\/Criteris-davaluacio-Geografia-2n-BAT.pdf\">Criteris d&#8217;avaluaci\u00f3 Geografia 2n BAT<\/a><\/li>\n<li><a href=\"https:\/\/agora.xtec.cat\/iesfredericmarti\/wp-content\/uploads\/usu920\/2022\/10\/Criteris-davaluacio-Historia-2n-BAT.pdf\">Criteris d&#8217;avaluaci\u00f3 Hist\u00f2ria 2n BAT<\/a><\/li>\n<li><a href=\"https:\/\/agora.xtec.cat\/iesfredericmarti\/wp-content\/uploads\/usu920\/2022\/10\/Criteris-davaluacio-Historia-del-Mon-Contemporani-1r-BAT.pdf\">Criteris d&#8217;avaluaci\u00f3 Hist\u00f2ria del M\u00f3n Contemporani 1r BAT<\/a><\/li>\n<li><a href=\"https:\/\/agora.xtec.cat\/iesfredericmarti\/wp-content\/uploads\/usu920\/2022\/10\/Criteris-davaluacio-Problematiques-Socials-1-BAT.pdf\">Criteris d&#8217;avaluaci\u00f3 Problem\u00e0tiques Socials 1 BAT<\/a><\/li>\n<\/ul>\n<\/td>\n<\/tr>\n<tr style=\"height: 32px;\">\n<td style=\"width: 34.3082%; height: 32px; text-align: center; vertical-align: middle;\" scope=\"col\">TECNOLOGIA<\/td>\n<td style=\"width: 65.6918%; height: 32px; vertical-align: middle;\" scope=\"col\">\n<ul>\n<li><a href=\"https:\/\/agora.xtec.cat\/iesfredericmarti\/wp-content\/uploads\/usu920\/2022\/10\/Criteris-davaluacio-1r-3r-ESO-Optativa-Robotica-1r-BAT.pdf\">Criteris d&#8217;avaluaci\u00f3 1r 3r ESO Optativa Rob\u00f2tica 1r BAT<\/a><\/li>\n<li><a href=\"https:\/\/agora.xtec.cat\/iesfredericmarti\/wp-content\/uploads\/usu920\/2022\/10\/Criteris-davaluacio-2n-4t-i-2n-BAT.pdf\">Criteris d&#8217;avaluaci\u00f3 2n, 4t i 2n BAT<\/a><\/li>\n<\/ul>\n<\/td>\n<\/tr>\n<tr>\n<td style=\"width: 34.3082%; text-align: center; vertical-align: middle;\">RELIGI\u00d3<\/td>\n<td style=\"width: 65.6918%; vertical-align: middle;\">\n<ul>\n<li><a href=\"https:\/\/agora.xtec.cat\/iesfredericmarti\/wp-content\/uploads\/usu920\/2022\/10\/Criteris-davaluacio-Religio-22-23.pdf\">Criteris d&#8217;avaluaci\u00f3 Religi\u00f3<\/a><\/li>\n<\/ul>\n<\/td>\n<\/tr>\n<tr style=\"height: 32px;\">\n<td style=\"width: 34.3082%; height: 32px; text-align: center; vertical-align: middle;\" scope=\"col\">PLA INTENSIU MILLORA<\/td>\n<td style=\"width: 65.6918%; height: 32px; vertical-align: middle;\" scope=\"col\">\n<ul>\n<li><a href=\"https:\/\/agora.xtec.cat\/iesfredericmarti\/wp-content\/uploads\/usu920\/2022\/10\/Criteris-davaluacio-PIM-LC-2n-ESO.pdf\">Criteris d&#8217;avaluaci\u00f3 PIM LC 2n ESO<\/a><\/li>\n<li><a href=\"https:\/\/agora.xtec.cat\/iesfredericmarti\/wp-content\/uploads\/usu920\/2022\/10\/Criteris-davaluacio-PIM-LC-LE-1r-ESO.pdf\">Criteris d&#8217;avaluaci\u00f3 PIM LC, LE 1r ESO<\/a><\/li>\n<li><a href=\"https:\/\/agora.xtec.cat\/iesfredericmarti\/wp-content\/uploads\/usu920\/2022\/10\/Criteris-davaluacio-PIM-Matematiques-1r-ESO.pdf\">Criteris d&#8217;avaluaci\u00f3 PIM Matem\u00e0tiques 1r ESO<\/a><\/li>\n<\/ul>\n<\/td>\n<\/tr>\n<tr style=\"height: 32px;\">\n<td style=\"width: 34.3082%; height: 32px; text-align: center; vertical-align: middle;\" scope=\"col\">UEC<\/td>\n<td style=\"width: 65.6918%; height: 32px; vertical-align: middle;\" scope=\"col\">\n<ul>\n<li><a href=\"https:\/\/agora.xtec.cat\/iesfredericmarti\/wp-content\/uploads\/usu920\/2022\/10\/Criteris-davaluacio-UEC-3r-ESO.pdf\">Criteris d&#8217;avaluaci\u00f3 UEC 3r ESO<\/a><\/li>\n<\/ul>\n<\/td>\n<\/tr>\n<\/tbody>\n<\/table>\n","protected":false},"excerpt":{"rendered":"<p>En aquesta p\u00e0gina podeu consultar els criteris d&#8217;avaluaci\u00f3 de cada \u00e0rea per a totes les assignatures de tots els nivells del curs 2022-23. ASSIGNATURA CRITERIS D&#8217;AVALUACI\u00d3 \/ QUALIFICACI\u00d3 ANGL\u00c8S Criteris avaluaci\u00f3 2 BAT Criteris avaluaci\u00f3 2 ESO Criteris avaluaci\u00f3 4 ESO Criteris avaluaci\u00f3 1 i 3 ESO i 1 BAT LOMLOE CASTELL\u00c0 Criteris Avaluaci\u00f3 2n, [&hellip;]<\/p>\n","protected":false},"author":1,"featured_media":0,"parent":597,"menu_order":1,"comment_status":"closed","ping_status":"closed","template":"page-templates\/side-menu.php","meta":{"_bbp_topic_count":0,"_bbp_reply_count":0,"_bbp_total_topic_count":0,"_bbp_total_reply_count":0,"_bbp_voice_count":0,"_bbp_anonymous_reply_count":0,"_bbp_topic_count_hidden":0,"_bbp_reply_count_hidden":0,"_bbp_forum_subforum_count":0,"site-sidebar-layout":"default","site-content-layout":"","ast-site-content-layout":"","site-content-style":"default","site-sidebar-style":"default","ast-global-header-display":"","ast-banner-title-visibility":"","ast-main-header-display":"","ast-hfb-above-header-display":"","ast-hfb-below-header-display":"","ast-hfb-mobile-header-display":"","site-post-title":"","ast-breadcrumbs-content":"","ast-featured-img":"","footer-sml-layout":"","theme-transparent-header-meta":"","adv-header-id-meta":"","stick-header-meta":"","header-above-stick-meta":"","header-main-stick-meta":"","header-below-stick-meta":"","astra-migrate-meta-layouts":"default","ast-page-background-enabled":"default","ast-page-background-meta":{"desktop":{"background-color":"var(--ast-global-color-4)","background-image":"","background-repeat":"repeat","background-position":"center center","background-size":"auto","background-attachment":"scroll","background-type":"","background-media":"","overlay-type":"","overlay-color":"","overlay-opacity":"","overlay-gradient":""},"tablet":{"background-color":"","background-image":"","background-repeat":"repeat","background-position":"center center","background-size":"auto","background-attachment":"scroll","background-type":"","background-media":"","overlay-type":"","overlay-color":"","overlay-opacity":"","overlay-gradient":""},"mobile":{"background-color":"","background-image":"","background-repeat":"repeat","background-position":"center center","background-size":"auto","background-attachment":"scroll","background-type":"","background-media":"","overlay-type":"","overlay-color":"","overlay-opacity":"","overlay-gradient":""}},"ast-content-background-meta":{"desktop":{"background-color":"var(--ast-global-color-5)","background-image":"","background-repeat":"repeat","background-position":"center center","background-size":"auto","background-attachment":"scroll","background-type":"","background-media":"","overlay-type":"","overlay-color":"","overlay-opacity":"","overlay-gradient":""},"tablet":{"background-color":"var(--ast-global-color-5)","background-image":"","background-repeat":"repeat","background-position":"center center","background-size":"auto","background-attachment":"scroll","background-type":"","background-media":"","overlay-type":"","overlay-color":"","overlay-opacity":"","overlay-gradient":""},"mobile":{"background-color":"var(--ast-global-color-5)","background-image":"","background-repeat":"repeat","background-position":"center center","background-size":"auto","background-attachment":"scroll","background-type":"","background-media":"","overlay-type":"","overlay-color":"","overlay-opacity":"","overlay-gradient":""}},"footnotes":""},"class_list":["post-6847","page","type-page","status-publish","hentry"],"post_mailing_queue_ids":[],"_links":{"self":[{"href":"https:\/\/agora.xtec.cat\/iesfredericmarti\/wp-json\/wp\/v2\/pages\/6847","targetHints":{"allow":["GET"]}}],"collection":[{"href":"https:\/\/agora.xtec.cat\/iesfredericmarti\/wp-json\/wp\/v2\/pages"}],"about":[{"href":"https:\/\/agora.xtec.cat\/iesfredericmarti\/wp-json\/wp\/v2\/types\/page"}],"author":[{"embeddable":true,"href":"https:\/\/agora.xtec.cat\/iesfredericmarti\/wp-json\/wp\/v2\/users\/1"}],"replies":[{"embeddable":true,"href":"https:\/\/agora.xtec.cat\/iesfredericmarti\/wp-json\/wp\/v2\/comments?post=6847"}],"version-history":[{"count":3,"href":"https:\/\/agora.xtec.cat\/iesfredericmarti\/wp-json\/wp\/v2\/pages\/6847\/revisions"}],"predecessor-version":[{"id":6951,"href":"https:\/\/agora.xtec.cat\/iesfredericmarti\/wp-json\/wp\/v2\/pages\/6847\/revisions\/6951"}],"up":[{"embeddable":true,"href":"https:\/\/agora.xtec.cat\/iesfredericmarti\/wp-json\/wp\/v2\/pages\/597"}],"wp:attachment":[{"href":"https:\/\/agora.xtec.cat\/iesfredericmarti\/wp-json\/wp\/v2\/media?parent=6847"}],"curies":[{"name":"wp","href":"https:\/\/api.w.org\/{rel}","templated":true}]}}