{"id":6770,"date":"2022-09-26T19:52:59","date_gmt":"2022-09-26T17:52:59","guid":{"rendered":"https:\/\/agora.xtec.cat\/iesfredericmarti\/?page_id=6770"},"modified":"2025-09-15T17:06:14","modified_gmt":"2025-09-15T15:06:14","slug":"enllibrat","status":"publish","type":"page","link":"https:\/\/agora.xtec.cat\/iesfredericmarti\/projecte-educatiu\/enllibrat\/","title":{"rendered":"Enllibra&#8217;t Projecte Lector"},"content":{"rendered":"<p><img loading=\"lazy\" decoding=\"async\" class=\" wp-image-6771 alignright\" src=\"https:\/\/agora.xtec.cat\/iesfredericmarti\/wp-content\/uploads\/usu920\/2022\/09\/Logo-Enllibrat-1024x724.jpg\" alt=\"\" width=\"500\" height=\"353\" srcset=\"https:\/\/agora.xtec.cat\/iesfredericmarti\/wp-content\/uploads\/usu920\/2022\/09\/Logo-Enllibrat-1024x724.jpg 1024w, https:\/\/agora.xtec.cat\/iesfredericmarti\/wp-content\/uploads\/usu920\/2022\/09\/Logo-Enllibrat-300x212.jpg 300w, https:\/\/agora.xtec.cat\/iesfredericmarti\/wp-content\/uploads\/usu920\/2022\/09\/Logo-Enllibrat-768x543.jpg 768w, https:\/\/agora.xtec.cat\/iesfredericmarti\/wp-content\/uploads\/usu920\/2022\/09\/Logo-Enllibrat-1536x1086.jpg 1536w, https:\/\/agora.xtec.cat\/iesfredericmarti\/wp-content\/uploads\/usu920\/2022\/09\/Logo-Enllibrat-2048x1448.jpg 2048w\" sizes=\"auto, (max-width: 500px) 100vw, 500px\" \/>Aquesta p\u00e0gina us mostra tota la informaci\u00f3 i documentaci\u00f3 relativa a <em><strong>&#8220;ENLLIBRA&#8217;T&#8221;<\/strong><\/em>, el programa que duem a terme a l&#8217;institut per a fomentar la lectura entre el nostre alumnat.<\/p>\n<h5>Documentaci\u00f3 d&#8217;inter\u00e8s<\/h5>\n<ul>\n<li><a href=\"https:\/\/agora.xtec.cat\/iesfredericmarti\/wp-content\/uploads\/usu920\/2025\/09\/Presentacio-Enllibrat-Claustre-2025-2026-1.pdf\" target=\"_blank\" rel=\"noopener\">&#8220;Enllibra&#8217;t&#8221; &#8211; Presentaci\u00f3 del pla lector (professorat)<\/a><\/li>\n<li><a href=\"https:\/\/agora.xtec.cat\/iesfredericmarti\/wp-content\/uploads\/usu920\/2025\/09\/Presentacio-Enllibrat-Alumnes-25_26.pdf\" target=\"_blank\" rel=\"noopener\"><em>&#8220;Enllibra&#8217;t&#8221;<\/em> &#8211; Presentaci\u00f3 del pla lector (alumnat)<\/a><\/li>\n<li><a href=\"https:\/\/agora.xtec.cat\/iesfredericmarti\/wp-content\/uploads\/usu920\/2025\/09\/Calendari-Pla-Lector-2025-2026.pdf\" target=\"_blank\" rel=\"noopener\">Calendari del Pla Lector &#8220;<em>Enllibra&#8217;t<\/em>&#8220;<\/a><\/li>\n<li><a href=\"https:\/\/agora.xtec.cat\/iesfredericmarti\/wp-content\/uploads\/usu920\/2025\/09\/TRIA-DEL-1r-LLIBRE-DEL-PROJECTE-ENLLIBRAT-2025-26.pdf\" target=\"_blank\" rel=\"noopener\">Tria del 1r llibre del projecte &#8220;<em>Enllibra&#8217;t<\/em>&#8220;<\/a><\/li>\n<li><a href=\"https:\/\/agora.xtec.cat\/iesfredericmarti\/projecte-educatiu\/enllibrat\/enllibrat-registre-daula\/\">Registre d&#8217;aula <em>&#8220;Enllibra&#8217;t&#8221;<\/em><\/a><\/li>\n<\/ul>\n","protected":false},"excerpt":{"rendered":"<p>Aquesta p\u00e0gina us mostra tota la informaci\u00f3 i documentaci\u00f3 relativa a &#8220;ENLLIBRA&#8217;T&#8221;, el programa que duem a terme a l&#8217;institut per a fomentar la lectura entre el nostre alumnat. Documentaci\u00f3 d&#8217;inter\u00e8s &#8220;Enllibra&#8217;t&#8221; &#8211; Presentaci\u00f3 del pla lector (professorat) &#8220;Enllibra&#8217;t&#8221; &#8211; Presentaci\u00f3 del pla lector (alumnat) Calendari del Pla Lector &#8220;Enllibra&#8217;t&#8220; Tria del 1r llibre del [&hellip;]<\/p>\n","protected":false},"author":1,"featured_media":0,"parent":57,"menu_order":4,"comment_status":"closed","ping_status":"closed","template":"page-templates\/side-menu.php","meta":{"_bbp_topic_count":0,"_bbp_reply_count":0,"_bbp_total_topic_count":0,"_bbp_total_reply_count":0,"_bbp_voice_count":0,"_bbp_anonymous_reply_count":0,"_bbp_topic_count_hidden":0,"_bbp_reply_count_hidden":0,"_bbp_forum_subforum_count":0,"site-sidebar-layout":"default","site-content-layout":"","ast-site-content-layout":"","site-content-style":"default","site-sidebar-style":"default","ast-global-header-display":"","ast-banner-title-visibility":"","ast-main-header-display":"","ast-hfb-above-header-display":"","ast-hfb-below-header-display":"","ast-hfb-mobile-header-display":"","site-post-title":"","ast-breadcrumbs-content":"","ast-featured-img":"","footer-sml-layout":"","theme-transparent-header-meta":"","adv-header-id-meta":"","stick-header-meta":"","header-above-stick-meta":"","header-main-stick-meta":"","header-below-stick-meta":"","astra-migrate-meta-layouts":"default","ast-page-background-enabled":"default","ast-page-background-meta":{"desktop":{"background-color":"var(--ast-global-color-4)","background-image":"","background-repeat":"repeat","background-position":"center center","background-size":"auto","background-attachment":"scroll","background-type":"","background-media":"","overlay-type":"","overlay-color":"","overlay-opacity":"","overlay-gradient":""},"tablet":{"background-color":"","background-image":"","background-repeat":"repeat","background-position":"center center","background-size":"auto","background-attachment":"scroll","background-type":"","background-media":"","overlay-type":"","overlay-color":"","overlay-opacity":"","overlay-gradient":""},"mobile":{"background-color":"","background-image":"","background-repeat":"repeat","background-position":"center center","background-size":"auto","background-attachment":"scroll","background-type":"","background-media":"","overlay-type":"","overlay-color":"","overlay-opacity":"","overlay-gradient":""}},"ast-content-background-meta":{"desktop":{"background-color":"var(--ast-global-color-5)","background-image":"","background-repeat":"repeat","background-position":"center center","background-size":"auto","background-attachment":"scroll","background-type":"","background-media":"","overlay-type":"","overlay-color":"","overlay-opacity":"","overlay-gradient":""},"tablet":{"background-color":"var(--ast-global-color-5)","background-image":"","background-repeat":"repeat","background-position":"center center","background-size":"auto","background-attachment":"scroll","background-type":"","background-media":"","overlay-type":"","overlay-color":"","overlay-opacity":"","overlay-gradient":""},"mobile":{"background-color":"var(--ast-global-color-5)","background-image":"","background-repeat":"repeat","background-position":"center center","background-size":"auto","background-attachment":"scroll","background-type":"","background-media":"","overlay-type":"","overlay-color":"","overlay-opacity":"","overlay-gradient":""}},"footnotes":""},"class_list":["post-6770","page","type-page","status-publish","hentry"],"post_mailing_queue_ids":[],"_links":{"self":[{"href":"https:\/\/agora.xtec.cat\/iesfredericmarti\/wp-json\/wp\/v2\/pages\/6770","targetHints":{"allow":["GET"]}}],"collection":[{"href":"https:\/\/agora.xtec.cat\/iesfredericmarti\/wp-json\/wp\/v2\/pages"}],"about":[{"href":"https:\/\/agora.xtec.cat\/iesfredericmarti\/wp-json\/wp\/v2\/types\/page"}],"author":[{"embeddable":true,"href":"https:\/\/agora.xtec.cat\/iesfredericmarti\/wp-json\/wp\/v2\/users\/1"}],"replies":[{"embeddable":true,"href":"https:\/\/agora.xtec.cat\/iesfredericmarti\/wp-json\/wp\/v2\/comments?post=6770"}],"version-history":[{"count":6,"href":"https:\/\/agora.xtec.cat\/iesfredericmarti\/wp-json\/wp\/v2\/pages\/6770\/revisions"}],"predecessor-version":[{"id":6777,"href":"https:\/\/agora.xtec.cat\/iesfredericmarti\/wp-json\/wp\/v2\/pages\/6770\/revisions\/6777"}],"up":[{"embeddable":true,"href":"https:\/\/agora.xtec.cat\/iesfredericmarti\/wp-json\/wp\/v2\/pages\/57"}],"wp:attachment":[{"href":"https:\/\/agora.xtec.cat\/iesfredericmarti\/wp-json\/wp\/v2\/media?parent=6770"}],"curies":[{"name":"wp","href":"https:\/\/api.w.org\/{rel}","templated":true}]}}