{"id":6597,"date":"2022-06-28T10:04:56","date_gmt":"2022-06-28T08:04:56","guid":{"rendered":"https:\/\/agora.xtec.cat\/iesfredericmarti\/?page_id=6597"},"modified":"2023-06-29T11:28:21","modified_gmt":"2023-06-29T09:28:21","slug":"objectius","status":"publish","type":"page","link":"https:\/\/agora.xtec.cat\/iesfredericmarti\/estrategia-digital-de-centre\/seccio-estrategica\/objectius\/","title":{"rendered":"Objectius"},"content":{"rendered":"<p>Tal com es defineix en el Projecte Educatiu de Centre (PEC), s&#8217;evidencia que l\u2019\u00fas habitual de les tecnologies ha de ser un dels pilars de l&#8217;institut.<\/p>\n<p>Els objectius de l&#8217;Estrat\u00e8gia Digital de Centre s\u00f3n els seg\u00fcents:<\/p>\n<ol>\n<li>Millorar l&#8217;acolliment digital de les fam\u00edlies per tal d&#8217;assegurar una comunicaci\u00f3 efica\u00e7.<\/li>\n<li>Actualitzar les r\u00fabriques de la compet\u00e8ncia digital de l&#8217;alumnat per tal d&#8217;adaptar-se al canvi tecnol\u00f2gic i al nou curr\u00edculum.<\/li>\n<li>Reflexionar sobre les eines tecnol\u00f2giques entre el professorat a fi de millorar la implementaci\u00f3 d&#8217;aquests recursos a l&#8217;aula.<\/li>\n<li>Reflexionar sobre les eines tecnol\u00f2giques entre l&#8217;alumat per tal de propiciar un esperit cr\u00edtic respecte a les noves tecnologies.<\/li>\n<li>Planificar la millora dels equipaments del centre en funci\u00f3 de les necessitats.<\/li>\n<\/ol>\n","protected":false},"excerpt":{"rendered":"<p>Tal com es defineix en el Projecte Educatiu de Centre (PEC), s&#8217;evidencia que l\u2019\u00fas habitual de les tecnologies ha de ser un dels pilars de l&#8217;institut. Els objectius de l&#8217;Estrat\u00e8gia Digital de Centre s\u00f3n els seg\u00fcents: Millorar l&#8217;acolliment digital de les fam\u00edlies per tal d&#8217;assegurar una comunicaci\u00f3 efica\u00e7. Actualitzar les r\u00fabriques de la compet\u00e8ncia digital [&hellip;]<\/p>\n","protected":false},"author":1,"featured_media":0,"parent":6589,"menu_order":1,"comment_status":"closed","ping_status":"closed","template":"page-templates\/side-menu.php","meta":{"_bbp_topic_count":0,"_bbp_reply_count":0,"_bbp_total_topic_count":0,"_bbp_total_reply_count":0,"_bbp_voice_count":0,"_bbp_anonymous_reply_count":0,"_bbp_topic_count_hidden":0,"_bbp_reply_count_hidden":0,"_bbp_forum_subforum_count":0,"site-sidebar-layout":"default","site-content-layout":"","ast-site-content-layout":"","site-content-style":"default","site-sidebar-style":"default","ast-global-header-display":"","ast-banner-title-visibility":"","ast-main-header-display":"","ast-hfb-above-header-display":"","ast-hfb-below-header-display":"","ast-hfb-mobile-header-display":"","site-post-title":"","ast-breadcrumbs-content":"","ast-featured-img":"","footer-sml-layout":"","theme-transparent-header-meta":"","adv-header-id-meta":"","stick-header-meta":"","header-above-stick-meta":"","header-main-stick-meta":"","header-below-stick-meta":"","astra-migrate-meta-layouts":"default","ast-page-background-enabled":"default","ast-page-background-meta":{"desktop":{"background-color":"var(--ast-global-color-4)","background-image":"","background-repeat":"repeat","background-position":"center center","background-size":"auto","background-attachment":"scroll","background-type":"","background-media":"","overlay-type":"","overlay-color":"","overlay-opacity":"","overlay-gradient":""},"tablet":{"background-color":"","background-image":"","background-repeat":"repeat","background-position":"center center","background-size":"auto","background-attachment":"scroll","background-type":"","background-media":"","overlay-type":"","overlay-color":"","overlay-opacity":"","overlay-gradient":""},"mobile":{"background-color":"","background-image":"","background-repeat":"repeat","background-position":"center center","background-size":"auto","background-attachment":"scroll","background-type":"","background-media":"","overlay-type":"","overlay-color":"","overlay-opacity":"","overlay-gradient":""}},"ast-content-background-meta":{"desktop":{"background-color":"var(--ast-global-color-5)","background-image":"","background-repeat":"repeat","background-position":"center center","background-size":"auto","background-attachment":"scroll","background-type":"","background-media":"","overlay-type":"","overlay-color":"","overlay-opacity":"","overlay-gradient":""},"tablet":{"background-color":"var(--ast-global-color-5)","background-image":"","background-repeat":"repeat","background-position":"center center","background-size":"auto","background-attachment":"scroll","background-type":"","background-media":"","overlay-type":"","overlay-color":"","overlay-opacity":"","overlay-gradient":""},"mobile":{"background-color":"var(--ast-global-color-5)","background-image":"","background-repeat":"repeat","background-position":"center center","background-size":"auto","background-attachment":"scroll","background-type":"","background-media":"","overlay-type":"","overlay-color":"","overlay-opacity":"","overlay-gradient":""}},"footnotes":""},"class_list":["post-6597","page","type-page","status-publish","hentry"],"post_mailing_queue_ids":[],"_links":{"self":[{"href":"https:\/\/agora.xtec.cat\/iesfredericmarti\/wp-json\/wp\/v2\/pages\/6597","targetHints":{"allow":["GET"]}}],"collection":[{"href":"https:\/\/agora.xtec.cat\/iesfredericmarti\/wp-json\/wp\/v2\/pages"}],"about":[{"href":"https:\/\/agora.xtec.cat\/iesfredericmarti\/wp-json\/wp\/v2\/types\/page"}],"author":[{"embeddable":true,"href":"https:\/\/agora.xtec.cat\/iesfredericmarti\/wp-json\/wp\/v2\/users\/1"}],"replies":[{"embeddable":true,"href":"https:\/\/agora.xtec.cat\/iesfredericmarti\/wp-json\/wp\/v2\/comments?post=6597"}],"version-history":[{"count":3,"href":"https:\/\/agora.xtec.cat\/iesfredericmarti\/wp-json\/wp\/v2\/pages\/6597\/revisions"}],"predecessor-version":[{"id":7407,"href":"https:\/\/agora.xtec.cat\/iesfredericmarti\/wp-json\/wp\/v2\/pages\/6597\/revisions\/7407"}],"up":[{"embeddable":true,"href":"https:\/\/agora.xtec.cat\/iesfredericmarti\/wp-json\/wp\/v2\/pages\/6589"}],"wp:attachment":[{"href":"https:\/\/agora.xtec.cat\/iesfredericmarti\/wp-json\/wp\/v2\/media?parent=6597"}],"curies":[{"name":"wp","href":"https:\/\/api.w.org\/{rel}","templated":true}]}}