{"id":6559,"date":"2022-06-28T09:48:00","date_gmt":"2022-06-28T07:48:00","guid":{"rendered":"https:\/\/agora.xtec.cat\/iesfredericmarti\/?page_id=6559"},"modified":"2025-02-21T11:11:00","modified_gmt":"2025-02-21T10:11:00","slug":"documentacio-basica","status":"publish","type":"page","link":"https:\/\/agora.xtec.cat\/iesfredericmarti\/cultura-digital\/documentacio-basica\/","title":{"rendered":"Documentaci\u00f3 b\u00e0sica"},"content":{"rendered":"<p><span style=\"font-weight: 400;\">La integraci\u00f3 de l&#8217;Estrat\u00e8gia Digital de Centre amb la <\/span><b>Programaci\u00f3 General Anual<\/b><span style=\"font-weight: 400;\"> (PGA) i el <\/span><b>Projecte Educatiu de Centre <\/b><span style=\"font-weight: 400;\">(PEC) \u00e9s essencial per aconseguir una visi\u00f3 global i coherent del pla d&#8217;actuaci\u00f3 del centre.<\/span><\/p>\n<p>L&#8217;EDC de l&#8217;Institut Frederic Mart\u00ed Carreras s&#8217;ha aprovat en Claustre i en Consell Escolar el juny de 2023.<\/p>\n<p>La cultura digital apareix a les <strong>NOFC<\/strong> del centre. <span style=\"font-family: inherit; font-size: 1em;\">El mes de gener de 2023 es va actualitzar l\u2019\u00e0mbit digital de les <\/span><b style=\"font-family: inherit; font-size: 1em;\">NOFC<\/b>, <span style=\"font-weight: 400;\">introduint un apartat espec\u00edfic sobre els dispositius digitals i especificant quin tipus de desperfecte es considera falta greu o lleu i la sanci\u00f3 corresponent.<\/span><\/p>\n","protected":false},"excerpt":{"rendered":"<p>La integraci\u00f3 de l&#8217;Estrat\u00e8gia Digital de Centre amb la Programaci\u00f3 General Anual (PGA) i el Projecte Educatiu de Centre (PEC) \u00e9s essencial per aconseguir una visi\u00f3 global i coherent del pla d&#8217;actuaci\u00f3 del centre. L&#8217;EDC de l&#8217;Institut Frederic Mart\u00ed Carreras s&#8217;ha aprovat en Claustre i en Consell Escolar el juny de 2023. La cultura digital [&hellip;]<\/p>\n","protected":false},"author":1,"featured_media":0,"parent":6555,"menu_order":0,"comment_status":"closed","ping_status":"closed","template":"page-templates\/side-menu.php","meta":{"_bbp_topic_count":0,"_bbp_reply_count":0,"_bbp_total_topic_count":0,"_bbp_total_reply_count":0,"_bbp_voice_count":0,"_bbp_anonymous_reply_count":0,"_bbp_topic_count_hidden":0,"_bbp_reply_count_hidden":0,"_bbp_forum_subforum_count":0,"site-sidebar-layout":"default","site-content-layout":"","ast-site-content-layout":"","site-content-style":"default","site-sidebar-style":"default","ast-global-header-display":"","ast-banner-title-visibility":"","ast-main-header-display":"","ast-hfb-above-header-display":"","ast-hfb-below-header-display":"","ast-hfb-mobile-header-display":"","site-post-title":"","ast-breadcrumbs-content":"","ast-featured-img":"","footer-sml-layout":"","theme-transparent-header-meta":"","adv-header-id-meta":"","stick-header-meta":"","header-above-stick-meta":"","header-main-stick-meta":"","header-below-stick-meta":"","astra-migrate-meta-layouts":"default","ast-page-background-enabled":"default","ast-page-background-meta":{"desktop":{"background-color":"var(--ast-global-color-4)","background-image":"","background-repeat":"repeat","background-position":"center center","background-size":"auto","background-attachment":"scroll","background-type":"","background-media":"","overlay-type":"","overlay-color":"","overlay-opacity":"","overlay-gradient":""},"tablet":{"background-color":"","background-image":"","background-repeat":"repeat","background-position":"center center","background-size":"auto","background-attachment":"scroll","background-type":"","background-media":"","overlay-type":"","overlay-color":"","overlay-opacity":"","overlay-gradient":""},"mobile":{"background-color":"","background-image":"","background-repeat":"repeat","background-position":"center center","background-size":"auto","background-attachment":"scroll","background-type":"","background-media":"","overlay-type":"","overlay-color":"","overlay-opacity":"","overlay-gradient":""}},"ast-content-background-meta":{"desktop":{"background-color":"var(--ast-global-color-5)","background-image":"","background-repeat":"repeat","background-position":"center center","background-size":"auto","background-attachment":"scroll","background-type":"","background-media":"","overlay-type":"","overlay-color":"","overlay-opacity":"","overlay-gradient":""},"tablet":{"background-color":"var(--ast-global-color-5)","background-image":"","background-repeat":"repeat","background-position":"center center","background-size":"auto","background-attachment":"scroll","background-type":"","background-media":"","overlay-type":"","overlay-color":"","overlay-opacity":"","overlay-gradient":""},"mobile":{"background-color":"var(--ast-global-color-5)","background-image":"","background-repeat":"repeat","background-position":"center center","background-size":"auto","background-attachment":"scroll","background-type":"","background-media":"","overlay-type":"","overlay-color":"","overlay-opacity":"","overlay-gradient":""}},"footnotes":""},"class_list":["post-6559","page","type-page","status-publish","hentry"],"post_mailing_queue_ids":[],"_links":{"self":[{"href":"https:\/\/agora.xtec.cat\/iesfredericmarti\/wp-json\/wp\/v2\/pages\/6559","targetHints":{"allow":["GET"]}}],"collection":[{"href":"https:\/\/agora.xtec.cat\/iesfredericmarti\/wp-json\/wp\/v2\/pages"}],"about":[{"href":"https:\/\/agora.xtec.cat\/iesfredericmarti\/wp-json\/wp\/v2\/types\/page"}],"author":[{"embeddable":true,"href":"https:\/\/agora.xtec.cat\/iesfredericmarti\/wp-json\/wp\/v2\/users\/1"}],"replies":[{"embeddable":true,"href":"https:\/\/agora.xtec.cat\/iesfredericmarti\/wp-json\/wp\/v2\/comments?post=6559"}],"version-history":[{"count":5,"href":"https:\/\/agora.xtec.cat\/iesfredericmarti\/wp-json\/wp\/v2\/pages\/6559\/revisions"}],"predecessor-version":[{"id":9164,"href":"https:\/\/agora.xtec.cat\/iesfredericmarti\/wp-json\/wp\/v2\/pages\/6559\/revisions\/9164"}],"up":[{"embeddable":true,"href":"https:\/\/agora.xtec.cat\/iesfredericmarti\/wp-json\/wp\/v2\/pages\/6555"}],"wp:attachment":[{"href":"https:\/\/agora.xtec.cat\/iesfredericmarti\/wp-json\/wp\/v2\/media?parent=6559"}],"curies":[{"name":"wp","href":"https:\/\/api.w.org\/{rel}","templated":true}]}}