{"id":65,"date":"2014-09-18T10:12:22","date_gmt":"2014-09-18T10:12:22","guid":{"rendered":"http:\/\/agora.xtec.cat\/iesfredericmarti\/?page_id=65"},"modified":"2021-09-09T12:22:35","modified_gmt":"2021-09-09T10:22:35","slug":"serveis-digitals","status":"publish","type":"page","link":"https:\/\/agora.xtec.cat\/iesfredericmarti\/serveis\/serveis-digitals\/","title":{"rendered":"Serveis digitals &#8211; iEduca"},"content":{"rendered":"<p>iEduca \u00e9s el programa inform\u00e0tic que utilitzem a l&#8217;institut per establir comunicacions directes amb les fam\u00edlies. Mitjan\u00e7ant aquesta eina, les fam\u00edlies podeu estar al corrent del dia a dia de l&#8217;alumnat al centre (assist\u00e8ncia, puntualitat, disciplina, observacions&#8230;).<\/p>\n<p><a href=\"https:\/\/login.ieduca.com\/?centre=marticarreras&amp;modul=base\"><img loading=\"lazy\" decoding=\"async\" class=\"wp-image-2617 alignright\" src=\"http:\/\/agora.xtec.cat\/iesfredericmarti\/wp-content\/uploads\/usu920\/2014\/09\/Ieduca-logo-480.png\" alt=\"\" width=\"357\" height=\"125\" srcset=\"https:\/\/agora.xtec.cat\/iesfredericmarti\/wp-content\/uploads\/usu920\/2014\/09\/Ieduca-logo-480.png 480w, https:\/\/agora.xtec.cat\/iesfredericmarti\/wp-content\/uploads\/usu920\/2014\/09\/Ieduca-logo-480-300x105.png 300w\" sizes=\"auto, (max-width: 357px) 100vw, 357px\" \/><\/a>Considerem que \u00e9s una eina molt \u00fatil i us demanem que procureu fer-ne un seguiment peri\u00f2dic per a estar al cas de l&#8217;evoluci\u00f3 dels vostres fills i filles.<\/p>\n<h3>Instruccions de funcionament de iEduca<\/h3>\n<ul>\n<li><a href=\"https:\/\/agora.xtec.cat\/iesfredericmarti\/wp-content\/uploads\/usu920\/2020\/09\/Manual-b%C3%A0sic-iEduca-per-mares-i-pares.pdf\">Manual b\u00e0sic d&#8217;iEduca per a les fam\u00edlies<\/a><\/li>\n<\/ul>\n<h3><img loading=\"lazy\" decoding=\"async\" class=\"alignright wp-image-4539 \" src=\"https:\/\/agora.xtec.cat\/iesfredericmarti\/wp-content\/uploads\/usu920\/2020\/03\/ieduca-tok-app-logo-01-e1631180468969-1024x261.png\" alt=\"\" width=\"367\" height=\"93\" srcset=\"https:\/\/agora.xtec.cat\/iesfredericmarti\/wp-content\/uploads\/usu920\/2020\/03\/ieduca-tok-app-logo-01-e1631180468969-1024x261.png 1024w, https:\/\/agora.xtec.cat\/iesfredericmarti\/wp-content\/uploads\/usu920\/2020\/03\/ieduca-tok-app-logo-01-e1631180468969-300x76.png 300w, https:\/\/agora.xtec.cat\/iesfredericmarti\/wp-content\/uploads\/usu920\/2020\/03\/ieduca-tok-app-logo-01-e1631180468969-768x196.png 768w, https:\/\/agora.xtec.cat\/iesfredericmarti\/wp-content\/uploads\/usu920\/2020\/03\/ieduca-tok-app-logo-01-e1631180468969-1536x392.png 1536w, https:\/\/agora.xtec.cat\/iesfredericmarti\/wp-content\/uploads\/usu920\/2020\/03\/ieduca-tok-app-logo-01-e1631180468969.png 1667w\" sizes=\"auto, (max-width: 367px) 100vw, 367px\" \/><\/h3>\n<h3>Instruccions de desc\u00e0rrega i configuraci\u00f3 iEduca TokApp<\/h3>\n<ul>\n<li><a href=\"https:\/\/agora.xtec.cat\/iesfredericmarti\/wp-content\/uploads\/usu920\/2021\/09\/Guia-aplicacio-iEduca-Tokapp-v.04.pdf\">Guia aplicaci\u00f3 iEduca Tokapp v.04<\/a><\/li>\n<\/ul>\n<div class=\"ast-oembed-container \" style=\"height: 100%;\"><iframe loading=\"lazy\" title=\"FAM - Com instal\u00b7lar Tokapp.\" width=\"500\" height=\"281\" src=\"https:\/\/www.youtube.com\/embed\/rnFTwePxLpc?feature=oembed\" frameborder=\"0\" allow=\"accelerometer; autoplay; clipboard-write; encrypted-media; gyroscope; picture-in-picture; web-share\" referrerpolicy=\"strict-origin-when-cross-origin\" allowfullscreen><\/iframe><\/div>\n<p>&nbsp;<\/p>\n<p>&nbsp;<\/p>\n<p>&nbsp;<\/p>\n<p>&nbsp;<\/p>\n","protected":false},"excerpt":{"rendered":"<p>iEduca \u00e9s el programa inform\u00e0tic que utilitzem a l&#8217;institut per establir comunicacions directes amb les fam\u00edlies. Mitjan\u00e7ant aquesta eina, les fam\u00edlies podeu estar al corrent del dia a dia de l&#8217;alumnat al centre (assist\u00e8ncia, puntualitat, disciplina, observacions&#8230;). Considerem que \u00e9s una eina molt \u00fatil i us demanem que procureu fer-ne un seguiment peri\u00f2dic per a [&hellip;]<\/p>\n","protected":false},"author":1,"featured_media":0,"parent":63,"menu_order":10,"comment_status":"closed","ping_status":"closed","template":"page-templates\/side-menu.php","meta":{"_bbp_topic_count":0,"_bbp_reply_count":0,"_bbp_total_topic_count":0,"_bbp_total_reply_count":0,"_bbp_voice_count":0,"_bbp_anonymous_reply_count":0,"_bbp_topic_count_hidden":0,"_bbp_reply_count_hidden":0,"_bbp_forum_subforum_count":0,"site-sidebar-layout":"default","site-content-layout":"","ast-site-content-layout":"","site-content-style":"default","site-sidebar-style":"default","ast-global-header-display":"","ast-banner-title-visibility":"","ast-main-header-display":"","ast-hfb-above-header-display":"","ast-hfb-below-header-display":"","ast-hfb-mobile-header-display":"","site-post-title":"","ast-breadcrumbs-content":"","ast-featured-img":"","footer-sml-layout":"","theme-transparent-header-meta":"","adv-header-id-meta":"","stick-header-meta":"","header-above-stick-meta":"","header-main-stick-meta":"","header-below-stick-meta":"","astra-migrate-meta-layouts":"default","ast-page-background-enabled":"default","ast-page-background-meta":{"desktop":{"background-color":"var(--ast-global-color-4)","background-image":"","background-repeat":"repeat","background-position":"center center","background-size":"auto","background-attachment":"scroll","background-type":"","background-media":"","overlay-type":"","overlay-color":"","overlay-opacity":"","overlay-gradient":""},"tablet":{"background-color":"","background-image":"","background-repeat":"repeat","background-position":"center center","background-size":"auto","background-attachment":"scroll","background-type":"","background-media":"","overlay-type":"","overlay-color":"","overlay-opacity":"","overlay-gradient":""},"mobile":{"background-color":"","background-image":"","background-repeat":"repeat","background-position":"center center","background-size":"auto","background-attachment":"scroll","background-type":"","background-media":"","overlay-type":"","overlay-color":"","overlay-opacity":"","overlay-gradient":""}},"ast-content-background-meta":{"desktop":{"background-color":"var(--ast-global-color-5)","background-image":"","background-repeat":"repeat","background-position":"center center","background-size":"auto","background-attachment":"scroll","background-type":"","background-media":"","overlay-type":"","overlay-color":"","overlay-opacity":"","overlay-gradient":""},"tablet":{"background-color":"var(--ast-global-color-5)","background-image":"","background-repeat":"repeat","background-position":"center center","background-size":"auto","background-attachment":"scroll","background-type":"","background-media":"","overlay-type":"","overlay-color":"","overlay-opacity":"","overlay-gradient":""},"mobile":{"background-color":"var(--ast-global-color-5)","background-image":"","background-repeat":"repeat","background-position":"center center","background-size":"auto","background-attachment":"scroll","background-type":"","background-media":"","overlay-type":"","overlay-color":"","overlay-opacity":"","overlay-gradient":""}},"footnotes":""},"class_list":["post-65","page","type-page","status-publish","hentry"],"post_mailing_queue_ids":[],"_links":{"self":[{"href":"https:\/\/agora.xtec.cat\/iesfredericmarti\/wp-json\/wp\/v2\/pages\/65","targetHints":{"allow":["GET"]}}],"collection":[{"href":"https:\/\/agora.xtec.cat\/iesfredericmarti\/wp-json\/wp\/v2\/pages"}],"about":[{"href":"https:\/\/agora.xtec.cat\/iesfredericmarti\/wp-json\/wp\/v2\/types\/page"}],"author":[{"embeddable":true,"href":"https:\/\/agora.xtec.cat\/iesfredericmarti\/wp-json\/wp\/v2\/users\/1"}],"replies":[{"embeddable":true,"href":"https:\/\/agora.xtec.cat\/iesfredericmarti\/wp-json\/wp\/v2\/comments?post=65"}],"version-history":[{"count":3,"href":"https:\/\/agora.xtec.cat\/iesfredericmarti\/wp-json\/wp\/v2\/pages\/65\/revisions"}],"predecessor-version":[{"id":5916,"href":"https:\/\/agora.xtec.cat\/iesfredericmarti\/wp-json\/wp\/v2\/pages\/65\/revisions\/5916"}],"up":[{"embeddable":true,"href":"https:\/\/agora.xtec.cat\/iesfredericmarti\/wp-json\/wp\/v2\/pages\/63"}],"wp:attachment":[{"href":"https:\/\/agora.xtec.cat\/iesfredericmarti\/wp-json\/wp\/v2\/media?parent=65"}],"curies":[{"name":"wp","href":"https:\/\/api.w.org\/{rel}","templated":true}]}}