{"id":46,"date":"2014-09-17T16:53:45","date_gmt":"2014-09-17T16:53:45","guid":{"rendered":"http:\/\/agora.xtec.cat\/iesfredericmarti\/?page_id=46"},"modified":"2025-09-05T08:57:31","modified_gmt":"2025-09-05T06:57:31","slug":"organigrama","status":"publish","type":"page","link":"https:\/\/agora.xtec.cat\/iesfredericmarti\/linstitut\/organigrama\/","title":{"rendered":"Organigrama"},"content":{"rendered":"<p><img loading=\"lazy\" decoding=\"async\" class=\"aligncenter wp-image-9623 size-full\" src=\"https:\/\/agora.xtec.cat\/iesfredericmarti\/wp-content\/uploads\/usu920\/2025\/09\/profes_25_26-scaled.jpg\" alt=\"\" width=\"2560\" height=\"970\" srcset=\"https:\/\/agora.xtec.cat\/iesfredericmarti\/wp-content\/uploads\/usu920\/2025\/09\/profes_25_26-scaled.jpg 2560w, https:\/\/agora.xtec.cat\/iesfredericmarti\/wp-content\/uploads\/usu920\/2025\/09\/profes_25_26-300x114.jpg 300w, https:\/\/agora.xtec.cat\/iesfredericmarti\/wp-content\/uploads\/usu920\/2025\/09\/profes_25_26-1024x388.jpg 1024w, https:\/\/agora.xtec.cat\/iesfredericmarti\/wp-content\/uploads\/usu920\/2025\/09\/profes_25_26-768x291.jpg 768w, https:\/\/agora.xtec.cat\/iesfredericmarti\/wp-content\/uploads\/usu920\/2025\/09\/profes_25_26-1536x582.jpg 1536w, https:\/\/agora.xtec.cat\/iesfredericmarti\/wp-content\/uploads\/usu920\/2025\/09\/profes_25_26-2048x776.jpg 2048w\" sizes=\"auto, (max-width: 2560px) 100vw, 2560px\" \/><\/p>\n<p><strong style=\"font-size: medium; font-family: inherit; line-height: 1.6;\">Centre<\/strong><\/p>\n<ul>\n<li><span style=\"font-size: medium;\">Direcci\u00f3: Meritxell Pastor<\/span><\/li>\n<li>Cap d&#8217;Estudis: S\u00edlvia Vil\u00e0<\/li>\n<li>Cap d&#8217;Estudis Adjunta: Marta Vil\u00e0<\/li>\n<li>Coordinaci\u00f3 Pedag\u00f2gica: Montse Car\u00f3<\/li>\n<li>Secretaria: Jordi Burch<\/li>\n<\/ul>\n<p><span style=\"font-size: medium;\"><strong>ESO Tutors\/es<\/strong><\/span><\/p>\n<ul>\n<li><span style=\"font-size: medium;\">Tutor\/a 1r ESO A: M. Serra<br \/>\n<\/span><\/li>\n<li><span style=\"font-size: medium;\">Tutor\/a 1r ESO B: V. Otero<br \/>\n<\/span><\/li>\n<li><span style=\"font-size: medium;\">Tutor\/a 1r ESO C: C. Par\u00eds<\/span><\/li>\n<li>Tutor\/a 1r ESO D: M. Serra<\/li>\n<\/ul>\n<ul>\n<li><span style=\"font-size: medium;\">Tutor\/a 2n ESO A: N. Badia<\/span><\/li>\n<li><span style=\"font-size: medium;\">Tutor\/a 2n ESO B:\u00a0<\/span><\/li>\n<li><span style=\"font-size: medium;\">Tutor\/a 2n ESO C: E. Bl\u00e1zquez<\/span><\/li>\n<li>Tutor\/a 2n ESO D: F. Dolz<\/li>\n<\/ul>\n<ul>\n<li><span style=\"font-size: medium;\">Tutor\/a 3r ESO A: M. Carr\u00e9<\/span><\/li>\n<li><span style=\"font-size: medium;\">Tutor\/a 3r ESO B: J. Fern\u00e1ndez<\/span><\/li>\n<li><span style=\"font-size: medium;\">Tutor\/a 3r ESO C: C. Sim\u00f3<\/span><\/li>\n<\/ul>\n<ul>\n<li><span style=\"font-size: medium;\">Tutor\/a 4t ESO A: O. Sancenon<\/span><\/li>\n<li><span style=\"font-size: medium;\">Tutor\/a 4t ESO B: M. Barcel\u00f3<\/span><\/li>\n<li><span style=\"font-size: medium;\">Tutor\/a 4t ESO C: M. Aamrani<\/span><\/li>\n<li>Tutor\/a 4t ESO D: Isabel Camps<\/li>\n<li>Tutor\/a 4t ESO E: Vicen\u00e7 Cara<\/li>\n<\/ul>\n<ul>\n<li>Tutoria SIEI: Cl\u00e0udia \u00c1lvarez<\/li>\n<li>Tutoria Aula d&#8217;Acollida: Lita Plaja<\/li>\n<li>Tutoria UEC: Anna Albiol<\/li>\n<\/ul>\n<p><span style=\"font-size: medium;\"><strong>ESO Coordinadors\/es<\/strong><\/span><\/p>\n<ul>\n<li><span style=\"font-size: medium;\">Coordinaci\u00f3 1r ESO: Cathy Jones<\/span><\/li>\n<li><span style=\"font-size: medium;\">Coordinaci\u00f3 2n ESO: Enric Bl\u00e1zquez<\/span><\/li>\n<li><span style=\"font-size: medium;\">Coordinaci\u00f3 3r ESO: Clara Guixeras<\/span><\/li>\n<li><span style=\"font-size: medium;\">Coordinaci\u00f3 4t ESO: Montse Carb\u00f3<\/span><\/li>\n<\/ul>\n<p><span style=\"font-size: medium;\"><strong>BATXILLERAT<\/strong><\/span><\/p>\n<ul>\n<li><span style=\"font-size: medium;\">Tutor 1r Batxillerat A: V. Piferrer<\/span><\/li>\n<li><span style=\"font-size: medium;\">Tutora 1r Batxillerat B: M. Rojas<\/span><\/li>\n<li>Tutor 1r Batxillerat C: M. Ord\u00f3\u00f1ez<\/li>\n<\/ul>\n<ul>\n<li><span style=\"font-size: medium;\">Tutora 2n Batxillerat A: M. S\u00e0bat<\/span><\/li>\n<li><span style=\"font-size: medium;\">Tutora 2n Batxillerat B: J. Lorca<\/span><\/li>\n<li>Tutora 2n Batxillerat C: S. Chavero<\/li>\n<\/ul>\n<ul>\n<li><span style=\"font-size: medium;\">Coordinaci\u00f3 Batxillerat: Maria S\u00e0bat<\/span><\/li>\n<li>Coordinaci\u00f3 Batxibac: Jaume Fern\u00e1ndez<\/li>\n<\/ul>\n<p><span style=\"font-size: medium;\"><strong>DEPARTAMENTS<\/strong><\/span><\/p>\n<ul>\n<li><span style=\"font-size: medium;\">Cap de departament Orientaci\u00f3 Psicopedag\u00f2gica: A. Albiol<\/span><\/li>\n<li><span style=\"font-size: medium;\">Cap de departament Catal\u00e0: J. Lorca<\/span><\/li>\n<li><span style=\"font-size: medium;\">Cap de departament Castell\u00e0 i Cl\u00e0ssiques: R. Mart\u00ednez i R. Segarra<\/span><\/li>\n<li><span style=\"font-size: medium;\">Cap de departament Lleng\u00fces estrangeres, Angl\u00e8s: N. Badia<\/span><\/li>\n<li>Cap de departament Lleng\u00fces estrangeres, Franc\u00e8s: C. Jones<\/li>\n<li><span style=\"font-size: medium;\">Cap de departament Matem\u00e0tiques: Q. Sinu\u00e9s<\/span><\/li>\n<li><span style=\"font-size: medium;\">Cap de departament Experimentals: \u00d2. Sancenon<\/span><\/li>\n<li><span style=\"font-size: medium;\">Cap de departament Socials i Filosofia: S. Chavero<\/span><\/li>\n<li><span style=\"font-size: medium;\">Cap de departament Tecnologia: M. Serra<\/span><\/li>\n<li><span style=\"font-size: medium;\">Cap de departament Educaci\u00f3 F\u00edsica: J. Parals<\/span><\/li>\n<li><span style=\"font-size: medium;\">Cap de departament d&#8217;Arts (Educaci\u00f3 Visual i Pl\u00e0stica +\u00a0 M\u00fasica): J. Serra<\/span><\/li>\n<\/ul>\n<p><span style=\"font-size: medium;\"><strong>ALTRES COORDINACIONS<br \/>\n<\/strong><\/span><\/p>\n<ul>\n<li>T\u00e8cnica d&#8217;integraci\u00f3 social: Maggi Mena<\/li>\n<li>T\u00e8cnica SIEI: Aina Ruiz<\/li>\n<li>Coordinador iEduca: Vicen\u00e7 Cara<\/li>\n<li><span style=\"font-size: medium;\">Coordinaci\u00f3 Riscos Laborals: \u00d2. Sancenon<\/span><\/li>\n<li>Coordinaci\u00f3 Treball de Recerca de Batxillerat: D. Linares<\/li>\n<li>Coordinaci\u00f3 Escoles Verdes: M. Tarr\u00e9s<\/li>\n<li>Coordinaci\u00f3 de mediaci\u00f3\/LIC: J. Lorca<\/li>\n<li>Coordinaci\u00f3 Ling\u00fc\u00edstica: Jordi Lorca<\/li>\n<li>Coordinaci\u00f3 Projecte Enllibra&#8217;t: M. Carr\u00e9 i M. Pastor<\/li>\n<li><span style=\"font-size: medium;\">Coordinaci\u00f3 inform\u00e0tica: J. Escatllar.<\/span><\/li>\n<li>Coordinaci\u00f3 Proves Cambridge:<\/li>\n<li>Coordinaci\u00f3 Proves DELF:<\/li>\n<li>Coordinaci\u00f3 del Projecte GEP\/Pla dels esports: J. Parals<\/li>\n<li>Responsable Pla Impuls TIC: Manel Garcia<\/li>\n<li><span style=\"font-size: medium;\">Coordinaci\u00f3 difusi\u00f3: \u00d2. Sancen\u00f3n<\/span><\/li>\n<li>Coordinaci\u00f3 biblioteca: R. Segarra<\/li>\n<li>Coordinaci\u00f3 de festes\/premi Pla\/Projecte de recerca: M. Aamrani<\/li>\n<\/ul>\n<p><strong>PAS<\/strong><\/p>\n<ul>\n<li>Administraci\u00f3: Eva Clop i Dom\u00e8nec Esteban<\/li>\n<li>Consergeria: Cristina Bautista, Montse Ruano i\u00a0Cristina Vert<\/li>\n<li>Neteja: Nou Servei, Palafrugell<\/li>\n<\/ul>\n<p><strong>ALTRES<\/strong><\/p>\n<ul>\n<li>AFA (Junta): Laura Fern\u00e1ndez, Nuri Garcia, C\u00e8lia Carbonera, Rosario Turpin i \u00c1ngeles Pedrero<\/li>\n<li>EAP: Aline Bonet<\/li>\n<li>Serveis Socials de l&#8217;Ajuntament de Palafrugell: M\u00f2nica Gonz\u00e1lez<\/li>\n<li>Programa Salut a l&#8217;escola: Karima Boukhzar (dimarts de 9:30 a 11:30 h)<\/li>\n<\/ul>\n","protected":false},"excerpt":{"rendered":"<p>Centre Direcci\u00f3: Meritxell Pastor Cap d&#8217;Estudis: S\u00edlvia Vil\u00e0 Cap d&#8217;Estudis Adjunta: Marta Vil\u00e0 Coordinaci\u00f3 Pedag\u00f2gica: Montse Car\u00f3 Secretaria: Jordi Burch ESO Tutors\/es Tutor\/a 1r ESO A: M. Serra Tutor\/a 1r ESO B: V. Otero Tutor\/a 1r ESO C: C. Par\u00eds Tutor\/a 1r ESO D: M. Serra Tutor\/a 2n ESO A: N. Badia Tutor\/a 2n ESO [&hellip;]<\/p>\n","protected":false},"author":1,"featured_media":0,"parent":19,"menu_order":5,"comment_status":"closed","ping_status":"closed","template":"page-templates\/side-menu.php","meta":{"_bbp_topic_count":0,"_bbp_reply_count":0,"_bbp_total_topic_count":0,"_bbp_total_reply_count":0,"_bbp_voice_count":0,"_bbp_anonymous_reply_count":0,"_bbp_topic_count_hidden":0,"_bbp_reply_count_hidden":0,"_bbp_forum_subforum_count":0,"site-sidebar-layout":"default","site-content-layout":"","ast-site-content-layout":"","site-content-style":"default","site-sidebar-style":"default","ast-global-header-display":"","ast-banner-title-visibility":"","ast-main-header-display":"","ast-hfb-above-header-display":"","ast-hfb-below-header-display":"","ast-hfb-mobile-header-display":"","site-post-title":"","ast-breadcrumbs-content":"","ast-featured-img":"","footer-sml-layout":"","theme-transparent-header-meta":"","adv-header-id-meta":"","stick-header-meta":"","header-above-stick-meta":"","header-main-stick-meta":"","header-below-stick-meta":"","astra-migrate-meta-layouts":"default","ast-page-background-enabled":"default","ast-page-background-meta":{"desktop":{"background-color":"var(--ast-global-color-4)","background-image":"","background-repeat":"repeat","background-position":"center center","background-size":"auto","background-attachment":"scroll","background-type":"","background-media":"","overlay-type":"","overlay-color":"","overlay-opacity":"","overlay-gradient":""},"tablet":{"background-color":"","background-image":"","background-repeat":"repeat","background-position":"center center","background-size":"auto","background-attachment":"scroll","background-type":"","background-media":"","overlay-type":"","overlay-color":"","overlay-opacity":"","overlay-gradient":""},"mobile":{"background-color":"","background-image":"","background-repeat":"repeat","background-position":"center center","background-size":"auto","background-attachment":"scroll","background-type":"","background-media":"","overlay-type":"","overlay-color":"","overlay-opacity":"","overlay-gradient":""}},"ast-content-background-meta":{"desktop":{"background-color":"var(--ast-global-color-5)","background-image":"","background-repeat":"repeat","background-position":"center center","background-size":"auto","background-attachment":"scroll","background-type":"","background-media":"","overlay-type":"","overlay-color":"","overlay-opacity":"","overlay-gradient":""},"tablet":{"background-color":"var(--ast-global-color-5)","background-image":"","background-repeat":"repeat","background-position":"center center","background-size":"auto","background-attachment":"scroll","background-type":"","background-media":"","overlay-type":"","overlay-color":"","overlay-opacity":"","overlay-gradient":""},"mobile":{"background-color":"var(--ast-global-color-5)","background-image":"","background-repeat":"repeat","background-position":"center center","background-size":"auto","background-attachment":"scroll","background-type":"","background-media":"","overlay-type":"","overlay-color":"","overlay-opacity":"","overlay-gradient":""}},"footnotes":""},"class_list":["post-46","page","type-page","status-publish","hentry"],"post_mailing_queue_ids":[],"_links":{"self":[{"href":"https:\/\/agora.xtec.cat\/iesfredericmarti\/wp-json\/wp\/v2\/pages\/46","targetHints":{"allow":["GET"]}}],"collection":[{"href":"https:\/\/agora.xtec.cat\/iesfredericmarti\/wp-json\/wp\/v2\/pages"}],"about":[{"href":"https:\/\/agora.xtec.cat\/iesfredericmarti\/wp-json\/wp\/v2\/types\/page"}],"author":[{"embeddable":true,"href":"https:\/\/agora.xtec.cat\/iesfredericmarti\/wp-json\/wp\/v2\/users\/1"}],"replies":[{"embeddable":true,"href":"https:\/\/agora.xtec.cat\/iesfredericmarti\/wp-json\/wp\/v2\/comments?post=46"}],"version-history":[{"count":6,"href":"https:\/\/agora.xtec.cat\/iesfredericmarti\/wp-json\/wp\/v2\/pages\/46\/revisions"}],"predecessor-version":[{"id":9626,"href":"https:\/\/agora.xtec.cat\/iesfredericmarti\/wp-json\/wp\/v2\/pages\/46\/revisions\/9626"}],"up":[{"embeddable":true,"href":"https:\/\/agora.xtec.cat\/iesfredericmarti\/wp-json\/wp\/v2\/pages\/19"}],"wp:attachment":[{"href":"https:\/\/agora.xtec.cat\/iesfredericmarti\/wp-json\/wp\/v2\/media?parent=46"}],"curies":[{"name":"wp","href":"https:\/\/api.w.org\/{rel}","templated":true}]}}