{"id":43,"date":"2014-09-17T16:45:07","date_gmt":"2014-09-17T16:45:07","guid":{"rendered":"http:\/\/agora.xtec.cat\/iesfredericmarti\/?page_id=43"},"modified":"2025-02-14T13:59:32","modified_gmt":"2025-02-14T12:59:32","slug":"consell-escolar","status":"publish","type":"page","link":"https:\/\/agora.xtec.cat\/iesfredericmarti\/linstitut\/consell-escolar\/","title":{"rendered":"Consell escolar"},"content":{"rendered":"<p style=\"text-align: justify;\">El CE del centre \u00e9s l\u2019\u00f2rgan col\u00b7legiat de participaci\u00f3 de la comunitat escolar en el govern del centre en el qual es troben representats tots els sectors: alumnes, professorat, fam\u00edlies, personal d\u2019administraci\u00f3 i serveis, l\u2019equip directiu i l\u2019Ajuntament de Palafrugell. En ell est\u00e0 representat, amb veu i vot, tota la comunitat educativa i la secret\u00e0ria del centre actua de fedat\u00e0ria sense vot.<\/p>\n<p style=\"text-align: justify;\">Es reuneix de forma fixa cada trimestre i cada vegada que les circumst\u00e0ncies ho requereixin. La seva funci\u00f3 \u00e9s aprovar i avaluar tots els projectes de funcionament, normativa i activitats que es portin a terme en el centre.<\/p>\n<p style=\"text-align: justify;\">Els membres del CE s\u00f3n elegits per un per\u00edode de quatre anys i es renoven per meitats de cada dos anys.<\/p>\n<table style=\"height: 72px; width: 69.6444%;\">\n<tbody>\n<tr style=\"height: 31px;\">\n<td style=\"text-align: center; height: 31px; width: 161.797%;\" colspan=\"6\">COMPOSICI\u00d3 DEL CONSELL ESCOLAR<\/td>\n<\/tr>\n<tr style=\"height: 31px;\">\n<td style=\"height: 31px; width: 20.0376%; text-align: center;\">Fam\u00edlies<\/td>\n<td style=\"height: 31px; width: 17.4846%; text-align: center;\">Alumnes<\/td>\n<td style=\"height: 31px; width: 17.6598%; text-align: center;\">Professorat<\/td>\n<td style=\"height: 31px; width: 15.5787%; text-align: center;\">Direcci\u00f3<\/td>\n<td style=\"height: 31px; width: 14.2112%; text-align: center;\">Ajuntament<\/td>\n<td style=\"height: 31px; width: 76.8252%; text-align: center;\">PAS i PAE<\/td>\n<\/tr>\n<tr style=\"height: 0px;\">\n<td style=\"height: 10px; width: 20.0376%; text-align: center;\" rowspan=\"8\">O. Recuero<\/p>\n<p>R. Turp\u00edn<\/p>\n<p>A. Pedrero<\/p>\n<p>C. Carbonera<\/p>\n<p>L. Fern\u00e1ndez (AFA)<\/td>\n<td style=\"height: 10px; width: 17.4846%; text-align: center;\" rowspan=\"8\">A. Medina<\/p>\n<p>A. Lancharro<\/p>\n<p>G. Sinu\u00e8s<\/p>\n<p>M. Torres<\/td>\n<td style=\"height: 10px; width: 17.6598%; text-align: center;\" rowspan=\"8\">M. El Aamrani<\/p>\n<p>C. Jones<\/p>\n<p>J. Burch<\/p>\n<p>I. Camps<\/p>\n<p>V. Cara<\/p>\n<p>R. Mart\u00ednez<\/p>\n<p>M. Vil\u00e0<\/td>\n<td style=\"height: 10px; width: 15.5787%; text-align: center;\" rowspan=\"8\">M. Pastor<\/p>\n<p>J. Burch<\/td>\n<td style=\"height: 10px; width: 14.2112%; text-align: center;\" rowspan=\"8\">L. Teixidor<\/td>\n<td style=\"height: 10px; width: 76.8252%; text-align: center;\" rowspan=\"8\">PAE: M. Mena<\/p>\n<p>PAS: M. Ruano<\/td>\n<\/tr>\n<\/tbody>\n<\/table>\n<p>Membres de les diferents comissions del Consell Escolar:<\/p>\n<table style=\"border-collapse: collapse; width: 70.2811%; height: 249px;\">\n<tbody>\n<tr>\n<td style=\"width: 100%;\">COMISSI\u00d3 PERMANENT<\/td>\n<\/tr>\n<tr>\n<td style=\"width: 100%;\">Directora: Meritxell Pastor Ribas<\/p>\n<p>Secretari (veu sense vot): Jordi Burch Vi\u00f1als<\/p>\n<p>Sector fam\u00edlies: Olga Recuero Aranda<\/p>\n<p>Sector professorat: Mohamed El Aamrani El Amrani<\/p>\n<p>Sector alumnat: Ain Elias Medina Janicha<\/td>\n<\/tr>\n<\/tbody>\n<\/table>\n<table style=\"border-collapse: collapse; width: 70.2811%; height: 61px;\">\n<tbody>\n<tr>\n<td style=\"width: 100%;\">COMISSI\u00d3 ECON\u00d2MICA<\/td>\n<\/tr>\n<tr>\n<td style=\"width: 100%;\">Directora: Meritxell Pastor Ribas<\/p>\n<p>Secretari: Jordi Burch Vi\u00f1als<\/p>\n<p>Sector fam\u00edlies: Laura Fern\u00e1ndez Ruiz<\/p>\n<p>Sector professorat: Raquel Mart\u00ednez Cort\u00e9s<\/p>\n<p>Sector alumnat: Asier Lancharro Turp\u00edn<\/td>\n<\/tr>\n<\/tbody>\n<\/table>\n<table style=\"border-collapse: collapse; width: 70.3815%; height: 63px;\">\n<tbody>\n<tr>\n<td style=\"width: 100%;\">COMISSI\u00d3 DE CONVIV\u00c8NCIA<\/td>\n<\/tr>\n<tr>\n<td style=\"width: 100%;\">Directora: Meritxell Pastor Ribas<\/p>\n<p>Un membre de l\u2019equip directiu: Marta Vil\u00e0 Roura<\/p>\n<p>Sector fam\u00edlies: Rosario Turp\u00edn Algara<\/p>\n<p>Sector professorat: Isabel Camps Bonmat\u00ed<\/p>\n<p>Sector alumnat: Marc Torres Bosch<\/p>\n<p>Sector PAE (veu sense vot): Maggi Mena Callejas<\/td>\n<\/tr>\n<\/tbody>\n<\/table>\n<table style=\"border-collapse: collapse; width: 70.2811%; height: 64px;\">\n<tbody>\n<tr>\n<td style=\"width: 100%;\">COMISSI\u00d3 MEDIAMBIENTAL<\/td>\n<\/tr>\n<tr>\n<td style=\"width: 100%;\">Directora: Meritxell Pastor Ribas<\/p>\n<p>Un membre de l\u2019equip directiu: Jordi Burch Vi\u00f1als<\/p>\n<p>Sector fam\u00edlies: C\u00e8lia Carbonera S\u00e1nchez<\/p>\n<p>Sector professorat: Catherine Jones<\/p>\n<p>Sector alumnat: Guillem Sinu\u00e9s Fern\u00e1ndez<\/td>\n<\/tr>\n<\/tbody>\n<\/table>\n","protected":false},"excerpt":{"rendered":"<p>El CE del centre \u00e9s l\u2019\u00f2rgan col\u00b7legiat de participaci\u00f3 de la comunitat escolar en el govern del centre en el qual es troben representats tots els sectors: alumnes, professorat, fam\u00edlies, personal d\u2019administraci\u00f3 i serveis, l\u2019equip directiu i l\u2019Ajuntament de Palafrugell. En ell est\u00e0 representat, amb veu i vot, tota la comunitat educativa i la secret\u00e0ria [&hellip;]<\/p>\n","protected":false},"author":1,"featured_media":0,"parent":19,"menu_order":4,"comment_status":"closed","ping_status":"closed","template":"page-templates\/side-menu.php","meta":{"_bbp_topic_count":0,"_bbp_reply_count":0,"_bbp_total_topic_count":0,"_bbp_total_reply_count":0,"_bbp_voice_count":0,"_bbp_anonymous_reply_count":0,"_bbp_topic_count_hidden":0,"_bbp_reply_count_hidden":0,"_bbp_forum_subforum_count":0,"site-sidebar-layout":"default","site-content-layout":"","ast-site-content-layout":"","site-content-style":"default","site-sidebar-style":"default","ast-global-header-display":"","ast-banner-title-visibility":"","ast-main-header-display":"","ast-hfb-above-header-display":"","ast-hfb-below-header-display":"","ast-hfb-mobile-header-display":"","site-post-title":"","ast-breadcrumbs-content":"","ast-featured-img":"","footer-sml-layout":"","theme-transparent-header-meta":"","adv-header-id-meta":"","stick-header-meta":"","header-above-stick-meta":"","header-main-stick-meta":"","header-below-stick-meta":"","astra-migrate-meta-layouts":"default","ast-page-background-enabled":"default","ast-page-background-meta":{"desktop":{"background-color":"var(--ast-global-color-4)","background-image":"","background-repeat":"repeat","background-position":"center center","background-size":"auto","background-attachment":"scroll","background-type":"","background-media":"","overlay-type":"","overlay-color":"","overlay-opacity":"","overlay-gradient":""},"tablet":{"background-color":"","background-image":"","background-repeat":"repeat","background-position":"center center","background-size":"auto","background-attachment":"scroll","background-type":"","background-media":"","overlay-type":"","overlay-color":"","overlay-opacity":"","overlay-gradient":""},"mobile":{"background-color":"","background-image":"","background-repeat":"repeat","background-position":"center center","background-size":"auto","background-attachment":"scroll","background-type":"","background-media":"","overlay-type":"","overlay-color":"","overlay-opacity":"","overlay-gradient":""}},"ast-content-background-meta":{"desktop":{"background-color":"var(--ast-global-color-5)","background-image":"","background-repeat":"repeat","background-position":"center center","background-size":"auto","background-attachment":"scroll","background-type":"","background-media":"","overlay-type":"","overlay-color":"","overlay-opacity":"","overlay-gradient":""},"tablet":{"background-color":"var(--ast-global-color-5)","background-image":"","background-repeat":"repeat","background-position":"center center","background-size":"auto","background-attachment":"scroll","background-type":"","background-media":"","overlay-type":"","overlay-color":"","overlay-opacity":"","overlay-gradient":""},"mobile":{"background-color":"var(--ast-global-color-5)","background-image":"","background-repeat":"repeat","background-position":"center center","background-size":"auto","background-attachment":"scroll","background-type":"","background-media":"","overlay-type":"","overlay-color":"","overlay-opacity":"","overlay-gradient":""}},"footnotes":""},"class_list":["post-43","page","type-page","status-publish","hentry"],"post_mailing_queue_ids":[],"_links":{"self":[{"href":"https:\/\/agora.xtec.cat\/iesfredericmarti\/wp-json\/wp\/v2\/pages\/43","targetHints":{"allow":["GET"]}}],"collection":[{"href":"https:\/\/agora.xtec.cat\/iesfredericmarti\/wp-json\/wp\/v2\/pages"}],"about":[{"href":"https:\/\/agora.xtec.cat\/iesfredericmarti\/wp-json\/wp\/v2\/types\/page"}],"author":[{"embeddable":true,"href":"https:\/\/agora.xtec.cat\/iesfredericmarti\/wp-json\/wp\/v2\/users\/1"}],"replies":[{"embeddable":true,"href":"https:\/\/agora.xtec.cat\/iesfredericmarti\/wp-json\/wp\/v2\/comments?post=43"}],"version-history":[{"count":6,"href":"https:\/\/agora.xtec.cat\/iesfredericmarti\/wp-json\/wp\/v2\/pages\/43\/revisions"}],"predecessor-version":[{"id":8605,"href":"https:\/\/agora.xtec.cat\/iesfredericmarti\/wp-json\/wp\/v2\/pages\/43\/revisions\/8605"}],"up":[{"embeddable":true,"href":"https:\/\/agora.xtec.cat\/iesfredericmarti\/wp-json\/wp\/v2\/pages\/19"}],"wp:attachment":[{"href":"https:\/\/agora.xtec.cat\/iesfredericmarti\/wp-json\/wp\/v2\/media?parent=43"}],"curies":[{"name":"wp","href":"https:\/\/api.w.org\/{rel}","templated":true}]}}