{"id":3801,"date":"2019-06-25T19:40:04","date_gmt":"2019-06-25T17:40:04","guid":{"rendered":"http:\/\/agora.xtec.cat\/iesfredericmarti\/?page_id=3801"},"modified":"2024-06-17T18:24:56","modified_gmt":"2024-06-17T16:24:56","slug":"batxillerat-reutilitzacio-de-llibres-de-text-i-lectures","status":"publish","type":"page","link":"https:\/\/agora.xtec.cat\/iesfredericmarti\/serveis\/informacions-per-a-lalumnat\/batxillerat-reutilitzacio-de-llibres-de-text-i-lectures\/","title":{"rendered":"Batxillerat: Informaci\u00f3 reutilitzaci\u00f3 de llibres de text i lectures"},"content":{"rendered":"<p>En aquesta p\u00e0gina trobareu la informaci\u00f3 relativa al <strong>Projecte de Reutilitzaci\u00f3 de Llibres de text i lectures a Batxillerat<\/strong>, gestionat per l&#8217;empresa <a href=\"http:\/\/microsites.iddink.es\/CA\/289_institut_frederic_marti_i_carreras\">Iddink<\/a>. <img loading=\"lazy\" decoding=\"async\" class=\"aligncenter size-full wp-image-3807\" src=\"https:\/\/agora.xtec.cat\/iesfredericmarti\/wp-content\/uploads\/usu920\/2019\/06\/logo-iddink.png\" alt=\"\" width=\"197\" height=\"58\" \/><\/p>\n<p>Aquest projecte, que gaudeix de provats resultats en gaireb\u00e9 800 centres d&#8217;arreu d&#8217;Europa, ofereix aquests grans avantatges:<\/p>\n<p style=\"text-align: center;\"><img loading=\"lazy\" decoding=\"async\" class=\"aligncenter wp-image-3802\" src=\"https:\/\/agora.xtec.cat\/iesfredericmarti\/wp-content\/uploads\/usu920\/2019\/06\/Iddink-avantatges-1024x538.png\" alt=\"\" width=\"851\" height=\"447\" srcset=\"https:\/\/agora.xtec.cat\/iesfredericmarti\/wp-content\/uploads\/usu920\/2019\/06\/Iddink-avantatges-1024x538.png 1024w, https:\/\/agora.xtec.cat\/iesfredericmarti\/wp-content\/uploads\/usu920\/2019\/06\/Iddink-avantatges-300x158.png 300w, https:\/\/agora.xtec.cat\/iesfredericmarti\/wp-content\/uploads\/usu920\/2019\/06\/Iddink-avantatges-768x403.png 768w\" sizes=\"auto, (max-width: 851px) 100vw, 851px\" \/><\/p>\n<h3>Tota la informaci\u00f3 referent als llibres per al Batxillerat 2024-25 al v\u00eddeo i les seg\u00fcents infografies.<\/h3>\n<p><iframe loading=\"lazy\" src=\"https:\/\/player.vimeo.com\/video\/953990128?h=5070241f9a\" width=\"1024\" height=\"576\" frameborder=\"0\" allowfullscreen=\"allowfullscreen\"><span data-mce-type=\"bookmark\" style=\"display: inline-block; width: 0px; overflow: hidden; line-height: 0;\" class=\"mce_SELRES_start\">\ufeff<\/span><\/iframe><\/p>\n<ul>\n<li><a href=\"https:\/\/vimeo.com\/953990128\">Presentaci\u00f3 d&#8217;Iddink i els ecoBooks<\/a> from <a href=\"https:\/\/vimeo.com\/user12002220\">Iddink Spain<\/a> on <a href=\"https:\/\/vimeo.com\">Vimeo<\/a>.<\/li>\n<\/ul>\n<p><a href=\"https:\/\/agora.xtec.cat\/iesfredericmarti\/wp-content\/uploads\/usu920\/2024\/06\/IDDINK-CAT-Criteris-de-qualitat.png\"> <img loading=\"lazy\" decoding=\"async\" class=\"aligncenter size-large wp-image-8348\" src=\"https:\/\/agora.xtec.cat\/iesfredericmarti\/wp-content\/uploads\/usu920\/2024\/06\/IDDINK-CAT-Criteris-de-qualitat-1024x631.png\" alt=\"\" width=\"1024\" height=\"631\" srcset=\"https:\/\/agora.xtec.cat\/iesfredericmarti\/wp-content\/uploads\/usu920\/2024\/06\/IDDINK-CAT-Criteris-de-qualitat-1024x631.png 1024w, https:\/\/agora.xtec.cat\/iesfredericmarti\/wp-content\/uploads\/usu920\/2024\/06\/IDDINK-CAT-Criteris-de-qualitat-300x185.png 300w, https:\/\/agora.xtec.cat\/iesfredericmarti\/wp-content\/uploads\/usu920\/2024\/06\/IDDINK-CAT-Criteris-de-qualitat-768x473.png 768w, https:\/\/agora.xtec.cat\/iesfredericmarti\/wp-content\/uploads\/usu920\/2024\/06\/IDDINK-CAT-Criteris-de-qualitat-1536x946.png 1536w, https:\/\/agora.xtec.cat\/iesfredericmarti\/wp-content\/uploads\/usu920\/2024\/06\/IDDINK-CAT-Criteris-de-qualitat-2048x1261.png 2048w\" sizes=\"auto, (max-width: 1024px) 100vw, 1024px\" \/><\/a><\/p>\n<p><a href=\"https:\/\/agora.xtec.cat\/iesfredericmarti\/wp-content\/uploads\/usu920\/2024\/06\/IDDINK-CAT-Com-tractar-els-ecoBooks.png\"><img loading=\"lazy\" decoding=\"async\" class=\"aligncenter size-large wp-image-8346\" src=\"https:\/\/agora.xtec.cat\/iesfredericmarti\/wp-content\/uploads\/usu920\/2024\/06\/IDDINK-CAT-Com-tractar-els-ecoBooks-1024x636.png\" alt=\"\" width=\"1024\" height=\"636\" srcset=\"https:\/\/agora.xtec.cat\/iesfredericmarti\/wp-content\/uploads\/usu920\/2024\/06\/IDDINK-CAT-Com-tractar-els-ecoBooks-1024x636.png 1024w, https:\/\/agora.xtec.cat\/iesfredericmarti\/wp-content\/uploads\/usu920\/2024\/06\/IDDINK-CAT-Com-tractar-els-ecoBooks-300x186.png 300w, https:\/\/agora.xtec.cat\/iesfredericmarti\/wp-content\/uploads\/usu920\/2024\/06\/IDDINK-CAT-Com-tractar-els-ecoBooks-768x477.png 768w, https:\/\/agora.xtec.cat\/iesfredericmarti\/wp-content\/uploads\/usu920\/2024\/06\/IDDINK-CAT-Com-tractar-els-ecoBooks-1536x955.png 1536w, https:\/\/agora.xtec.cat\/iesfredericmarti\/wp-content\/uploads\/usu920\/2024\/06\/IDDINK-CAT-Com-tractar-els-ecoBooks-2048x1273.png 2048w\" sizes=\"auto, (max-width: 1024px) 100vw, 1024px\" \/><\/a><\/p>\n<p><a href=\"https:\/\/agora.xtec.cat\/iesfredericmarti\/wp-content\/uploads\/usu920\/2024\/06\/IDDINK-CAT-Com-retornar-els-ecoBooks.png\"><img loading=\"lazy\" decoding=\"async\" class=\"aligncenter size-large wp-image-8347\" src=\"https:\/\/agora.xtec.cat\/iesfredericmarti\/wp-content\/uploads\/usu920\/2024\/06\/IDDINK-CAT-Com-retornar-els-ecoBooks-1024x631.png\" alt=\"\" width=\"1024\" height=\"631\" srcset=\"https:\/\/agora.xtec.cat\/iesfredericmarti\/wp-content\/uploads\/usu920\/2024\/06\/IDDINK-CAT-Com-retornar-els-ecoBooks-1024x631.png 1024w, https:\/\/agora.xtec.cat\/iesfredericmarti\/wp-content\/uploads\/usu920\/2024\/06\/IDDINK-CAT-Com-retornar-els-ecoBooks-300x185.png 300w, https:\/\/agora.xtec.cat\/iesfredericmarti\/wp-content\/uploads\/usu920\/2024\/06\/IDDINK-CAT-Com-retornar-els-ecoBooks-768x473.png 768w, https:\/\/agora.xtec.cat\/iesfredericmarti\/wp-content\/uploads\/usu920\/2024\/06\/IDDINK-CAT-Com-retornar-els-ecoBooks-1536x946.png 1536w, https:\/\/agora.xtec.cat\/iesfredericmarti\/wp-content\/uploads\/usu920\/2024\/06\/IDDINK-CAT-Com-retornar-els-ecoBooks-2048x1261.png 2048w\" sizes=\"auto, (max-width: 1024px) 100vw, 1024px\" \/><\/a><\/p>\n<p>&nbsp;<\/p>\n<p>Podeu consultar tota la informaci\u00f3 referent als<strong> llibres per al Batxillerat 2024\/25<\/strong> <span style=\"font-family: inherit; font-size: 1em;\">a la p\u00e0gina web\u00a0<\/span><a style=\"color: #2795b6;\" href=\"http:\/\/microsites.iddink.es\/CA\/289_institut_frederic_marti_i_carreras\">Iddink &#8211; INS Frederic Mart\u00ed Carreras<\/a><span style=\"font-family: inherit; font-size: 1em;\">. Hi trobareu informaci\u00f3 i respostes sobre:<\/span><\/p>\n<ul>\n<li>Com fer una comanda<\/li>\n<li><u><\/u><u><\/u><u><\/u>Quins preus i estalvis tenen i poden aconseguir<\/li>\n<li><u><\/u><u><\/u><u><\/u>Projecte de reutilitzaci\u00f3 de llibres<u><\/u><u><\/u><\/li>\n<li><u><\/u>Qu\u00e8 son els ecobooks<u><\/u><u><\/u><\/li>\n<li><u><\/u>Com tractar i com retornar els ecoBooks<u><\/u><u><\/u><\/li>\n<li><u><\/u>Com accedir a llic\u00e8ncies digitals<u><\/u><u><\/u><\/li>\n<li><u><\/u>Servei d\u2019atenci\u00f3 a les fam\u00edlies &amp; estudiants<\/li>\n<\/ul>\n<p>A la vegada tamb\u00e9 podeu consultar aquesta informaci\u00f3 mitjan\u00e7ant els seg\u00fcents v\u00eddeos.<\/p>\n<h6>Presentaci\u00f3 Iddink (llarga)<\/h6>\n<div class=\"ast-oembed-container \" style=\"height: 100%;\"><iframe loading=\"lazy\" title=\"Comprar a Iddink llibres, ecoBooks i llic\u00e8ncies digitals\" src=\"https:\/\/player.vimeo.com\/video\/346361089?dnt=1&amp;app_id=122963\" width=\"500\" height=\"281\" frameborder=\"0\" allow=\"autoplay; fullscreen; picture-in-picture; clipboard-write; encrypted-media; web-share\" referrerpolicy=\"strict-origin-when-cross-origin\"><\/iframe><\/div>\n<h6>Presentaci\u00f3 Iddink (curta)<\/h6>\n<div class=\"ast-oembed-container \" style=\"height: 100%;\"><iframe loading=\"lazy\" title=\"Comprar a Iddink llibres, ecoBooks i llic\u00e8ncies digitals\" src=\"https:\/\/player.vimeo.com\/video\/420992016?dnt=1&amp;app_id=122963\" width=\"500\" height=\"281\" frameborder=\"0\" allow=\"autoplay; fullscreen; picture-in-picture; clipboard-write; encrypted-media; web-share\" referrerpolicy=\"strict-origin-when-cross-origin\"><\/iframe><\/div>\n<h6>Com tractar els ecoBooks<\/h6>\n<div class=\"ast-oembed-container \" style=\"height: 100%;\"><iframe loading=\"lazy\" title=\"Com tractar els ecoBooks\" src=\"https:\/\/player.vimeo.com\/video\/45076699?dnt=1&amp;app_id=122963\" width=\"500\" height=\"281\" frameborder=\"0\" allow=\"autoplay; fullscreen; picture-in-picture; clipboard-write; encrypted-media; web-share\" referrerpolicy=\"strict-origin-when-cross-origin\"><\/iframe><\/div>\n<h6>Com retornar ecoBooks<\/h6>\n<p>https:\/\/vimeo.com\/97832068<\/p>\n<h6>Com fer una comanda<\/h6>\n<div class=\"ast-oembed-container \" style=\"height: 100%;\"><iframe loading=\"lazy\" title=\"Com fer una comanda?\" src=\"https:\/\/player.vimeo.com\/video\/427671538?dnt=1&amp;app_id=122963\" width=\"500\" height=\"281\" frameborder=\"0\" allow=\"autoplay; fullscreen; picture-in-picture; clipboard-write; encrypted-media; web-share\" referrerpolicy=\"strict-origin-when-cross-origin\"><\/iframe><\/div>\n<h6>Com accedir a les meves llic\u00e8ncies digitals<\/h6>\n<div class=\"ast-oembed-container \" style=\"height: 100%;\"><iframe loading=\"lazy\" title=\"IddinkDigital-ComAccedir-CA\" src=\"https:\/\/player.vimeo.com\/video\/427321666?dnt=1&amp;app_id=122963\" width=\"500\" height=\"281\" frameborder=\"0\" allow=\"autoplay; fullscreen; picture-in-picture; clipboard-write; encrypted-media; web-share\" referrerpolicy=\"strict-origin-when-cross-origin\"><\/iframe><\/div>\n<h6>Qu\u00e8 \u00e9s Iddink digital?<\/h6>\n<div class=\"ast-oembed-container \" style=\"height: 100%;\"><iframe loading=\"lazy\" title=\"IddinkDigital-Quees-CAT\" src=\"https:\/\/player.vimeo.com\/video\/427321499?dnt=1&amp;app_id=122963\" width=\"500\" height=\"281\" frameborder=\"0\" allow=\"autoplay; fullscreen; picture-in-picture; clipboard-write; encrypted-media; web-share\" referrerpolicy=\"strict-origin-when-cross-origin\"><\/iframe><\/div>\n<p>Podeu descarregar-vos les instruccions en &#8220;.pdf&#8221; sobre com fer la compra i com vendre els llibres als enlla\u00e7os seg\u00fcents:<\/p>\n<ul>\n<li><a href=\"https:\/\/agora.xtec.cat\/iesfredericmarti\/wp-content\/uploads\/usu920\/2019\/06\/Iddink-Com-Comprar.pdf\">Com comprar els llibres amb Iddink<\/a><\/li>\n<li><a href=\"https:\/\/agora.xtec.cat\/iesfredericmarti\/wp-content\/uploads\/usu920\/2019\/06\/Iddink-Com-Vendre.pdf\">Com vendre els llibres amb Iddink <\/a>(nom\u00e9s per a alumnes de Batxillerat)<\/li>\n<\/ul>\n<p>Us animem a utilitzar aquest innovador sistema!<\/p>\n<p style=\"text-align: center;\"><img loading=\"lazy\" decoding=\"async\" class=\"aligncenter size-full wp-image-3708\" src=\"https:\/\/agora.xtec.cat\/iesfredericmarti\/wp-content\/uploads\/usu920\/2019\/06\/logoiddink.png\" alt=\"\" width=\"377\" height=\"134\" srcset=\"https:\/\/agora.xtec.cat\/iesfredericmarti\/wp-content\/uploads\/usu920\/2019\/06\/logoiddink.png 377w, https:\/\/agora.xtec.cat\/iesfredericmarti\/wp-content\/uploads\/usu920\/2019\/06\/logoiddink-300x107.png 300w\" sizes=\"auto, (max-width: 377px) 100vw, 377px\" \/><\/p>\n<p>&nbsp;<\/p>\n","protected":false},"excerpt":{"rendered":"<p>En aquesta p\u00e0gina trobareu la informaci\u00f3 relativa al Projecte de Reutilitzaci\u00f3 de Llibres de text i lectures a Batxillerat, gestionat per l&#8217;empresa Iddink. Aquest projecte, que gaudeix de provats resultats en gaireb\u00e9 800 centres d&#8217;arreu d&#8217;Europa, ofereix aquests grans avantatges: Tota la informaci\u00f3 referent als llibres per al Batxillerat 2024-25 al v\u00eddeo i les seg\u00fcents [&hellip;]<\/p>\n","protected":false},"author":1,"featured_media":0,"parent":597,"menu_order":0,"comment_status":"closed","ping_status":"closed","template":"page-templates\/side-menu.php","meta":{"_bbp_topic_count":0,"_bbp_reply_count":0,"_bbp_total_topic_count":0,"_bbp_total_reply_count":0,"_bbp_voice_count":0,"_bbp_anonymous_reply_count":0,"_bbp_topic_count_hidden":0,"_bbp_reply_count_hidden":0,"_bbp_forum_subforum_count":0,"site-sidebar-layout":"default","site-content-layout":"","ast-site-content-layout":"","site-content-style":"default","site-sidebar-style":"default","ast-global-header-display":"","ast-banner-title-visibility":"","ast-main-header-display":"","ast-hfb-above-header-display":"","ast-hfb-below-header-display":"","ast-hfb-mobile-header-display":"","site-post-title":"","ast-breadcrumbs-content":"","ast-featured-img":"","footer-sml-layout":"","theme-transparent-header-meta":"","adv-header-id-meta":"","stick-header-meta":"","header-above-stick-meta":"","header-main-stick-meta":"","header-below-stick-meta":"","astra-migrate-meta-layouts":"default","ast-page-background-enabled":"default","ast-page-background-meta":{"desktop":{"background-color":"var(--ast-global-color-4)","background-image":"","background-repeat":"repeat","background-position":"center center","background-size":"auto","background-attachment":"scroll","background-type":"","background-media":"","overlay-type":"","overlay-color":"","overlay-opacity":"","overlay-gradient":""},"tablet":{"background-color":"","background-image":"","background-repeat":"repeat","background-position":"center center","background-size":"auto","background-attachment":"scroll","background-type":"","background-media":"","overlay-type":"","overlay-color":"","overlay-opacity":"","overlay-gradient":""},"mobile":{"background-color":"","background-image":"","background-repeat":"repeat","background-position":"center center","background-size":"auto","background-attachment":"scroll","background-type":"","background-media":"","overlay-type":"","overlay-color":"","overlay-opacity":"","overlay-gradient":""}},"ast-content-background-meta":{"desktop":{"background-color":"var(--ast-global-color-5)","background-image":"","background-repeat":"repeat","background-position":"center center","background-size":"auto","background-attachment":"scroll","background-type":"","background-media":"","overlay-type":"","overlay-color":"","overlay-opacity":"","overlay-gradient":""},"tablet":{"background-color":"var(--ast-global-color-5)","background-image":"","background-repeat":"repeat","background-position":"center center","background-size":"auto","background-attachment":"scroll","background-type":"","background-media":"","overlay-type":"","overlay-color":"","overlay-opacity":"","overlay-gradient":""},"mobile":{"background-color":"var(--ast-global-color-5)","background-image":"","background-repeat":"repeat","background-position":"center center","background-size":"auto","background-attachment":"scroll","background-type":"","background-media":"","overlay-type":"","overlay-color":"","overlay-opacity":"","overlay-gradient":""}},"footnotes":""},"class_list":["post-3801","page","type-page","status-publish","hentry"],"post_mailing_queue_ids":[],"_links":{"self":[{"href":"https:\/\/agora.xtec.cat\/iesfredericmarti\/wp-json\/wp\/v2\/pages\/3801","targetHints":{"allow":["GET"]}}],"collection":[{"href":"https:\/\/agora.xtec.cat\/iesfredericmarti\/wp-json\/wp\/v2\/pages"}],"about":[{"href":"https:\/\/agora.xtec.cat\/iesfredericmarti\/wp-json\/wp\/v2\/types\/page"}],"author":[{"embeddable":true,"href":"https:\/\/agora.xtec.cat\/iesfredericmarti\/wp-json\/wp\/v2\/users\/1"}],"replies":[{"embeddable":true,"href":"https:\/\/agora.xtec.cat\/iesfredericmarti\/wp-json\/wp\/v2\/comments?post=3801"}],"version-history":[{"count":5,"href":"https:\/\/agora.xtec.cat\/iesfredericmarti\/wp-json\/wp\/v2\/pages\/3801\/revisions"}],"predecessor-version":[{"id":8353,"href":"https:\/\/agora.xtec.cat\/iesfredericmarti\/wp-json\/wp\/v2\/pages\/3801\/revisions\/8353"}],"up":[{"embeddable":true,"href":"https:\/\/agora.xtec.cat\/iesfredericmarti\/wp-json\/wp\/v2\/pages\/597"}],"wp:attachment":[{"href":"https:\/\/agora.xtec.cat\/iesfredericmarti\/wp-json\/wp\/v2\/media?parent=3801"}],"curies":[{"name":"wp","href":"https:\/\/api.w.org\/{rel}","templated":true}]}}