{"id":2759,"date":"2018-09-14T06:57:43","date_gmt":"2018-09-14T04:57:43","guid":{"rendered":"http:\/\/agora.xtec.cat\/iesfredericmarti\/?page_id=2759"},"modified":"2024-09-19T12:13:08","modified_gmt":"2024-09-19T10:13:08","slug":"pla-desport","status":"publish","type":"page","link":"https:\/\/agora.xtec.cat\/iesfredericmarti\/serveis\/activitats-extraescolars\/pla-desport\/","title":{"rendered":"Pla d&#8217;esport"},"content":{"rendered":"<h3>Pla catal\u00e0 de l&#8217;esport a l&#8217;escola<\/h3>\n<p>El Govern de la Generalitat de Catalunya va creure necess\u00e0ria la impulsi\u00f3 d&#8217;aquest Pla en base a l&#8217;an\u00e0lisi de les seg\u00fcents circumst\u00e0ncies:<img loading=\"lazy\" decoding=\"async\" class=\" wp-image-4918 alignright\" src=\"https:\/\/agora.xtec.cat\/iesfredericmarti\/wp-content\/uploads\/usu920\/2020\/09\/Pla-Catala-Esport.jpg\" alt=\"\" width=\"400\" height=\"130\" srcset=\"https:\/\/agora.xtec.cat\/iesfredericmarti\/wp-content\/uploads\/usu920\/2020\/09\/Pla-Catala-Esport.jpg 756w, https:\/\/agora.xtec.cat\/iesfredericmarti\/wp-content\/uploads\/usu920\/2020\/09\/Pla-Catala-Esport-300x98.jpg 300w\" sizes=\"auto, (max-width: 400px) 100vw, 400px\" \/><\/p>\n<ul>\n<li>\u00cdndex molt redu\u00eft de participaci\u00f3 de l&#8217;alumnat en l&#8217;esport escolar.<\/li>\n<li>Increment dels h\u00e0bits sedentaris i de l&#8217;obesitat, amb una incid\u00e8ncia preocupant en la poblaci\u00f3 infantil i juvenil.<\/li>\n<li>Demanda social creixent en mat\u00e8ria de salut i benestar.<\/li>\n<\/ul>\n<p>El Pla pret\u00e9n posar a l&#8217;abast de tots els alumnes de prim\u00e0ria i secund\u00e0ria la pr\u00e0ctica d&#8217;activitats tant f\u00edsiques com esportives i aconseguir els seg\u00fcents objectius:<\/p>\n<ul>\n<li>Incrementar la participaci\u00f3 de tothom amb una incid\u00e8ncia especial en el col\u00b7lectiu de noies.<\/li>\n<li>Cercar la participaci\u00f3 per damunt de la competitivitat.<\/li>\n<li>Potenciar la funci\u00f3 integradora i de cohesi\u00f3 social de l&#8217;esport escolar.<\/li>\n<li>Contribuir a la formaci\u00f3 en valors com la toler\u00e0ncia, el respecte i el compliment de les regles, la confian\u00e7a en un mateix i el treball en equip, entre d&#8217;altres.<\/li>\n<li>Fomentar la pr\u00e0ctica regular d&#8217;activitats f\u00edsiques i esportives i l&#8217;adquisici\u00f3 d&#8217;h\u00e0bits saludables que contribueixin a un millor benestar.<\/li>\n<li>Formar joves en els valors ciutadans.<\/li>\n<\/ul>\n<p>Les activitats del Pla d&#8217;Esport et donen l&#8217;oportunitat de compartir moments amb companys\/es d&#8217;altres edats dins un clima m\u00e9s dist\u00e8s i din\u00e0mic, on podr\u00e0s aportar idees o propostes, i a la vegada portar-les a terme tots plegats.<\/p>\n<h3>Activitats<a href=\"https:\/\/agora.xtec.cat\/iesfredericmarti\/wp-content\/uploads\/usu920\/2024\/09\/Cartell-24-25-Pla-desports.png\" target=\"_blank\" rel=\"noopener\"><img loading=\"lazy\" decoding=\"async\" class=\"wp-image-8529 alignright\" src=\"https:\/\/agora.xtec.cat\/iesfredericmarti\/wp-content\/uploads\/usu920\/2024\/09\/Cartell-24-25-Pla-desports.png\" alt=\"\" width=\"656\" height=\"928\" srcset=\"https:\/\/agora.xtec.cat\/iesfredericmarti\/wp-content\/uploads\/usu920\/2024\/09\/Cartell-24-25-Pla-desports.png 1587w, https:\/\/agora.xtec.cat\/iesfredericmarti\/wp-content\/uploads\/usu920\/2024\/09\/Cartell-24-25-Pla-desports-212x300.png 212w, https:\/\/agora.xtec.cat\/iesfredericmarti\/wp-content\/uploads\/usu920\/2024\/09\/Cartell-24-25-Pla-desports-724x1024.png 724w, https:\/\/agora.xtec.cat\/iesfredericmarti\/wp-content\/uploads\/usu920\/2024\/09\/Cartell-24-25-Pla-desports-768x1086.png 768w, https:\/\/agora.xtec.cat\/iesfredericmarti\/wp-content\/uploads\/usu920\/2024\/09\/Cartell-24-25-Pla-desports-1086x1536.png 1086w, https:\/\/agora.xtec.cat\/iesfredericmarti\/wp-content\/uploads\/usu920\/2024\/09\/Cartell-24-25-Pla-desports-1448x2048.png 1448w\" sizes=\"auto, (max-width: 656px) 100vw, 656px\" \/><\/a><\/h3>\n<h5><span style=\"font-size: 1.125em;\">Dilluns<\/span><\/h5>\n<p><strong>Tennis.<\/strong> 16:00 h a 17:30h <strong>(90\u20ac\/any). <\/strong>A les instal\u00b7lacions de Tennis Palafrugell &#8220;La Granota&#8221;.<\/p>\n<p><strong>P\u00e0del<\/strong>. 16:00 h a 17:30h <strong>(90\u20ac\/any). <\/strong>A les instal\u00b7lacions de Tennis Palafrugell &#8220;La Granota&#8221;.<\/p>\n<h5>Dimarts<\/h5>\n<p><strong>Nataci\u00f3 1r i 2n ESO.<\/strong> 16:00 a 17h <strong>(90\u20ac\/any)<\/strong>. Piscina municipal.<\/p>\n<p><strong>Flair<\/strong>. 16 a 18h. <strong>(120\u20ac\/any)<\/strong>. INS Baix Empord\u00e0.<\/p>\n<p><strong>Tennis taula<\/strong>. 16 a 17,30h. <strong>(90\u20ac\/any)<\/strong>. INS Frederic Mart\u00ed Carreras.<\/p>\n<p><strong>Esports mixtes. <\/strong>16:00 h a 17:00\u202fh <strong>(80\u20ac\/any)<\/strong>. INS Frederic Mart\u00ed Carreras i INS Baix Empord\u00e0.<\/p>\n<p><strong>Fitness<\/strong>. 16 a 17,30h. <strong>(100\u20ac\/any)<\/strong>. Gran Fondo Community.<\/p>\n<h5>Dimecres<\/h5>\n<p><strong>Tennis.<\/strong> 16:00 h a 17:30h <strong>(90\u20ac\/any). <\/strong>A les instal\u00b7lacions de Tennis Palafrugell &#8220;La Granota&#8221;.<\/p>\n<p><strong>P\u00e0del<\/strong>. 16:00 h a 17:30h <strong>(90\u20ac\/any). <\/strong>A les instal\u00b7lacions de Tennis Palafrugell &#8220;La Granota&#8221;.<\/p>\n<h5>Dijous<\/h5>\n<p><strong>Atletisme<\/strong>. 16:00 h a 17h <strong>(80\u20ac\/any). <\/strong>Pistes d&#8217;atletisme.<\/p>\n<p><strong>Nataci\u00f3 3r i 4t ESO i batxillerat.<\/strong> 16:00 a 17h <strong>(90\u20ac\/any)<\/strong>. Piscina municipal.<\/p>\n<h3>Beques i ajuts<\/h3>\n<p>Els alumnes de Palafrugell poden demanar una beca a l&#8217;Ajuntament que cobreixi una part important del cost de l&#8217;activitat. <a href=\"https:\/\/seu.palafrugell.cat\/tramits\/ajuts-i-subvencions\/subvencions-per-a-la-realitzacio-d-activitats-extraescolars\">Cal visitar la web de l&#8217;ajuntament.<\/a><\/p>\n<h3>Com fer la inscripci\u00f3<\/h3>\n<ul>\n<li>Feu la foto al codi QR de la imatge per accedir al web i fer la preinscripci\u00f3.<\/li>\n<li>O b\u00e9 entreu al seg\u00fcent <a href=\"https:\/\/docs.google.com\/forms\/d\/e\/1FAIpQLSf4bh1shF3Il6AFLXpWZHAs8Joz_cyUo5f6JkAunJ0TNNF4Kw\/viewform\" target=\"_blank\" rel=\"noopener\">enlla\u00e7<\/a>.<\/li>\n<\/ul>\n<h3>Per a m\u00e9s informaci\u00f3<\/h3>\n<ul>\n<li style=\"text-align: left;\"><strong>Institut Frederic Mart\u00ed Carreras<\/strong>\n<ul>\n<li>Josep Parals<\/li>\n<li>Correu-e: jparals@xtec.cat<\/li>\n<li>Tel\u00e8fon: 972301079<\/li>\n<\/ul>\n<\/li>\n<li><strong>Institut Baix Empord\u00e0<\/strong>\n<ul>\n<li>Rub\u00e9n Costa<\/li>\n<li>Correu-e: rcosta34@xtec.cat<\/li>\n<li>Tel\u00e8fon: 972300323<\/li>\n<\/ul>\n<\/li>\n<li><strong>Institut Nou Palafrugell<\/strong>\n<ul>\n<li>Jordi Casellas<\/li>\n<li>Correu-e: jcasell9@xtec.cat<\/li>\n<li>Tel\u00e8fon: 667379879<\/li>\n<\/ul>\n<\/li>\n<\/ul>\n<p>&nbsp;<\/p>\n","protected":false},"excerpt":{"rendered":"<p>Pla catal\u00e0 de l&#8217;esport a l&#8217;escola El Govern de la Generalitat de Catalunya va creure necess\u00e0ria la impulsi\u00f3 d&#8217;aquest Pla en base a l&#8217;an\u00e0lisi de les seg\u00fcents circumst\u00e0ncies: \u00cdndex molt redu\u00eft de participaci\u00f3 de l&#8217;alumnat en l&#8217;esport escolar. Increment dels h\u00e0bits sedentaris i de l&#8217;obesitat, amb una incid\u00e8ncia preocupant en la poblaci\u00f3 infantil i juvenil. [&hellip;]<\/p>\n","protected":false},"author":1,"featured_media":0,"parent":75,"menu_order":1,"comment_status":"closed","ping_status":"closed","template":"page-templates\/side-menu.php","meta":{"_bbp_topic_count":0,"_bbp_reply_count":0,"_bbp_total_topic_count":0,"_bbp_total_reply_count":0,"_bbp_voice_count":0,"_bbp_anonymous_reply_count":0,"_bbp_topic_count_hidden":0,"_bbp_reply_count_hidden":0,"_bbp_forum_subforum_count":0,"site-sidebar-layout":"default","site-content-layout":"","ast-site-content-layout":"","site-content-style":"default","site-sidebar-style":"default","ast-global-header-display":"","ast-banner-title-visibility":"","ast-main-header-display":"","ast-hfb-above-header-display":"","ast-hfb-below-header-display":"","ast-hfb-mobile-header-display":"","site-post-title":"","ast-breadcrumbs-content":"","ast-featured-img":"","footer-sml-layout":"","theme-transparent-header-meta":"","adv-header-id-meta":"","stick-header-meta":"","header-above-stick-meta":"","header-main-stick-meta":"","header-below-stick-meta":"","astra-migrate-meta-layouts":"default","ast-page-background-enabled":"default","ast-page-background-meta":{"desktop":{"background-color":"var(--ast-global-color-4)","background-image":"","background-repeat":"repeat","background-position":"center center","background-size":"auto","background-attachment":"scroll","background-type":"","background-media":"","overlay-type":"","overlay-color":"","overlay-opacity":"","overlay-gradient":""},"tablet":{"background-color":"","background-image":"","background-repeat":"repeat","background-position":"center center","background-size":"auto","background-attachment":"scroll","background-type":"","background-media":"","overlay-type":"","overlay-color":"","overlay-opacity":"","overlay-gradient":""},"mobile":{"background-color":"","background-image":"","background-repeat":"repeat","background-position":"center center","background-size":"auto","background-attachment":"scroll","background-type":"","background-media":"","overlay-type":"","overlay-color":"","overlay-opacity":"","overlay-gradient":""}},"ast-content-background-meta":{"desktop":{"background-color":"var(--ast-global-color-5)","background-image":"","background-repeat":"repeat","background-position":"center center","background-size":"auto","background-attachment":"scroll","background-type":"","background-media":"","overlay-type":"","overlay-color":"","overlay-opacity":"","overlay-gradient":""},"tablet":{"background-color":"var(--ast-global-color-5)","background-image":"","background-repeat":"repeat","background-position":"center center","background-size":"auto","background-attachment":"scroll","background-type":"","background-media":"","overlay-type":"","overlay-color":"","overlay-opacity":"","overlay-gradient":""},"mobile":{"background-color":"var(--ast-global-color-5)","background-image":"","background-repeat":"repeat","background-position":"center center","background-size":"auto","background-attachment":"scroll","background-type":"","background-media":"","overlay-type":"","overlay-color":"","overlay-opacity":"","overlay-gradient":""}},"footnotes":""},"class_list":["post-2759","page","type-page","status-publish","hentry"],"post_mailing_queue_ids":[],"_links":{"self":[{"href":"https:\/\/agora.xtec.cat\/iesfredericmarti\/wp-json\/wp\/v2\/pages\/2759","targetHints":{"allow":["GET"]}}],"collection":[{"href":"https:\/\/agora.xtec.cat\/iesfredericmarti\/wp-json\/wp\/v2\/pages"}],"about":[{"href":"https:\/\/agora.xtec.cat\/iesfredericmarti\/wp-json\/wp\/v2\/types\/page"}],"author":[{"embeddable":true,"href":"https:\/\/agora.xtec.cat\/iesfredericmarti\/wp-json\/wp\/v2\/users\/1"}],"replies":[{"embeddable":true,"href":"https:\/\/agora.xtec.cat\/iesfredericmarti\/wp-json\/wp\/v2\/comments?post=2759"}],"version-history":[{"count":6,"href":"https:\/\/agora.xtec.cat\/iesfredericmarti\/wp-json\/wp\/v2\/pages\/2759\/revisions"}],"predecessor-version":[{"id":8548,"href":"https:\/\/agora.xtec.cat\/iesfredericmarti\/wp-json\/wp\/v2\/pages\/2759\/revisions\/8548"}],"up":[{"embeddable":true,"href":"https:\/\/agora.xtec.cat\/iesfredericmarti\/wp-json\/wp\/v2\/pages\/75"}],"wp:attachment":[{"href":"https:\/\/agora.xtec.cat\/iesfredericmarti\/wp-json\/wp\/v2\/media?parent=2759"}],"curies":[{"name":"wp","href":"https:\/\/api.w.org\/{rel}","templated":true}]}}